{"id":4060,"date":"2023-09-18T13:23:35","date_gmt":"2023-09-18T17:23:35","guid":{"rendered":"https:\/\/www.mrposter.com\/?post_type=product&#038;p=4060"},"modified":"2024-06-12T16:21:15","modified_gmt":"2024-06-12T20:21:15","slug":"zacmienie-czesciowe-partial-eclipse-poster","status":"publish","type":"product","link":"https:\/\/www.mrposter.com\/es\/producto\/zacmienie-czesciowe-partial-eclipse-poster\/","title":{"rendered":"Vintage Movie Posters | Partial Eclipse | Czech Movies"},"content":{"rendered":"<p>Wasilewski, Mieczyslaw, Zacmienie Czesciowe, Partial Eclipse, Film, Czechoslovakia, Czech Republic, 1983, Poland, Polish Posters, Jaromil Jires, Lucie Patikova, Oldrich Navratil, Blanka Bohdanova, blind girl, woman\u00b4s face, big eyes, black and white, <span class=\"sc-afe43def-1 fDTGTb\">Ne\u00fapln\u00e9 zatmen\u00ed<\/span><\/p>","protected":false},"excerpt":{"rendered":"<p><i><b>Partial Eclipse<\/b><\/i> (Czech: <i lang=\"cs\">Ne\u00fapln\u00e9 zatmen\u00ed<\/i>) is a 1982 Czech drama film directed by Jaromil Jires. It was entered into the 33rd Berlin International Film Festival. The film was also selected as the Czechoslovak entry for the Best Foreign Language Film at the 56th Academy Awards. Storyline: After being blinded by an accident, a fourteen year old heroine must learn how to deal with the sudden life changes while in an institution for children with bad eyesight. <span style=\"font-weight: 400;\">The artist for this poster is<\/span><b> Mieczyslaw Wasilewski<\/b><span style=\"font-weight: 400;\"> (b. 1942). <\/span><span style=\"font-weight: 400;\">From 1960-66, Wasilewski studied at the Academy of Fine Arts in Warsaw, and graduated from poster master Henryk Tomaszewski&#8217;s class. Since 1971 he has taught at the Warsaw Academy&#8217;s Department of Graphic Art. Some of the awards he has won during his illustrious career are the Gold Medal, 6th International Poster Biennale, Warsaw 1976, Silver Medal, Polish Poster Biennale, Katowice 1989, Silver Medal, 14th International Poster Biennale, Warsaw 1994 and the Silver Medal at the 1st International Theater Poster Triennial, Sofia 1995.<\/span><\/p>","protected":false},"featured_media":4061,"template":"","meta":[],"product_brand":[],"product_cat":[31],"product_tag":[5074,5058,5061,5060,5041,5063,5079],"class_list":{"0":"post-4060","1":"product","2":"type-product","3":"status-publish","4":"has-post-thumbnail","6":"product_cat-film","7":"product_tag-artposters","8":"product_tag-filmposters","9":"product_tag-graphicart","10":"product_tag-mrposter-com-vintageposters","11":"product_tag-polishposters","12":"product_tag-posterdesign","13":"product_tag-vintageposterart","14":"pa_artist-wasilewski-mieczyslaw-b-1942","15":"pa_cast-lucie-patikova-oldrich-navratil-blanka-bohdanova","16":"pa_director-author-jaromil-jires","17":"pa_grading-mint","18":"pa_poster-country-of-origin-poland","19":"pa_poster-year-1496","20":"pa_work-country-of-origin-czech-republic","21":"pa_work-country-of-origin-czechoslovakia","23":"first","24":"instock","25":"shipping-taxable","26":"purchasable","27":"product-type-simple","28":"czr-hentry"},"yoast_head":"<!-- This site is optimized with the Yoast SEO plugin v27.2 - https:\/\/yoast.com\/product\/yoast-seo-wordpress\/ -->\n<title>Czech Movies | Vintage Polish Poster | Wasilewski<\/title>\n<meta name=\"description\" content=\"Hang this haunting vintage Polish poster for the Czech film &quot;Ne\u00fapln\u00e9 zatmen\u00ed&quot; (Partial Eclipse) on your wall. FREE shipping in the US 48 states.\" \/>\n<meta name=\"robots\" content=\"index, follow, max-snippet:-1, max-image-preview:large, max-video-preview:-1\" \/>\n<link rel=\"canonical\" href=\"https:\/\/www.mrposter.com\/es\/producto\/zacmienie-czesciowe-partial-eclipse-poster\/\" \/>\n<meta property=\"og:locale\" content=\"es_MX\" \/>\n<meta property=\"og:type\" content=\"article\" \/>\n<meta property=\"og:title\" content=\"Czech Movies | Vintage Polish Poster | Wasilewski\" \/>\n<meta property=\"og:description\" content=\"Hang this haunting vintage Polish poster for the Czech film &quot;Ne\u00fapln\u00e9 zatmen\u00ed&quot; (Partial Eclipse) on your wall. FREE shipping in the US 48 states.\" \/>\n<meta property=\"og:url\" content=\"https:\/\/www.mrposter.com\/es\/producto\/zacmienie-czesciowe-partial-eclipse-poster\/\" \/>\n<meta property=\"og:site_name\" content=\"Mr Poster\" \/>\n<meta property=\"article:publisher\" content=\"https:\/\/www.facebook.com\/mrpostergallery\/\" \/>\n<meta property=\"article:modified_time\" content=\"2024-06-12T20:21:15+00:00\" \/>\n<meta property=\"og:image\" content=\"https:\/\/www.mrposter.com\/wp-content\/uploads\/2023\/09\/Zacmienie-Czesciowe-Wasilewski.jpeg\" \/>\n\t<meta property=\"og:image:width\" content=\"417\" \/>\n\t<meta property=\"og:image:height\" content=\"600\" \/>\n\t<meta property=\"og:image:type\" content=\"image\/jpeg\" \/>\n<meta name=\"twitter:card\" content=\"summary_large_image\" \/>\n<script type=\"application\/ld+json\" class=\"yoast-schema-graph\">{\"@context\":\"https:\/\/schema.org\",\"@graph\":[{\"@type\":\"WebPage\",\"@id\":\"https:\/\/www.mrposter.com\/product\/zacmienie-czesciowe-partial-eclipse-poster\/\",\"url\":\"https:\/\/www.mrposter.com\/product\/zacmienie-czesciowe-partial-eclipse-poster\/\",\"name\":\"Czech Movies | Vintage Polish Poster | Wasilewski\",\"isPartOf\":{\"@id\":\"https:\/\/www.mrposter.com\/#website\"},\"primaryImageOfPage\":{\"@id\":\"https:\/\/www.mrposter.com\/product\/zacmienie-czesciowe-partial-eclipse-poster\/#primaryimage\"},\"image\":{\"@id\":\"https:\/\/www.mrposter.com\/product\/zacmienie-czesciowe-partial-eclipse-poster\/#primaryimage\"},\"thumbnailUrl\":\"https:\/\/www.mrposter.com\/wp-content\/uploads\/2023\/09\/Zacmienie-Czesciowe-Wasilewski.jpeg\",\"datePublished\":\"2023-09-18T17:23:35+00:00\",\"dateModified\":\"2024-06-12T20:21:15+00:00\",\"description\":\"Hang this haunting vintage Polish poster for the Czech film \\\"Ne\u00fapln\u00e9 zatmen\u00ed\\\" (Partial Eclipse) on your wall. FREE shipping in the US 48 states.\",\"breadcrumb\":{\"@id\":\"https:\/\/www.mrposter.com\/product\/zacmienie-czesciowe-partial-eclipse-poster\/#breadcrumb\"},\"inLanguage\":\"es\",\"potentialAction\":[{\"@type\":\"ReadAction\",\"target\":[\"https:\/\/www.mrposter.com\/product\/zacmienie-czesciowe-partial-eclipse-poster\/\"]}]},{\"@type\":\"ImageObject\",\"inLanguage\":\"es\",\"@id\":\"https:\/\/www.mrposter.com\/product\/zacmienie-czesciowe-partial-eclipse-poster\/#primaryimage\",\"url\":\"https:\/\/www.mrposter.com\/wp-content\/uploads\/2023\/09\/Zacmienie-Czesciowe-Wasilewski.jpeg\",\"contentUrl\":\"https:\/\/www.mrposter.com\/wp-content\/uploads\/2023\/09\/Zacmienie-Czesciowe-Wasilewski.jpeg\",\"width\":417,\"height\":600,\"caption\":\"Black and white image of a woman\u00b4s face with large eyes.\"},{\"@type\":\"BreadcrumbList\",\"@id\":\"https:\/\/www.mrposter.com\/product\/zacmienie-czesciowe-partial-eclipse-poster\/#breadcrumb\",\"itemListElement\":[{\"@type\":\"ListItem\",\"position\":1,\"name\":\"Home\",\"item\":\"https:\/\/www.mrposter.com\/\"},{\"@type\":\"ListItem\",\"position\":2,\"name\":\"Shop\",\"item\":\"https:\/\/www.mrposter.com\/es\/shop\/\"},{\"@type\":\"ListItem\",\"position\":3,\"name\":\"Vintage Movie Posters | Partial Eclipse | Czech Movies\"}]},{\"@type\":\"WebSite\",\"@id\":\"https:\/\/www.mrposter.com\/#website\",\"url\":\"https:\/\/www.mrposter.com\/\",\"name\":\"Mr Poster\",\"description\":\"Vintage Posters - Polish and Others\",\"publisher\":{\"@id\":\"https:\/\/www.mrposter.com\/#organization\"},\"alternateName\":\"Mr. Poster, mrposter.com,\",\"potentialAction\":[{\"@type\":\"SearchAction\",\"target\":{\"@type\":\"EntryPoint\",\"urlTemplate\":\"https:\/\/www.mrposter.com\/?s={search_term_string}\"},\"query-input\":{\"@type\":\"PropertyValueSpecification\",\"valueRequired\":true,\"valueName\":\"search_term_string\"}}],\"inLanguage\":\"es\"},{\"@type\":\"Organization\",\"@id\":\"https:\/\/www.mrposter.com\/#organization\",\"name\":\"Mr. Poster\",\"url\":\"https:\/\/www.mrposter.com\/\",\"logo\":{\"@type\":\"ImageObject\",\"inLanguage\":\"es\",\"@id\":\"https:\/\/www.mrposter.com\/#\/schema\/logo\/image\/\",\"url\":\"https:\/\/www.mrposter.com\/wp-content\/uploads\/2018\/03\/mrposter2-Bold-Transparent-Mar-7-2018.png\",\"contentUrl\":\"https:\/\/www.mrposter.com\/wp-content\/uploads\/2018\/03\/mrposter2-Bold-Transparent-Mar-7-2018.png\",\"width\":1500,\"height\":1500,\"caption\":\"Mr. Poster\"},\"image\":{\"@id\":\"https:\/\/www.mrposter.com\/#\/schema\/logo\/image\/\"},\"sameAs\":[\"https:\/\/www.facebook.com\/mrpostergallery\/\",\"https:\/\/www.instagram.com\/mrpostergallery\/\"]}]}<\/script>\n<!-- \/ Yoast SEO plugin. -->","yoast_head_json":{"title":"Czech Movies | Vintage Polish Poster | Wasilewski","description":"Hang this haunting vintage Polish poster for the Czech film \"Ne\u00fapln\u00e9 zatmen\u00ed\" (Partial Eclipse) on your wall. FREE shipping in the US 48 states.","robots":{"index":"index","follow":"follow","max-snippet":"max-snippet:-1","max-image-preview":"max-image-preview:large","max-video-preview":"max-video-preview:-1"},"canonical":"https:\/\/www.mrposter.com\/es\/producto\/zacmienie-czesciowe-partial-eclipse-poster\/","og_locale":"es_MX","og_type":"article","og_title":"Czech Movies | Vintage Polish Poster | Wasilewski","og_description":"Hang this haunting vintage Polish poster for the Czech film \"Ne\u00fapln\u00e9 zatmen\u00ed\" (Partial Eclipse) on your wall. FREE shipping in the US 48 states.","og_url":"https:\/\/www.mrposter.com\/es\/producto\/zacmienie-czesciowe-partial-eclipse-poster\/","og_site_name":"Mr Poster","article_publisher":"https:\/\/www.facebook.com\/mrpostergallery\/","article_modified_time":"2024-06-12T20:21:15+00:00","og_image":[{"width":417,"height":600,"url":"https:\/\/www.mrposter.com\/wp-content\/uploads\/2023\/09\/Zacmienie-Czesciowe-Wasilewski.jpeg","type":"image\/jpeg"}],"twitter_card":"summary_large_image","schema":{"@context":"https:\/\/schema.org","@graph":[{"@type":"WebPage","@id":"https:\/\/www.mrposter.com\/product\/zacmienie-czesciowe-partial-eclipse-poster\/","url":"https:\/\/www.mrposter.com\/product\/zacmienie-czesciowe-partial-eclipse-poster\/","name":"Czech Movies | Vintage Polish Poster | Wasilewski","isPartOf":{"@id":"https:\/\/www.mrposter.com\/#website"},"primaryImageOfPage":{"@id":"https:\/\/www.mrposter.com\/product\/zacmienie-czesciowe-partial-eclipse-poster\/#primaryimage"},"image":{"@id":"https:\/\/www.mrposter.com\/product\/zacmienie-czesciowe-partial-eclipse-poster\/#primaryimage"},"thumbnailUrl":"https:\/\/www.mrposter.com\/wp-content\/uploads\/2023\/09\/Zacmienie-Czesciowe-Wasilewski.jpeg","datePublished":"2023-09-18T17:23:35+00:00","dateModified":"2024-06-12T20:21:15+00:00","description":"Hang this haunting vintage Polish poster for the Czech film \"Ne\u00fapln\u00e9 zatmen\u00ed\" (Partial Eclipse) on your wall. FREE shipping in the US 48 states.","breadcrumb":{"@id":"https:\/\/www.mrposter.com\/product\/zacmienie-czesciowe-partial-eclipse-poster\/#breadcrumb"},"inLanguage":"es","potentialAction":[{"@type":"ReadAction","target":["https:\/\/www.mrposter.com\/product\/zacmienie-czesciowe-partial-eclipse-poster\/"]}]},{"@type":"ImageObject","inLanguage":"es","@id":"https:\/\/www.mrposter.com\/product\/zacmienie-czesciowe-partial-eclipse-poster\/#primaryimage","url":"https:\/\/www.mrposter.com\/wp-content\/uploads\/2023\/09\/Zacmienie-Czesciowe-Wasilewski.jpeg","contentUrl":"https:\/\/www.mrposter.com\/wp-content\/uploads\/2023\/09\/Zacmienie-Czesciowe-Wasilewski.jpeg","width":417,"height":600,"caption":"Black and white image of a woman\u00b4s face with large eyes."},{"@type":"BreadcrumbList","@id":"https:\/\/www.mrposter.com\/product\/zacmienie-czesciowe-partial-eclipse-poster\/#breadcrumb","itemListElement":[{"@type":"ListItem","position":1,"name":"Home","item":"https:\/\/www.mrposter.com\/"},{"@type":"ListItem","position":2,"name":"Shop","item":"https:\/\/www.mrposter.com\/es\/shop\/"},{"@type":"ListItem","position":3,"name":"Vintage Movie Posters | Partial Eclipse | Czech Movies"}]},{"@type":"WebSite","@id":"https:\/\/www.mrposter.com\/#website","url":"https:\/\/www.mrposter.com\/","name":"Mr Poster","description":"Vintage Posters - Polish and Others","publisher":{"@id":"https:\/\/www.mrposter.com\/#organization"},"alternateName":"Mr. Poster, mrposter.com,","potentialAction":[{"@type":"SearchAction","target":{"@type":"EntryPoint","urlTemplate":"https:\/\/www.mrposter.com\/?s={search_term_string}"},"query-input":{"@type":"PropertyValueSpecification","valueRequired":true,"valueName":"search_term_string"}}],"inLanguage":"es"},{"@type":"Organization","@id":"https:\/\/www.mrposter.com\/#organization","name":"Mr. Poster","url":"https:\/\/www.mrposter.com\/","logo":{"@type":"ImageObject","inLanguage":"es","@id":"https:\/\/www.mrposter.com\/#\/schema\/logo\/image\/","url":"https:\/\/www.mrposter.com\/wp-content\/uploads\/2018\/03\/mrposter2-Bold-Transparent-Mar-7-2018.png","contentUrl":"https:\/\/www.mrposter.com\/wp-content\/uploads\/2018\/03\/mrposter2-Bold-Transparent-Mar-7-2018.png","width":1500,"height":1500,"caption":"Mr. Poster"},"image":{"@id":"https:\/\/www.mrposter.com\/#\/schema\/logo\/image\/"},"sameAs":["https:\/\/www.facebook.com\/mrpostergallery\/","https:\/\/www.instagram.com\/mrpostergallery\/"]}]}},"_links":{"self":[{"href":"https:\/\/www.mrposter.com\/es\/wp-json\/wp\/v2\/product\/4060","targetHints":{"allow":["GET"]}}],"collection":[{"href":"https:\/\/www.mrposter.com\/es\/wp-json\/wp\/v2\/product"}],"about":[{"href":"https:\/\/www.mrposter.com\/es\/wp-json\/wp\/v2\/types\/product"}],"wp:featuredmedia":[{"embeddable":true,"href":"https:\/\/www.mrposter.com\/es\/wp-json\/wp\/v2\/media\/4061"}],"wp:attachment":[{"href":"https:\/\/www.mrposter.com\/es\/wp-json\/wp\/v2\/media?parent=4060"}],"wp:term":[{"taxonomy":"product_brand","embeddable":true,"href":"https:\/\/www.mrposter.com\/es\/wp-json\/wp\/v2\/product_brand?post=4060"},{"taxonomy":"product_cat","embeddable":true,"href":"https:\/\/www.mrposter.com\/es\/wp-json\/wp\/v2\/product_cat?post=4060"},{"taxonomy":"product_tag","embeddable":true,"href":"https:\/\/www.mrposter.com\/es\/wp-json\/wp\/v2\/product_tag?post=4060"}],"curies":[{"name":"wp","href":"https:\/\/api.w.org\/{rel}","templated":true}]}}