{"id":4030,"date":"2023-09-13T09:35:07","date_gmt":"2023-09-13T13:35:07","guid":{"rendered":"https:\/\/www.mrposter.com\/?post_type=product&#038;p=4030"},"modified":"2024-06-13T14:49:52","modified_gmt":"2024-06-13T18:49:52","slug":"klimowski-vintage-polish-posters","status":"publish","type":"product","link":"https:\/\/www.mrposter.com\/es\/producto\/klimowski-vintage-polish-posters\/","title":{"rendered":"Vintage Polish Film Posters | Klimowski"},"content":{"rendered":"<p>Klimowski, Andrzej, Pasja, Passion, Film, Poland, 1977, 1978, Polish Posters, Stanis\u0142aw R\u00f3\u017cewicz, Piotr Garlicki, Zbigniew Zapasiewicz, Boneslaw Smela, palm print, Polish coat of arms, crest, eagle, blood, red, black, tan, beige<\/p>","protected":false},"excerpt":{"rendered":"<p>This movie <strong>&#8220;Pasja&#8221; (&#8220;Passion&#8221;)<\/strong> is a biographical film about <strong>Edward Dembowski<\/strong>, a nobleman trying in vain to convince peasants to participate in the Krakow Uprising against Austria during the revolutions of 1848. Dembowski died on 27 February 1846 at Podgorze, shot by Austrian troops while leading a procession to conduct agitation among the peasants. The artist who designed this poster, <strong>Andrzej Klimowski, <\/strong>was born in 1949 to Polish parents in London, and retains strong links with Poland, where he lived and worked for some years. During his career he has made films and written graphic novels. He has designed theater posters and book covers for leading publishers. He was head of Illustration at the Royal College of Art for many years, and is now Professor Emeritus. He continues to produce graphic novels with his wife Danusia Schejbal, and works in graphics and produces illustrations. He also makes films. His work has been the subject of a retrospective at the National Theatre, London.<sup id=\"cite_ref-poland_1-2\" class=\"reference\"><\/sup><\/p>","protected":false},"featured_media":4031,"template":"","meta":[],"product_brand":[],"product_cat":[31],"product_tag":[5074,5061,5060,5041,5063,5040],"class_list":{"0":"post-4030","1":"product","2":"type-product","3":"status-publish","4":"has-post-thumbnail","6":"product_cat-film","7":"product_tag-artposters","8":"product_tag-graphicart","9":"product_tag-mrposter-com-vintageposters","10":"product_tag-polishposters","11":"product_tag-posterdesign","12":"product_tag-vintagepolishposters","13":"pa_artist-klimowski-andrzej-b-1949","14":"pa_cast-piotr-garlicki-zbigniew-zapasiewicz-boneslaw-smela","15":"pa_director-author-stanislaw-rozewicz-3","16":"pa_genre-film","17":"pa_grading-excellent","18":"pa_poster-country-of-origin-poland","19":"pa_poster-year-230","21":"first","22":"instock","23":"shipping-taxable","24":"purchasable","25":"product-type-simple","26":"czr-hentry"},"yoast_head":"<!-- This site is optimized with the Yoast SEO plugin v27.2 - https:\/\/yoast.com\/product\/yoast-seo-wordpress\/ -->\n<title>Andrzej Klimowski | Polish Film Poster | 1970s<\/title>\n<meta name=\"description\" content=\"Buy now this cool vintage Polish poster for the 1978 movie &quot;Pasja&quot; (Passion) by Andrzej Klimowski. FREE shipping in the US 48 states. Only 1 in stock.\" \/>\n<meta name=\"robots\" content=\"index, follow, max-snippet:-1, max-image-preview:large, max-video-preview:-1\" \/>\n<link rel=\"canonical\" href=\"https:\/\/www.mrposter.com\/es\/producto\/klimowski-vintage-polish-posters\/\" \/>\n<meta property=\"og:locale\" content=\"es_MX\" \/>\n<meta property=\"og:type\" content=\"article\" \/>\n<meta property=\"og:title\" content=\"Andrzej Klimowski | Polish Film Poster | 1970s\" \/>\n<meta property=\"og:description\" content=\"Buy now this cool vintage Polish poster for the 1978 movie &quot;Pasja&quot; (Passion) by Andrzej Klimowski. FREE shipping in the US 48 states. Only 1 in stock.\" \/>\n<meta property=\"og:url\" content=\"https:\/\/www.mrposter.com\/es\/producto\/klimowski-vintage-polish-posters\/\" \/>\n<meta property=\"og:site_name\" content=\"Mr Poster\" \/>\n<meta property=\"article:publisher\" content=\"https:\/\/www.facebook.com\/mrpostergallery\/\" \/>\n<meta property=\"article:modified_time\" content=\"2024-06-13T18:49:52+00:00\" \/>\n<meta property=\"og:image\" content=\"https:\/\/www.mrposter.com\/wp-content\/uploads\/2023\/09\/Pasja-Klimowski.jpg\" \/>\n\t<meta property=\"og:image:width\" content=\"800\" \/>\n\t<meta property=\"og:image:height\" content=\"800\" \/>\n\t<meta property=\"og:image:type\" content=\"image\/jpeg\" \/>\n<meta name=\"twitter:card\" content=\"summary_large_image\" \/>\n<script type=\"application\/ld+json\" class=\"yoast-schema-graph\">{\"@context\":\"https:\/\/schema.org\",\"@graph\":[{\"@type\":\"WebPage\",\"@id\":\"https:\/\/www.mrposter.com\/product\/klimowski-vintage-polish-posters\/\",\"url\":\"https:\/\/www.mrposter.com\/product\/klimowski-vintage-polish-posters\/\",\"name\":\"Andrzej Klimowski | Polish Film Poster | 1970s\",\"isPartOf\":{\"@id\":\"https:\/\/www.mrposter.com\/#website\"},\"primaryImageOfPage\":{\"@id\":\"https:\/\/www.mrposter.com\/product\/klimowski-vintage-polish-posters\/#primaryimage\"},\"image\":{\"@id\":\"https:\/\/www.mrposter.com\/product\/klimowski-vintage-polish-posters\/#primaryimage\"},\"thumbnailUrl\":\"https:\/\/www.mrposter.com\/wp-content\/uploads\/2023\/09\/Pasja-Klimowski.jpg\",\"datePublished\":\"2023-09-13T13:35:07+00:00\",\"dateModified\":\"2024-06-13T18:49:52+00:00\",\"description\":\"Buy now this cool vintage Polish poster for the 1978 movie \\\"Pasja\\\" (Passion) by Andrzej Klimowski. FREE shipping in the US 48 states. Only 1 in stock.\",\"breadcrumb\":{\"@id\":\"https:\/\/www.mrposter.com\/product\/klimowski-vintage-polish-posters\/#breadcrumb\"},\"inLanguage\":\"es\",\"potentialAction\":[{\"@type\":\"ReadAction\",\"target\":[\"https:\/\/www.mrposter.com\/product\/klimowski-vintage-polish-posters\/\"]}]},{\"@type\":\"ImageObject\",\"inLanguage\":\"es\",\"@id\":\"https:\/\/www.mrposter.com\/product\/klimowski-vintage-polish-posters\/#primaryimage\",\"url\":\"https:\/\/www.mrposter.com\/wp-content\/uploads\/2023\/09\/Pasja-Klimowski.jpg\",\"contentUrl\":\"https:\/\/www.mrposter.com\/wp-content\/uploads\/2023\/09\/Pasja-Klimowski.jpg\",\"width\":800,\"height\":800,\"caption\":\"Palm print with Polish coat of arms in the center with some blood.\"},{\"@type\":\"BreadcrumbList\",\"@id\":\"https:\/\/www.mrposter.com\/product\/klimowski-vintage-polish-posters\/#breadcrumb\",\"itemListElement\":[{\"@type\":\"ListItem\",\"position\":1,\"name\":\"Home\",\"item\":\"https:\/\/www.mrposter.com\/\"},{\"@type\":\"ListItem\",\"position\":2,\"name\":\"Shop\",\"item\":\"https:\/\/www.mrposter.com\/es\/shop\/\"},{\"@type\":\"ListItem\",\"position\":3,\"name\":\"Vintage Polish Film Posters | Klimowski\"}]},{\"@type\":\"WebSite\",\"@id\":\"https:\/\/www.mrposter.com\/#website\",\"url\":\"https:\/\/www.mrposter.com\/\",\"name\":\"Mr Poster\",\"description\":\"Vintage Posters - Polish and Others\",\"publisher\":{\"@id\":\"https:\/\/www.mrposter.com\/#organization\"},\"alternateName\":\"Mr. Poster, mrposter.com,\",\"potentialAction\":[{\"@type\":\"SearchAction\",\"target\":{\"@type\":\"EntryPoint\",\"urlTemplate\":\"https:\/\/www.mrposter.com\/?s={search_term_string}\"},\"query-input\":{\"@type\":\"PropertyValueSpecification\",\"valueRequired\":true,\"valueName\":\"search_term_string\"}}],\"inLanguage\":\"es\"},{\"@type\":\"Organization\",\"@id\":\"https:\/\/www.mrposter.com\/#organization\",\"name\":\"Mr. Poster\",\"url\":\"https:\/\/www.mrposter.com\/\",\"logo\":{\"@type\":\"ImageObject\",\"inLanguage\":\"es\",\"@id\":\"https:\/\/www.mrposter.com\/#\/schema\/logo\/image\/\",\"url\":\"https:\/\/www.mrposter.com\/wp-content\/uploads\/2018\/03\/mrposter2-Bold-Transparent-Mar-7-2018.png\",\"contentUrl\":\"https:\/\/www.mrposter.com\/wp-content\/uploads\/2018\/03\/mrposter2-Bold-Transparent-Mar-7-2018.png\",\"width\":1500,\"height\":1500,\"caption\":\"Mr. Poster\"},\"image\":{\"@id\":\"https:\/\/www.mrposter.com\/#\/schema\/logo\/image\/\"},\"sameAs\":[\"https:\/\/www.facebook.com\/mrpostergallery\/\",\"https:\/\/www.instagram.com\/mrpostergallery\/\"]}]}<\/script>\n<!-- \/ Yoast SEO plugin. -->","yoast_head_json":{"title":"Andrzej Klimowski | Polish Film Poster | 1970s","description":"Buy now this cool vintage Polish poster for the 1978 movie \"Pasja\" (Passion) by Andrzej Klimowski. FREE shipping in the US 48 states. Only 1 in stock.","robots":{"index":"index","follow":"follow","max-snippet":"max-snippet:-1","max-image-preview":"max-image-preview:large","max-video-preview":"max-video-preview:-1"},"canonical":"https:\/\/www.mrposter.com\/es\/producto\/klimowski-vintage-polish-posters\/","og_locale":"es_MX","og_type":"article","og_title":"Andrzej Klimowski | Polish Film Poster | 1970s","og_description":"Buy now this cool vintage Polish poster for the 1978 movie \"Pasja\" (Passion) by Andrzej Klimowski. FREE shipping in the US 48 states. Only 1 in stock.","og_url":"https:\/\/www.mrposter.com\/es\/producto\/klimowski-vintage-polish-posters\/","og_site_name":"Mr Poster","article_publisher":"https:\/\/www.facebook.com\/mrpostergallery\/","article_modified_time":"2024-06-13T18:49:52+00:00","og_image":[{"width":800,"height":800,"url":"https:\/\/www.mrposter.com\/wp-content\/uploads\/2023\/09\/Pasja-Klimowski.jpg","type":"image\/jpeg"}],"twitter_card":"summary_large_image","schema":{"@context":"https:\/\/schema.org","@graph":[{"@type":"WebPage","@id":"https:\/\/www.mrposter.com\/product\/klimowski-vintage-polish-posters\/","url":"https:\/\/www.mrposter.com\/product\/klimowski-vintage-polish-posters\/","name":"Andrzej Klimowski | Polish Film Poster | 1970s","isPartOf":{"@id":"https:\/\/www.mrposter.com\/#website"},"primaryImageOfPage":{"@id":"https:\/\/www.mrposter.com\/product\/klimowski-vintage-polish-posters\/#primaryimage"},"image":{"@id":"https:\/\/www.mrposter.com\/product\/klimowski-vintage-polish-posters\/#primaryimage"},"thumbnailUrl":"https:\/\/www.mrposter.com\/wp-content\/uploads\/2023\/09\/Pasja-Klimowski.jpg","datePublished":"2023-09-13T13:35:07+00:00","dateModified":"2024-06-13T18:49:52+00:00","description":"Buy now this cool vintage Polish poster for the 1978 movie \"Pasja\" (Passion) by Andrzej Klimowski. FREE shipping in the US 48 states. Only 1 in stock.","breadcrumb":{"@id":"https:\/\/www.mrposter.com\/product\/klimowski-vintage-polish-posters\/#breadcrumb"},"inLanguage":"es","potentialAction":[{"@type":"ReadAction","target":["https:\/\/www.mrposter.com\/product\/klimowski-vintage-polish-posters\/"]}]},{"@type":"ImageObject","inLanguage":"es","@id":"https:\/\/www.mrposter.com\/product\/klimowski-vintage-polish-posters\/#primaryimage","url":"https:\/\/www.mrposter.com\/wp-content\/uploads\/2023\/09\/Pasja-Klimowski.jpg","contentUrl":"https:\/\/www.mrposter.com\/wp-content\/uploads\/2023\/09\/Pasja-Klimowski.jpg","width":800,"height":800,"caption":"Palm print with Polish coat of arms in the center with some blood."},{"@type":"BreadcrumbList","@id":"https:\/\/www.mrposter.com\/product\/klimowski-vintage-polish-posters\/#breadcrumb","itemListElement":[{"@type":"ListItem","position":1,"name":"Home","item":"https:\/\/www.mrposter.com\/"},{"@type":"ListItem","position":2,"name":"Shop","item":"https:\/\/www.mrposter.com\/es\/shop\/"},{"@type":"ListItem","position":3,"name":"Vintage Polish Film Posters | Klimowski"}]},{"@type":"WebSite","@id":"https:\/\/www.mrposter.com\/#website","url":"https:\/\/www.mrposter.com\/","name":"Mr Poster","description":"Vintage Posters - Polish and Others","publisher":{"@id":"https:\/\/www.mrposter.com\/#organization"},"alternateName":"Mr. Poster, mrposter.com,","potentialAction":[{"@type":"SearchAction","target":{"@type":"EntryPoint","urlTemplate":"https:\/\/www.mrposter.com\/?s={search_term_string}"},"query-input":{"@type":"PropertyValueSpecification","valueRequired":true,"valueName":"search_term_string"}}],"inLanguage":"es"},{"@type":"Organization","@id":"https:\/\/www.mrposter.com\/#organization","name":"Mr. Poster","url":"https:\/\/www.mrposter.com\/","logo":{"@type":"ImageObject","inLanguage":"es","@id":"https:\/\/www.mrposter.com\/#\/schema\/logo\/image\/","url":"https:\/\/www.mrposter.com\/wp-content\/uploads\/2018\/03\/mrposter2-Bold-Transparent-Mar-7-2018.png","contentUrl":"https:\/\/www.mrposter.com\/wp-content\/uploads\/2018\/03\/mrposter2-Bold-Transparent-Mar-7-2018.png","width":1500,"height":1500,"caption":"Mr. Poster"},"image":{"@id":"https:\/\/www.mrposter.com\/#\/schema\/logo\/image\/"},"sameAs":["https:\/\/www.facebook.com\/mrpostergallery\/","https:\/\/www.instagram.com\/mrpostergallery\/"]}]}},"_links":{"self":[{"href":"https:\/\/www.mrposter.com\/es\/wp-json\/wp\/v2\/product\/4030","targetHints":{"allow":["GET"]}}],"collection":[{"href":"https:\/\/www.mrposter.com\/es\/wp-json\/wp\/v2\/product"}],"about":[{"href":"https:\/\/www.mrposter.com\/es\/wp-json\/wp\/v2\/types\/product"}],"wp:featuredmedia":[{"embeddable":true,"href":"https:\/\/www.mrposter.com\/es\/wp-json\/wp\/v2\/media\/4031"}],"wp:attachment":[{"href":"https:\/\/www.mrposter.com\/es\/wp-json\/wp\/v2\/media?parent=4030"}],"wp:term":[{"taxonomy":"product_brand","embeddable":true,"href":"https:\/\/www.mrposter.com\/es\/wp-json\/wp\/v2\/product_brand?post=4030"},{"taxonomy":"product_cat","embeddable":true,"href":"https:\/\/www.mrposter.com\/es\/wp-json\/wp\/v2\/product_cat?post=4030"},{"taxonomy":"product_tag","embeddable":true,"href":"https:\/\/www.mrposter.com\/es\/wp-json\/wp\/v2\/product_tag?post=4030"}],"curies":[{"name":"wp","href":"https:\/\/api.w.org\/{rel}","templated":true}]}}