{"id":4020,"date":"2023-09-12T13:58:35","date_gmt":"2023-09-12T17:58:35","guid":{"rendered":"https:\/\/www.mrposter.com\/?post_type=product&#038;p=4020"},"modified":"2024-06-13T15:02:27","modified_gmt":"2024-06-13T19:02:27","slug":"jozef-wilkon-book-illustrations-poster-vintage","status":"publish","type":"product","link":"https:\/\/www.mrposter.com\/es\/producto\/jozef-wilkon-book-illustrations-poster-vintage\/","title":{"rendered":"Jozef Wilkon Illustrations | Vintage Posters"},"content":{"rendered":"<p>Wilkon, Jozef, Jozef Wilkon Ilustracja Ksiazkowa, Jozef Wilkon Book Illustrations, Exhibition, Poland, Polish Posters, Kordegarda Galleria, cat, glasses, mouse, bathrobe, pipe, cat, animal lovers, children<\/p>","protected":false},"excerpt":{"rendered":"<p><strong>J\u00f3zef Wilkon<\/strong> was born in Bogucice, Poland. In Poland, Wilkon is considered one of the most famous illustrators of books for children and adults. He is a graduate of the Academy of Fine Arts in Krakow and has illustrated nearly two hundred books for children and adults. Wilkon\u00a0also works on stage design and tapestries. In 2000, Jakub Nowak made a documentary film about him entitled &#8220;J\u00f3zef Wilko\u0144<i>&#8221; <\/i>.\u00a0In 2007, director Gra\u017cyna Banaszkiewicz made another documentary called &#8220;The Ark of J\u00f3zef Wilko\u0144<i>&#8220;<\/i>. In 2020, yet another documentary film was made about him &#8220;Behind the Doors of Imagination &#8211; J\u00f3zef Wilko\u0144&#8221; directed by Anna Ciolkiewicz. This special, mint-condition poster was for a 1988 exhibition of his illustrations at the Kordegarda Galleria in Poland.<\/p>","protected":false},"featured_media":4021,"template":"","meta":[],"product_brand":[],"product_cat":[29,30,3902],"product_tag":[5074,5061,5060,5079,4891],"class_list":{"0":"post-4020","1":"product","2":"type-product","3":"status-publish","4":"has-post-thumbnail","6":"product_cat-cultural","7":"product_cat-event","8":"product_cat-exhibition","9":"product_tag-artposters","10":"product_tag-graphicart","11":"product_tag-mrposter-com-vintageposters","12":"product_tag-vintageposterart","13":"product_tag-posters","14":"pa_artist-wilkon-jozef-b-1930","15":"pa_genre-exhibition","16":"pa_grading-mint","17":"pa_poster-country-of-origin-poland","18":"pa_poster-year-795","20":"first","21":"instock","22":"shipping-taxable","23":"purchasable","24":"product-type-simple","25":"czr-hentry"},"yoast_head":"<!-- This site is optimized with the Yoast SEO plugin v27.2 - https:\/\/yoast.com\/product\/yoast-seo-wordpress\/ -->\n<title>Jozek Wilkon | Vintage Poster | Cat and Mouse<\/title>\n<meta name=\"description\" content=\"Celebrate the artistry of Jozef Wilkon with this mint condition, vintage 1988 poster - a perfect addition for any art enthusiast! FREE shipping in the US 48 states.\" \/>\n<meta name=\"robots\" content=\"index, follow, max-snippet:-1, max-image-preview:large, max-video-preview:-1\" \/>\n<link rel=\"canonical\" href=\"https:\/\/www.mrposter.com\/es\/producto\/jozef-wilkon-book-illustrations-poster-vintage\/\" \/>\n<meta property=\"og:locale\" content=\"es_MX\" \/>\n<meta property=\"og:type\" content=\"article\" \/>\n<meta property=\"og:title\" content=\"Jozek Wilkon | Vintage Poster | Cat and Mouse\" \/>\n<meta property=\"og:description\" content=\"Celebrate the artistry of Jozef Wilkon with this mint condition, vintage 1988 poster - a perfect addition for any art enthusiast! FREE shipping in the US 48 states.\" \/>\n<meta property=\"og:url\" content=\"https:\/\/www.mrposter.com\/es\/producto\/jozef-wilkon-book-illustrations-poster-vintage\/\" \/>\n<meta property=\"og:site_name\" content=\"Mr Poster\" \/>\n<meta property=\"article:publisher\" content=\"https:\/\/www.facebook.com\/mrpostergallery\/\" \/>\n<meta property=\"article:modified_time\" content=\"2024-06-13T19:02:27+00:00\" \/>\n<meta property=\"og:image\" content=\"https:\/\/www.mrposter.com\/wp-content\/uploads\/2023\/09\/Jozef-Wilkon-Ilustracja-Ksiazkowa-Wilkon.jpg\" \/>\n\t<meta property=\"og:image:width\" content=\"400\" \/>\n\t<meta property=\"og:image:height\" content=\"600\" \/>\n\t<meta property=\"og:image:type\" content=\"image\/jpeg\" \/>\n<meta name=\"twitter:card\" content=\"summary_large_image\" \/>\n<script type=\"application\/ld+json\" class=\"yoast-schema-graph\">{\"@context\":\"https:\/\/schema.org\",\"@graph\":[{\"@type\":\"WebPage\",\"@id\":\"https:\/\/www.mrposter.com\/product\/jozef-wilkon-book-illustrations-poster-vintage\/\",\"url\":\"https:\/\/www.mrposter.com\/product\/jozef-wilkon-book-illustrations-poster-vintage\/\",\"name\":\"Jozek Wilkon | Vintage Poster | Cat and Mouse\",\"isPartOf\":{\"@id\":\"https:\/\/www.mrposter.com\/#website\"},\"primaryImageOfPage\":{\"@id\":\"https:\/\/www.mrposter.com\/product\/jozef-wilkon-book-illustrations-poster-vintage\/#primaryimage\"},\"image\":{\"@id\":\"https:\/\/www.mrposter.com\/product\/jozef-wilkon-book-illustrations-poster-vintage\/#primaryimage\"},\"thumbnailUrl\":\"https:\/\/www.mrposter.com\/wp-content\/uploads\/2023\/09\/Jozef-Wilkon-Ilustracja-Ksiazkowa-Wilkon.jpg\",\"datePublished\":\"2023-09-12T17:58:35+00:00\",\"dateModified\":\"2024-06-13T19:02:27+00:00\",\"description\":\"Celebrate the artistry of Jozef Wilkon with this mint condition, vintage 1988 poster - a perfect addition for any art enthusiast! FREE shipping in the US 48 states.\",\"breadcrumb\":{\"@id\":\"https:\/\/www.mrposter.com\/product\/jozef-wilkon-book-illustrations-poster-vintage\/#breadcrumb\"},\"inLanguage\":\"es\",\"potentialAction\":[{\"@type\":\"ReadAction\",\"target\":[\"https:\/\/www.mrposter.com\/product\/jozef-wilkon-book-illustrations-poster-vintage\/\"]}]},{\"@type\":\"ImageObject\",\"inLanguage\":\"es\",\"@id\":\"https:\/\/www.mrposter.com\/product\/jozef-wilkon-book-illustrations-poster-vintage\/#primaryimage\",\"url\":\"https:\/\/www.mrposter.com\/wp-content\/uploads\/2023\/09\/Jozef-Wilkon-Ilustracja-Ksiazkowa-Wilkon.jpg\",\"contentUrl\":\"https:\/\/www.mrposter.com\/wp-content\/uploads\/2023\/09\/Jozef-Wilkon-Ilustracja-Ksiazkowa-Wilkon.jpg\",\"width\":400,\"height\":600,\"caption\":\"Cat with eyes closed, in a bathrobe, with eyeglasses and a pipe, with a mouse on the cat\u00b4s head.\"},{\"@type\":\"BreadcrumbList\",\"@id\":\"https:\/\/www.mrposter.com\/product\/jozef-wilkon-book-illustrations-poster-vintage\/#breadcrumb\",\"itemListElement\":[{\"@type\":\"ListItem\",\"position\":1,\"name\":\"Home\",\"item\":\"https:\/\/www.mrposter.com\/\"},{\"@type\":\"ListItem\",\"position\":2,\"name\":\"Shop\",\"item\":\"https:\/\/www.mrposter.com\/es\/shop\/\"},{\"@type\":\"ListItem\",\"position\":3,\"name\":\"Jozef Wilkon Illustrations | Vintage Posters\"}]},{\"@type\":\"WebSite\",\"@id\":\"https:\/\/www.mrposter.com\/#website\",\"url\":\"https:\/\/www.mrposter.com\/\",\"name\":\"Mr Poster\",\"description\":\"Vintage Posters - Polish and Others\",\"publisher\":{\"@id\":\"https:\/\/www.mrposter.com\/#organization\"},\"alternateName\":\"Mr. Poster, mrposter.com,\",\"potentialAction\":[{\"@type\":\"SearchAction\",\"target\":{\"@type\":\"EntryPoint\",\"urlTemplate\":\"https:\/\/www.mrposter.com\/?s={search_term_string}\"},\"query-input\":{\"@type\":\"PropertyValueSpecification\",\"valueRequired\":true,\"valueName\":\"search_term_string\"}}],\"inLanguage\":\"es\"},{\"@type\":\"Organization\",\"@id\":\"https:\/\/www.mrposter.com\/#organization\",\"name\":\"Mr. Poster\",\"url\":\"https:\/\/www.mrposter.com\/\",\"logo\":{\"@type\":\"ImageObject\",\"inLanguage\":\"es\",\"@id\":\"https:\/\/www.mrposter.com\/#\/schema\/logo\/image\/\",\"url\":\"https:\/\/www.mrposter.com\/wp-content\/uploads\/2018\/03\/mrposter2-Bold-Transparent-Mar-7-2018.png\",\"contentUrl\":\"https:\/\/www.mrposter.com\/wp-content\/uploads\/2018\/03\/mrposter2-Bold-Transparent-Mar-7-2018.png\",\"width\":1500,\"height\":1500,\"caption\":\"Mr. Poster\"},\"image\":{\"@id\":\"https:\/\/www.mrposter.com\/#\/schema\/logo\/image\/\"},\"sameAs\":[\"https:\/\/www.facebook.com\/mrpostergallery\/\",\"https:\/\/www.instagram.com\/mrpostergallery\/\"]}]}<\/script>\n<!-- \/ Yoast SEO plugin. -->","yoast_head_json":{"title":"Jozek Wilkon | Vintage Poster | Cat and Mouse","description":"Celebrate the artistry of Jozef Wilkon with this mint condition, vintage 1988 poster - a perfect addition for any art enthusiast! FREE shipping in the US 48 states.","robots":{"index":"index","follow":"follow","max-snippet":"max-snippet:-1","max-image-preview":"max-image-preview:large","max-video-preview":"max-video-preview:-1"},"canonical":"https:\/\/www.mrposter.com\/es\/producto\/jozef-wilkon-book-illustrations-poster-vintage\/","og_locale":"es_MX","og_type":"article","og_title":"Jozek Wilkon | Vintage Poster | Cat and Mouse","og_description":"Celebrate the artistry of Jozef Wilkon with this mint condition, vintage 1988 poster - a perfect addition for any art enthusiast! FREE shipping in the US 48 states.","og_url":"https:\/\/www.mrposter.com\/es\/producto\/jozef-wilkon-book-illustrations-poster-vintage\/","og_site_name":"Mr Poster","article_publisher":"https:\/\/www.facebook.com\/mrpostergallery\/","article_modified_time":"2024-06-13T19:02:27+00:00","og_image":[{"width":400,"height":600,"url":"https:\/\/www.mrposter.com\/wp-content\/uploads\/2023\/09\/Jozef-Wilkon-Ilustracja-Ksiazkowa-Wilkon.jpg","type":"image\/jpeg"}],"twitter_card":"summary_large_image","schema":{"@context":"https:\/\/schema.org","@graph":[{"@type":"WebPage","@id":"https:\/\/www.mrposter.com\/product\/jozef-wilkon-book-illustrations-poster-vintage\/","url":"https:\/\/www.mrposter.com\/product\/jozef-wilkon-book-illustrations-poster-vintage\/","name":"Jozek Wilkon | Vintage Poster | Cat and Mouse","isPartOf":{"@id":"https:\/\/www.mrposter.com\/#website"},"primaryImageOfPage":{"@id":"https:\/\/www.mrposter.com\/product\/jozef-wilkon-book-illustrations-poster-vintage\/#primaryimage"},"image":{"@id":"https:\/\/www.mrposter.com\/product\/jozef-wilkon-book-illustrations-poster-vintage\/#primaryimage"},"thumbnailUrl":"https:\/\/www.mrposter.com\/wp-content\/uploads\/2023\/09\/Jozef-Wilkon-Ilustracja-Ksiazkowa-Wilkon.jpg","datePublished":"2023-09-12T17:58:35+00:00","dateModified":"2024-06-13T19:02:27+00:00","description":"Celebrate the artistry of Jozef Wilkon with this mint condition, vintage 1988 poster - a perfect addition for any art enthusiast! FREE shipping in the US 48 states.","breadcrumb":{"@id":"https:\/\/www.mrposter.com\/product\/jozef-wilkon-book-illustrations-poster-vintage\/#breadcrumb"},"inLanguage":"es","potentialAction":[{"@type":"ReadAction","target":["https:\/\/www.mrposter.com\/product\/jozef-wilkon-book-illustrations-poster-vintage\/"]}]},{"@type":"ImageObject","inLanguage":"es","@id":"https:\/\/www.mrposter.com\/product\/jozef-wilkon-book-illustrations-poster-vintage\/#primaryimage","url":"https:\/\/www.mrposter.com\/wp-content\/uploads\/2023\/09\/Jozef-Wilkon-Ilustracja-Ksiazkowa-Wilkon.jpg","contentUrl":"https:\/\/www.mrposter.com\/wp-content\/uploads\/2023\/09\/Jozef-Wilkon-Ilustracja-Ksiazkowa-Wilkon.jpg","width":400,"height":600,"caption":"Cat with eyes closed, in a bathrobe, with eyeglasses and a pipe, with a mouse on the cat\u00b4s head."},{"@type":"BreadcrumbList","@id":"https:\/\/www.mrposter.com\/product\/jozef-wilkon-book-illustrations-poster-vintage\/#breadcrumb","itemListElement":[{"@type":"ListItem","position":1,"name":"Home","item":"https:\/\/www.mrposter.com\/"},{"@type":"ListItem","position":2,"name":"Shop","item":"https:\/\/www.mrposter.com\/es\/shop\/"},{"@type":"ListItem","position":3,"name":"Jozef Wilkon Illustrations | Vintage Posters"}]},{"@type":"WebSite","@id":"https:\/\/www.mrposter.com\/#website","url":"https:\/\/www.mrposter.com\/","name":"Mr Poster","description":"Vintage Posters - Polish and Others","publisher":{"@id":"https:\/\/www.mrposter.com\/#organization"},"alternateName":"Mr. Poster, mrposter.com,","potentialAction":[{"@type":"SearchAction","target":{"@type":"EntryPoint","urlTemplate":"https:\/\/www.mrposter.com\/?s={search_term_string}"},"query-input":{"@type":"PropertyValueSpecification","valueRequired":true,"valueName":"search_term_string"}}],"inLanguage":"es"},{"@type":"Organization","@id":"https:\/\/www.mrposter.com\/#organization","name":"Mr. Poster","url":"https:\/\/www.mrposter.com\/","logo":{"@type":"ImageObject","inLanguage":"es","@id":"https:\/\/www.mrposter.com\/#\/schema\/logo\/image\/","url":"https:\/\/www.mrposter.com\/wp-content\/uploads\/2018\/03\/mrposter2-Bold-Transparent-Mar-7-2018.png","contentUrl":"https:\/\/www.mrposter.com\/wp-content\/uploads\/2018\/03\/mrposter2-Bold-Transparent-Mar-7-2018.png","width":1500,"height":1500,"caption":"Mr. Poster"},"image":{"@id":"https:\/\/www.mrposter.com\/#\/schema\/logo\/image\/"},"sameAs":["https:\/\/www.facebook.com\/mrpostergallery\/","https:\/\/www.instagram.com\/mrpostergallery\/"]}]}},"_links":{"self":[{"href":"https:\/\/www.mrposter.com\/es\/wp-json\/wp\/v2\/product\/4020","targetHints":{"allow":["GET"]}}],"collection":[{"href":"https:\/\/www.mrposter.com\/es\/wp-json\/wp\/v2\/product"}],"about":[{"href":"https:\/\/www.mrposter.com\/es\/wp-json\/wp\/v2\/types\/product"}],"wp:featuredmedia":[{"embeddable":true,"href":"https:\/\/www.mrposter.com\/es\/wp-json\/wp\/v2\/media\/4021"}],"wp:attachment":[{"href":"https:\/\/www.mrposter.com\/es\/wp-json\/wp\/v2\/media?parent=4020"}],"wp:term":[{"taxonomy":"product_brand","embeddable":true,"href":"https:\/\/www.mrposter.com\/es\/wp-json\/wp\/v2\/product_brand?post=4020"},{"taxonomy":"product_cat","embeddable":true,"href":"https:\/\/www.mrposter.com\/es\/wp-json\/wp\/v2\/product_cat?post=4020"},{"taxonomy":"product_tag","embeddable":true,"href":"https:\/\/www.mrposter.com\/es\/wp-json\/wp\/v2\/product_tag?post=4020"}],"curies":[{"name":"wp","href":"https:\/\/api.w.org\/{rel}","templated":true}]}}