{"id":3949,"date":"2023-08-22T14:13:54","date_gmt":"2023-08-22T18:13:54","guid":{"rendered":"https:\/\/www.mrposter.com\/?post_type=product&#038;p=3949"},"modified":"2024-07-31T14:27:21","modified_gmt":"2024-07-31T18:27:21","slug":"vintage-polish-poster-a-place-on-earth-miejse-na-ziemi-basha-baranowska-film-poster","status":"publish","type":"product","link":"https:\/\/www.mrposter.com\/es\/producto\/vintage-polish-poster-a-place-on-earth-miejse-na-ziemi-basha-baranowska-film-poster\/","title":{"rendered":"Vintage Polish Posters | A Place on Earth | Barbara &#8220;Basha&#8221; Baranowska"},"content":{"rendered":"<p>Baranowska, Barbara, Basha, Miejse na Ziemi, A Place on Earth, Poland, Film, 1959, 1960, Stanis\u0142aw R\u00f3\u017cewicz, Boleslaw Piotnicki, Kazimierz Fabisiak, Peter Polonski, bird cage, black and white, blue, gray, grey, street scene<\/p>","protected":false},"excerpt":{"rendered":"<p><strong>Barbara &#8220;Basha&#8221; Baranowska<\/strong> is the unsung hero of Polish poster art. Barbara Baranowska was a chameleon. She donned a variety of graphic personae: from the sometimes brutal cut outs of her early Polish book jackets to voluptuous, almost psychedelic surrealism of her French film posters. In sharp contrast the savage eroticism of her later posters, Baranowska was adept in evoking a colorful fairytale world brimming with animals. While she may not be the most prolific artist of her generation, the works she produced in Poland during the 1960s and France in the 1970s are unforgettable. During the late 1950s, there was a revolution in <strong>Polish poster art<\/strong>. Free from the shackles of socrealizm (the Polish adaptation of socialist realism), a wave artists brought a strikingly modern artistic sensibility to the poster. Lacking the resources to produce slick Hollywood like posters, these artists turned to various modernist trends for inspiration. Often armed with little more than a brush, crayon or simply just a pair of scissors, these Polish artists developed a raw, sometimes savage but always intelligent approach to the film poster. Artists such as Henryk Tomaszewski, Jan Lenica and Roman Cieslewicz developed a unique and often witty approach to rendering the very essence of a film in a single, eye catching image. Less well known, however, are the women of Polish poster art, including Teresa Byszewska and, in particular, <strong>Barbara Baranowska<\/strong>. <strong>Baranowska<\/strong>, known as &#8220;<strong>Basha<\/strong>&#8221; designed the covers and sometimes illustrating numerous books. Strikingly beautiful, Baranowska made cameos in a handful of films, including Janusz Morgernstern\u2019s &#8220;See You Tomorrow&#8221; (1960) and Witold Giersz\u2019s &#8220;Awaiting&#8221; (1962). However, arguably the most widely seen of her artwork is the cow she designed for a brand of butter which even today can still be found in Polish shops. At the end of the 1960s, Baranowska moved to Paris. She designed some of the most visual striking film posters of the 1970s, including Milos Forman\u2019s &#8220;Taking Off&#8221; (1971), &#8220;Charlie and the Chocolate Factory&#8221; (1971) Luis Garcia Berlanga\u2019s &#8220;Life Size&#8221; (1974) and Andrzej Zulawski\u2019s &#8220;Possession&#8221; (1981). During the late 1970s, Baranowska moved to Hollywood, where she completed a series of portrait paintings, including Alfred Hitchcock, studio head Barry Diller and the Viennese magnate Charlie Bluhdorn.<\/p>","protected":false},"featured_media":3950,"template":"","meta":[],"product_brand":[],"product_cat":[31],"product_tag":[5060,5088,5041,5125,5040,5075],"class_list":{"0":"post-3949","1":"product","2":"type-product","3":"status-publish","4":"has-post-thumbnail","6":"product_cat-film","7":"product_tag-mrposter-com-vintageposters","8":"product_tag-polishfilmposters","9":"product_tag-polishposters","10":"product_tag-vintagefilmposters","11":"product_tag-vintagepolishposters","12":"product_tag-wallart","13":"pa_artist-baranowska-barabara-basha-b-1934","14":"pa_cast-boleslaw-piotnicki-kazimierz-fabisiak-peter-polonski","15":"pa_director-author-stanislaw-rozewicz-3","16":"pa_grading-excellent","17":"pa_poster-country-of-origin-poland","18":"pa_poster-year-195","20":"first","21":"instock","22":"shipping-taxable","23":"purchasable","24":"product-type-simple","25":"czr-hentry"},"yoast_head":"<!-- This site is optimized with the Yoast SEO plugin v27.2 - https:\/\/yoast.com\/product\/yoast-seo-wordpress\/ -->\n<title>Vintage Polish Poster | A Place on Earth | Basha Baranowska<\/title>\n<meta name=\"description\" content=\"Discover a rare vintage Polish poster for the film &#039;A Place on Earth,&#039; featuring artwork by the acclaimed artist Barbara &#039;Basha&#039; Baranowska.&quot; FREE shipping in the 48 US states.\" \/>\n<meta name=\"robots\" content=\"index, follow, max-snippet:-1, max-image-preview:large, max-video-preview:-1\" \/>\n<link rel=\"canonical\" href=\"https:\/\/www.mrposter.com\/es\/producto\/vintage-polish-poster-a-place-on-earth-miejse-na-ziemi-basha-baranowska-film-poster\/\" \/>\n<meta property=\"og:locale\" content=\"es_MX\" \/>\n<meta property=\"og:type\" content=\"article\" \/>\n<meta property=\"og:title\" content=\"Vintage Polish Poster | A Place on Earth | Basha Baranowska\" \/>\n<meta property=\"og:description\" content=\"Discover a rare vintage Polish poster for the film &#039;A Place on Earth,&#039; featuring artwork by the acclaimed artist Barbara &#039;Basha&#039; Baranowska.&quot; FREE shipping in the 48 US states.\" \/>\n<meta property=\"og:url\" content=\"https:\/\/www.mrposter.com\/es\/producto\/vintage-polish-poster-a-place-on-earth-miejse-na-ziemi-basha-baranowska-film-poster\/\" \/>\n<meta property=\"og:site_name\" content=\"Mr Poster\" \/>\n<meta property=\"article:publisher\" content=\"https:\/\/www.facebook.com\/mrpostergallery\/\" \/>\n<meta property=\"article:modified_time\" content=\"2024-07-31T18:27:21+00:00\" \/>\n<meta property=\"og:image\" content=\"https:\/\/www.mrposter.com\/wp-content\/uploads\/2023\/08\/Miejse-na-Ziemi-Unknown.webp\" \/>\n\t<meta property=\"og:image:width\" content=\"2048\" \/>\n\t<meta property=\"og:image:height\" content=\"1525\" \/>\n\t<meta property=\"og:image:type\" content=\"image\/webp\" \/>\n<meta name=\"twitter:card\" content=\"summary_large_image\" \/>\n<script type=\"application\/ld+json\" class=\"yoast-schema-graph\">{\"@context\":\"https:\/\/schema.org\",\"@graph\":[{\"@type\":\"WebPage\",\"@id\":\"https:\/\/www.mrposter.com\/product\/vintage-polish-poster-a-place-on-earth-miejse-na-ziemi-basha-baranowska-film-poster\/\",\"url\":\"https:\/\/www.mrposter.com\/product\/vintage-polish-poster-a-place-on-earth-miejse-na-ziemi-basha-baranowska-film-poster\/\",\"name\":\"Vintage Polish Poster | A Place on Earth | Basha Baranowska\",\"isPartOf\":{\"@id\":\"https:\/\/www.mrposter.com\/#website\"},\"primaryImageOfPage\":{\"@id\":\"https:\/\/www.mrposter.com\/product\/vintage-polish-poster-a-place-on-earth-miejse-na-ziemi-basha-baranowska-film-poster\/#primaryimage\"},\"image\":{\"@id\":\"https:\/\/www.mrposter.com\/product\/vintage-polish-poster-a-place-on-earth-miejse-na-ziemi-basha-baranowska-film-poster\/#primaryimage\"},\"thumbnailUrl\":\"https:\/\/www.mrposter.com\/wp-content\/uploads\/2023\/08\/Miejse-na-Ziemi-Unknown.webp\",\"datePublished\":\"2023-08-22T18:13:54+00:00\",\"dateModified\":\"2024-07-31T18:27:21+00:00\",\"description\":\"Discover a rare vintage Polish poster for the film 'A Place on Earth,' featuring artwork by the acclaimed artist Barbara 'Basha' Baranowska.\\\" FREE shipping in the 48 US states.\",\"breadcrumb\":{\"@id\":\"https:\/\/www.mrposter.com\/product\/vintage-polish-poster-a-place-on-earth-miejse-na-ziemi-basha-baranowska-film-poster\/#breadcrumb\"},\"inLanguage\":\"es\",\"potentialAction\":[{\"@type\":\"ReadAction\",\"target\":[\"https:\/\/www.mrposter.com\/product\/vintage-polish-poster-a-place-on-earth-miejse-na-ziemi-basha-baranowska-film-poster\/\"]}]},{\"@type\":\"ImageObject\",\"inLanguage\":\"es\",\"@id\":\"https:\/\/www.mrposter.com\/product\/vintage-polish-poster-a-place-on-earth-miejse-na-ziemi-basha-baranowska-film-poster\/#primaryimage\",\"url\":\"https:\/\/www.mrposter.com\/wp-content\/uploads\/2023\/08\/Miejse-na-Ziemi-Unknown.webp\",\"contentUrl\":\"https:\/\/www.mrposter.com\/wp-content\/uploads\/2023\/08\/Miejse-na-Ziemi-Unknown.webp\",\"width\":2048,\"height\":1525},{\"@type\":\"BreadcrumbList\",\"@id\":\"https:\/\/www.mrposter.com\/product\/vintage-polish-poster-a-place-on-earth-miejse-na-ziemi-basha-baranowska-film-poster\/#breadcrumb\",\"itemListElement\":[{\"@type\":\"ListItem\",\"position\":1,\"name\":\"Home\",\"item\":\"https:\/\/www.mrposter.com\/\"},{\"@type\":\"ListItem\",\"position\":2,\"name\":\"Shop\",\"item\":\"https:\/\/www.mrposter.com\/es\/shop\/\"},{\"@type\":\"ListItem\",\"position\":3,\"name\":\"Vintage Polish Posters | A Place on Earth | Barbara &#8220;Basha&#8221; Baranowska\"}]},{\"@type\":\"WebSite\",\"@id\":\"https:\/\/www.mrposter.com\/#website\",\"url\":\"https:\/\/www.mrposter.com\/\",\"name\":\"Mr Poster\",\"description\":\"Vintage Posters - Polish and Others\",\"publisher\":{\"@id\":\"https:\/\/www.mrposter.com\/#organization\"},\"alternateName\":\"Mr. Poster, mrposter.com,\",\"potentialAction\":[{\"@type\":\"SearchAction\",\"target\":{\"@type\":\"EntryPoint\",\"urlTemplate\":\"https:\/\/www.mrposter.com\/?s={search_term_string}\"},\"query-input\":{\"@type\":\"PropertyValueSpecification\",\"valueRequired\":true,\"valueName\":\"search_term_string\"}}],\"inLanguage\":\"es\"},{\"@type\":\"Organization\",\"@id\":\"https:\/\/www.mrposter.com\/#organization\",\"name\":\"Mr. Poster\",\"url\":\"https:\/\/www.mrposter.com\/\",\"logo\":{\"@type\":\"ImageObject\",\"inLanguage\":\"es\",\"@id\":\"https:\/\/www.mrposter.com\/#\/schema\/logo\/image\/\",\"url\":\"https:\/\/www.mrposter.com\/wp-content\/uploads\/2018\/03\/mrposter2-Bold-Transparent-Mar-7-2018.png\",\"contentUrl\":\"https:\/\/www.mrposter.com\/wp-content\/uploads\/2018\/03\/mrposter2-Bold-Transparent-Mar-7-2018.png\",\"width\":1500,\"height\":1500,\"caption\":\"Mr. Poster\"},\"image\":{\"@id\":\"https:\/\/www.mrposter.com\/#\/schema\/logo\/image\/\"},\"sameAs\":[\"https:\/\/www.facebook.com\/mrpostergallery\/\",\"https:\/\/www.instagram.com\/mrpostergallery\/\"]}]}<\/script>\n<!-- \/ Yoast SEO plugin. -->","yoast_head_json":{"title":"Vintage Polish Poster | A Place on Earth | Basha Baranowska","description":"Discover a rare vintage Polish poster for the film 'A Place on Earth,' featuring artwork by the acclaimed artist Barbara 'Basha' Baranowska.\" FREE shipping in the 48 US states.","robots":{"index":"index","follow":"follow","max-snippet":"max-snippet:-1","max-image-preview":"max-image-preview:large","max-video-preview":"max-video-preview:-1"},"canonical":"https:\/\/www.mrposter.com\/es\/producto\/vintage-polish-poster-a-place-on-earth-miejse-na-ziemi-basha-baranowska-film-poster\/","og_locale":"es_MX","og_type":"article","og_title":"Vintage Polish Poster | A Place on Earth | Basha Baranowska","og_description":"Discover a rare vintage Polish poster for the film 'A Place on Earth,' featuring artwork by the acclaimed artist Barbara 'Basha' Baranowska.\" FREE shipping in the 48 US states.","og_url":"https:\/\/www.mrposter.com\/es\/producto\/vintage-polish-poster-a-place-on-earth-miejse-na-ziemi-basha-baranowska-film-poster\/","og_site_name":"Mr Poster","article_publisher":"https:\/\/www.facebook.com\/mrpostergallery\/","article_modified_time":"2024-07-31T18:27:21+00:00","og_image":[{"width":2048,"height":1525,"url":"https:\/\/www.mrposter.com\/wp-content\/uploads\/2023\/08\/Miejse-na-Ziemi-Unknown.webp","type":"image\/webp"}],"twitter_card":"summary_large_image","schema":{"@context":"https:\/\/schema.org","@graph":[{"@type":"WebPage","@id":"https:\/\/www.mrposter.com\/product\/vintage-polish-poster-a-place-on-earth-miejse-na-ziemi-basha-baranowska-film-poster\/","url":"https:\/\/www.mrposter.com\/product\/vintage-polish-poster-a-place-on-earth-miejse-na-ziemi-basha-baranowska-film-poster\/","name":"Vintage Polish Poster | A Place on Earth | Basha Baranowska","isPartOf":{"@id":"https:\/\/www.mrposter.com\/#website"},"primaryImageOfPage":{"@id":"https:\/\/www.mrposter.com\/product\/vintage-polish-poster-a-place-on-earth-miejse-na-ziemi-basha-baranowska-film-poster\/#primaryimage"},"image":{"@id":"https:\/\/www.mrposter.com\/product\/vintage-polish-poster-a-place-on-earth-miejse-na-ziemi-basha-baranowska-film-poster\/#primaryimage"},"thumbnailUrl":"https:\/\/www.mrposter.com\/wp-content\/uploads\/2023\/08\/Miejse-na-Ziemi-Unknown.webp","datePublished":"2023-08-22T18:13:54+00:00","dateModified":"2024-07-31T18:27:21+00:00","description":"Discover a rare vintage Polish poster for the film 'A Place on Earth,' featuring artwork by the acclaimed artist Barbara 'Basha' Baranowska.\" FREE shipping in the 48 US states.","breadcrumb":{"@id":"https:\/\/www.mrposter.com\/product\/vintage-polish-poster-a-place-on-earth-miejse-na-ziemi-basha-baranowska-film-poster\/#breadcrumb"},"inLanguage":"es","potentialAction":[{"@type":"ReadAction","target":["https:\/\/www.mrposter.com\/product\/vintage-polish-poster-a-place-on-earth-miejse-na-ziemi-basha-baranowska-film-poster\/"]}]},{"@type":"ImageObject","inLanguage":"es","@id":"https:\/\/www.mrposter.com\/product\/vintage-polish-poster-a-place-on-earth-miejse-na-ziemi-basha-baranowska-film-poster\/#primaryimage","url":"https:\/\/www.mrposter.com\/wp-content\/uploads\/2023\/08\/Miejse-na-Ziemi-Unknown.webp","contentUrl":"https:\/\/www.mrposter.com\/wp-content\/uploads\/2023\/08\/Miejse-na-Ziemi-Unknown.webp","width":2048,"height":1525},{"@type":"BreadcrumbList","@id":"https:\/\/www.mrposter.com\/product\/vintage-polish-poster-a-place-on-earth-miejse-na-ziemi-basha-baranowska-film-poster\/#breadcrumb","itemListElement":[{"@type":"ListItem","position":1,"name":"Home","item":"https:\/\/www.mrposter.com\/"},{"@type":"ListItem","position":2,"name":"Shop","item":"https:\/\/www.mrposter.com\/es\/shop\/"},{"@type":"ListItem","position":3,"name":"Vintage Polish Posters | A Place on Earth | Barbara &#8220;Basha&#8221; Baranowska"}]},{"@type":"WebSite","@id":"https:\/\/www.mrposter.com\/#website","url":"https:\/\/www.mrposter.com\/","name":"Mr Poster","description":"Vintage Posters - Polish and Others","publisher":{"@id":"https:\/\/www.mrposter.com\/#organization"},"alternateName":"Mr. Poster, mrposter.com,","potentialAction":[{"@type":"SearchAction","target":{"@type":"EntryPoint","urlTemplate":"https:\/\/www.mrposter.com\/?s={search_term_string}"},"query-input":{"@type":"PropertyValueSpecification","valueRequired":true,"valueName":"search_term_string"}}],"inLanguage":"es"},{"@type":"Organization","@id":"https:\/\/www.mrposter.com\/#organization","name":"Mr. Poster","url":"https:\/\/www.mrposter.com\/","logo":{"@type":"ImageObject","inLanguage":"es","@id":"https:\/\/www.mrposter.com\/#\/schema\/logo\/image\/","url":"https:\/\/www.mrposter.com\/wp-content\/uploads\/2018\/03\/mrposter2-Bold-Transparent-Mar-7-2018.png","contentUrl":"https:\/\/www.mrposter.com\/wp-content\/uploads\/2018\/03\/mrposter2-Bold-Transparent-Mar-7-2018.png","width":1500,"height":1500,"caption":"Mr. Poster"},"image":{"@id":"https:\/\/www.mrposter.com\/#\/schema\/logo\/image\/"},"sameAs":["https:\/\/www.facebook.com\/mrpostergallery\/","https:\/\/www.instagram.com\/mrpostergallery\/"]}]}},"_links":{"self":[{"href":"https:\/\/www.mrposter.com\/es\/wp-json\/wp\/v2\/product\/3949","targetHints":{"allow":["GET"]}}],"collection":[{"href":"https:\/\/www.mrposter.com\/es\/wp-json\/wp\/v2\/product"}],"about":[{"href":"https:\/\/www.mrposter.com\/es\/wp-json\/wp\/v2\/types\/product"}],"wp:featuredmedia":[{"embeddable":true,"href":"https:\/\/www.mrposter.com\/es\/wp-json\/wp\/v2\/media\/3950"}],"wp:attachment":[{"href":"https:\/\/www.mrposter.com\/es\/wp-json\/wp\/v2\/media?parent=3949"}],"wp:term":[{"taxonomy":"product_brand","embeddable":true,"href":"https:\/\/www.mrposter.com\/es\/wp-json\/wp\/v2\/product_brand?post=3949"},{"taxonomy":"product_cat","embeddable":true,"href":"https:\/\/www.mrposter.com\/es\/wp-json\/wp\/v2\/product_cat?post=3949"},{"taxonomy":"product_tag","embeddable":true,"href":"https:\/\/www.mrposter.com\/es\/wp-json\/wp\/v2\/product_tag?post=3949"}],"curies":[{"name":"wp","href":"https:\/\/api.w.org\/{rel}","templated":true}]}}