{"id":3944,"date":"2023-08-22T12:56:08","date_gmt":"2023-08-22T16:56:08","guid":{"rendered":"https:\/\/www.mrposter.com\/?post_type=product&#038;p=3944"},"modified":"2024-08-01T14:54:09","modified_gmt":"2024-08-01T18:54:09","slug":"miloscia-za-milosc-love-for-love-vintage-polish-posters-william-congreve-kaja","status":"publish","type":"product","link":"https:\/\/www.mrposter.com\/es\/producto\/miloscia-za-milosc-love-for-love-vintage-polish-posters-william-congreve-kaja\/","title":{"rendered":"Vintage Polish Posters | Love for Love | Zbigniew Kaja"},"content":{"rendered":"<p>Kaja, Zbigniew, Miloscia za Milosc, Love for Love, Poland, Polish Posters, England, William Congreve, 1695, 1977, Theater, Restoration Comedy, two red roses, green, Shakespearean, Play<\/p>","protected":false},"excerpt":{"rendered":"<p><b>Love for Love<\/b> is a Restoration comedy written by English playwright William Congreve. It premiered on 30 April 1695 at the Lincoln\u00b4s Inn Fields Theater.\u00a0 The play is a comical farce enlivened by its witty dialogue and its humorous characters, and perhaps more successful in its day than <em>The Way of the World<\/em><i><\/i>, now considered Congreve&#8217;s best.\u00a0The poster artist <strong>Zbigniew Kaja<\/strong>\u00a0 was born in 1924 in\u00a0Poznan, Poland. He was a graphic artist, set designer and one of the creators\u00a0of the famous Polish School of Posters. He studied at\u00a0the State Higher School of Fine Arts in Pozna\u0144, the Faculty of Painting and Graphics and at the Academy of Fine Arts in Warsaw where he obtained his diploma in 1976 from Stanis\u0142aw Mroszczak and Leszek Holdanowicz. He lectured at the State Higher School of Fine Arts in Pozna\u0144. Kaja was the artistic director of WAG and KAW in Pozna\u0144 until 1977. His works have been exhibited at many collective and individual exhibitions in Poland and abroad.<\/p>","protected":false},"featured_media":3945,"template":"","meta":[],"product_brand":[],"product_cat":[29,30,37],"product_tag":[5060,5041,5056,5064,5091,5075],"class_list":{"0":"post-3944","1":"product","2":"type-product","3":"status-publish","4":"has-post-thumbnail","6":"product_cat-cultural","7":"product_cat-event","8":"product_cat-theater","9":"product_tag-mrposter-com-vintageposters","10":"product_tag-polishposters","11":"product_tag-posterart","12":"product_tag-theaterposters","13":"product_tag-vintageartposters","14":"product_tag-wallart","15":"pa_artist-kaja-zbigniew-1924-1983","16":"pa_director-author-william-congreve","17":"pa_genre-theater","18":"pa_grading-mint","19":"pa_poster-country-of-origin-poland","20":"pa_poster-year-620","21":"pa_work-country-of-origin-england","23":"first","24":"instock","25":"shipping-taxable","26":"purchasable","27":"product-type-simple","28":"czr-hentry"},"yoast_head":"<!-- This site is optimized with the Yoast SEO plugin v27.2 - https:\/\/yoast.com\/product\/yoast-seo-wordpress\/ -->\n<title>Vintage Polish Posters | Love for Love | Kaja<\/title>\n<meta name=\"description\" content=\"Own this unique Vintage Polish Poster by artist Zbigniew Kaja for the play &quot;Love for Love&quot; by William Congreve. FREE shipping in the 48 US states!\" \/>\n<meta name=\"robots\" content=\"index, follow, max-snippet:-1, max-image-preview:large, max-video-preview:-1\" \/>\n<link rel=\"canonical\" href=\"https:\/\/www.mrposter.com\/es\/producto\/miloscia-za-milosc-love-for-love-vintage-polish-posters-william-congreve-kaja\/\" \/>\n<meta property=\"og:locale\" content=\"es_MX\" \/>\n<meta property=\"og:type\" content=\"article\" \/>\n<meta property=\"og:title\" content=\"Vintage Polish Posters | Love for Love | Kaja\" \/>\n<meta property=\"og:description\" content=\"Own this unique Vintage Polish Poster by artist Zbigniew Kaja for the play &quot;Love for Love&quot; by William Congreve. FREE shipping in the 48 US states!\" \/>\n<meta property=\"og:url\" content=\"https:\/\/www.mrposter.com\/es\/producto\/miloscia-za-milosc-love-for-love-vintage-polish-posters-william-congreve-kaja\/\" \/>\n<meta property=\"og:site_name\" content=\"Mr Poster\" \/>\n<meta property=\"article:publisher\" content=\"https:\/\/www.facebook.com\/mrpostergallery\/\" \/>\n<meta property=\"article:modified_time\" content=\"2024-08-01T18:54:09+00:00\" \/>\n<meta property=\"og:image\" content=\"https:\/\/www.mrposter.com\/wp-content\/uploads\/2023\/08\/Miloscia-za-Milosc-Kaja.gif\" \/>\n\t<meta property=\"og:image:width\" content=\"315\" \/>\n\t<meta property=\"og:image:height\" content=\"455\" \/>\n\t<meta property=\"og:image:type\" content=\"image\/gif\" \/>\n<meta name=\"twitter:card\" content=\"summary_large_image\" \/>\n<script type=\"application\/ld+json\" class=\"yoast-schema-graph\">{\"@context\":\"https:\/\/schema.org\",\"@graph\":[{\"@type\":\"WebPage\",\"@id\":\"https:\/\/www.mrposter.com\/product\/miloscia-za-milosc-love-for-love-vintage-polish-posters-william-congreve-kaja\/\",\"url\":\"https:\/\/www.mrposter.com\/product\/miloscia-za-milosc-love-for-love-vintage-polish-posters-william-congreve-kaja\/\",\"name\":\"Vintage Polish Posters | Love for Love | Kaja\",\"isPartOf\":{\"@id\":\"https:\/\/www.mrposter.com\/#website\"},\"primaryImageOfPage\":{\"@id\":\"https:\/\/www.mrposter.com\/product\/miloscia-za-milosc-love-for-love-vintage-polish-posters-william-congreve-kaja\/#primaryimage\"},\"image\":{\"@id\":\"https:\/\/www.mrposter.com\/product\/miloscia-za-milosc-love-for-love-vintage-polish-posters-william-congreve-kaja\/#primaryimage\"},\"thumbnailUrl\":\"https:\/\/www.mrposter.com\/wp-content\/uploads\/2023\/08\/Miloscia-za-Milosc-Kaja.gif\",\"datePublished\":\"2023-08-22T16:56:08+00:00\",\"dateModified\":\"2024-08-01T18:54:09+00:00\",\"description\":\"Own this unique Vintage Polish Poster by artist Zbigniew Kaja for the play \\\"Love for Love\\\" by William Congreve. FREE shipping in the 48 US states!\",\"breadcrumb\":{\"@id\":\"https:\/\/www.mrposter.com\/product\/miloscia-za-milosc-love-for-love-vintage-polish-posters-william-congreve-kaja\/#breadcrumb\"},\"inLanguage\":\"es\",\"potentialAction\":[{\"@type\":\"ReadAction\",\"target\":[\"https:\/\/www.mrposter.com\/product\/miloscia-za-milosc-love-for-love-vintage-polish-posters-william-congreve-kaja\/\"]}]},{\"@type\":\"ImageObject\",\"inLanguage\":\"es\",\"@id\":\"https:\/\/www.mrposter.com\/product\/miloscia-za-milosc-love-for-love-vintage-polish-posters-william-congreve-kaja\/#primaryimage\",\"url\":\"https:\/\/www.mrposter.com\/wp-content\/uploads\/2023\/08\/Miloscia-za-Milosc-Kaja.gif\",\"contentUrl\":\"https:\/\/www.mrposter.com\/wp-content\/uploads\/2023\/08\/Miloscia-za-Milosc-Kaja.gif\",\"width\":315,\"height\":455},{\"@type\":\"BreadcrumbList\",\"@id\":\"https:\/\/www.mrposter.com\/product\/miloscia-za-milosc-love-for-love-vintage-polish-posters-william-congreve-kaja\/#breadcrumb\",\"itemListElement\":[{\"@type\":\"ListItem\",\"position\":1,\"name\":\"Home\",\"item\":\"https:\/\/www.mrposter.com\/\"},{\"@type\":\"ListItem\",\"position\":2,\"name\":\"Shop\",\"item\":\"https:\/\/www.mrposter.com\/es\/shop\/\"},{\"@type\":\"ListItem\",\"position\":3,\"name\":\"Vintage Polish Posters | Love for Love | Zbigniew Kaja\"}]},{\"@type\":\"WebSite\",\"@id\":\"https:\/\/www.mrposter.com\/#website\",\"url\":\"https:\/\/www.mrposter.com\/\",\"name\":\"Mr Poster\",\"description\":\"Vintage Posters - Polish and Others\",\"publisher\":{\"@id\":\"https:\/\/www.mrposter.com\/#organization\"},\"alternateName\":\"Mr. Poster, mrposter.com,\",\"potentialAction\":[{\"@type\":\"SearchAction\",\"target\":{\"@type\":\"EntryPoint\",\"urlTemplate\":\"https:\/\/www.mrposter.com\/?s={search_term_string}\"},\"query-input\":{\"@type\":\"PropertyValueSpecification\",\"valueRequired\":true,\"valueName\":\"search_term_string\"}}],\"inLanguage\":\"es\"},{\"@type\":\"Organization\",\"@id\":\"https:\/\/www.mrposter.com\/#organization\",\"name\":\"Mr. Poster\",\"url\":\"https:\/\/www.mrposter.com\/\",\"logo\":{\"@type\":\"ImageObject\",\"inLanguage\":\"es\",\"@id\":\"https:\/\/www.mrposter.com\/#\/schema\/logo\/image\/\",\"url\":\"https:\/\/www.mrposter.com\/wp-content\/uploads\/2018\/03\/mrposter2-Bold-Transparent-Mar-7-2018.png\",\"contentUrl\":\"https:\/\/www.mrposter.com\/wp-content\/uploads\/2018\/03\/mrposter2-Bold-Transparent-Mar-7-2018.png\",\"width\":1500,\"height\":1500,\"caption\":\"Mr. Poster\"},\"image\":{\"@id\":\"https:\/\/www.mrposter.com\/#\/schema\/logo\/image\/\"},\"sameAs\":[\"https:\/\/www.facebook.com\/mrpostergallery\/\",\"https:\/\/www.instagram.com\/mrpostergallery\/\"]}]}<\/script>\n<!-- \/ Yoast SEO plugin. -->","yoast_head_json":{"title":"Vintage Polish Posters | Love for Love | Kaja","description":"Own this unique Vintage Polish Poster by artist Zbigniew Kaja for the play \"Love for Love\" by William Congreve. FREE shipping in the 48 US states!","robots":{"index":"index","follow":"follow","max-snippet":"max-snippet:-1","max-image-preview":"max-image-preview:large","max-video-preview":"max-video-preview:-1"},"canonical":"https:\/\/www.mrposter.com\/es\/producto\/miloscia-za-milosc-love-for-love-vintage-polish-posters-william-congreve-kaja\/","og_locale":"es_MX","og_type":"article","og_title":"Vintage Polish Posters | Love for Love | Kaja","og_description":"Own this unique Vintage Polish Poster by artist Zbigniew Kaja for the play \"Love for Love\" by William Congreve. FREE shipping in the 48 US states!","og_url":"https:\/\/www.mrposter.com\/es\/producto\/miloscia-za-milosc-love-for-love-vintage-polish-posters-william-congreve-kaja\/","og_site_name":"Mr Poster","article_publisher":"https:\/\/www.facebook.com\/mrpostergallery\/","article_modified_time":"2024-08-01T18:54:09+00:00","og_image":[{"width":315,"height":455,"url":"https:\/\/www.mrposter.com\/wp-content\/uploads\/2023\/08\/Miloscia-za-Milosc-Kaja.gif","type":"image\/gif"}],"twitter_card":"summary_large_image","schema":{"@context":"https:\/\/schema.org","@graph":[{"@type":"WebPage","@id":"https:\/\/www.mrposter.com\/product\/miloscia-za-milosc-love-for-love-vintage-polish-posters-william-congreve-kaja\/","url":"https:\/\/www.mrposter.com\/product\/miloscia-za-milosc-love-for-love-vintage-polish-posters-william-congreve-kaja\/","name":"Vintage Polish Posters | Love for Love | Kaja","isPartOf":{"@id":"https:\/\/www.mrposter.com\/#website"},"primaryImageOfPage":{"@id":"https:\/\/www.mrposter.com\/product\/miloscia-za-milosc-love-for-love-vintage-polish-posters-william-congreve-kaja\/#primaryimage"},"image":{"@id":"https:\/\/www.mrposter.com\/product\/miloscia-za-milosc-love-for-love-vintage-polish-posters-william-congreve-kaja\/#primaryimage"},"thumbnailUrl":"https:\/\/www.mrposter.com\/wp-content\/uploads\/2023\/08\/Miloscia-za-Milosc-Kaja.gif","datePublished":"2023-08-22T16:56:08+00:00","dateModified":"2024-08-01T18:54:09+00:00","description":"Own this unique Vintage Polish Poster by artist Zbigniew Kaja for the play \"Love for Love\" by William Congreve. FREE shipping in the 48 US states!","breadcrumb":{"@id":"https:\/\/www.mrposter.com\/product\/miloscia-za-milosc-love-for-love-vintage-polish-posters-william-congreve-kaja\/#breadcrumb"},"inLanguage":"es","potentialAction":[{"@type":"ReadAction","target":["https:\/\/www.mrposter.com\/product\/miloscia-za-milosc-love-for-love-vintage-polish-posters-william-congreve-kaja\/"]}]},{"@type":"ImageObject","inLanguage":"es","@id":"https:\/\/www.mrposter.com\/product\/miloscia-za-milosc-love-for-love-vintage-polish-posters-william-congreve-kaja\/#primaryimage","url":"https:\/\/www.mrposter.com\/wp-content\/uploads\/2023\/08\/Miloscia-za-Milosc-Kaja.gif","contentUrl":"https:\/\/www.mrposter.com\/wp-content\/uploads\/2023\/08\/Miloscia-za-Milosc-Kaja.gif","width":315,"height":455},{"@type":"BreadcrumbList","@id":"https:\/\/www.mrposter.com\/product\/miloscia-za-milosc-love-for-love-vintage-polish-posters-william-congreve-kaja\/#breadcrumb","itemListElement":[{"@type":"ListItem","position":1,"name":"Home","item":"https:\/\/www.mrposter.com\/"},{"@type":"ListItem","position":2,"name":"Shop","item":"https:\/\/www.mrposter.com\/es\/shop\/"},{"@type":"ListItem","position":3,"name":"Vintage Polish Posters | Love for Love | Zbigniew Kaja"}]},{"@type":"WebSite","@id":"https:\/\/www.mrposter.com\/#website","url":"https:\/\/www.mrposter.com\/","name":"Mr Poster","description":"Vintage Posters - Polish and Others","publisher":{"@id":"https:\/\/www.mrposter.com\/#organization"},"alternateName":"Mr. Poster, mrposter.com,","potentialAction":[{"@type":"SearchAction","target":{"@type":"EntryPoint","urlTemplate":"https:\/\/www.mrposter.com\/?s={search_term_string}"},"query-input":{"@type":"PropertyValueSpecification","valueRequired":true,"valueName":"search_term_string"}}],"inLanguage":"es"},{"@type":"Organization","@id":"https:\/\/www.mrposter.com\/#organization","name":"Mr. Poster","url":"https:\/\/www.mrposter.com\/","logo":{"@type":"ImageObject","inLanguage":"es","@id":"https:\/\/www.mrposter.com\/#\/schema\/logo\/image\/","url":"https:\/\/www.mrposter.com\/wp-content\/uploads\/2018\/03\/mrposter2-Bold-Transparent-Mar-7-2018.png","contentUrl":"https:\/\/www.mrposter.com\/wp-content\/uploads\/2018\/03\/mrposter2-Bold-Transparent-Mar-7-2018.png","width":1500,"height":1500,"caption":"Mr. Poster"},"image":{"@id":"https:\/\/www.mrposter.com\/#\/schema\/logo\/image\/"},"sameAs":["https:\/\/www.facebook.com\/mrpostergallery\/","https:\/\/www.instagram.com\/mrpostergallery\/"]}]}},"_links":{"self":[{"href":"https:\/\/www.mrposter.com\/es\/wp-json\/wp\/v2\/product\/3944","targetHints":{"allow":["GET"]}}],"collection":[{"href":"https:\/\/www.mrposter.com\/es\/wp-json\/wp\/v2\/product"}],"about":[{"href":"https:\/\/www.mrposter.com\/es\/wp-json\/wp\/v2\/types\/product"}],"wp:featuredmedia":[{"embeddable":true,"href":"https:\/\/www.mrposter.com\/es\/wp-json\/wp\/v2\/media\/3945"}],"wp:attachment":[{"href":"https:\/\/www.mrposter.com\/es\/wp-json\/wp\/v2\/media?parent=3944"}],"wp:term":[{"taxonomy":"product_brand","embeddable":true,"href":"https:\/\/www.mrposter.com\/es\/wp-json\/wp\/v2\/product_brand?post=3944"},{"taxonomy":"product_cat","embeddable":true,"href":"https:\/\/www.mrposter.com\/es\/wp-json\/wp\/v2\/product_cat?post=3944"},{"taxonomy":"product_tag","embeddable":true,"href":"https:\/\/www.mrposter.com\/es\/wp-json\/wp\/v2\/product_tag?post=3944"}],"curies":[{"name":"wp","href":"https:\/\/api.w.org\/{rel}","templated":true}]}}