{"id":3861,"date":"2023-08-09T10:43:08","date_gmt":"2023-08-09T14:43:08","guid":{"rendered":"https:\/\/www.mrposter.com\/?post_type=product&#038;p=3861"},"modified":"2024-08-07T12:07:59","modified_gmt":"2024-08-07T16:07:59","slug":"vintage-polish-posters-new-jazz-band-competition-music-jazz-juniors-posters","status":"publish","type":"product","link":"https:\/\/www.mrposter.com\/es\/producto\/vintage-polish-posters-new-jazz-band-competition-music-jazz-juniors-posters\/","title":{"rendered":"Vintage Polish Posters | Jazz Juniors | Piotr Kunce"},"content":{"rendered":"<p>Kunce, Piotr, Konkurs Mlodych i Debiutujacych Zespolow Jazzowych, Young, Jazz Juniors, New Jazz Band Competition, Music, Jazz, Near Mint Condition, 1988, Poland, Polish Posters, broken beer bottle, Juniors, Festival, 13th, 13,<\/p>","protected":false},"excerpt":{"rendered":"<p>The International Competition for Young Jazz Bands, <strong>Jazz Juniors<\/strong>, which has existed since 1976, has been deeply embedded in the history of Polish jazz from the very beginning, because it was on the Jazz Juniors stage that famous artists such as Leszek Mo\u017cd\u017cer, Krzysztof \u015abiera\u0144ski, Zbigniew Wegehaupt, took their first steps.\u00a0The poster artist <strong>Piotr Kunce <\/strong>was born in 1947 in Krakow in a family with artistic traditions. Piotr graduated from the Academy of Fine Arts in Krakow mastering in poster design and lithography. From 1981 he was the head of Poster Studio at the Academy of Fine Arts in Krak\u00f3w where he worked as a full professor. From 2005 until 2017 he was also a professor at Matej Bela University in Slovakia. From 1990 \u2013 1991 he worked at the School of Fine Arts, University of Connecticut, USA as a visiting professor.<\/p>","protected":false},"featured_media":3862,"template":"","meta":[],"product_brand":[],"product_cat":[29,30,11],"product_tag":[5074,5061,5098,5060,5164,5040,5075,39],"class_list":{"0":"post-3861","1":"product","2":"type-product","3":"status-publish","4":"has-post-thumbnail","6":"product_cat-cultural","7":"product_cat-event","8":"product_cat-music","9":"product_tag-artposters","10":"product_tag-graphicart","11":"product_tag-jazzposters","12":"product_tag-mrposter-com-vintageposters","13":"product_tag-piotrkunce","14":"product_tag-vintagepolishposters","15":"product_tag-wallart","16":"product_tag-music","17":"pa_artist-kunce-piotr-b-1947","18":"pa_genre-festival","19":"pa_genre-music","20":"pa_grading-near-mint","21":"pa_poster-country-of-origin-poland","22":"pa_poster-year-795","24":"first","25":"instock","26":"shipping-taxable","27":"purchasable","28":"product-type-simple","29":"czr-hentry"},"yoast_head":"<!-- This site is optimized with the Yoast SEO plugin v27.2 - https:\/\/yoast.com\/product\/yoast-seo-wordpress\/ -->\n<title>Vintage Polish Posters | Jazz Juniors | Piotr Kunce<\/title>\n<meta name=\"description\" content=\"Hang this very cool original vintage Polish poster by Piotr Kunce for the 13th annual Jazz Juniors Festival in 1988. Free shipping in the US 48 states.\" \/>\n<meta name=\"robots\" content=\"index, follow, max-snippet:-1, max-image-preview:large, max-video-preview:-1\" \/>\n<link rel=\"canonical\" href=\"https:\/\/www.mrposter.com\/es\/producto\/vintage-polish-posters-new-jazz-band-competition-music-jazz-juniors-posters\/\" \/>\n<meta property=\"og:locale\" content=\"es_MX\" \/>\n<meta property=\"og:type\" content=\"article\" \/>\n<meta property=\"og:title\" content=\"Vintage Polish Posters | Jazz Juniors | Piotr Kunce\" \/>\n<meta property=\"og:description\" content=\"Hang this very cool original vintage Polish poster by Piotr Kunce for the 13th annual Jazz Juniors Festival in 1988. Free shipping in the US 48 states.\" \/>\n<meta property=\"og:url\" content=\"https:\/\/www.mrposter.com\/es\/producto\/vintage-polish-posters-new-jazz-band-competition-music-jazz-juniors-posters\/\" \/>\n<meta property=\"og:site_name\" content=\"Mr Poster\" \/>\n<meta property=\"article:publisher\" content=\"https:\/\/www.facebook.com\/mrpostergallery\/\" \/>\n<meta property=\"article:modified_time\" content=\"2024-08-07T16:07:59+00:00\" \/>\n<meta property=\"og:image\" content=\"https:\/\/www.mrposter.com\/wp-content\/uploads\/2023\/08\/Konkurs-Mlodych-Kunce.jpg\" \/>\n\t<meta property=\"og:image:width\" content=\"498\" \/>\n\t<meta property=\"og:image:height\" content=\"720\" \/>\n\t<meta property=\"og:image:type\" content=\"image\/jpeg\" \/>\n<meta name=\"twitter:card\" content=\"summary_large_image\" \/>\n<script type=\"application\/ld+json\" class=\"yoast-schema-graph\">{\"@context\":\"https:\/\/schema.org\",\"@graph\":[{\"@type\":\"WebPage\",\"@id\":\"https:\/\/www.mrposter.com\/product\/vintage-polish-posters-new-jazz-band-competition-music-jazz-juniors-posters\/\",\"url\":\"https:\/\/www.mrposter.com\/product\/vintage-polish-posters-new-jazz-band-competition-music-jazz-juniors-posters\/\",\"name\":\"Vintage Polish Posters | Jazz Juniors | Piotr Kunce\",\"isPartOf\":{\"@id\":\"https:\/\/www.mrposter.com\/#website\"},\"primaryImageOfPage\":{\"@id\":\"https:\/\/www.mrposter.com\/product\/vintage-polish-posters-new-jazz-band-competition-music-jazz-juniors-posters\/#primaryimage\"},\"image\":{\"@id\":\"https:\/\/www.mrposter.com\/product\/vintage-polish-posters-new-jazz-band-competition-music-jazz-juniors-posters\/#primaryimage\"},\"thumbnailUrl\":\"https:\/\/www.mrposter.com\/wp-content\/uploads\/2023\/08\/Konkurs-Mlodych-Kunce.jpg\",\"datePublished\":\"2023-08-09T14:43:08+00:00\",\"dateModified\":\"2024-08-07T16:07:59+00:00\",\"description\":\"Hang this very cool original vintage Polish poster by Piotr Kunce for the 13th annual Jazz Juniors Festival in 1988. Free shipping in the US 48 states.\",\"breadcrumb\":{\"@id\":\"https:\/\/www.mrposter.com\/product\/vintage-polish-posters-new-jazz-band-competition-music-jazz-juniors-posters\/#breadcrumb\"},\"inLanguage\":\"es\",\"potentialAction\":[{\"@type\":\"ReadAction\",\"target\":[\"https:\/\/www.mrposter.com\/product\/vintage-polish-posters-new-jazz-band-competition-music-jazz-juniors-posters\/\"]}]},{\"@type\":\"ImageObject\",\"inLanguage\":\"es\",\"@id\":\"https:\/\/www.mrposter.com\/product\/vintage-polish-posters-new-jazz-band-competition-music-jazz-juniors-posters\/#primaryimage\",\"url\":\"https:\/\/www.mrposter.com\/wp-content\/uploads\/2023\/08\/Konkurs-Mlodych-Kunce.jpg\",\"contentUrl\":\"https:\/\/www.mrposter.com\/wp-content\/uploads\/2023\/08\/Konkurs-Mlodych-Kunce.jpg\",\"width\":498,\"height\":720,\"caption\":\"pl-5\"},{\"@type\":\"BreadcrumbList\",\"@id\":\"https:\/\/www.mrposter.com\/product\/vintage-polish-posters-new-jazz-band-competition-music-jazz-juniors-posters\/#breadcrumb\",\"itemListElement\":[{\"@type\":\"ListItem\",\"position\":1,\"name\":\"Home\",\"item\":\"https:\/\/www.mrposter.com\/\"},{\"@type\":\"ListItem\",\"position\":2,\"name\":\"Shop\",\"item\":\"https:\/\/www.mrposter.com\/es\/shop\/\"},{\"@type\":\"ListItem\",\"position\":3,\"name\":\"Vintage Polish Posters | Jazz Juniors | Piotr Kunce\"}]},{\"@type\":\"WebSite\",\"@id\":\"https:\/\/www.mrposter.com\/#website\",\"url\":\"https:\/\/www.mrposter.com\/\",\"name\":\"Mr Poster\",\"description\":\"Vintage Posters - Polish and Others\",\"publisher\":{\"@id\":\"https:\/\/www.mrposter.com\/#organization\"},\"alternateName\":\"Mr. Poster, mrposter.com,\",\"potentialAction\":[{\"@type\":\"SearchAction\",\"target\":{\"@type\":\"EntryPoint\",\"urlTemplate\":\"https:\/\/www.mrposter.com\/?s={search_term_string}\"},\"query-input\":{\"@type\":\"PropertyValueSpecification\",\"valueRequired\":true,\"valueName\":\"search_term_string\"}}],\"inLanguage\":\"es\"},{\"@type\":\"Organization\",\"@id\":\"https:\/\/www.mrposter.com\/#organization\",\"name\":\"Mr. Poster\",\"url\":\"https:\/\/www.mrposter.com\/\",\"logo\":{\"@type\":\"ImageObject\",\"inLanguage\":\"es\",\"@id\":\"https:\/\/www.mrposter.com\/#\/schema\/logo\/image\/\",\"url\":\"https:\/\/www.mrposter.com\/wp-content\/uploads\/2018\/03\/mrposter2-Bold-Transparent-Mar-7-2018.png\",\"contentUrl\":\"https:\/\/www.mrposter.com\/wp-content\/uploads\/2018\/03\/mrposter2-Bold-Transparent-Mar-7-2018.png\",\"width\":1500,\"height\":1500,\"caption\":\"Mr. Poster\"},\"image\":{\"@id\":\"https:\/\/www.mrposter.com\/#\/schema\/logo\/image\/\"},\"sameAs\":[\"https:\/\/www.facebook.com\/mrpostergallery\/\",\"https:\/\/www.instagram.com\/mrpostergallery\/\"]}]}<\/script>\n<!-- \/ Yoast SEO plugin. -->","yoast_head_json":{"title":"Vintage Polish Posters | Jazz Juniors | Piotr Kunce","description":"Hang this very cool original vintage Polish poster by Piotr Kunce for the 13th annual Jazz Juniors Festival in 1988. Free shipping in the US 48 states.","robots":{"index":"index","follow":"follow","max-snippet":"max-snippet:-1","max-image-preview":"max-image-preview:large","max-video-preview":"max-video-preview:-1"},"canonical":"https:\/\/www.mrposter.com\/es\/producto\/vintage-polish-posters-new-jazz-band-competition-music-jazz-juniors-posters\/","og_locale":"es_MX","og_type":"article","og_title":"Vintage Polish Posters | Jazz Juniors | Piotr Kunce","og_description":"Hang this very cool original vintage Polish poster by Piotr Kunce for the 13th annual Jazz Juniors Festival in 1988. Free shipping in the US 48 states.","og_url":"https:\/\/www.mrposter.com\/es\/producto\/vintage-polish-posters-new-jazz-band-competition-music-jazz-juniors-posters\/","og_site_name":"Mr Poster","article_publisher":"https:\/\/www.facebook.com\/mrpostergallery\/","article_modified_time":"2024-08-07T16:07:59+00:00","og_image":[{"width":498,"height":720,"url":"https:\/\/www.mrposter.com\/wp-content\/uploads\/2023\/08\/Konkurs-Mlodych-Kunce.jpg","type":"image\/jpeg"}],"twitter_card":"summary_large_image","schema":{"@context":"https:\/\/schema.org","@graph":[{"@type":"WebPage","@id":"https:\/\/www.mrposter.com\/product\/vintage-polish-posters-new-jazz-band-competition-music-jazz-juniors-posters\/","url":"https:\/\/www.mrposter.com\/product\/vintage-polish-posters-new-jazz-band-competition-music-jazz-juniors-posters\/","name":"Vintage Polish Posters | Jazz Juniors | Piotr Kunce","isPartOf":{"@id":"https:\/\/www.mrposter.com\/#website"},"primaryImageOfPage":{"@id":"https:\/\/www.mrposter.com\/product\/vintage-polish-posters-new-jazz-band-competition-music-jazz-juniors-posters\/#primaryimage"},"image":{"@id":"https:\/\/www.mrposter.com\/product\/vintage-polish-posters-new-jazz-band-competition-music-jazz-juniors-posters\/#primaryimage"},"thumbnailUrl":"https:\/\/www.mrposter.com\/wp-content\/uploads\/2023\/08\/Konkurs-Mlodych-Kunce.jpg","datePublished":"2023-08-09T14:43:08+00:00","dateModified":"2024-08-07T16:07:59+00:00","description":"Hang this very cool original vintage Polish poster by Piotr Kunce for the 13th annual Jazz Juniors Festival in 1988. Free shipping in the US 48 states.","breadcrumb":{"@id":"https:\/\/www.mrposter.com\/product\/vintage-polish-posters-new-jazz-band-competition-music-jazz-juniors-posters\/#breadcrumb"},"inLanguage":"es","potentialAction":[{"@type":"ReadAction","target":["https:\/\/www.mrposter.com\/product\/vintage-polish-posters-new-jazz-band-competition-music-jazz-juniors-posters\/"]}]},{"@type":"ImageObject","inLanguage":"es","@id":"https:\/\/www.mrposter.com\/product\/vintage-polish-posters-new-jazz-band-competition-music-jazz-juniors-posters\/#primaryimage","url":"https:\/\/www.mrposter.com\/wp-content\/uploads\/2023\/08\/Konkurs-Mlodych-Kunce.jpg","contentUrl":"https:\/\/www.mrposter.com\/wp-content\/uploads\/2023\/08\/Konkurs-Mlodych-Kunce.jpg","width":498,"height":720,"caption":"pl-5"},{"@type":"BreadcrumbList","@id":"https:\/\/www.mrposter.com\/product\/vintage-polish-posters-new-jazz-band-competition-music-jazz-juniors-posters\/#breadcrumb","itemListElement":[{"@type":"ListItem","position":1,"name":"Home","item":"https:\/\/www.mrposter.com\/"},{"@type":"ListItem","position":2,"name":"Shop","item":"https:\/\/www.mrposter.com\/es\/shop\/"},{"@type":"ListItem","position":3,"name":"Vintage Polish Posters | Jazz Juniors | Piotr Kunce"}]},{"@type":"WebSite","@id":"https:\/\/www.mrposter.com\/#website","url":"https:\/\/www.mrposter.com\/","name":"Mr Poster","description":"Vintage Posters - Polish and Others","publisher":{"@id":"https:\/\/www.mrposter.com\/#organization"},"alternateName":"Mr. Poster, mrposter.com,","potentialAction":[{"@type":"SearchAction","target":{"@type":"EntryPoint","urlTemplate":"https:\/\/www.mrposter.com\/?s={search_term_string}"},"query-input":{"@type":"PropertyValueSpecification","valueRequired":true,"valueName":"search_term_string"}}],"inLanguage":"es"},{"@type":"Organization","@id":"https:\/\/www.mrposter.com\/#organization","name":"Mr. Poster","url":"https:\/\/www.mrposter.com\/","logo":{"@type":"ImageObject","inLanguage":"es","@id":"https:\/\/www.mrposter.com\/#\/schema\/logo\/image\/","url":"https:\/\/www.mrposter.com\/wp-content\/uploads\/2018\/03\/mrposter2-Bold-Transparent-Mar-7-2018.png","contentUrl":"https:\/\/www.mrposter.com\/wp-content\/uploads\/2018\/03\/mrposter2-Bold-Transparent-Mar-7-2018.png","width":1500,"height":1500,"caption":"Mr. Poster"},"image":{"@id":"https:\/\/www.mrposter.com\/#\/schema\/logo\/image\/"},"sameAs":["https:\/\/www.facebook.com\/mrpostergallery\/","https:\/\/www.instagram.com\/mrpostergallery\/"]}]}},"_links":{"self":[{"href":"https:\/\/www.mrposter.com\/es\/wp-json\/wp\/v2\/product\/3861","targetHints":{"allow":["GET"]}}],"collection":[{"href":"https:\/\/www.mrposter.com\/es\/wp-json\/wp\/v2\/product"}],"about":[{"href":"https:\/\/www.mrposter.com\/es\/wp-json\/wp\/v2\/types\/product"}],"wp:featuredmedia":[{"embeddable":true,"href":"https:\/\/www.mrposter.com\/es\/wp-json\/wp\/v2\/media\/3862"}],"wp:attachment":[{"href":"https:\/\/www.mrposter.com\/es\/wp-json\/wp\/v2\/media?parent=3861"}],"wp:term":[{"taxonomy":"product_brand","embeddable":true,"href":"https:\/\/www.mrposter.com\/es\/wp-json\/wp\/v2\/product_brand?post=3861"},{"taxonomy":"product_cat","embeddable":true,"href":"https:\/\/www.mrposter.com\/es\/wp-json\/wp\/v2\/product_cat?post=3861"},{"taxonomy":"product_tag","embeddable":true,"href":"https:\/\/www.mrposter.com\/es\/wp-json\/wp\/v2\/product_tag?post=3861"}],"curies":[{"name":"wp","href":"https:\/\/api.w.org\/{rel}","templated":true}]}}