{"id":3857,"date":"2023-08-09T10:13:00","date_gmt":"2023-08-09T14:13:00","guid":{"rendered":"https:\/\/www.mrposter.com\/?post_type=product&#038;p=3857"},"modified":"2024-08-07T12:14:15","modified_gmt":"2024-08-07T16:14:15","slug":"galazka-rozmarynu-a-sprig-of-rosemary-andrzej-pagowski-vintage-polish-posters","status":"publish","type":"product","link":"https:\/\/www.mrposter.com\/es\/producto\/galazka-rozmarynu-a-sprig-of-rosemary-andrzej-pagowski-vintage-polish-posters\/","title":{"rendered":"Vintage Polish Posters | The Rosemary Twig | Andrzej Pagowski"},"content":{"rendered":"<p>Pagowski, Andrzej, Ga\u0142\u0105zka Rozmarynu, The Rosemary Twig, 1937, 1988, Poland, Polish Posters, Theater, Mint Condition, Composer, Opera, Music, black and white, soldier, sword, uniform, Zygmunt Nowakowski<\/p>","protected":false},"excerpt":{"rendered":"<p><strong>The Rosemary Twig<\/strong> by <strong>Zygmunt Nowakowski<\/strong> premiered in 1937 when it was performed for the first time in the Polski Theatre in Warsaw. Those \u2018five scenes from the life of a platoon\u2019 was based on the history of the Polish Legions created and commanded during the Great War by J\u00f3zef Pi\u0142sudski. The play was performed as many as 157 times during two seasons. The Rosemary Twig was soon staged in Krak\u00f3w, directed by its author. In 1938, it was also shown in Lviv, \u0141\u00f3d\u017a, Toru\u0144, Katowice and Vilnius. The play turned out to be perfectly suited to the expectations of Polish audiences as it reflected their specific experiences during the Great War as well as the road to independence of Pi\u0142sudski\u2019s supporters who were in power starting from 1926, following the May coup d&#8217;\u00e9tat. In communist Poland, however, the play was banned until 1982.\u00a0The poster artist<strong> Andrzej Pagowski<\/strong> was born in Warsaw, Poland, in 1953 and is an artist specializing in graphic design and poster art. P\u0105gowski graduated from The State University of Fine Arts in Poznan in 1978 and began to design posters, which has since become his main interest. In addition to posters, he designs theatrical settings, prints and catalogs. One of the younger artists of Polish School of Posters, in 1990 he created his own graphic studio, STUDIO P, which developed into an advertising agency in 1993 and continues in operation today. In 1992, he became art director of the Polish edition of <em>Playboy<\/em> magazine.<sup>.<\/sup> His work is characterized by a \u201cflick of the wrist\u201d style, including spontaneous, handwritten details and typography. His art can be found in many European museums as well as the <em>Museum of Modern Art (MoMA)<\/em> in New York. He also has had one-man shows in Stockholm, Paris, London and Warsaw.<\/p>\n<p>&nbsp;<\/p>","protected":false},"featured_media":3858,"template":"","meta":[],"product_brand":[],"product_cat":[29,30,37],"product_tag":[5076,5074,5061,5060,5041,5063,5040],"class_list":{"0":"post-3857","1":"product","2":"type-product","3":"status-publish","4":"has-post-thumbnail","6":"product_cat-cultural","7":"product_cat-event","8":"product_cat-theater","9":"product_tag-andrzejpagowski","10":"product_tag-artposters","11":"product_tag-graphicart","12":"product_tag-mrposter-com-vintageposters","13":"product_tag-polishposters","14":"product_tag-posterdesign","15":"product_tag-vintagepolishposters","16":"pa_artist-pagowski-andrzej-b-1953","17":"pa_director-author-zygmunt-nowakowski","18":"pa_genre-theater","19":"pa_grading-mint","20":"pa_poster-country-of-origin-poland","21":"pa_poster-year-795","23":"first","24":"instock","25":"shipping-taxable","26":"purchasable","27":"product-type-simple","28":"czr-hentry"},"yoast_head":"<!-- This site is optimized with the Yoast SEO plugin v27.2 - https:\/\/yoast.com\/product\/yoast-seo-wordpress\/ -->\n<title>Vintage Polish Posters | The Rosemary Twig | Andrzej Pagowski<\/title>\n<meta name=\"description\" content=\"Own this stunning Polish poster by Andrzej Pagowski that reflects the tragedies suffered by the Poles in the Great War and its aftermath. Free delivery in the US 48 states.\" \/>\n<meta name=\"robots\" content=\"index, follow, max-snippet:-1, max-image-preview:large, max-video-preview:-1\" \/>\n<link rel=\"canonical\" href=\"https:\/\/www.mrposter.com\/es\/producto\/galazka-rozmarynu-a-sprig-of-rosemary-andrzej-pagowski-vintage-polish-posters\/\" \/>\n<meta property=\"og:locale\" content=\"es_MX\" \/>\n<meta property=\"og:type\" content=\"article\" \/>\n<meta property=\"og:title\" content=\"Vintage Polish Posters | The Rosemary Twig | Andrzej Pagowski\" \/>\n<meta property=\"og:description\" content=\"Own this stunning Polish poster by Andrzej Pagowski that reflects the tragedies suffered by the Poles in the Great War and its aftermath. Free delivery in the US 48 states.\" \/>\n<meta property=\"og:url\" content=\"https:\/\/www.mrposter.com\/es\/producto\/galazka-rozmarynu-a-sprig-of-rosemary-andrzej-pagowski-vintage-polish-posters\/\" \/>\n<meta property=\"og:site_name\" content=\"Mr Poster\" \/>\n<meta property=\"article:publisher\" content=\"https:\/\/www.facebook.com\/mrpostergallery\/\" \/>\n<meta property=\"article:modified_time\" content=\"2024-08-07T16:14:15+00:00\" \/>\n<meta property=\"og:image\" content=\"https:\/\/www.mrposter.com\/wp-content\/uploads\/2023\/08\/Galazka-Rozmarynu-Pagowski-2.jpg\" \/>\n\t<meta property=\"og:image:width\" content=\"322\" \/>\n\t<meta property=\"og:image:height\" content=\"455\" \/>\n\t<meta property=\"og:image:type\" content=\"image\/jpeg\" \/>\n<meta name=\"twitter:card\" content=\"summary_large_image\" \/>\n<script type=\"application\/ld+json\" class=\"yoast-schema-graph\">{\"@context\":\"https:\/\/schema.org\",\"@graph\":[{\"@type\":\"WebPage\",\"@id\":\"https:\/\/www.mrposter.com\/product\/galazka-rozmarynu-a-sprig-of-rosemary-andrzej-pagowski-vintage-polish-posters\/\",\"url\":\"https:\/\/www.mrposter.com\/product\/galazka-rozmarynu-a-sprig-of-rosemary-andrzej-pagowski-vintage-polish-posters\/\",\"name\":\"Vintage Polish Posters | The Rosemary Twig | Andrzej Pagowski\",\"isPartOf\":{\"@id\":\"https:\/\/www.mrposter.com\/#website\"},\"primaryImageOfPage\":{\"@id\":\"https:\/\/www.mrposter.com\/product\/galazka-rozmarynu-a-sprig-of-rosemary-andrzej-pagowski-vintage-polish-posters\/#primaryimage\"},\"image\":{\"@id\":\"https:\/\/www.mrposter.com\/product\/galazka-rozmarynu-a-sprig-of-rosemary-andrzej-pagowski-vintage-polish-posters\/#primaryimage\"},\"thumbnailUrl\":\"https:\/\/www.mrposter.com\/wp-content\/uploads\/2023\/08\/Galazka-Rozmarynu-Pagowski-2.jpg\",\"datePublished\":\"2023-08-09T14:13:00+00:00\",\"dateModified\":\"2024-08-07T16:14:15+00:00\",\"description\":\"Own this stunning Polish poster by Andrzej Pagowski that reflects the tragedies suffered by the Poles in the Great War and its aftermath. Free delivery in the US 48 states.\",\"breadcrumb\":{\"@id\":\"https:\/\/www.mrposter.com\/product\/galazka-rozmarynu-a-sprig-of-rosemary-andrzej-pagowski-vintage-polish-posters\/#breadcrumb\"},\"inLanguage\":\"es\",\"potentialAction\":[{\"@type\":\"ReadAction\",\"target\":[\"https:\/\/www.mrposter.com\/product\/galazka-rozmarynu-a-sprig-of-rosemary-andrzej-pagowski-vintage-polish-posters\/\"]}]},{\"@type\":\"ImageObject\",\"inLanguage\":\"es\",\"@id\":\"https:\/\/www.mrposter.com\/product\/galazka-rozmarynu-a-sprig-of-rosemary-andrzej-pagowski-vintage-polish-posters\/#primaryimage\",\"url\":\"https:\/\/www.mrposter.com\/wp-content\/uploads\/2023\/08\/Galazka-Rozmarynu-Pagowski-2.jpg\",\"contentUrl\":\"https:\/\/www.mrposter.com\/wp-content\/uploads\/2023\/08\/Galazka-Rozmarynu-Pagowski-2.jpg\",\"width\":322,\"height\":455},{\"@type\":\"BreadcrumbList\",\"@id\":\"https:\/\/www.mrposter.com\/product\/galazka-rozmarynu-a-sprig-of-rosemary-andrzej-pagowski-vintage-polish-posters\/#breadcrumb\",\"itemListElement\":[{\"@type\":\"ListItem\",\"position\":1,\"name\":\"Home\",\"item\":\"https:\/\/www.mrposter.com\/\"},{\"@type\":\"ListItem\",\"position\":2,\"name\":\"Shop\",\"item\":\"https:\/\/www.mrposter.com\/es\/shop\/\"},{\"@type\":\"ListItem\",\"position\":3,\"name\":\"Vintage Polish Posters | The Rosemary Twig | Andrzej Pagowski\"}]},{\"@type\":\"WebSite\",\"@id\":\"https:\/\/www.mrposter.com\/#website\",\"url\":\"https:\/\/www.mrposter.com\/\",\"name\":\"Mr Poster\",\"description\":\"Vintage Posters - Polish and Others\",\"publisher\":{\"@id\":\"https:\/\/www.mrposter.com\/#organization\"},\"alternateName\":\"Mr. Poster, mrposter.com,\",\"potentialAction\":[{\"@type\":\"SearchAction\",\"target\":{\"@type\":\"EntryPoint\",\"urlTemplate\":\"https:\/\/www.mrposter.com\/?s={search_term_string}\"},\"query-input\":{\"@type\":\"PropertyValueSpecification\",\"valueRequired\":true,\"valueName\":\"search_term_string\"}}],\"inLanguage\":\"es\"},{\"@type\":\"Organization\",\"@id\":\"https:\/\/www.mrposter.com\/#organization\",\"name\":\"Mr. Poster\",\"url\":\"https:\/\/www.mrposter.com\/\",\"logo\":{\"@type\":\"ImageObject\",\"inLanguage\":\"es\",\"@id\":\"https:\/\/www.mrposter.com\/#\/schema\/logo\/image\/\",\"url\":\"https:\/\/www.mrposter.com\/wp-content\/uploads\/2018\/03\/mrposter2-Bold-Transparent-Mar-7-2018.png\",\"contentUrl\":\"https:\/\/www.mrposter.com\/wp-content\/uploads\/2018\/03\/mrposter2-Bold-Transparent-Mar-7-2018.png\",\"width\":1500,\"height\":1500,\"caption\":\"Mr. Poster\"},\"image\":{\"@id\":\"https:\/\/www.mrposter.com\/#\/schema\/logo\/image\/\"},\"sameAs\":[\"https:\/\/www.facebook.com\/mrpostergallery\/\",\"https:\/\/www.instagram.com\/mrpostergallery\/\"]}]}<\/script>\n<!-- \/ Yoast SEO plugin. -->","yoast_head_json":{"title":"Vintage Polish Posters | The Rosemary Twig | Andrzej Pagowski","description":"Own this stunning Polish poster by Andrzej Pagowski that reflects the tragedies suffered by the Poles in the Great War and its aftermath. Free delivery in the US 48 states.","robots":{"index":"index","follow":"follow","max-snippet":"max-snippet:-1","max-image-preview":"max-image-preview:large","max-video-preview":"max-video-preview:-1"},"canonical":"https:\/\/www.mrposter.com\/es\/producto\/galazka-rozmarynu-a-sprig-of-rosemary-andrzej-pagowski-vintage-polish-posters\/","og_locale":"es_MX","og_type":"article","og_title":"Vintage Polish Posters | The Rosemary Twig | Andrzej Pagowski","og_description":"Own this stunning Polish poster by Andrzej Pagowski that reflects the tragedies suffered by the Poles in the Great War and its aftermath. Free delivery in the US 48 states.","og_url":"https:\/\/www.mrposter.com\/es\/producto\/galazka-rozmarynu-a-sprig-of-rosemary-andrzej-pagowski-vintage-polish-posters\/","og_site_name":"Mr Poster","article_publisher":"https:\/\/www.facebook.com\/mrpostergallery\/","article_modified_time":"2024-08-07T16:14:15+00:00","og_image":[{"width":322,"height":455,"url":"https:\/\/www.mrposter.com\/wp-content\/uploads\/2023\/08\/Galazka-Rozmarynu-Pagowski-2.jpg","type":"image\/jpeg"}],"twitter_card":"summary_large_image","schema":{"@context":"https:\/\/schema.org","@graph":[{"@type":"WebPage","@id":"https:\/\/www.mrposter.com\/product\/galazka-rozmarynu-a-sprig-of-rosemary-andrzej-pagowski-vintage-polish-posters\/","url":"https:\/\/www.mrposter.com\/product\/galazka-rozmarynu-a-sprig-of-rosemary-andrzej-pagowski-vintage-polish-posters\/","name":"Vintage Polish Posters | The Rosemary Twig | Andrzej Pagowski","isPartOf":{"@id":"https:\/\/www.mrposter.com\/#website"},"primaryImageOfPage":{"@id":"https:\/\/www.mrposter.com\/product\/galazka-rozmarynu-a-sprig-of-rosemary-andrzej-pagowski-vintage-polish-posters\/#primaryimage"},"image":{"@id":"https:\/\/www.mrposter.com\/product\/galazka-rozmarynu-a-sprig-of-rosemary-andrzej-pagowski-vintage-polish-posters\/#primaryimage"},"thumbnailUrl":"https:\/\/www.mrposter.com\/wp-content\/uploads\/2023\/08\/Galazka-Rozmarynu-Pagowski-2.jpg","datePublished":"2023-08-09T14:13:00+00:00","dateModified":"2024-08-07T16:14:15+00:00","description":"Own this stunning Polish poster by Andrzej Pagowski that reflects the tragedies suffered by the Poles in the Great War and its aftermath. Free delivery in the US 48 states.","breadcrumb":{"@id":"https:\/\/www.mrposter.com\/product\/galazka-rozmarynu-a-sprig-of-rosemary-andrzej-pagowski-vintage-polish-posters\/#breadcrumb"},"inLanguage":"es","potentialAction":[{"@type":"ReadAction","target":["https:\/\/www.mrposter.com\/product\/galazka-rozmarynu-a-sprig-of-rosemary-andrzej-pagowski-vintage-polish-posters\/"]}]},{"@type":"ImageObject","inLanguage":"es","@id":"https:\/\/www.mrposter.com\/product\/galazka-rozmarynu-a-sprig-of-rosemary-andrzej-pagowski-vintage-polish-posters\/#primaryimage","url":"https:\/\/www.mrposter.com\/wp-content\/uploads\/2023\/08\/Galazka-Rozmarynu-Pagowski-2.jpg","contentUrl":"https:\/\/www.mrposter.com\/wp-content\/uploads\/2023\/08\/Galazka-Rozmarynu-Pagowski-2.jpg","width":322,"height":455},{"@type":"BreadcrumbList","@id":"https:\/\/www.mrposter.com\/product\/galazka-rozmarynu-a-sprig-of-rosemary-andrzej-pagowski-vintage-polish-posters\/#breadcrumb","itemListElement":[{"@type":"ListItem","position":1,"name":"Home","item":"https:\/\/www.mrposter.com\/"},{"@type":"ListItem","position":2,"name":"Shop","item":"https:\/\/www.mrposter.com\/es\/shop\/"},{"@type":"ListItem","position":3,"name":"Vintage Polish Posters | The Rosemary Twig | Andrzej Pagowski"}]},{"@type":"WebSite","@id":"https:\/\/www.mrposter.com\/#website","url":"https:\/\/www.mrposter.com\/","name":"Mr Poster","description":"Vintage Posters - Polish and Others","publisher":{"@id":"https:\/\/www.mrposter.com\/#organization"},"alternateName":"Mr. Poster, mrposter.com,","potentialAction":[{"@type":"SearchAction","target":{"@type":"EntryPoint","urlTemplate":"https:\/\/www.mrposter.com\/?s={search_term_string}"},"query-input":{"@type":"PropertyValueSpecification","valueRequired":true,"valueName":"search_term_string"}}],"inLanguage":"es"},{"@type":"Organization","@id":"https:\/\/www.mrposter.com\/#organization","name":"Mr. Poster","url":"https:\/\/www.mrposter.com\/","logo":{"@type":"ImageObject","inLanguage":"es","@id":"https:\/\/www.mrposter.com\/#\/schema\/logo\/image\/","url":"https:\/\/www.mrposter.com\/wp-content\/uploads\/2018\/03\/mrposter2-Bold-Transparent-Mar-7-2018.png","contentUrl":"https:\/\/www.mrposter.com\/wp-content\/uploads\/2018\/03\/mrposter2-Bold-Transparent-Mar-7-2018.png","width":1500,"height":1500,"caption":"Mr. Poster"},"image":{"@id":"https:\/\/www.mrposter.com\/#\/schema\/logo\/image\/"},"sameAs":["https:\/\/www.facebook.com\/mrpostergallery\/","https:\/\/www.instagram.com\/mrpostergallery\/"]}]}},"_links":{"self":[{"href":"https:\/\/www.mrposter.com\/es\/wp-json\/wp\/v2\/product\/3857","targetHints":{"allow":["GET"]}}],"collection":[{"href":"https:\/\/www.mrposter.com\/es\/wp-json\/wp\/v2\/product"}],"about":[{"href":"https:\/\/www.mrposter.com\/es\/wp-json\/wp\/v2\/types\/product"}],"wp:featuredmedia":[{"embeddable":true,"href":"https:\/\/www.mrposter.com\/es\/wp-json\/wp\/v2\/media\/3858"}],"wp:attachment":[{"href":"https:\/\/www.mrposter.com\/es\/wp-json\/wp\/v2\/media?parent=3857"}],"wp:term":[{"taxonomy":"product_brand","embeddable":true,"href":"https:\/\/www.mrposter.com\/es\/wp-json\/wp\/v2\/product_brand?post=3857"},{"taxonomy":"product_cat","embeddable":true,"href":"https:\/\/www.mrposter.com\/es\/wp-json\/wp\/v2\/product_cat?post=3857"},{"taxonomy":"product_tag","embeddable":true,"href":"https:\/\/www.mrposter.com\/es\/wp-json\/wp\/v2\/product_tag?post=3857"}],"curies":[{"name":"wp","href":"https:\/\/api.w.org\/{rel}","templated":true}]}}