{"id":3851,"date":"2023-08-07T17:05:26","date_gmt":"2023-08-07T21:05:26","guid":{"rendered":"https:\/\/www.mrposter.com\/?post_type=product&#038;p=3851"},"modified":"2024-08-07T12:29:15","modified_gmt":"2024-08-07T16:29:15","slug":"i-ogolnopolski-festiwal-poezji-1st-national-poetry-festival-vintage-polish-poster-kaja","status":"publish","type":"product","link":"https:\/\/www.mrposter.com\/es\/producto\/i-ogolnopolski-festiwal-poezji-1st-national-poetry-festival-vintage-polish-poster-kaja\/","title":{"rendered":"Vintage Polish Posters | National Poetry Festival | Zbigniew Kaja"},"content":{"rendered":"<p>Kaja, Zbigniew, I Ogolnopolski Festiwal Poezji, 1st National Poetry Festival, K.I. Galczynskiego, 1964, Very Good Condition, Poland, Polish Posters, blue, green, purple, black, white tree, Konstanty Ildefons Ga\u0142czy\u0144ski, Olsztyn Chronicle,<\/p>","protected":false},"excerpt":{"rendered":"<p><b>Konstanty Ildefons Ga\u0142czy\u0144ski<\/b> (1905\u20131953), alias <i>Karakuliambro<\/i>, was a Polish\u00a0<a title=\"Poet\" href=\"https:\/\/en.wikipedia.org\/wiki\/Poet\">poet<\/a>, well known for the &#8220;paradramatic&#8221; <a title=\"Surreal humour\" href=\"https:\/\/en.wikipedia.org\/wiki\/Surreal_humour\">absurd humorous<\/a>\u00a0sketches of the\u00a0<a class=\"new\" title=\"Green Goose Theatre (page does not exist)\" href=\"https:\/\/en.wikipedia.org\/w\/index.php?title=Green_Goose_Theatre&amp;action=edit&amp;redlink=1\">Green Goose Theatre<\/a>. Many of his postwar pieces, including &#8220;A Poem for the Traitor&#8221;, &#8220;Chryzostom Bulwie\u0107\u2019s Trip to Ciemnogr\u00f3d&#8221; and the &#8220;Stalin is Dead&#8221; were written according to <a title=\"Socialist realism\" href=\"https:\/\/en.wikipedia.org\/wiki\/Socialist_realism\">socialist realist<\/a>\u00a0conventions. In 1950, he became the object of an ideological battle, his artistic work denounced by\u00a0<a title=\"Adam Wa\u017cyk\" href=\"https:\/\/en.wikipedia.org\/wiki\/Adam_Wa%C5%BCyk\">Adam Wa\u017cyk<\/a>\u00a0at the Reunion of Polish Writers as\u00a0<a title=\"Petite bourgeoisie\" href=\"https:\/\/en.wikipedia.org\/wiki\/Petite_bourgeoisie\">petit bourgeois<\/a>. He died in 1953 from a heart attack. The poster artist <strong>Zbigniew Kaja<\/strong>\u00a0 was born in 1924 in\u00a0Poznan, Poland. He was a graphic artist, set designer and one of the creators\u00a0of the famous Polish School of Posters. He studied at\u00a0the State Higher School of Fine Arts in Pozna\u0144, the Faculty of Painting and Graphics and at the Academy of Fine Arts in Warsaw where he obtained his diploma in 1976 from Stanis\u0142aw Mroszczak and Leszek Holdanowicz. He lectured at the State Higher School of Fine Arts in Pozna\u0144. Kaja was the artistic director of WAG and KAW in Pozna\u0144 until 1977. His works have been exhibited at many collective and individual exhibitions in Poland and abroad.<\/p>","protected":false},"featured_media":3852,"template":"","meta":[],"product_brand":[],"product_cat":[29,30,4129,32],"product_tag":[5074,5060,5080,5041,5063,5040,5166],"class_list":{"0":"post-3851","1":"product","2":"type-product","3":"status-publish","4":"has-post-thumbnail","6":"product_cat-cultural","7":"product_cat-event","8":"product_cat-festival","9":"product_cat-miscellaneous","10":"product_tag-artposters","11":"product_tag-mrposter-com-vintageposters","12":"product_tag-originalvintageposters","13":"product_tag-polishposters","14":"product_tag-posterdesign","15":"product_tag-vintagepolishposters","16":"product_tag-zbigniewkaja","17":"pa_artist-kaja-zbigniew-1924-1983","18":"pa_genre-festival","19":"pa_grading-very-good","20":"pa_poster-country-of-origin-poland","21":"pa_poster-year-296","23":"first","24":"instock","25":"shipping-taxable","26":"purchasable","27":"product-type-simple","28":"czr-hentry"},"yoast_head":"<!-- This site is optimized with the Yoast SEO plugin v27.2 - https:\/\/yoast.com\/product\/yoast-seo-wordpress\/ -->\n<title>Vintage Polish Posters | National Poetry Festival | Zbigniew Kaja<\/title>\n<meta name=\"description\" content=\"Buy this vommunist-era poster from 1964 by Zbigniew Kaja for the 1st National Poetry Festival. Very good condition. Free shipping in the US 48 states.\" \/>\n<meta name=\"robots\" content=\"index, follow, max-snippet:-1, max-image-preview:large, max-video-preview:-1\" \/>\n<link rel=\"canonical\" href=\"https:\/\/www.mrposter.com\/es\/producto\/i-ogolnopolski-festiwal-poezji-1st-national-poetry-festival-vintage-polish-poster-kaja\/\" \/>\n<meta property=\"og:locale\" content=\"es_MX\" \/>\n<meta property=\"og:type\" content=\"article\" \/>\n<meta property=\"og:title\" content=\"Vintage Polish Posters | National Poetry Festival | Zbigniew Kaja\" \/>\n<meta property=\"og:description\" content=\"Buy this vommunist-era poster from 1964 by Zbigniew Kaja for the 1st National Poetry Festival. Very good condition. Free shipping in the US 48 states.\" \/>\n<meta property=\"og:url\" content=\"https:\/\/www.mrposter.com\/es\/producto\/i-ogolnopolski-festiwal-poezji-1st-national-poetry-festival-vintage-polish-poster-kaja\/\" \/>\n<meta property=\"og:site_name\" content=\"Mr Poster\" \/>\n<meta property=\"article:publisher\" content=\"https:\/\/www.facebook.com\/mrpostergallery\/\" \/>\n<meta property=\"article:modified_time\" content=\"2024-08-07T16:29:15+00:00\" \/>\n<meta property=\"og:image\" content=\"https:\/\/www.mrposter.com\/wp-content\/uploads\/2023\/08\/I-Ogolnopolski-Festiwal-Kaja.jpg\" \/>\n\t<meta property=\"og:image:width\" content=\"429\" \/>\n\t<meta property=\"og:image:height\" content=\"600\" \/>\n\t<meta property=\"og:image:type\" content=\"image\/jpeg\" \/>\n<meta name=\"twitter:card\" content=\"summary_large_image\" \/>\n<script type=\"application\/ld+json\" class=\"yoast-schema-graph\">{\"@context\":\"https:\/\/schema.org\",\"@graph\":[{\"@type\":\"WebPage\",\"@id\":\"https:\/\/www.mrposter.com\/product\/i-ogolnopolski-festiwal-poezji-1st-national-poetry-festival-vintage-polish-poster-kaja\/\",\"url\":\"https:\/\/www.mrposter.com\/product\/i-ogolnopolski-festiwal-poezji-1st-national-poetry-festival-vintage-polish-poster-kaja\/\",\"name\":\"Vintage Polish Posters | National Poetry Festival | Zbigniew Kaja\",\"isPartOf\":{\"@id\":\"https:\/\/www.mrposter.com\/#website\"},\"primaryImageOfPage\":{\"@id\":\"https:\/\/www.mrposter.com\/product\/i-ogolnopolski-festiwal-poezji-1st-national-poetry-festival-vintage-polish-poster-kaja\/#primaryimage\"},\"image\":{\"@id\":\"https:\/\/www.mrposter.com\/product\/i-ogolnopolski-festiwal-poezji-1st-national-poetry-festival-vintage-polish-poster-kaja\/#primaryimage\"},\"thumbnailUrl\":\"https:\/\/www.mrposter.com\/wp-content\/uploads\/2023\/08\/I-Ogolnopolski-Festiwal-Kaja.jpg\",\"datePublished\":\"2023-08-07T21:05:26+00:00\",\"dateModified\":\"2024-08-07T16:29:15+00:00\",\"description\":\"Buy this vommunist-era poster from 1964 by Zbigniew Kaja for the 1st National Poetry Festival. Very good condition. Free shipping in the US 48 states.\",\"breadcrumb\":{\"@id\":\"https:\/\/www.mrposter.com\/product\/i-ogolnopolski-festiwal-poezji-1st-national-poetry-festival-vintage-polish-poster-kaja\/#breadcrumb\"},\"inLanguage\":\"es\",\"potentialAction\":[{\"@type\":\"ReadAction\",\"target\":[\"https:\/\/www.mrposter.com\/product\/i-ogolnopolski-festiwal-poezji-1st-national-poetry-festival-vintage-polish-poster-kaja\/\"]}]},{\"@type\":\"ImageObject\",\"inLanguage\":\"es\",\"@id\":\"https:\/\/www.mrposter.com\/product\/i-ogolnopolski-festiwal-poezji-1st-national-poetry-festival-vintage-polish-poster-kaja\/#primaryimage\",\"url\":\"https:\/\/www.mrposter.com\/wp-content\/uploads\/2023\/08\/I-Ogolnopolski-Festiwal-Kaja.jpg\",\"contentUrl\":\"https:\/\/www.mrposter.com\/wp-content\/uploads\/2023\/08\/I-Ogolnopolski-Festiwal-Kaja.jpg\",\"width\":429,\"height\":600},{\"@type\":\"BreadcrumbList\",\"@id\":\"https:\/\/www.mrposter.com\/product\/i-ogolnopolski-festiwal-poezji-1st-national-poetry-festival-vintage-polish-poster-kaja\/#breadcrumb\",\"itemListElement\":[{\"@type\":\"ListItem\",\"position\":1,\"name\":\"Home\",\"item\":\"https:\/\/www.mrposter.com\/\"},{\"@type\":\"ListItem\",\"position\":2,\"name\":\"Shop\",\"item\":\"https:\/\/www.mrposter.com\/es\/shop\/\"},{\"@type\":\"ListItem\",\"position\":3,\"name\":\"Vintage Polish Posters | National Poetry Festival | Zbigniew Kaja\"}]},{\"@type\":\"WebSite\",\"@id\":\"https:\/\/www.mrposter.com\/#website\",\"url\":\"https:\/\/www.mrposter.com\/\",\"name\":\"Mr Poster\",\"description\":\"Vintage Posters - Polish and Others\",\"publisher\":{\"@id\":\"https:\/\/www.mrposter.com\/#organization\"},\"alternateName\":\"Mr. Poster, mrposter.com,\",\"potentialAction\":[{\"@type\":\"SearchAction\",\"target\":{\"@type\":\"EntryPoint\",\"urlTemplate\":\"https:\/\/www.mrposter.com\/?s={search_term_string}\"},\"query-input\":{\"@type\":\"PropertyValueSpecification\",\"valueRequired\":true,\"valueName\":\"search_term_string\"}}],\"inLanguage\":\"es\"},{\"@type\":\"Organization\",\"@id\":\"https:\/\/www.mrposter.com\/#organization\",\"name\":\"Mr. Poster\",\"url\":\"https:\/\/www.mrposter.com\/\",\"logo\":{\"@type\":\"ImageObject\",\"inLanguage\":\"es\",\"@id\":\"https:\/\/www.mrposter.com\/#\/schema\/logo\/image\/\",\"url\":\"https:\/\/www.mrposter.com\/wp-content\/uploads\/2018\/03\/mrposter2-Bold-Transparent-Mar-7-2018.png\",\"contentUrl\":\"https:\/\/www.mrposter.com\/wp-content\/uploads\/2018\/03\/mrposter2-Bold-Transparent-Mar-7-2018.png\",\"width\":1500,\"height\":1500,\"caption\":\"Mr. Poster\"},\"image\":{\"@id\":\"https:\/\/www.mrposter.com\/#\/schema\/logo\/image\/\"},\"sameAs\":[\"https:\/\/www.facebook.com\/mrpostergallery\/\",\"https:\/\/www.instagram.com\/mrpostergallery\/\"]}]}<\/script>\n<!-- \/ Yoast SEO plugin. -->","yoast_head_json":{"title":"Vintage Polish Posters | National Poetry Festival | Zbigniew Kaja","description":"Buy this vommunist-era poster from 1964 by Zbigniew Kaja for the 1st National Poetry Festival. Very good condition. Free shipping in the US 48 states.","robots":{"index":"index","follow":"follow","max-snippet":"max-snippet:-1","max-image-preview":"max-image-preview:large","max-video-preview":"max-video-preview:-1"},"canonical":"https:\/\/www.mrposter.com\/es\/producto\/i-ogolnopolski-festiwal-poezji-1st-national-poetry-festival-vintage-polish-poster-kaja\/","og_locale":"es_MX","og_type":"article","og_title":"Vintage Polish Posters | National Poetry Festival | Zbigniew Kaja","og_description":"Buy this vommunist-era poster from 1964 by Zbigniew Kaja for the 1st National Poetry Festival. Very good condition. Free shipping in the US 48 states.","og_url":"https:\/\/www.mrposter.com\/es\/producto\/i-ogolnopolski-festiwal-poezji-1st-national-poetry-festival-vintage-polish-poster-kaja\/","og_site_name":"Mr Poster","article_publisher":"https:\/\/www.facebook.com\/mrpostergallery\/","article_modified_time":"2024-08-07T16:29:15+00:00","og_image":[{"width":429,"height":600,"url":"https:\/\/www.mrposter.com\/wp-content\/uploads\/2023\/08\/I-Ogolnopolski-Festiwal-Kaja.jpg","type":"image\/jpeg"}],"twitter_card":"summary_large_image","schema":{"@context":"https:\/\/schema.org","@graph":[{"@type":"WebPage","@id":"https:\/\/www.mrposter.com\/product\/i-ogolnopolski-festiwal-poezji-1st-national-poetry-festival-vintage-polish-poster-kaja\/","url":"https:\/\/www.mrposter.com\/product\/i-ogolnopolski-festiwal-poezji-1st-national-poetry-festival-vintage-polish-poster-kaja\/","name":"Vintage Polish Posters | National Poetry Festival | Zbigniew Kaja","isPartOf":{"@id":"https:\/\/www.mrposter.com\/#website"},"primaryImageOfPage":{"@id":"https:\/\/www.mrposter.com\/product\/i-ogolnopolski-festiwal-poezji-1st-national-poetry-festival-vintage-polish-poster-kaja\/#primaryimage"},"image":{"@id":"https:\/\/www.mrposter.com\/product\/i-ogolnopolski-festiwal-poezji-1st-national-poetry-festival-vintage-polish-poster-kaja\/#primaryimage"},"thumbnailUrl":"https:\/\/www.mrposter.com\/wp-content\/uploads\/2023\/08\/I-Ogolnopolski-Festiwal-Kaja.jpg","datePublished":"2023-08-07T21:05:26+00:00","dateModified":"2024-08-07T16:29:15+00:00","description":"Buy this vommunist-era poster from 1964 by Zbigniew Kaja for the 1st National Poetry Festival. Very good condition. Free shipping in the US 48 states.","breadcrumb":{"@id":"https:\/\/www.mrposter.com\/product\/i-ogolnopolski-festiwal-poezji-1st-national-poetry-festival-vintage-polish-poster-kaja\/#breadcrumb"},"inLanguage":"es","potentialAction":[{"@type":"ReadAction","target":["https:\/\/www.mrposter.com\/product\/i-ogolnopolski-festiwal-poezji-1st-national-poetry-festival-vintage-polish-poster-kaja\/"]}]},{"@type":"ImageObject","inLanguage":"es","@id":"https:\/\/www.mrposter.com\/product\/i-ogolnopolski-festiwal-poezji-1st-national-poetry-festival-vintage-polish-poster-kaja\/#primaryimage","url":"https:\/\/www.mrposter.com\/wp-content\/uploads\/2023\/08\/I-Ogolnopolski-Festiwal-Kaja.jpg","contentUrl":"https:\/\/www.mrposter.com\/wp-content\/uploads\/2023\/08\/I-Ogolnopolski-Festiwal-Kaja.jpg","width":429,"height":600},{"@type":"BreadcrumbList","@id":"https:\/\/www.mrposter.com\/product\/i-ogolnopolski-festiwal-poezji-1st-national-poetry-festival-vintage-polish-poster-kaja\/#breadcrumb","itemListElement":[{"@type":"ListItem","position":1,"name":"Home","item":"https:\/\/www.mrposter.com\/"},{"@type":"ListItem","position":2,"name":"Shop","item":"https:\/\/www.mrposter.com\/es\/shop\/"},{"@type":"ListItem","position":3,"name":"Vintage Polish Posters | National Poetry Festival | Zbigniew Kaja"}]},{"@type":"WebSite","@id":"https:\/\/www.mrposter.com\/#website","url":"https:\/\/www.mrposter.com\/","name":"Mr Poster","description":"Vintage Posters - Polish and Others","publisher":{"@id":"https:\/\/www.mrposter.com\/#organization"},"alternateName":"Mr. Poster, mrposter.com,","potentialAction":[{"@type":"SearchAction","target":{"@type":"EntryPoint","urlTemplate":"https:\/\/www.mrposter.com\/?s={search_term_string}"},"query-input":{"@type":"PropertyValueSpecification","valueRequired":true,"valueName":"search_term_string"}}],"inLanguage":"es"},{"@type":"Organization","@id":"https:\/\/www.mrposter.com\/#organization","name":"Mr. Poster","url":"https:\/\/www.mrposter.com\/","logo":{"@type":"ImageObject","inLanguage":"es","@id":"https:\/\/www.mrposter.com\/#\/schema\/logo\/image\/","url":"https:\/\/www.mrposter.com\/wp-content\/uploads\/2018\/03\/mrposter2-Bold-Transparent-Mar-7-2018.png","contentUrl":"https:\/\/www.mrposter.com\/wp-content\/uploads\/2018\/03\/mrposter2-Bold-Transparent-Mar-7-2018.png","width":1500,"height":1500,"caption":"Mr. Poster"},"image":{"@id":"https:\/\/www.mrposter.com\/#\/schema\/logo\/image\/"},"sameAs":["https:\/\/www.facebook.com\/mrpostergallery\/","https:\/\/www.instagram.com\/mrpostergallery\/"]}]}},"_links":{"self":[{"href":"https:\/\/www.mrposter.com\/es\/wp-json\/wp\/v2\/product\/3851","targetHints":{"allow":["GET"]}}],"collection":[{"href":"https:\/\/www.mrposter.com\/es\/wp-json\/wp\/v2\/product"}],"about":[{"href":"https:\/\/www.mrposter.com\/es\/wp-json\/wp\/v2\/types\/product"}],"wp:featuredmedia":[{"embeddable":true,"href":"https:\/\/www.mrposter.com\/es\/wp-json\/wp\/v2\/media\/3852"}],"wp:attachment":[{"href":"https:\/\/www.mrposter.com\/es\/wp-json\/wp\/v2\/media?parent=3851"}],"wp:term":[{"taxonomy":"product_brand","embeddable":true,"href":"https:\/\/www.mrposter.com\/es\/wp-json\/wp\/v2\/product_brand?post=3851"},{"taxonomy":"product_cat","embeddable":true,"href":"https:\/\/www.mrposter.com\/es\/wp-json\/wp\/v2\/product_cat?post=3851"},{"taxonomy":"product_tag","embeddable":true,"href":"https:\/\/www.mrposter.com\/es\/wp-json\/wp\/v2\/product_tag?post=3851"}],"curies":[{"name":"wp","href":"https:\/\/api.w.org\/{rel}","templated":true}]}}