{"id":3833,"date":"2023-08-04T15:42:34","date_gmt":"2023-08-04T19:42:34","guid":{"rendered":"https:\/\/www.mrposter.com\/?post_type=product&#038;p=3833"},"modified":"2024-08-07T12:55:05","modified_gmt":"2024-08-07T16:55:05","slug":"jerzy-krechowicz-vintage-polish-poster-wesola-wdowka-the-merry-widow-operetta-1979","status":"publish","type":"product","link":"https:\/\/www.mrposter.com\/es\/producto\/jerzy-krechowicz-vintage-polish-poster-wesola-wdowka-the-merry-widow-operetta-1979\/","title":{"rendered":"Vintage Posters | The Merry Widow | Jerzy Krechowicz"},"content":{"rendered":"<p>Krechowicz, Jerzy, Wesola Wdowka, The Merry Widow, Opera, Operetta, 1905, 1979, Franz Lehar, Hungary, Austro-Hungary, Theater, balet, ballet, woman, short hair, long dress, heels,<\/p>","protected":false},"excerpt":{"rendered":"<p>The Austro-Hungarian composer and conductor Franz Leh\u00e1r was the leading composer of operetta in the twentieth century, and responsible for giving the genre renewed vitality. He wrote some 30\u00a0<a href=\"https:\/\/www.eno.org\/discover-opera\/beginners-guide-operetta\/\">operettas<\/a>, the most famous and enduring of which is\u00a0<a href=\"https:\/\/www.eno.org\/operas\/the-merry-widow\/\"><em><strong>The Merry Widow<\/strong>\u00a0<\/em><\/a><i>(1905<\/i>), which has achieved worldwide popularity. The poster artist <strong>Jerzy Krechowicz<\/strong> graduated from the State Higher School of Fine Arts in Gda\u0144sk, Poland, in 1962 under the mentorship of Professor Stanis\u0142aw Borysowski. Awarded the title of professor in 1992, Krechowicz made significant contributions to the arts throughout his career. From 1996 to 2002, he served as the rector of the Academy of Fine Arts in Gda\u0144sk, demonstrating his leadership and dedication to artistic education. Krechowicz&#8217;s talents extended beyond poster design; he excelled as a set designer, collaborating with renowned theaters such as the Rozm\u00f3w Theater, the Baltic State Opera, the Wybrze\u017ce Theater, the Musical Theater in Gdynia, the Dramatyczny Theater in Elbl\u0105g, and the Miniatura Theater. Additionally, Krechowicz lent his expertise as a set designer and artistic consultant to television productions from 1972 to 1978. His legacy continues to inspire future generations of artists despite his passing in 2023.<\/p>","protected":false},"featured_media":3834,"template":"","meta":[],"product_brand":[],"product_cat":[33,37],"product_tag":[5061,5060,5043,5041,5056,5091,5040],"class_list":{"0":"post-3833","1":"product","2":"type-product","3":"status-publish","4":"has-post-thumbnail","6":"product_cat-opera","7":"product_cat-theater","8":"product_tag-graphicart","9":"product_tag-mrposter-com-vintageposters","10":"product_tag-opera","11":"product_tag-polishposters","12":"product_tag-posterart","13":"product_tag-vintageartposters","14":"product_tag-vintagepolishposters","15":"pa_artist-krechowicz-jerzy-1937-2023","16":"pa_director-author-franz-lehar","17":"pa_genre-opera","18":"pa_genre-theater","19":"pa_grading-mint","20":"pa_poster-country-of-origin-poland","21":"pa_poster-year-208","22":"pa_work-country-of-origin-hungary","24":"first","25":"instock","26":"shipping-taxable","27":"purchasable","28":"product-type-simple","29":"czr-hentry"},"yoast_head":"<!-- This site is optimized with the Yoast SEO plugin v27.2 - https:\/\/yoast.com\/product\/yoast-seo-wordpress\/ -->\n<title>Vintage Polish Posters | The Merry Widow | Jerzy Krechowicz<\/title>\n<meta name=\"description\" content=\"Own this enchanting image from Franz Leh\u00e1r&#039;s operetta &#039;The Merry Widow&#039; in this vintage Polish poster by Krechowicz. FREE shipping in the 48 US states.\" \/>\n<meta name=\"robots\" content=\"index, follow, max-snippet:-1, max-image-preview:large, max-video-preview:-1\" \/>\n<link rel=\"canonical\" href=\"https:\/\/www.mrposter.com\/es\/producto\/jerzy-krechowicz-vintage-polish-poster-wesola-wdowka-the-merry-widow-operetta-1979\/\" \/>\n<meta property=\"og:locale\" content=\"es_MX\" \/>\n<meta property=\"og:type\" content=\"article\" \/>\n<meta property=\"og:title\" content=\"Vintage Polish Posters | The Merry Widow | Jerzy Krechowicz\" \/>\n<meta property=\"og:description\" content=\"Own this enchanting image from Franz Leh\u00e1r&#039;s operetta &#039;The Merry Widow&#039; in this vintage Polish poster by Krechowicz. FREE shipping in the 48 US states.\" \/>\n<meta property=\"og:url\" content=\"https:\/\/www.mrposter.com\/es\/producto\/jerzy-krechowicz-vintage-polish-poster-wesola-wdowka-the-merry-widow-operetta-1979\/\" \/>\n<meta property=\"og:site_name\" content=\"Mr Poster\" \/>\n<meta property=\"article:publisher\" content=\"https:\/\/www.facebook.com\/mrpostergallery\/\" \/>\n<meta property=\"article:modified_time\" content=\"2024-08-07T16:55:05+00:00\" \/>\n<meta property=\"og:image\" content=\"https:\/\/www.mrposter.com\/wp-content\/uploads\/2023\/08\/Wesola-Wdowka-Krechowicz.webp\" \/>\n\t<meta property=\"og:image:width\" content=\"234\" \/>\n\t<meta property=\"og:image:height\" content=\"338\" \/>\n\t<meta property=\"og:image:type\" content=\"image\/webp\" \/>\n<meta name=\"twitter:card\" content=\"summary_large_image\" \/>\n<script type=\"application\/ld+json\" class=\"yoast-schema-graph\">{\"@context\":\"https:\/\/schema.org\",\"@graph\":[{\"@type\":\"WebPage\",\"@id\":\"https:\/\/www.mrposter.com\/product\/jerzy-krechowicz-vintage-polish-poster-wesola-wdowka-the-merry-widow-operetta-1979\/\",\"url\":\"https:\/\/www.mrposter.com\/product\/jerzy-krechowicz-vintage-polish-poster-wesola-wdowka-the-merry-widow-operetta-1979\/\",\"name\":\"Vintage Polish Posters | The Merry Widow | Jerzy Krechowicz\",\"isPartOf\":{\"@id\":\"https:\/\/www.mrposter.com\/#website\"},\"primaryImageOfPage\":{\"@id\":\"https:\/\/www.mrposter.com\/product\/jerzy-krechowicz-vintage-polish-poster-wesola-wdowka-the-merry-widow-operetta-1979\/#primaryimage\"},\"image\":{\"@id\":\"https:\/\/www.mrposter.com\/product\/jerzy-krechowicz-vintage-polish-poster-wesola-wdowka-the-merry-widow-operetta-1979\/#primaryimage\"},\"thumbnailUrl\":\"https:\/\/www.mrposter.com\/wp-content\/uploads\/2023\/08\/Wesola-Wdowka-Krechowicz.webp\",\"datePublished\":\"2023-08-04T19:42:34+00:00\",\"dateModified\":\"2024-08-07T16:55:05+00:00\",\"description\":\"Own this enchanting image from Franz Leh\u00e1r's operetta 'The Merry Widow' in this vintage Polish poster by Krechowicz. FREE shipping in the 48 US states.\",\"breadcrumb\":{\"@id\":\"https:\/\/www.mrposter.com\/product\/jerzy-krechowicz-vintage-polish-poster-wesola-wdowka-the-merry-widow-operetta-1979\/#breadcrumb\"},\"inLanguage\":\"es\",\"potentialAction\":[{\"@type\":\"ReadAction\",\"target\":[\"https:\/\/www.mrposter.com\/product\/jerzy-krechowicz-vintage-polish-poster-wesola-wdowka-the-merry-widow-operetta-1979\/\"]}]},{\"@type\":\"ImageObject\",\"inLanguage\":\"es\",\"@id\":\"https:\/\/www.mrposter.com\/product\/jerzy-krechowicz-vintage-polish-poster-wesola-wdowka-the-merry-widow-operetta-1979\/#primaryimage\",\"url\":\"https:\/\/www.mrposter.com\/wp-content\/uploads\/2023\/08\/Wesola-Wdowka-Krechowicz.webp\",\"contentUrl\":\"https:\/\/www.mrposter.com\/wp-content\/uploads\/2023\/08\/Wesola-Wdowka-Krechowicz.webp\",\"width\":234,\"height\":338},{\"@type\":\"BreadcrumbList\",\"@id\":\"https:\/\/www.mrposter.com\/product\/jerzy-krechowicz-vintage-polish-poster-wesola-wdowka-the-merry-widow-operetta-1979\/#breadcrumb\",\"itemListElement\":[{\"@type\":\"ListItem\",\"position\":1,\"name\":\"Home\",\"item\":\"https:\/\/www.mrposter.com\/\"},{\"@type\":\"ListItem\",\"position\":2,\"name\":\"Shop\",\"item\":\"https:\/\/www.mrposter.com\/es\/shop\/\"},{\"@type\":\"ListItem\",\"position\":3,\"name\":\"Vintage Posters | The Merry Widow | Jerzy Krechowicz\"}]},{\"@type\":\"WebSite\",\"@id\":\"https:\/\/www.mrposter.com\/#website\",\"url\":\"https:\/\/www.mrposter.com\/\",\"name\":\"Mr Poster\",\"description\":\"Vintage Posters - Polish and Others\",\"publisher\":{\"@id\":\"https:\/\/www.mrposter.com\/#organization\"},\"alternateName\":\"Mr. Poster, mrposter.com,\",\"potentialAction\":[{\"@type\":\"SearchAction\",\"target\":{\"@type\":\"EntryPoint\",\"urlTemplate\":\"https:\/\/www.mrposter.com\/?s={search_term_string}\"},\"query-input\":{\"@type\":\"PropertyValueSpecification\",\"valueRequired\":true,\"valueName\":\"search_term_string\"}}],\"inLanguage\":\"es\"},{\"@type\":\"Organization\",\"@id\":\"https:\/\/www.mrposter.com\/#organization\",\"name\":\"Mr. Poster\",\"url\":\"https:\/\/www.mrposter.com\/\",\"logo\":{\"@type\":\"ImageObject\",\"inLanguage\":\"es\",\"@id\":\"https:\/\/www.mrposter.com\/#\/schema\/logo\/image\/\",\"url\":\"https:\/\/www.mrposter.com\/wp-content\/uploads\/2018\/03\/mrposter2-Bold-Transparent-Mar-7-2018.png\",\"contentUrl\":\"https:\/\/www.mrposter.com\/wp-content\/uploads\/2018\/03\/mrposter2-Bold-Transparent-Mar-7-2018.png\",\"width\":1500,\"height\":1500,\"caption\":\"Mr. Poster\"},\"image\":{\"@id\":\"https:\/\/www.mrposter.com\/#\/schema\/logo\/image\/\"},\"sameAs\":[\"https:\/\/www.facebook.com\/mrpostergallery\/\",\"https:\/\/www.instagram.com\/mrpostergallery\/\"]}]}<\/script>\n<!-- \/ Yoast SEO plugin. -->","yoast_head_json":{"title":"Vintage Polish Posters | The Merry Widow | Jerzy Krechowicz","description":"Own this enchanting image from Franz Leh\u00e1r's operetta 'The Merry Widow' in this vintage Polish poster by Krechowicz. FREE shipping in the 48 US states.","robots":{"index":"index","follow":"follow","max-snippet":"max-snippet:-1","max-image-preview":"max-image-preview:large","max-video-preview":"max-video-preview:-1"},"canonical":"https:\/\/www.mrposter.com\/es\/producto\/jerzy-krechowicz-vintage-polish-poster-wesola-wdowka-the-merry-widow-operetta-1979\/","og_locale":"es_MX","og_type":"article","og_title":"Vintage Polish Posters | The Merry Widow | Jerzy Krechowicz","og_description":"Own this enchanting image from Franz Leh\u00e1r's operetta 'The Merry Widow' in this vintage Polish poster by Krechowicz. FREE shipping in the 48 US states.","og_url":"https:\/\/www.mrposter.com\/es\/producto\/jerzy-krechowicz-vintage-polish-poster-wesola-wdowka-the-merry-widow-operetta-1979\/","og_site_name":"Mr Poster","article_publisher":"https:\/\/www.facebook.com\/mrpostergallery\/","article_modified_time":"2024-08-07T16:55:05+00:00","og_image":[{"width":234,"height":338,"url":"https:\/\/www.mrposter.com\/wp-content\/uploads\/2023\/08\/Wesola-Wdowka-Krechowicz.webp","type":"image\/webp"}],"twitter_card":"summary_large_image","schema":{"@context":"https:\/\/schema.org","@graph":[{"@type":"WebPage","@id":"https:\/\/www.mrposter.com\/product\/jerzy-krechowicz-vintage-polish-poster-wesola-wdowka-the-merry-widow-operetta-1979\/","url":"https:\/\/www.mrposter.com\/product\/jerzy-krechowicz-vintage-polish-poster-wesola-wdowka-the-merry-widow-operetta-1979\/","name":"Vintage Polish Posters | The Merry Widow | Jerzy Krechowicz","isPartOf":{"@id":"https:\/\/www.mrposter.com\/#website"},"primaryImageOfPage":{"@id":"https:\/\/www.mrposter.com\/product\/jerzy-krechowicz-vintage-polish-poster-wesola-wdowka-the-merry-widow-operetta-1979\/#primaryimage"},"image":{"@id":"https:\/\/www.mrposter.com\/product\/jerzy-krechowicz-vintage-polish-poster-wesola-wdowka-the-merry-widow-operetta-1979\/#primaryimage"},"thumbnailUrl":"https:\/\/www.mrposter.com\/wp-content\/uploads\/2023\/08\/Wesola-Wdowka-Krechowicz.webp","datePublished":"2023-08-04T19:42:34+00:00","dateModified":"2024-08-07T16:55:05+00:00","description":"Own this enchanting image from Franz Leh\u00e1r's operetta 'The Merry Widow' in this vintage Polish poster by Krechowicz. FREE shipping in the 48 US states.","breadcrumb":{"@id":"https:\/\/www.mrposter.com\/product\/jerzy-krechowicz-vintage-polish-poster-wesola-wdowka-the-merry-widow-operetta-1979\/#breadcrumb"},"inLanguage":"es","potentialAction":[{"@type":"ReadAction","target":["https:\/\/www.mrposter.com\/product\/jerzy-krechowicz-vintage-polish-poster-wesola-wdowka-the-merry-widow-operetta-1979\/"]}]},{"@type":"ImageObject","inLanguage":"es","@id":"https:\/\/www.mrposter.com\/product\/jerzy-krechowicz-vintage-polish-poster-wesola-wdowka-the-merry-widow-operetta-1979\/#primaryimage","url":"https:\/\/www.mrposter.com\/wp-content\/uploads\/2023\/08\/Wesola-Wdowka-Krechowicz.webp","contentUrl":"https:\/\/www.mrposter.com\/wp-content\/uploads\/2023\/08\/Wesola-Wdowka-Krechowicz.webp","width":234,"height":338},{"@type":"BreadcrumbList","@id":"https:\/\/www.mrposter.com\/product\/jerzy-krechowicz-vintage-polish-poster-wesola-wdowka-the-merry-widow-operetta-1979\/#breadcrumb","itemListElement":[{"@type":"ListItem","position":1,"name":"Home","item":"https:\/\/www.mrposter.com\/"},{"@type":"ListItem","position":2,"name":"Shop","item":"https:\/\/www.mrposter.com\/es\/shop\/"},{"@type":"ListItem","position":3,"name":"Vintage Posters | The Merry Widow | Jerzy Krechowicz"}]},{"@type":"WebSite","@id":"https:\/\/www.mrposter.com\/#website","url":"https:\/\/www.mrposter.com\/","name":"Mr Poster","description":"Vintage Posters - Polish and Others","publisher":{"@id":"https:\/\/www.mrposter.com\/#organization"},"alternateName":"Mr. Poster, mrposter.com,","potentialAction":[{"@type":"SearchAction","target":{"@type":"EntryPoint","urlTemplate":"https:\/\/www.mrposter.com\/?s={search_term_string}"},"query-input":{"@type":"PropertyValueSpecification","valueRequired":true,"valueName":"search_term_string"}}],"inLanguage":"es"},{"@type":"Organization","@id":"https:\/\/www.mrposter.com\/#organization","name":"Mr. Poster","url":"https:\/\/www.mrposter.com\/","logo":{"@type":"ImageObject","inLanguage":"es","@id":"https:\/\/www.mrposter.com\/#\/schema\/logo\/image\/","url":"https:\/\/www.mrposter.com\/wp-content\/uploads\/2018\/03\/mrposter2-Bold-Transparent-Mar-7-2018.png","contentUrl":"https:\/\/www.mrposter.com\/wp-content\/uploads\/2018\/03\/mrposter2-Bold-Transparent-Mar-7-2018.png","width":1500,"height":1500,"caption":"Mr. Poster"},"image":{"@id":"https:\/\/www.mrposter.com\/#\/schema\/logo\/image\/"},"sameAs":["https:\/\/www.facebook.com\/mrpostergallery\/","https:\/\/www.instagram.com\/mrpostergallery\/"]}]}},"_links":{"self":[{"href":"https:\/\/www.mrposter.com\/es\/wp-json\/wp\/v2\/product\/3833","targetHints":{"allow":["GET"]}}],"collection":[{"href":"https:\/\/www.mrposter.com\/es\/wp-json\/wp\/v2\/product"}],"about":[{"href":"https:\/\/www.mrposter.com\/es\/wp-json\/wp\/v2\/types\/product"}],"wp:featuredmedia":[{"embeddable":true,"href":"https:\/\/www.mrposter.com\/es\/wp-json\/wp\/v2\/media\/3834"}],"wp:attachment":[{"href":"https:\/\/www.mrposter.com\/es\/wp-json\/wp\/v2\/media?parent=3833"}],"wp:term":[{"taxonomy":"product_brand","embeddable":true,"href":"https:\/\/www.mrposter.com\/es\/wp-json\/wp\/v2\/product_brand?post=3833"},{"taxonomy":"product_cat","embeddable":true,"href":"https:\/\/www.mrposter.com\/es\/wp-json\/wp\/v2\/product_cat?post=3833"},{"taxonomy":"product_tag","embeddable":true,"href":"https:\/\/www.mrposter.com\/es\/wp-json\/wp\/v2\/product_tag?post=3833"}],"curies":[{"name":"wp","href":"https:\/\/api.w.org\/{rel}","templated":true}]}}