{"id":3806,"date":"2023-08-01T10:54:51","date_gmt":"2023-08-01T14:54:51","guid":{"rendered":"https:\/\/www.mrposter.com\/?post_type=product&#038;p=3806"},"modified":"2024-11-24T17:23:44","modified_gmt":"2024-11-24T22:23:44","slug":"polish-posters-basn-polska-polish-fairy-tales-boratynski-art","status":"publish","type":"product","link":"https:\/\/www.mrposter.com\/es\/producto\/polish-posters-basn-polska-polish-fairy-tales-boratynski-art\/","title":{"rendered":"Vintage Polish Posters | Polish Fairy Tales | Boratynski"},"content":{"rendered":"<p>Boratynski, Antoni, Basn Polska, Polish Fairy Tales, 1965, Poland, Polish Posters, literature, illustrations, children\u00b4s books, children fairy tales, red, green, striped moons, winged horse, Pegasus, man in suit, Exhibition, Cultural, Event,<\/p>","protected":false},"excerpt":{"rendered":"<p>&#8220;<strong>Ba\u015b\u0144 Polska<\/strong>&#8221; (<strong>Polish Fairy Tales<\/strong>) is a captivating collection featuring traditional Polish folklore and fairy tales. This anthology brings together enchanting stories passed down through generations, rich with mythical creatures, heroic adventures, and moral lessons. Set against the backdrop of Poland&#8217;s picturesque landscapes and steeped in its cultural heritage, &#8220;Ba\u015b\u0144 Polska&#8221; offers readers a glimpse into the country&#8217;s rich storytelling tradition, preserving the magic and wisdom of Polish folklore for future generations. The poster artist <strong>Antoni Boraty\u0144ski<\/strong> (1930-2015) was born in Garwolin, Poland, a town in the south-eastern part of Mazovia. He began his studies at the Academy of Fine Arts in Warsaw, and between 1951 and 1956 he studied at the Academy of Art in Budapest. It was there that he defended his diploma at the Faculty of Graphic Arts, under Gy\u00f6rgy Koneczny. As an illustrator, Boraty\u0144ski has worked with many publishing houses, including Nasza Ksi\u0119garnia, Iskry, Ludowa Sp\u00f3\u0142dzielnia Wydawnicza, and the Globe. His books with his illustrations have also been published far beyond Poland\u2019s borders, including China, Japan, Korea, Australia and Brazil. As a result, he was repeatedly awarded for his work not only in Poland, but also outside of it; in 1978, he made it onto the IBBY Honour List, which has included the most outstanding books for children and young people from all over. Twice the Polish Society of Book Publishers awarded the work of the illustrator with the title \u2018Most Beautiful Book of the Year\u2019; in 1976 he received the Prime Minister\u2019s Award for his work in the field of children\u2019s book illustration. Boraty\u0144ski has won awards in competitions (e.g. for illustrations to the Bible, the competition was held in Hamburg) and reviews (for example, at the Biennale of Illustration in Bratislava or the IBA International Exhibition of Editorial Art in Leipzig).<\/p>","protected":false},"featured_media":3807,"template":"","meta":[],"product_brand":[],"product_cat":[29,30,3902],"product_tag":[5177,5161,5178,5040,5042],"class_list":{"0":"post-3806","1":"product","2":"type-product","3":"status-publish","4":"has-post-thumbnail","6":"product_cat-cultural","7":"product_cat-event","8":"product_cat-exhibition","9":"product_tag-childrensart","10":"product_tag-childrensposters","11":"product_tag-pegasus","12":"product_tag-vintagepolishposters","13":"product_tag-vintageposters","14":"pa_artist-boratynski-antoni-1930-2015","15":"pa_genre-exhibition","16":"pa_grading-mint","17":"pa_poster-country-of-origin-poland","18":"pa_poster-year-508","20":"first","21":"outofstock","22":"shipping-taxable","23":"purchasable","24":"product-type-simple","25":"czr-hentry"},"yoast_head":"<!-- This site is optimized with the Yoast SEO plugin v27.2 - https:\/\/yoast.com\/product\/yoast-seo-wordpress\/ -->\n<title>Vintage Polish Posters | Polish Fairy Tales | Boratynski<\/title>\n<meta name=\"description\" content=\"Own this rare and beautiful surreal 1965 Polish poster by Antoni Boratynski designed for the book &quot;Polish Fairy Tales&quot;. Free shipping in the US 48 states.\" \/>\n<meta name=\"robots\" content=\"index, follow, max-snippet:-1, max-image-preview:large, max-video-preview:-1\" \/>\n<link rel=\"canonical\" href=\"https:\/\/www.mrposter.com\/es\/producto\/polish-posters-basn-polska-polish-fairy-tales-boratynski-art\/\" \/>\n<meta property=\"og:locale\" content=\"es_MX\" \/>\n<meta property=\"og:type\" content=\"article\" \/>\n<meta property=\"og:title\" content=\"Vintage Polish Posters | Polish Fairy Tales | Boratynski\" \/>\n<meta property=\"og:description\" content=\"Own this rare and beautiful surreal 1965 Polish poster by Antoni Boratynski designed for the book &quot;Polish Fairy Tales&quot;. Free shipping in the US 48 states.\" \/>\n<meta property=\"og:url\" content=\"https:\/\/www.mrposter.com\/es\/producto\/polish-posters-basn-polska-polish-fairy-tales-boratynski-art\/\" \/>\n<meta property=\"og:site_name\" content=\"Mr Poster\" \/>\n<meta property=\"article:publisher\" content=\"https:\/\/www.facebook.com\/mrpostergallery\/\" \/>\n<meta property=\"article:modified_time\" content=\"2024-11-24T22:23:44+00:00\" \/>\n<meta property=\"og:image\" content=\"https:\/\/www.mrposter.com\/wp-content\/uploads\/2023\/08\/Basn-Polska-Boratynski.jpg\" \/>\n\t<meta property=\"og:image:width\" content=\"960\" \/>\n\t<meta property=\"og:image:height\" content=\"1470\" \/>\n\t<meta property=\"og:image:type\" content=\"image\/jpeg\" \/>\n<meta name=\"twitter:card\" content=\"summary_large_image\" \/>\n<script type=\"application\/ld+json\" class=\"yoast-schema-graph\">{\"@context\":\"https:\/\/schema.org\",\"@graph\":[{\"@type\":\"WebPage\",\"@id\":\"https:\/\/www.mrposter.com\/product\/polish-posters-basn-polska-polish-fairy-tales-boratynski-art\/\",\"url\":\"https:\/\/www.mrposter.com\/product\/polish-posters-basn-polska-polish-fairy-tales-boratynski-art\/\",\"name\":\"Vintage Polish Posters | Polish Fairy Tales | Boratynski\",\"isPartOf\":{\"@id\":\"https:\/\/www.mrposter.com\/#website\"},\"primaryImageOfPage\":{\"@id\":\"https:\/\/www.mrposter.com\/product\/polish-posters-basn-polska-polish-fairy-tales-boratynski-art\/#primaryimage\"},\"image\":{\"@id\":\"https:\/\/www.mrposter.com\/product\/polish-posters-basn-polska-polish-fairy-tales-boratynski-art\/#primaryimage\"},\"thumbnailUrl\":\"https:\/\/www.mrposter.com\/wp-content\/uploads\/2023\/08\/Basn-Polska-Boratynski.jpg\",\"datePublished\":\"2023-08-01T14:54:51+00:00\",\"dateModified\":\"2024-11-24T22:23:44+00:00\",\"description\":\"Own this rare and beautiful surreal 1965 Polish poster by Antoni Boratynski designed for the book \\\"Polish Fairy Tales\\\". Free shipping in the US 48 states.\",\"breadcrumb\":{\"@id\":\"https:\/\/www.mrposter.com\/product\/polish-posters-basn-polska-polish-fairy-tales-boratynski-art\/#breadcrumb\"},\"inLanguage\":\"es\",\"potentialAction\":[{\"@type\":\"ReadAction\",\"target\":[\"https:\/\/www.mrposter.com\/product\/polish-posters-basn-polska-polish-fairy-tales-boratynski-art\/\"]}]},{\"@type\":\"ImageObject\",\"inLanguage\":\"es\",\"@id\":\"https:\/\/www.mrposter.com\/product\/polish-posters-basn-polska-polish-fairy-tales-boratynski-art\/#primaryimage\",\"url\":\"https:\/\/www.mrposter.com\/wp-content\/uploads\/2023\/08\/Basn-Polska-Boratynski.jpg\",\"contentUrl\":\"https:\/\/www.mrposter.com\/wp-content\/uploads\/2023\/08\/Basn-Polska-Boratynski.jpg\",\"width\":960,\"height\":1470},{\"@type\":\"BreadcrumbList\",\"@id\":\"https:\/\/www.mrposter.com\/product\/polish-posters-basn-polska-polish-fairy-tales-boratynski-art\/#breadcrumb\",\"itemListElement\":[{\"@type\":\"ListItem\",\"position\":1,\"name\":\"Home\",\"item\":\"https:\/\/www.mrposter.com\/\"},{\"@type\":\"ListItem\",\"position\":2,\"name\":\"Shop\",\"item\":\"https:\/\/www.mrposter.com\/es\/shop\/\"},{\"@type\":\"ListItem\",\"position\":3,\"name\":\"Vintage Polish Posters | Polish Fairy Tales | Boratynski\"}]},{\"@type\":\"WebSite\",\"@id\":\"https:\/\/www.mrposter.com\/#website\",\"url\":\"https:\/\/www.mrposter.com\/\",\"name\":\"Mr Poster\",\"description\":\"Vintage Posters - Polish and Others\",\"publisher\":{\"@id\":\"https:\/\/www.mrposter.com\/#organization\"},\"alternateName\":\"Mr. Poster, mrposter.com,\",\"potentialAction\":[{\"@type\":\"SearchAction\",\"target\":{\"@type\":\"EntryPoint\",\"urlTemplate\":\"https:\/\/www.mrposter.com\/?s={search_term_string}\"},\"query-input\":{\"@type\":\"PropertyValueSpecification\",\"valueRequired\":true,\"valueName\":\"search_term_string\"}}],\"inLanguage\":\"es\"},{\"@type\":\"Organization\",\"@id\":\"https:\/\/www.mrposter.com\/#organization\",\"name\":\"Mr. Poster\",\"url\":\"https:\/\/www.mrposter.com\/\",\"logo\":{\"@type\":\"ImageObject\",\"inLanguage\":\"es\",\"@id\":\"https:\/\/www.mrposter.com\/#\/schema\/logo\/image\/\",\"url\":\"https:\/\/www.mrposter.com\/wp-content\/uploads\/2018\/03\/mrposter2-Bold-Transparent-Mar-7-2018.png\",\"contentUrl\":\"https:\/\/www.mrposter.com\/wp-content\/uploads\/2018\/03\/mrposter2-Bold-Transparent-Mar-7-2018.png\",\"width\":1500,\"height\":1500,\"caption\":\"Mr. Poster\"},\"image\":{\"@id\":\"https:\/\/www.mrposter.com\/#\/schema\/logo\/image\/\"},\"sameAs\":[\"https:\/\/www.facebook.com\/mrpostergallery\/\",\"https:\/\/www.instagram.com\/mrpostergallery\/\"]}]}<\/script>\n<!-- \/ Yoast SEO plugin. -->","yoast_head_json":{"title":"Vintage Polish Posters | Polish Fairy Tales | Boratynski","description":"Own this rare and beautiful surreal 1965 Polish poster by Antoni Boratynski designed for the book \"Polish Fairy Tales\". Free shipping in the US 48 states.","robots":{"index":"index","follow":"follow","max-snippet":"max-snippet:-1","max-image-preview":"max-image-preview:large","max-video-preview":"max-video-preview:-1"},"canonical":"https:\/\/www.mrposter.com\/es\/producto\/polish-posters-basn-polska-polish-fairy-tales-boratynski-art\/","og_locale":"es_MX","og_type":"article","og_title":"Vintage Polish Posters | Polish Fairy Tales | Boratynski","og_description":"Own this rare and beautiful surreal 1965 Polish poster by Antoni Boratynski designed for the book \"Polish Fairy Tales\". Free shipping in the US 48 states.","og_url":"https:\/\/www.mrposter.com\/es\/producto\/polish-posters-basn-polska-polish-fairy-tales-boratynski-art\/","og_site_name":"Mr Poster","article_publisher":"https:\/\/www.facebook.com\/mrpostergallery\/","article_modified_time":"2024-11-24T22:23:44+00:00","og_image":[{"width":960,"height":1470,"url":"https:\/\/www.mrposter.com\/wp-content\/uploads\/2023\/08\/Basn-Polska-Boratynski.jpg","type":"image\/jpeg"}],"twitter_card":"summary_large_image","schema":{"@context":"https:\/\/schema.org","@graph":[{"@type":"WebPage","@id":"https:\/\/www.mrposter.com\/product\/polish-posters-basn-polska-polish-fairy-tales-boratynski-art\/","url":"https:\/\/www.mrposter.com\/product\/polish-posters-basn-polska-polish-fairy-tales-boratynski-art\/","name":"Vintage Polish Posters | Polish Fairy Tales | Boratynski","isPartOf":{"@id":"https:\/\/www.mrposter.com\/#website"},"primaryImageOfPage":{"@id":"https:\/\/www.mrposter.com\/product\/polish-posters-basn-polska-polish-fairy-tales-boratynski-art\/#primaryimage"},"image":{"@id":"https:\/\/www.mrposter.com\/product\/polish-posters-basn-polska-polish-fairy-tales-boratynski-art\/#primaryimage"},"thumbnailUrl":"https:\/\/www.mrposter.com\/wp-content\/uploads\/2023\/08\/Basn-Polska-Boratynski.jpg","datePublished":"2023-08-01T14:54:51+00:00","dateModified":"2024-11-24T22:23:44+00:00","description":"Own this rare and beautiful surreal 1965 Polish poster by Antoni Boratynski designed for the book \"Polish Fairy Tales\". Free shipping in the US 48 states.","breadcrumb":{"@id":"https:\/\/www.mrposter.com\/product\/polish-posters-basn-polska-polish-fairy-tales-boratynski-art\/#breadcrumb"},"inLanguage":"es","potentialAction":[{"@type":"ReadAction","target":["https:\/\/www.mrposter.com\/product\/polish-posters-basn-polska-polish-fairy-tales-boratynski-art\/"]}]},{"@type":"ImageObject","inLanguage":"es","@id":"https:\/\/www.mrposter.com\/product\/polish-posters-basn-polska-polish-fairy-tales-boratynski-art\/#primaryimage","url":"https:\/\/www.mrposter.com\/wp-content\/uploads\/2023\/08\/Basn-Polska-Boratynski.jpg","contentUrl":"https:\/\/www.mrposter.com\/wp-content\/uploads\/2023\/08\/Basn-Polska-Boratynski.jpg","width":960,"height":1470},{"@type":"BreadcrumbList","@id":"https:\/\/www.mrposter.com\/product\/polish-posters-basn-polska-polish-fairy-tales-boratynski-art\/#breadcrumb","itemListElement":[{"@type":"ListItem","position":1,"name":"Home","item":"https:\/\/www.mrposter.com\/"},{"@type":"ListItem","position":2,"name":"Shop","item":"https:\/\/www.mrposter.com\/es\/shop\/"},{"@type":"ListItem","position":3,"name":"Vintage Polish Posters | Polish Fairy Tales | Boratynski"}]},{"@type":"WebSite","@id":"https:\/\/www.mrposter.com\/#website","url":"https:\/\/www.mrposter.com\/","name":"Mr Poster","description":"Vintage Posters - Polish and Others","publisher":{"@id":"https:\/\/www.mrposter.com\/#organization"},"alternateName":"Mr. Poster, mrposter.com,","potentialAction":[{"@type":"SearchAction","target":{"@type":"EntryPoint","urlTemplate":"https:\/\/www.mrposter.com\/?s={search_term_string}"},"query-input":{"@type":"PropertyValueSpecification","valueRequired":true,"valueName":"search_term_string"}}],"inLanguage":"es"},{"@type":"Organization","@id":"https:\/\/www.mrposter.com\/#organization","name":"Mr. Poster","url":"https:\/\/www.mrposter.com\/","logo":{"@type":"ImageObject","inLanguage":"es","@id":"https:\/\/www.mrposter.com\/#\/schema\/logo\/image\/","url":"https:\/\/www.mrposter.com\/wp-content\/uploads\/2018\/03\/mrposter2-Bold-Transparent-Mar-7-2018.png","contentUrl":"https:\/\/www.mrposter.com\/wp-content\/uploads\/2018\/03\/mrposter2-Bold-Transparent-Mar-7-2018.png","width":1500,"height":1500,"caption":"Mr. Poster"},"image":{"@id":"https:\/\/www.mrposter.com\/#\/schema\/logo\/image\/"},"sameAs":["https:\/\/www.facebook.com\/mrpostergallery\/","https:\/\/www.instagram.com\/mrpostergallery\/"]}]}},"_links":{"self":[{"href":"https:\/\/www.mrposter.com\/es\/wp-json\/wp\/v2\/product\/3806","targetHints":{"allow":["GET"]}}],"collection":[{"href":"https:\/\/www.mrposter.com\/es\/wp-json\/wp\/v2\/product"}],"about":[{"href":"https:\/\/www.mrposter.com\/es\/wp-json\/wp\/v2\/types\/product"}],"wp:featuredmedia":[{"embeddable":true,"href":"https:\/\/www.mrposter.com\/es\/wp-json\/wp\/v2\/media\/3807"}],"wp:attachment":[{"href":"https:\/\/www.mrposter.com\/es\/wp-json\/wp\/v2\/media?parent=3806"}],"wp:term":[{"taxonomy":"product_brand","embeddable":true,"href":"https:\/\/www.mrposter.com\/es\/wp-json\/wp\/v2\/product_brand?post=3806"},{"taxonomy":"product_cat","embeddable":true,"href":"https:\/\/www.mrposter.com\/es\/wp-json\/wp\/v2\/product_cat?post=3806"},{"taxonomy":"product_tag","embeddable":true,"href":"https:\/\/www.mrposter.com\/es\/wp-json\/wp\/v2\/product_tag?post=3806"}],"curies":[{"name":"wp","href":"https:\/\/api.w.org\/{rel}","templated":true}]}}