{"id":3796,"date":"2023-07-31T13:49:48","date_gmt":"2023-07-31T17:49:48","guid":{"rendered":"https:\/\/www.mrposter.com\/?post_type=product&#038;p=3796"},"modified":"2024-08-08T15:02:40","modified_gmt":"2024-08-08T19:02:40","slug":"vintage-posters-andrzej-bator-nabucco-nebuchadnezzar-verdi","status":"publish","type":"product","link":"https:\/\/www.mrposter.com\/es\/producto\/vintage-posters-andrzej-bator-nabucco-nebuchadnezzar-verdi\/","title":{"rendered":"Vintage Polish Posters | Nabucco by Verdi | Andrzej Bator"},"content":{"rendered":"<p>Bator, Andrzej, Nabucco, Nebuchadnezzar, 1841, 1986, Giuseppe Verdi, Opera, Theater, Poland, Polish Posters, candlestick, snake, forked tongue, Near Mint Condition<\/p>","protected":false},"excerpt":{"rendered":"<p>Verdi&#8217;s opera <strong><em>Nabucco<\/em><\/strong> is a dramatic tale set in ancient Babylon and follows the plight of the Jewish people under the rule of <strong>King Nebuchadnezzar (Nabucco)<\/strong>. The story intertwines themes of love, power, and faith, centering on the Babylonian conquest of Jerusalem, the ensuing exile of the Jews, and Nabucco&#8217;s eventual descent into madness. The powerful and iconic &#8220;Va, pensiero&#8221; chorus, sung by the Hebrew slaves, epitomizes their longing for freedom and homeland, making <em>Nabucco<\/em> a poignant exploration of oppression and redemption.\u00a0The poster artist <strong>Andrzej Bator<\/strong> was born 1956 in \u0141\u00f3d\u017a, Poland. He graduated from the PWSSP (currently ASP) in \u0141\u00f3d\u017a, and obtained a diploma in workshop graphics and printing in 1976. He works with painting, graphic design, drawing, and posters. He participates in many individual and group exhibitions.<\/p>","protected":false},"featured_media":3797,"template":"","meta":[],"product_brand":[],"product_cat":[33,37],"product_tag":[5183,5074,5184,5064,5040,5042,5045],"class_list":{"0":"post-3796","1":"product","2":"type-product","3":"status-publish","4":"has-post-thumbnail","6":"product_cat-opera","7":"product_cat-theater","8":"product_tag-andrzejbator","9":"product_tag-artposters","10":"product_tag-nabucco","11":"product_tag-theaterposters","12":"product_tag-vintagepolishposters","13":"product_tag-vintageposters","14":"product_tag-verdi","15":"pa_artist-bator-andrzej-b-1956","16":"pa_director-author-giuseppe-verdi","17":"pa_genre-opera","18":"pa_genre-theater","19":"pa_grading-near-mint","20":"pa_poster-country-of-origin-poland","21":"pa_poster-year-1521","22":"pa_work-country-of-origin-italy","24":"first","25":"instock","26":"shipping-taxable","27":"purchasable","28":"product-type-simple","29":"czr-hentry"},"yoast_head":"<!-- This site is optimized with the Yoast SEO plugin v27.2 - https:\/\/yoast.com\/product\/yoast-seo-wordpress\/ -->\n<title>Vintage Polish Posters | Nabucco by Verdi | Andrzej Bator<\/title>\n<meta name=\"description\" content=\"Andrzej Bator\u00b4s vintage poster for Verdi\u00b4s 1841 opera Nabucco masterly conveys the epic drama and historical grandeur of the classic composition. FREE shipping in the US 48 states.\" \/>\n<meta name=\"robots\" content=\"index, follow, max-snippet:-1, max-image-preview:large, max-video-preview:-1\" \/>\n<link rel=\"canonical\" href=\"https:\/\/www.mrposter.com\/es\/producto\/vintage-posters-andrzej-bator-nabucco-nebuchadnezzar-verdi\/\" \/>\n<meta property=\"og:locale\" content=\"es_MX\" \/>\n<meta property=\"og:type\" content=\"article\" \/>\n<meta property=\"og:title\" content=\"Vintage Polish Posters | Nabucco by Verdi | Andrzej Bator\" \/>\n<meta property=\"og:description\" content=\"Andrzej Bator\u00b4s vintage poster for Verdi\u00b4s 1841 opera Nabucco masterly conveys the epic drama and historical grandeur of the classic composition. FREE shipping in the US 48 states.\" \/>\n<meta property=\"og:url\" content=\"https:\/\/www.mrposter.com\/es\/producto\/vintage-posters-andrzej-bator-nabucco-nebuchadnezzar-verdi\/\" \/>\n<meta property=\"og:site_name\" content=\"Mr Poster\" \/>\n<meta property=\"article:publisher\" content=\"https:\/\/www.facebook.com\/mrpostergallery\/\" \/>\n<meta property=\"article:modified_time\" content=\"2024-08-08T19:02:40+00:00\" \/>\n<meta property=\"og:image\" content=\"https:\/\/www.mrposter.com\/wp-content\/uploads\/2023\/07\/Nabucco-Bator.jpg\" \/>\n\t<meta property=\"og:image:width\" content=\"800\" \/>\n\t<meta property=\"og:image:height\" content=\"800\" \/>\n\t<meta property=\"og:image:type\" content=\"image\/jpeg\" \/>\n<meta name=\"twitter:card\" content=\"summary_large_image\" \/>\n<script type=\"application\/ld+json\" class=\"yoast-schema-graph\">{\"@context\":\"https:\/\/schema.org\",\"@graph\":[{\"@type\":\"WebPage\",\"@id\":\"https:\/\/www.mrposter.com\/product\/vintage-posters-andrzej-bator-nabucco-nebuchadnezzar-verdi\/\",\"url\":\"https:\/\/www.mrposter.com\/product\/vintage-posters-andrzej-bator-nabucco-nebuchadnezzar-verdi\/\",\"name\":\"Vintage Polish Posters | Nabucco by Verdi | Andrzej Bator\",\"isPartOf\":{\"@id\":\"https:\/\/www.mrposter.com\/#website\"},\"primaryImageOfPage\":{\"@id\":\"https:\/\/www.mrposter.com\/product\/vintage-posters-andrzej-bator-nabucco-nebuchadnezzar-verdi\/#primaryimage\"},\"image\":{\"@id\":\"https:\/\/www.mrposter.com\/product\/vintage-posters-andrzej-bator-nabucco-nebuchadnezzar-verdi\/#primaryimage\"},\"thumbnailUrl\":\"https:\/\/www.mrposter.com\/wp-content\/uploads\/2023\/07\/Nabucco-Bator.jpg\",\"datePublished\":\"2023-07-31T17:49:48+00:00\",\"dateModified\":\"2024-08-08T19:02:40+00:00\",\"description\":\"Andrzej Bator\u00b4s vintage poster for Verdi\u00b4s 1841 opera Nabucco masterly conveys the epic drama and historical grandeur of the classic composition. FREE shipping in the US 48 states.\",\"breadcrumb\":{\"@id\":\"https:\/\/www.mrposter.com\/product\/vintage-posters-andrzej-bator-nabucco-nebuchadnezzar-verdi\/#breadcrumb\"},\"inLanguage\":\"es\",\"potentialAction\":[{\"@type\":\"ReadAction\",\"target\":[\"https:\/\/www.mrposter.com\/product\/vintage-posters-andrzej-bator-nabucco-nebuchadnezzar-verdi\/\"]}]},{\"@type\":\"ImageObject\",\"inLanguage\":\"es\",\"@id\":\"https:\/\/www.mrposter.com\/product\/vintage-posters-andrzej-bator-nabucco-nebuchadnezzar-verdi\/#primaryimage\",\"url\":\"https:\/\/www.mrposter.com\/wp-content\/uploads\/2023\/07\/Nabucco-Bator.jpg\",\"contentUrl\":\"https:\/\/www.mrposter.com\/wp-content\/uploads\/2023\/07\/Nabucco-Bator.jpg\",\"width\":800,\"height\":800},{\"@type\":\"BreadcrumbList\",\"@id\":\"https:\/\/www.mrposter.com\/product\/vintage-posters-andrzej-bator-nabucco-nebuchadnezzar-verdi\/#breadcrumb\",\"itemListElement\":[{\"@type\":\"ListItem\",\"position\":1,\"name\":\"Home\",\"item\":\"https:\/\/www.mrposter.com\/\"},{\"@type\":\"ListItem\",\"position\":2,\"name\":\"Shop\",\"item\":\"https:\/\/www.mrposter.com\/es\/shop\/\"},{\"@type\":\"ListItem\",\"position\":3,\"name\":\"Vintage Polish Posters | Nabucco by Verdi | Andrzej Bator\"}]},{\"@type\":\"WebSite\",\"@id\":\"https:\/\/www.mrposter.com\/#website\",\"url\":\"https:\/\/www.mrposter.com\/\",\"name\":\"Mr Poster\",\"description\":\"Vintage Posters - Polish and Others\",\"publisher\":{\"@id\":\"https:\/\/www.mrposter.com\/#organization\"},\"alternateName\":\"Mr. Poster, mrposter.com,\",\"potentialAction\":[{\"@type\":\"SearchAction\",\"target\":{\"@type\":\"EntryPoint\",\"urlTemplate\":\"https:\/\/www.mrposter.com\/?s={search_term_string}\"},\"query-input\":{\"@type\":\"PropertyValueSpecification\",\"valueRequired\":true,\"valueName\":\"search_term_string\"}}],\"inLanguage\":\"es\"},{\"@type\":\"Organization\",\"@id\":\"https:\/\/www.mrposter.com\/#organization\",\"name\":\"Mr. Poster\",\"url\":\"https:\/\/www.mrposter.com\/\",\"logo\":{\"@type\":\"ImageObject\",\"inLanguage\":\"es\",\"@id\":\"https:\/\/www.mrposter.com\/#\/schema\/logo\/image\/\",\"url\":\"https:\/\/www.mrposter.com\/wp-content\/uploads\/2018\/03\/mrposter2-Bold-Transparent-Mar-7-2018.png\",\"contentUrl\":\"https:\/\/www.mrposter.com\/wp-content\/uploads\/2018\/03\/mrposter2-Bold-Transparent-Mar-7-2018.png\",\"width\":1500,\"height\":1500,\"caption\":\"Mr. Poster\"},\"image\":{\"@id\":\"https:\/\/www.mrposter.com\/#\/schema\/logo\/image\/\"},\"sameAs\":[\"https:\/\/www.facebook.com\/mrpostergallery\/\",\"https:\/\/www.instagram.com\/mrpostergallery\/\"]}]}<\/script>\n<!-- \/ Yoast SEO plugin. -->","yoast_head_json":{"title":"Vintage Polish Posters | Nabucco by Verdi | Andrzej Bator","description":"Andrzej Bator\u00b4s vintage poster for Verdi\u00b4s 1841 opera Nabucco masterly conveys the epic drama and historical grandeur of the classic composition. FREE shipping in the US 48 states.","robots":{"index":"index","follow":"follow","max-snippet":"max-snippet:-1","max-image-preview":"max-image-preview:large","max-video-preview":"max-video-preview:-1"},"canonical":"https:\/\/www.mrposter.com\/es\/producto\/vintage-posters-andrzej-bator-nabucco-nebuchadnezzar-verdi\/","og_locale":"es_MX","og_type":"article","og_title":"Vintage Polish Posters | Nabucco by Verdi | Andrzej Bator","og_description":"Andrzej Bator\u00b4s vintage poster for Verdi\u00b4s 1841 opera Nabucco masterly conveys the epic drama and historical grandeur of the classic composition. FREE shipping in the US 48 states.","og_url":"https:\/\/www.mrposter.com\/es\/producto\/vintage-posters-andrzej-bator-nabucco-nebuchadnezzar-verdi\/","og_site_name":"Mr Poster","article_publisher":"https:\/\/www.facebook.com\/mrpostergallery\/","article_modified_time":"2024-08-08T19:02:40+00:00","og_image":[{"width":800,"height":800,"url":"https:\/\/www.mrposter.com\/wp-content\/uploads\/2023\/07\/Nabucco-Bator.jpg","type":"image\/jpeg"}],"twitter_card":"summary_large_image","schema":{"@context":"https:\/\/schema.org","@graph":[{"@type":"WebPage","@id":"https:\/\/www.mrposter.com\/product\/vintage-posters-andrzej-bator-nabucco-nebuchadnezzar-verdi\/","url":"https:\/\/www.mrposter.com\/product\/vintage-posters-andrzej-bator-nabucco-nebuchadnezzar-verdi\/","name":"Vintage Polish Posters | Nabucco by Verdi | Andrzej Bator","isPartOf":{"@id":"https:\/\/www.mrposter.com\/#website"},"primaryImageOfPage":{"@id":"https:\/\/www.mrposter.com\/product\/vintage-posters-andrzej-bator-nabucco-nebuchadnezzar-verdi\/#primaryimage"},"image":{"@id":"https:\/\/www.mrposter.com\/product\/vintage-posters-andrzej-bator-nabucco-nebuchadnezzar-verdi\/#primaryimage"},"thumbnailUrl":"https:\/\/www.mrposter.com\/wp-content\/uploads\/2023\/07\/Nabucco-Bator.jpg","datePublished":"2023-07-31T17:49:48+00:00","dateModified":"2024-08-08T19:02:40+00:00","description":"Andrzej Bator\u00b4s vintage poster for Verdi\u00b4s 1841 opera Nabucco masterly conveys the epic drama and historical grandeur of the classic composition. FREE shipping in the US 48 states.","breadcrumb":{"@id":"https:\/\/www.mrposter.com\/product\/vintage-posters-andrzej-bator-nabucco-nebuchadnezzar-verdi\/#breadcrumb"},"inLanguage":"es","potentialAction":[{"@type":"ReadAction","target":["https:\/\/www.mrposter.com\/product\/vintage-posters-andrzej-bator-nabucco-nebuchadnezzar-verdi\/"]}]},{"@type":"ImageObject","inLanguage":"es","@id":"https:\/\/www.mrposter.com\/product\/vintage-posters-andrzej-bator-nabucco-nebuchadnezzar-verdi\/#primaryimage","url":"https:\/\/www.mrposter.com\/wp-content\/uploads\/2023\/07\/Nabucco-Bator.jpg","contentUrl":"https:\/\/www.mrposter.com\/wp-content\/uploads\/2023\/07\/Nabucco-Bator.jpg","width":800,"height":800},{"@type":"BreadcrumbList","@id":"https:\/\/www.mrposter.com\/product\/vintage-posters-andrzej-bator-nabucco-nebuchadnezzar-verdi\/#breadcrumb","itemListElement":[{"@type":"ListItem","position":1,"name":"Home","item":"https:\/\/www.mrposter.com\/"},{"@type":"ListItem","position":2,"name":"Shop","item":"https:\/\/www.mrposter.com\/es\/shop\/"},{"@type":"ListItem","position":3,"name":"Vintage Polish Posters | Nabucco by Verdi | Andrzej Bator"}]},{"@type":"WebSite","@id":"https:\/\/www.mrposter.com\/#website","url":"https:\/\/www.mrposter.com\/","name":"Mr Poster","description":"Vintage Posters - Polish and Others","publisher":{"@id":"https:\/\/www.mrposter.com\/#organization"},"alternateName":"Mr. Poster, mrposter.com,","potentialAction":[{"@type":"SearchAction","target":{"@type":"EntryPoint","urlTemplate":"https:\/\/www.mrposter.com\/?s={search_term_string}"},"query-input":{"@type":"PropertyValueSpecification","valueRequired":true,"valueName":"search_term_string"}}],"inLanguage":"es"},{"@type":"Organization","@id":"https:\/\/www.mrposter.com\/#organization","name":"Mr. Poster","url":"https:\/\/www.mrposter.com\/","logo":{"@type":"ImageObject","inLanguage":"es","@id":"https:\/\/www.mrposter.com\/#\/schema\/logo\/image\/","url":"https:\/\/www.mrposter.com\/wp-content\/uploads\/2018\/03\/mrposter2-Bold-Transparent-Mar-7-2018.png","contentUrl":"https:\/\/www.mrposter.com\/wp-content\/uploads\/2018\/03\/mrposter2-Bold-Transparent-Mar-7-2018.png","width":1500,"height":1500,"caption":"Mr. Poster"},"image":{"@id":"https:\/\/www.mrposter.com\/#\/schema\/logo\/image\/"},"sameAs":["https:\/\/www.facebook.com\/mrpostergallery\/","https:\/\/www.instagram.com\/mrpostergallery\/"]}]}},"_links":{"self":[{"href":"https:\/\/www.mrposter.com\/es\/wp-json\/wp\/v2\/product\/3796","targetHints":{"allow":["GET"]}}],"collection":[{"href":"https:\/\/www.mrposter.com\/es\/wp-json\/wp\/v2\/product"}],"about":[{"href":"https:\/\/www.mrposter.com\/es\/wp-json\/wp\/v2\/types\/product"}],"wp:featuredmedia":[{"embeddable":true,"href":"https:\/\/www.mrposter.com\/es\/wp-json\/wp\/v2\/media\/3797"}],"wp:attachment":[{"href":"https:\/\/www.mrposter.com\/es\/wp-json\/wp\/v2\/media?parent=3796"}],"wp:term":[{"taxonomy":"product_brand","embeddable":true,"href":"https:\/\/www.mrposter.com\/es\/wp-json\/wp\/v2\/product_brand?post=3796"},{"taxonomy":"product_cat","embeddable":true,"href":"https:\/\/www.mrposter.com\/es\/wp-json\/wp\/v2\/product_cat?post=3796"},{"taxonomy":"product_tag","embeddable":true,"href":"https:\/\/www.mrposter.com\/es\/wp-json\/wp\/v2\/product_tag?post=3796"}],"curies":[{"name":"wp","href":"https:\/\/api.w.org\/{rel}","templated":true}]}}