{"id":3792,"date":"2023-07-31T13:27:01","date_gmt":"2023-07-31T17:27:01","guid":{"rendered":"https:\/\/www.mrposter.com\/?post_type=product&#038;p=3792"},"modified":"2024-09-04T15:52:19","modified_gmt":"2024-09-04T19:52:19","slug":"la-boheme-puccini-waldemar-swierzy-opera-vintage-polish-posters","status":"publish","type":"product","link":"https:\/\/www.mrposter.com\/es\/producto\/la-boheme-puccini-waldemar-swierzy-opera-vintage-polish-posters\/","title":{"rendered":"Vintage Posters | La Boheme | Waldemar Swierzy"},"content":{"rendered":"<p>Swierzy, Waldemar, Cyganeria, La Boheme, 1896, 1980, Opera, Theater, Poland, Italy, Polish Posters, Mint Condition, Giacomo Puccini, Bohemian, black hat, paint splatter<\/p>","protected":false},"excerpt":{"rendered":"<p><i><b>La Boh\u00e8me<\/b><\/i> is an opera composed by\u00a0<a title=\"Giacomo Puccini\" href=\"https:\/\/en.wikipedia.org\/wiki\/Giacomo_Puccini\">Giacomo Puccini<\/a>\u00a0between 1893 and 1895 to an Italian\u00a0<a title=\"Libretto\" href=\"https:\/\/en.wikipedia.org\/wiki\/Libretto\">libretto<\/a>\u00a0by\u00a0<a title=\"Luigi Illica\" href=\"https:\/\/en.wikipedia.org\/wiki\/Luigi_Illica\">Luigi Illica<\/a>\u00a0and\u00a0<a title=\"Giuseppe Giacosa\" href=\"https:\/\/en.wikipedia.org\/wiki\/Giuseppe_Giacosa\">Giuseppe Giacosa<\/a>, based on\u00a0<i><a class=\"mw-redirect\" title=\"La Vie de Boh\u00e8me\" href=\"https:\/\/en.wikipedia.org\/wiki\/La_Vie_de_Boh%C3%A8me\">Sc\u00e8nes de la vie de boh\u00e8me<\/a><\/i>\u00a0(1851) by\u00a0<a title=\"Henri Murger\" href=\"https:\/\/en.wikipedia.org\/wiki\/Henri_Murger\">Henri Murger<\/a>.<sup id=\"cite_ref-FOOTNOTEGroosParker19861_3-0\" class=\"reference\"><\/sup>\u00a0The story is set in Paris around 1830 and shows the\u00a0<a title=\"Bohemianism\" href=\"https:\/\/en.wikipedia.org\/wiki\/Bohemianism\">Bohemian lifestyle<\/a>\u00a0(known in French as &#8220;<span title=\"French-language text\"><i lang=\"fr\">la boh\u00e8me<\/i><\/span>&#8220;) of a poor seamstress and her artist friends. The poster artist <strong>Waldemar \u015awierzy<\/strong> (1931-2013) was a renowned Polish graphic designer and a pivotal figure in the Polish School of Posters. Born in Katowice, \u015awierzy graduated from the Academy of Fine Arts in Krak\u00f3w in 1952. Over his prolific career, he created over 2,500 posters, contributing significantly to the cultural and artistic landscape of Poland. \u015awierzy&#8217;s work is characterized by its vibrant colors, dynamic compositions, and innovative use of typography. His posters cover a wide range of subjects, including film, theater, music, and cultural events, often blending abstract and figurative elements to convey powerful messages. In addition to his poster work, \u015awierzy was a respected educator, teaching at the Academy of Fine Arts in Warsaw and Pozna\u0144. He received numerous awards and international recognition, including the prestigious Toulouse-Lautrec Prize. \u015awierzy&#8217;s legacy endures through his influential designs, which continue to inspire and captivate audiences worldwide.<\/p>","protected":false},"featured_media":3793,"template":"","meta":[],"product_brand":[],"product_cat":[33,37],"product_tag":[5074,5061,5060,5041,5079,5067,4891],"class_list":{"0":"post-3792","1":"product","2":"type-product","3":"status-publish","4":"has-post-thumbnail","6":"product_cat-opera","7":"product_cat-theater","8":"product_tag-artposters","9":"product_tag-graphicart","10":"product_tag-mrposter-com-vintageposters","11":"product_tag-polishposters","12":"product_tag-vintageposterart","13":"product_tag-waldemarswierzy","14":"product_tag-posters","15":"pa_artist-swierzy-waldemar-1931-2013","16":"pa_director-author-giuseppe-verdi","17":"pa_genre-opera","18":"pa_genre-theater","19":"pa_grading-mint","20":"pa_poster-country-of-origin-poland","21":"pa_poster-year-1437","22":"pa_work-country-of-origin-italy","24":"first","25":"instock","26":"shipping-taxable","27":"purchasable","28":"product-type-simple","29":"czr-hentry"},"yoast_head":"<!-- This site is optimized with the Yoast SEO plugin v27.2 - https:\/\/yoast.com\/product\/yoast-seo-wordpress\/ -->\n<title>Vintage Posters | La Boheme | Waldemar Swierzy<\/title>\n<meta name=\"description\" content=\"Jazz up your home with Waldemar Swierzy\u00b4s vintage Polish poster for Puccini\u00b4s &quot;La Boheme&quot;. FREE shipping in the US 48 states.\" \/>\n<meta name=\"robots\" content=\"index, follow, max-snippet:-1, max-image-preview:large, max-video-preview:-1\" \/>\n<link rel=\"canonical\" href=\"https:\/\/www.mrposter.com\/es\/producto\/la-boheme-puccini-waldemar-swierzy-opera-vintage-polish-posters\/\" \/>\n<meta property=\"og:locale\" content=\"es_MX\" \/>\n<meta property=\"og:type\" content=\"article\" \/>\n<meta property=\"og:title\" content=\"Vintage Posters | La Boheme | Waldemar Swierzy\" \/>\n<meta property=\"og:description\" content=\"Jazz up your home with Waldemar Swierzy\u00b4s vintage Polish poster for Puccini\u00b4s &quot;La Boheme&quot;. FREE shipping in the US 48 states.\" \/>\n<meta property=\"og:url\" content=\"https:\/\/www.mrposter.com\/es\/producto\/la-boheme-puccini-waldemar-swierzy-opera-vintage-polish-posters\/\" \/>\n<meta property=\"og:site_name\" content=\"Mr Poster\" \/>\n<meta property=\"article:publisher\" content=\"https:\/\/www.facebook.com\/mrpostergallery\/\" \/>\n<meta property=\"article:modified_time\" content=\"2024-09-04T19:52:19+00:00\" \/>\n<meta property=\"og:image\" content=\"https:\/\/www.mrposter.com\/wp-content\/uploads\/2023\/07\/Cyganeria-Swierzy.jpg\" \/>\n\t<meta property=\"og:image:width\" content=\"1073\" \/>\n\t<meta property=\"og:image:height\" content=\"1500\" \/>\n\t<meta property=\"og:image:type\" content=\"image\/jpeg\" \/>\n<meta name=\"twitter:card\" content=\"summary_large_image\" \/>\n<script type=\"application\/ld+json\" class=\"yoast-schema-graph\">{\"@context\":\"https:\/\/schema.org\",\"@graph\":[{\"@type\":\"WebPage\",\"@id\":\"https:\/\/www.mrposter.com\/product\/la-boheme-puccini-waldemar-swierzy-opera-vintage-polish-posters\/\",\"url\":\"https:\/\/www.mrposter.com\/product\/la-boheme-puccini-waldemar-swierzy-opera-vintage-polish-posters\/\",\"name\":\"Vintage Posters | La Boheme | Waldemar Swierzy\",\"isPartOf\":{\"@id\":\"https:\/\/www.mrposter.com\/#website\"},\"primaryImageOfPage\":{\"@id\":\"https:\/\/www.mrposter.com\/product\/la-boheme-puccini-waldemar-swierzy-opera-vintage-polish-posters\/#primaryimage\"},\"image\":{\"@id\":\"https:\/\/www.mrposter.com\/product\/la-boheme-puccini-waldemar-swierzy-opera-vintage-polish-posters\/#primaryimage\"},\"thumbnailUrl\":\"https:\/\/www.mrposter.com\/wp-content\/uploads\/2023\/07\/Cyganeria-Swierzy.jpg\",\"datePublished\":\"2023-07-31T17:27:01+00:00\",\"dateModified\":\"2024-09-04T19:52:19+00:00\",\"description\":\"Jazz up your home with Waldemar Swierzy\u00b4s vintage Polish poster for Puccini\u00b4s \\\"La Boheme\\\". FREE shipping in the US 48 states.\",\"breadcrumb\":{\"@id\":\"https:\/\/www.mrposter.com\/product\/la-boheme-puccini-waldemar-swierzy-opera-vintage-polish-posters\/#breadcrumb\"},\"inLanguage\":\"es\",\"potentialAction\":[{\"@type\":\"ReadAction\",\"target\":[\"https:\/\/www.mrposter.com\/product\/la-boheme-puccini-waldemar-swierzy-opera-vintage-polish-posters\/\"]}]},{\"@type\":\"ImageObject\",\"inLanguage\":\"es\",\"@id\":\"https:\/\/www.mrposter.com\/product\/la-boheme-puccini-waldemar-swierzy-opera-vintage-polish-posters\/#primaryimage\",\"url\":\"https:\/\/www.mrposter.com\/wp-content\/uploads\/2023\/07\/Cyganeria-Swierzy.jpg\",\"contentUrl\":\"https:\/\/www.mrposter.com\/wp-content\/uploads\/2023\/07\/Cyganeria-Swierzy.jpg\",\"width\":1073,\"height\":1500},{\"@type\":\"BreadcrumbList\",\"@id\":\"https:\/\/www.mrposter.com\/product\/la-boheme-puccini-waldemar-swierzy-opera-vintage-polish-posters\/#breadcrumb\",\"itemListElement\":[{\"@type\":\"ListItem\",\"position\":1,\"name\":\"Home\",\"item\":\"https:\/\/www.mrposter.com\/\"},{\"@type\":\"ListItem\",\"position\":2,\"name\":\"Shop\",\"item\":\"https:\/\/www.mrposter.com\/es\/shop\/\"},{\"@type\":\"ListItem\",\"position\":3,\"name\":\"Vintage Posters | La Boheme | Waldemar Swierzy\"}]},{\"@type\":\"WebSite\",\"@id\":\"https:\/\/www.mrposter.com\/#website\",\"url\":\"https:\/\/www.mrposter.com\/\",\"name\":\"Mr Poster\",\"description\":\"Vintage Posters - Polish and Others\",\"publisher\":{\"@id\":\"https:\/\/www.mrposter.com\/#organization\"},\"alternateName\":\"Mr. Poster, mrposter.com,\",\"potentialAction\":[{\"@type\":\"SearchAction\",\"target\":{\"@type\":\"EntryPoint\",\"urlTemplate\":\"https:\/\/www.mrposter.com\/?s={search_term_string}\"},\"query-input\":{\"@type\":\"PropertyValueSpecification\",\"valueRequired\":true,\"valueName\":\"search_term_string\"}}],\"inLanguage\":\"es\"},{\"@type\":\"Organization\",\"@id\":\"https:\/\/www.mrposter.com\/#organization\",\"name\":\"Mr. Poster\",\"url\":\"https:\/\/www.mrposter.com\/\",\"logo\":{\"@type\":\"ImageObject\",\"inLanguage\":\"es\",\"@id\":\"https:\/\/www.mrposter.com\/#\/schema\/logo\/image\/\",\"url\":\"https:\/\/www.mrposter.com\/wp-content\/uploads\/2018\/03\/mrposter2-Bold-Transparent-Mar-7-2018.png\",\"contentUrl\":\"https:\/\/www.mrposter.com\/wp-content\/uploads\/2018\/03\/mrposter2-Bold-Transparent-Mar-7-2018.png\",\"width\":1500,\"height\":1500,\"caption\":\"Mr. Poster\"},\"image\":{\"@id\":\"https:\/\/www.mrposter.com\/#\/schema\/logo\/image\/\"},\"sameAs\":[\"https:\/\/www.facebook.com\/mrpostergallery\/\",\"https:\/\/www.instagram.com\/mrpostergallery\/\"]}]}<\/script>\n<!-- \/ Yoast SEO plugin. -->","yoast_head_json":{"title":"Vintage Posters | La Boheme | Waldemar Swierzy","description":"Jazz up your home with Waldemar Swierzy\u00b4s vintage Polish poster for Puccini\u00b4s \"La Boheme\". FREE shipping in the US 48 states.","robots":{"index":"index","follow":"follow","max-snippet":"max-snippet:-1","max-image-preview":"max-image-preview:large","max-video-preview":"max-video-preview:-1"},"canonical":"https:\/\/www.mrposter.com\/es\/producto\/la-boheme-puccini-waldemar-swierzy-opera-vintage-polish-posters\/","og_locale":"es_MX","og_type":"article","og_title":"Vintage Posters | La Boheme | Waldemar Swierzy","og_description":"Jazz up your home with Waldemar Swierzy\u00b4s vintage Polish poster for Puccini\u00b4s \"La Boheme\". FREE shipping in the US 48 states.","og_url":"https:\/\/www.mrposter.com\/es\/producto\/la-boheme-puccini-waldemar-swierzy-opera-vintage-polish-posters\/","og_site_name":"Mr Poster","article_publisher":"https:\/\/www.facebook.com\/mrpostergallery\/","article_modified_time":"2024-09-04T19:52:19+00:00","og_image":[{"width":1073,"height":1500,"url":"https:\/\/www.mrposter.com\/wp-content\/uploads\/2023\/07\/Cyganeria-Swierzy.jpg","type":"image\/jpeg"}],"twitter_card":"summary_large_image","schema":{"@context":"https:\/\/schema.org","@graph":[{"@type":"WebPage","@id":"https:\/\/www.mrposter.com\/product\/la-boheme-puccini-waldemar-swierzy-opera-vintage-polish-posters\/","url":"https:\/\/www.mrposter.com\/product\/la-boheme-puccini-waldemar-swierzy-opera-vintage-polish-posters\/","name":"Vintage Posters | La Boheme | Waldemar Swierzy","isPartOf":{"@id":"https:\/\/www.mrposter.com\/#website"},"primaryImageOfPage":{"@id":"https:\/\/www.mrposter.com\/product\/la-boheme-puccini-waldemar-swierzy-opera-vintage-polish-posters\/#primaryimage"},"image":{"@id":"https:\/\/www.mrposter.com\/product\/la-boheme-puccini-waldemar-swierzy-opera-vintage-polish-posters\/#primaryimage"},"thumbnailUrl":"https:\/\/www.mrposter.com\/wp-content\/uploads\/2023\/07\/Cyganeria-Swierzy.jpg","datePublished":"2023-07-31T17:27:01+00:00","dateModified":"2024-09-04T19:52:19+00:00","description":"Jazz up your home with Waldemar Swierzy\u00b4s vintage Polish poster for Puccini\u00b4s \"La Boheme\". FREE shipping in the US 48 states.","breadcrumb":{"@id":"https:\/\/www.mrposter.com\/product\/la-boheme-puccini-waldemar-swierzy-opera-vintage-polish-posters\/#breadcrumb"},"inLanguage":"es","potentialAction":[{"@type":"ReadAction","target":["https:\/\/www.mrposter.com\/product\/la-boheme-puccini-waldemar-swierzy-opera-vintage-polish-posters\/"]}]},{"@type":"ImageObject","inLanguage":"es","@id":"https:\/\/www.mrposter.com\/product\/la-boheme-puccini-waldemar-swierzy-opera-vintage-polish-posters\/#primaryimage","url":"https:\/\/www.mrposter.com\/wp-content\/uploads\/2023\/07\/Cyganeria-Swierzy.jpg","contentUrl":"https:\/\/www.mrposter.com\/wp-content\/uploads\/2023\/07\/Cyganeria-Swierzy.jpg","width":1073,"height":1500},{"@type":"BreadcrumbList","@id":"https:\/\/www.mrposter.com\/product\/la-boheme-puccini-waldemar-swierzy-opera-vintage-polish-posters\/#breadcrumb","itemListElement":[{"@type":"ListItem","position":1,"name":"Home","item":"https:\/\/www.mrposter.com\/"},{"@type":"ListItem","position":2,"name":"Shop","item":"https:\/\/www.mrposter.com\/es\/shop\/"},{"@type":"ListItem","position":3,"name":"Vintage Posters | La Boheme | Waldemar Swierzy"}]},{"@type":"WebSite","@id":"https:\/\/www.mrposter.com\/#website","url":"https:\/\/www.mrposter.com\/","name":"Mr Poster","description":"Vintage Posters - Polish and Others","publisher":{"@id":"https:\/\/www.mrposter.com\/#organization"},"alternateName":"Mr. Poster, mrposter.com,","potentialAction":[{"@type":"SearchAction","target":{"@type":"EntryPoint","urlTemplate":"https:\/\/www.mrposter.com\/?s={search_term_string}"},"query-input":{"@type":"PropertyValueSpecification","valueRequired":true,"valueName":"search_term_string"}}],"inLanguage":"es"},{"@type":"Organization","@id":"https:\/\/www.mrposter.com\/#organization","name":"Mr. Poster","url":"https:\/\/www.mrposter.com\/","logo":{"@type":"ImageObject","inLanguage":"es","@id":"https:\/\/www.mrposter.com\/#\/schema\/logo\/image\/","url":"https:\/\/www.mrposter.com\/wp-content\/uploads\/2018\/03\/mrposter2-Bold-Transparent-Mar-7-2018.png","contentUrl":"https:\/\/www.mrposter.com\/wp-content\/uploads\/2018\/03\/mrposter2-Bold-Transparent-Mar-7-2018.png","width":1500,"height":1500,"caption":"Mr. Poster"},"image":{"@id":"https:\/\/www.mrposter.com\/#\/schema\/logo\/image\/"},"sameAs":["https:\/\/www.facebook.com\/mrpostergallery\/","https:\/\/www.instagram.com\/mrpostergallery\/"]}]}},"_links":{"self":[{"href":"https:\/\/www.mrposter.com\/es\/wp-json\/wp\/v2\/product\/3792","targetHints":{"allow":["GET"]}}],"collection":[{"href":"https:\/\/www.mrposter.com\/es\/wp-json\/wp\/v2\/product"}],"about":[{"href":"https:\/\/www.mrposter.com\/es\/wp-json\/wp\/v2\/types\/product"}],"wp:featuredmedia":[{"embeddable":true,"href":"https:\/\/www.mrposter.com\/es\/wp-json\/wp\/v2\/media\/3793"}],"wp:attachment":[{"href":"https:\/\/www.mrposter.com\/es\/wp-json\/wp\/v2\/media?parent=3792"}],"wp:term":[{"taxonomy":"product_brand","embeddable":true,"href":"https:\/\/www.mrposter.com\/es\/wp-json\/wp\/v2\/product_brand?post=3792"},{"taxonomy":"product_cat","embeddable":true,"href":"https:\/\/www.mrposter.com\/es\/wp-json\/wp\/v2\/product_cat?post=3792"},{"taxonomy":"product_tag","embeddable":true,"href":"https:\/\/www.mrposter.com\/es\/wp-json\/wp\/v2\/product_tag?post=3792"}],"curies":[{"name":"wp","href":"https:\/\/api.w.org\/{rel}","templated":true}]}}