{"id":3766,"date":"2023-07-27T15:12:49","date_gmt":"2023-07-27T19:12:49","guid":{"rendered":"https:\/\/www.mrposter.com\/?post_type=product&#038;p=3766"},"modified":"2024-05-29T15:50:00","modified_gmt":"2024-05-29T19:50:00","slug":"tribulations-of-balthazar-kober-polish-poster-pagowski-wojciech-has","status":"publish","type":"product","link":"https:\/\/www.mrposter.com\/es\/producto\/tribulations-of-balthazar-kober-polish-poster-pagowski-wojciech-has\/","title":{"rendered":"Vintage Polish Posters | Tribulations of Balthazar Kober | Pagowski"},"content":{"rendered":"<p>Pagowski, Andrzej, Niezwykla Podroz Baltazara Kobera, The Tribulations of Balthazar Kober, 1988, Film, Poland, Polish Posters, Mint Condition, Wojciech Has, Rafal Wieczynski, Michael Lonsdale, Adrianna Biedrzynska, candle, mask, weird face, mouth, woman,<\/p>","protected":false},"excerpt":{"rendered":"<p><i><b>The Tribulations of Balthazar Kober<\/b><\/i>\u00a0(<a title=\"Polish language\" href=\"https:\/\/en.wikipedia.org\/wiki\/Polish_language\">Polish<\/a>:\u00a0<i lang=\"pl\"><b>Niezwyk\u0142a podr\u00f3\u017c Baltazara Kobera<\/b><\/i>) is a 1988 Polish film directed by\u00a0<a class=\"mw-redirect\" title=\"Wojciech Jerzy Has\" href=\"https:\/\/en.wikipedia.org\/wiki\/Wojciech_Jerzy_Has\">Wojciech Jerzy Has<\/a>, starring Rafal Wieczynski,\u00a0<a title=\"Michael Lonsdale\" href=\"https:\/\/en.wikipedia.org\/wiki\/Michael_Lonsdale\">Michael Lonsdale<\/a>,\u00a0<a title=\"Adrianna Biedrzy\u0144ska\" href=\"https:\/\/en.wikipedia.org\/wiki\/Adrianna_Biedrzy%C5%84ska\">Adrianna Biedrzy\u0144ska<\/a>,\u00a0<a title=\"Gabriela Kownacka\" href=\"https:\/\/en.wikipedia.org\/wiki\/Gabriela_Kownacka\">Gabriela Kownacka<\/a>,\u00a0<a title=\"Emmanuelle Riva\" href=\"https:\/\/en.wikipedia.org\/wiki\/Emmanuelle_Riva\">Emmanuelle Riva<\/a>. The film is an adaptation of a novel by\u00a0<a title=\"Fr\u00e9d\u00e9rick Tristan\" href=\"https:\/\/en.wikipedia.org\/wiki\/Fr%C3%A9d%C3%A9rick_Tristan\">Fr\u00e9d\u00e9rick Tristan<\/a> that follows a young man as he travels across plague-stricken 16th century Germany. The poster artist<strong> Andrzej Pagowski<\/strong> was born in Warsaw, Poland, in 1953 and is an artist specializing in graphic design and poster art. P\u0105gowski graduated from The State University of Fine Arts in Poznan in 1978 and began to design posters, which has since become his main interest. In addition to posters, he designs theatrical settings, prints and catalogs. One of the younger artists of Polish School of Posters, in 1990 he created his own graphic studio, STUDIO P, which developed into an advertising agency in 1993 and continues in operation today. In 1992, he became art director of the Polish edition of <em>Playboy<\/em> magazine.<sup>.<\/sup> His work is characterized by a \u201cflick of the wrist\u201d style, including spontaneous, handwritten details and typography. His art can be found in many European museums as well as the <em>Museum of Modern Art (MoMA)<\/em> in New York. He also has had one-man shows in Stockholm, Paris, London and Warsaw.<\/p>","protected":false},"featured_media":3767,"template":"","meta":[],"product_brand":[],"product_cat":[31],"product_tag":[5074,5062,5061,5060,5040,5079,5042],"class_list":{"0":"post-3766","1":"product","2":"type-product","3":"status-publish","4":"has-post-thumbnail","6":"product_cat-film","7":"product_tag-artposters","8":"product_tag-artwork","9":"product_tag-graphicart","10":"product_tag-mrposter-com-vintageposters","11":"product_tag-vintagepolishposters","12":"product_tag-vintageposterart","13":"product_tag-vintageposters","14":"pa_artist-pagowski-andrzej-b-1953","15":"pa_cast-rafal-wieczynski-michael-lonsdale-adrianna-biedrzynska","16":"pa_director-author-wojciech-has","17":"pa_genre-film","18":"pa_grading-mint","19":"pa_poster-country-of-origin-poland","20":"pa_poster-year-795","22":"first","23":"instock","24":"shipping-taxable","25":"purchasable","26":"product-type-simple","27":"czr-hentry"},"yoast_head":"<!-- This site is optimized with the Yoast SEO plugin v27.2 - https:\/\/yoast.com\/product\/yoast-seo-wordpress\/ -->\n<title>Vintage Polish Posters | Tribulations of Balthazar Kober | Pagowski<\/title>\n<meta name=\"description\" content=\"Own this stunning masterpiece of vintage film art by Andrzej Pagowski for the 1988 film &quot;The Tribulations of Balthazar Kober&quot;. FREE shipping in the 48 US states.\" \/>\n<meta name=\"robots\" content=\"index, follow, max-snippet:-1, max-image-preview:large, max-video-preview:-1\" \/>\n<link rel=\"canonical\" href=\"https:\/\/www.mrposter.com\/es\/producto\/tribulations-of-balthazar-kober-polish-poster-pagowski-wojciech-has\/\" \/>\n<meta property=\"og:locale\" content=\"es_MX\" \/>\n<meta property=\"og:type\" content=\"article\" \/>\n<meta property=\"og:title\" content=\"Vintage Polish Posters | Tribulations of Balthazar Kober | Pagowski\" \/>\n<meta property=\"og:description\" content=\"Own this stunning masterpiece of vintage film art by Andrzej Pagowski for the 1988 film &quot;The Tribulations of Balthazar Kober&quot;. FREE shipping in the 48 US states.\" \/>\n<meta property=\"og:url\" content=\"https:\/\/www.mrposter.com\/es\/producto\/tribulations-of-balthazar-kober-polish-poster-pagowski-wojciech-has\/\" \/>\n<meta property=\"og:site_name\" content=\"Mr Poster\" \/>\n<meta property=\"article:publisher\" content=\"https:\/\/www.facebook.com\/mrpostergallery\/\" \/>\n<meta property=\"article:modified_time\" content=\"2024-05-29T19:50:00+00:00\" \/>\n<meta property=\"og:image\" content=\"https:\/\/www.mrposter.com\/wp-content\/uploads\/2023\/07\/Niezwykla-Podroz-Pagowski.jpg\" \/>\n\t<meta property=\"og:image:width\" content=\"458\" \/>\n\t<meta property=\"og:image:height\" content=\"458\" \/>\n\t<meta property=\"og:image:type\" content=\"image\/jpeg\" \/>\n<meta name=\"twitter:card\" content=\"summary_large_image\" \/>\n<script type=\"application\/ld+json\" class=\"yoast-schema-graph\">{\"@context\":\"https:\/\/schema.org\",\"@graph\":[{\"@type\":\"WebPage\",\"@id\":\"https:\/\/www.mrposter.com\/product\/tribulations-of-balthazar-kober-polish-poster-pagowski-wojciech-has\/\",\"url\":\"https:\/\/www.mrposter.com\/product\/tribulations-of-balthazar-kober-polish-poster-pagowski-wojciech-has\/\",\"name\":\"Vintage Polish Posters | Tribulations of Balthazar Kober | Pagowski\",\"isPartOf\":{\"@id\":\"https:\/\/www.mrposter.com\/#website\"},\"primaryImageOfPage\":{\"@id\":\"https:\/\/www.mrposter.com\/product\/tribulations-of-balthazar-kober-polish-poster-pagowski-wojciech-has\/#primaryimage\"},\"image\":{\"@id\":\"https:\/\/www.mrposter.com\/product\/tribulations-of-balthazar-kober-polish-poster-pagowski-wojciech-has\/#primaryimage\"},\"thumbnailUrl\":\"https:\/\/www.mrposter.com\/wp-content\/uploads\/2023\/07\/Niezwykla-Podroz-Pagowski.jpg\",\"datePublished\":\"2023-07-27T19:12:49+00:00\",\"dateModified\":\"2024-05-29T19:50:00+00:00\",\"description\":\"Own this stunning masterpiece of vintage film art by Andrzej Pagowski for the 1988 film \\\"The Tribulations of Balthazar Kober\\\". FREE shipping in the 48 US states.\",\"breadcrumb\":{\"@id\":\"https:\/\/www.mrposter.com\/product\/tribulations-of-balthazar-kober-polish-poster-pagowski-wojciech-has\/#breadcrumb\"},\"inLanguage\":\"es\",\"potentialAction\":[{\"@type\":\"ReadAction\",\"target\":[\"https:\/\/www.mrposter.com\/product\/tribulations-of-balthazar-kober-polish-poster-pagowski-wojciech-has\/\"]}]},{\"@type\":\"ImageObject\",\"inLanguage\":\"es\",\"@id\":\"https:\/\/www.mrposter.com\/product\/tribulations-of-balthazar-kober-polish-poster-pagowski-wojciech-has\/#primaryimage\",\"url\":\"https:\/\/www.mrposter.com\/wp-content\/uploads\/2023\/07\/Niezwykla-Podroz-Pagowski.jpg\",\"contentUrl\":\"https:\/\/www.mrposter.com\/wp-content\/uploads\/2023\/07\/Niezwykla-Podroz-Pagowski.jpg\",\"width\":458,\"height\":458},{\"@type\":\"BreadcrumbList\",\"@id\":\"https:\/\/www.mrposter.com\/product\/tribulations-of-balthazar-kober-polish-poster-pagowski-wojciech-has\/#breadcrumb\",\"itemListElement\":[{\"@type\":\"ListItem\",\"position\":1,\"name\":\"Home\",\"item\":\"https:\/\/www.mrposter.com\/\"},{\"@type\":\"ListItem\",\"position\":2,\"name\":\"Shop\",\"item\":\"https:\/\/www.mrposter.com\/es\/shop\/\"},{\"@type\":\"ListItem\",\"position\":3,\"name\":\"Vintage Polish Posters | Tribulations of Balthazar Kober | Pagowski\"}]},{\"@type\":\"WebSite\",\"@id\":\"https:\/\/www.mrposter.com\/#website\",\"url\":\"https:\/\/www.mrposter.com\/\",\"name\":\"Mr Poster\",\"description\":\"Vintage Posters - Polish and Others\",\"publisher\":{\"@id\":\"https:\/\/www.mrposter.com\/#organization\"},\"alternateName\":\"Mr. Poster, mrposter.com,\",\"potentialAction\":[{\"@type\":\"SearchAction\",\"target\":{\"@type\":\"EntryPoint\",\"urlTemplate\":\"https:\/\/www.mrposter.com\/?s={search_term_string}\"},\"query-input\":{\"@type\":\"PropertyValueSpecification\",\"valueRequired\":true,\"valueName\":\"search_term_string\"}}],\"inLanguage\":\"es\"},{\"@type\":\"Organization\",\"@id\":\"https:\/\/www.mrposter.com\/#organization\",\"name\":\"Mr. Poster\",\"url\":\"https:\/\/www.mrposter.com\/\",\"logo\":{\"@type\":\"ImageObject\",\"inLanguage\":\"es\",\"@id\":\"https:\/\/www.mrposter.com\/#\/schema\/logo\/image\/\",\"url\":\"https:\/\/www.mrposter.com\/wp-content\/uploads\/2018\/03\/mrposter2-Bold-Transparent-Mar-7-2018.png\",\"contentUrl\":\"https:\/\/www.mrposter.com\/wp-content\/uploads\/2018\/03\/mrposter2-Bold-Transparent-Mar-7-2018.png\",\"width\":1500,\"height\":1500,\"caption\":\"Mr. Poster\"},\"image\":{\"@id\":\"https:\/\/www.mrposter.com\/#\/schema\/logo\/image\/\"},\"sameAs\":[\"https:\/\/www.facebook.com\/mrpostergallery\/\",\"https:\/\/www.instagram.com\/mrpostergallery\/\"]}]}<\/script>\n<!-- \/ Yoast SEO plugin. -->","yoast_head_json":{"title":"Vintage Polish Posters | Tribulations of Balthazar Kober | Pagowski","description":"Own this stunning masterpiece of vintage film art by Andrzej Pagowski for the 1988 film \"The Tribulations of Balthazar Kober\". FREE shipping in the 48 US states.","robots":{"index":"index","follow":"follow","max-snippet":"max-snippet:-1","max-image-preview":"max-image-preview:large","max-video-preview":"max-video-preview:-1"},"canonical":"https:\/\/www.mrposter.com\/es\/producto\/tribulations-of-balthazar-kober-polish-poster-pagowski-wojciech-has\/","og_locale":"es_MX","og_type":"article","og_title":"Vintage Polish Posters | Tribulations of Balthazar Kober | Pagowski","og_description":"Own this stunning masterpiece of vintage film art by Andrzej Pagowski for the 1988 film \"The Tribulations of Balthazar Kober\". FREE shipping in the 48 US states.","og_url":"https:\/\/www.mrposter.com\/es\/producto\/tribulations-of-balthazar-kober-polish-poster-pagowski-wojciech-has\/","og_site_name":"Mr Poster","article_publisher":"https:\/\/www.facebook.com\/mrpostergallery\/","article_modified_time":"2024-05-29T19:50:00+00:00","og_image":[{"width":458,"height":458,"url":"https:\/\/www.mrposter.com\/wp-content\/uploads\/2023\/07\/Niezwykla-Podroz-Pagowski.jpg","type":"image\/jpeg"}],"twitter_card":"summary_large_image","schema":{"@context":"https:\/\/schema.org","@graph":[{"@type":"WebPage","@id":"https:\/\/www.mrposter.com\/product\/tribulations-of-balthazar-kober-polish-poster-pagowski-wojciech-has\/","url":"https:\/\/www.mrposter.com\/product\/tribulations-of-balthazar-kober-polish-poster-pagowski-wojciech-has\/","name":"Vintage Polish Posters | Tribulations of Balthazar Kober | Pagowski","isPartOf":{"@id":"https:\/\/www.mrposter.com\/#website"},"primaryImageOfPage":{"@id":"https:\/\/www.mrposter.com\/product\/tribulations-of-balthazar-kober-polish-poster-pagowski-wojciech-has\/#primaryimage"},"image":{"@id":"https:\/\/www.mrposter.com\/product\/tribulations-of-balthazar-kober-polish-poster-pagowski-wojciech-has\/#primaryimage"},"thumbnailUrl":"https:\/\/www.mrposter.com\/wp-content\/uploads\/2023\/07\/Niezwykla-Podroz-Pagowski.jpg","datePublished":"2023-07-27T19:12:49+00:00","dateModified":"2024-05-29T19:50:00+00:00","description":"Own this stunning masterpiece of vintage film art by Andrzej Pagowski for the 1988 film \"The Tribulations of Balthazar Kober\". FREE shipping in the 48 US states.","breadcrumb":{"@id":"https:\/\/www.mrposter.com\/product\/tribulations-of-balthazar-kober-polish-poster-pagowski-wojciech-has\/#breadcrumb"},"inLanguage":"es","potentialAction":[{"@type":"ReadAction","target":["https:\/\/www.mrposter.com\/product\/tribulations-of-balthazar-kober-polish-poster-pagowski-wojciech-has\/"]}]},{"@type":"ImageObject","inLanguage":"es","@id":"https:\/\/www.mrposter.com\/product\/tribulations-of-balthazar-kober-polish-poster-pagowski-wojciech-has\/#primaryimage","url":"https:\/\/www.mrposter.com\/wp-content\/uploads\/2023\/07\/Niezwykla-Podroz-Pagowski.jpg","contentUrl":"https:\/\/www.mrposter.com\/wp-content\/uploads\/2023\/07\/Niezwykla-Podroz-Pagowski.jpg","width":458,"height":458},{"@type":"BreadcrumbList","@id":"https:\/\/www.mrposter.com\/product\/tribulations-of-balthazar-kober-polish-poster-pagowski-wojciech-has\/#breadcrumb","itemListElement":[{"@type":"ListItem","position":1,"name":"Home","item":"https:\/\/www.mrposter.com\/"},{"@type":"ListItem","position":2,"name":"Shop","item":"https:\/\/www.mrposter.com\/es\/shop\/"},{"@type":"ListItem","position":3,"name":"Vintage Polish Posters | Tribulations of Balthazar Kober | Pagowski"}]},{"@type":"WebSite","@id":"https:\/\/www.mrposter.com\/#website","url":"https:\/\/www.mrposter.com\/","name":"Mr Poster","description":"Vintage Posters - Polish and Others","publisher":{"@id":"https:\/\/www.mrposter.com\/#organization"},"alternateName":"Mr. Poster, mrposter.com,","potentialAction":[{"@type":"SearchAction","target":{"@type":"EntryPoint","urlTemplate":"https:\/\/www.mrposter.com\/?s={search_term_string}"},"query-input":{"@type":"PropertyValueSpecification","valueRequired":true,"valueName":"search_term_string"}}],"inLanguage":"es"},{"@type":"Organization","@id":"https:\/\/www.mrposter.com\/#organization","name":"Mr. Poster","url":"https:\/\/www.mrposter.com\/","logo":{"@type":"ImageObject","inLanguage":"es","@id":"https:\/\/www.mrposter.com\/#\/schema\/logo\/image\/","url":"https:\/\/www.mrposter.com\/wp-content\/uploads\/2018\/03\/mrposter2-Bold-Transparent-Mar-7-2018.png","contentUrl":"https:\/\/www.mrposter.com\/wp-content\/uploads\/2018\/03\/mrposter2-Bold-Transparent-Mar-7-2018.png","width":1500,"height":1500,"caption":"Mr. Poster"},"image":{"@id":"https:\/\/www.mrposter.com\/#\/schema\/logo\/image\/"},"sameAs":["https:\/\/www.facebook.com\/mrpostergallery\/","https:\/\/www.instagram.com\/mrpostergallery\/"]}]}},"_links":{"self":[{"href":"https:\/\/www.mrposter.com\/es\/wp-json\/wp\/v2\/product\/3766","targetHints":{"allow":["GET"]}}],"collection":[{"href":"https:\/\/www.mrposter.com\/es\/wp-json\/wp\/v2\/product"}],"about":[{"href":"https:\/\/www.mrposter.com\/es\/wp-json\/wp\/v2\/types\/product"}],"wp:featuredmedia":[{"embeddable":true,"href":"https:\/\/www.mrposter.com\/es\/wp-json\/wp\/v2\/media\/3767"}],"wp:attachment":[{"href":"https:\/\/www.mrposter.com\/es\/wp-json\/wp\/v2\/media?parent=3766"}],"wp:term":[{"taxonomy":"product_brand","embeddable":true,"href":"https:\/\/www.mrposter.com\/es\/wp-json\/wp\/v2\/product_brand?post=3766"},{"taxonomy":"product_cat","embeddable":true,"href":"https:\/\/www.mrposter.com\/es\/wp-json\/wp\/v2\/product_cat?post=3766"},{"taxonomy":"product_tag","embeddable":true,"href":"https:\/\/www.mrposter.com\/es\/wp-json\/wp\/v2\/product_tag?post=3766"}],"curies":[{"name":"wp","href":"https:\/\/api.w.org\/{rel}","templated":true}]}}