{"id":3762,"date":"2023-07-27T14:51:12","date_gmt":"2023-07-27T18:51:12","guid":{"rendered":"https:\/\/www.mrposter.com\/?post_type=product&#038;p=3762"},"modified":"2025-05-20T18:41:07","modified_gmt":"2025-05-20T22:41:07","slug":"republika-rzecz-publiczna-republic-of-the-public-vintage-polish-poster-kosmynka","status":"publish","type":"product","link":"https:\/\/www.mrposter.com\/es\/producto\/republika-rzecz-publiczna-republic-of-the-public-vintage-polish-poster-kosmynka\/","title":{"rendered":"Vintage Polish Poster | Republika &#8211; Public Thing | Kosmynka"},"content":{"rendered":"<p>Kosmynka, Slawomir, Republika, Republic, 1984, 1971, Fair Condition, Ewa Wycichowska, Samuel Beckett, The Lost Ones, Theater, black, white, geometric, abstract<\/p>","protected":false},"excerpt":{"rendered":"<p>The 1984 play &#8220;<strong>Republika &#8211; Rzecz Publiczna<\/strong>&#8221; (Republic &#8211; Public Thing) is a notable Polish ballet performance created by choreographer <strong>Ewa Wycichowska<\/strong>. It was staged at Teatr Wielki in \u0141\u00f3d\u017a and featured music by Grzegorz Ciechowski and the band Republika. The performance combined dynamic choreography with the iconic sounds of Republika, making it a unique cultural event in Poland&#8217;s performing arts history. The poster artist <strong>S\u0142awomir Kosmynka<\/strong>\u00a0is a Polish poster designer, photographer, typographer, performer and professor. In 1984, he graduated from\u00a0<a href=\"https:\/\/pl.wikipedia.org\/wiki\/Akademia_Sztuk_Pi%C4%99knych_im._W%C5%82adys%C5%82awa_Strzemi%C5%84skiego_w_%C5%81odzi\">the Academy of Fine Arts in Lodz.<\/a> In 2000 he obtained a doctorate in fine arts and in 2018, he received the tile\u00a0<a href=\"https:\/\/pl.wikipedia.org\/wiki\/Profesor\">of professor<\/a>\u00a0.His posters are in the collections of\u00a0<a href=\"https:\/\/pl.wikipedia.org\/wiki\/Muzeum_Plakatu_w_Wilanowie\">the Poster Museum in Wilan\u00f3w<\/a>\u00a0,\u00a0<a href=\"https:\/\/pl.wikipedia.org\/w\/index.php?title=Galeria_Plakatu_w_Krakowie&amp;action=edit&amp;redlink=1\">the Poster Gallery in Krak\u00f3w<\/a>,\u00a0Poster Gallery London (UK), Ogaki City Art Museum (Japan), Lahti Poster Museum (Finland), Marmara University (T\u00fcrkiye), among others. He also collaborated with\u00a0<a href=\"https:\/\/pl.wikipedia.org\/wiki\/Teatr_Nowy_w_%C5%81odzi\">the K. Dejmek Nowy Theater in \u0141\u00f3d\u017a<\/a>\u00a0, for which he created a series of posters advertising performances.<\/p>","protected":false},"featured_media":3763,"template":"","meta":[],"product_brand":[],"product_cat":[37],"product_tag":[5062,5061,5060,5041,5056,5063,5040,5052],"class_list":{"0":"post-3762","1":"product","2":"type-product","3":"status-publish","4":"has-post-thumbnail","6":"product_cat-theater","7":"product_tag-artwork","8":"product_tag-graphicart","9":"product_tag-mrposter-com-vintageposters","10":"product_tag-polishposters","11":"product_tag-posterart","12":"product_tag-posterdesign","13":"product_tag-vintagepolishposters","14":"product_tag-wall-art","15":"pa_artist-kosmynka-slawomir","16":"pa_director-author-ewa-wycichowska","17":"pa_director-author-samuel-beckett","18":"pa_genre-theater","19":"pa_grading-good","20":"pa_poster-country-of-origin-poland","21":"pa_poster-year-2985","22":"pa_work-country-of-origin-ireland","24":"first","25":"outofstock","26":"shipping-taxable","27":"purchasable","28":"product-type-simple","29":"czr-hentry"},"yoast_head":"<!-- This site is optimized with the Yoast SEO plugin v27.2 - https:\/\/yoast.com\/product\/yoast-seo-wordpress\/ -->\n<title>Vintage Polish Poster | Republika - Public Thing | Kosmynka<\/title>\n<meta name=\"description\" content=\"Add this to your eclectic art collection: vintage 1984 Polish poster by Kosmynka for the play &quot;Republika&quot;. FREE shipping in the 48 US states.\" \/>\n<meta name=\"robots\" content=\"index, follow, max-snippet:-1, max-image-preview:large, max-video-preview:-1\" \/>\n<link rel=\"canonical\" href=\"https:\/\/www.mrposter.com\/es\/producto\/republika-rzecz-publiczna-republic-of-the-public-vintage-polish-poster-kosmynka\/\" \/>\n<meta property=\"og:locale\" content=\"es_MX\" \/>\n<meta property=\"og:type\" content=\"article\" \/>\n<meta property=\"og:title\" content=\"Vintage Polish Poster | Republika - Public Thing | Kosmynka\" \/>\n<meta property=\"og:description\" content=\"Add this to your eclectic art collection: vintage 1984 Polish poster by Kosmynka for the play &quot;Republika&quot;. FREE shipping in the 48 US states.\" \/>\n<meta property=\"og:url\" content=\"https:\/\/www.mrposter.com\/es\/producto\/republika-rzecz-publiczna-republic-of-the-public-vintage-polish-poster-kosmynka\/\" \/>\n<meta property=\"og:site_name\" content=\"Mr Poster\" \/>\n<meta property=\"article:publisher\" content=\"https:\/\/www.facebook.com\/mrpostergallery\/\" \/>\n<meta property=\"article:modified_time\" content=\"2025-05-20T22:41:07+00:00\" \/>\n<meta property=\"og:image\" content=\"https:\/\/www.mrposter.com\/wp-content\/uploads\/2023\/07\/Republika-Rzecz-Publiczna-Kosmynka.jpg\" \/>\n\t<meta property=\"og:image:width\" content=\"300\" \/>\n\t<meta property=\"og:image:height\" content=\"428\" \/>\n\t<meta property=\"og:image:type\" content=\"image\/jpeg\" \/>\n<meta name=\"twitter:card\" content=\"summary_large_image\" \/>\n<script type=\"application\/ld+json\" class=\"yoast-schema-graph\">{\"@context\":\"https:\/\/schema.org\",\"@graph\":[{\"@type\":\"WebPage\",\"@id\":\"https:\/\/www.mrposter.com\/product\/republika-rzecz-publiczna-republic-of-the-public-vintage-polish-poster-kosmynka\/\",\"url\":\"https:\/\/www.mrposter.com\/product\/republika-rzecz-publiczna-republic-of-the-public-vintage-polish-poster-kosmynka\/\",\"name\":\"Vintage Polish Poster | Republika - Public Thing | Kosmynka\",\"isPartOf\":{\"@id\":\"https:\/\/www.mrposter.com\/#website\"},\"primaryImageOfPage\":{\"@id\":\"https:\/\/www.mrposter.com\/product\/republika-rzecz-publiczna-republic-of-the-public-vintage-polish-poster-kosmynka\/#primaryimage\"},\"image\":{\"@id\":\"https:\/\/www.mrposter.com\/product\/republika-rzecz-publiczna-republic-of-the-public-vintage-polish-poster-kosmynka\/#primaryimage\"},\"thumbnailUrl\":\"https:\/\/www.mrposter.com\/wp-content\/uploads\/2023\/07\/Republika-Rzecz-Publiczna-Kosmynka.jpg\",\"datePublished\":\"2023-07-27T18:51:12+00:00\",\"dateModified\":\"2025-05-20T22:41:07+00:00\",\"description\":\"Add this to your eclectic art collection: vintage 1984 Polish poster by Kosmynka for the play \\\"Republika\\\". FREE shipping in the 48 US states.\",\"breadcrumb\":{\"@id\":\"https:\/\/www.mrposter.com\/product\/republika-rzecz-publiczna-republic-of-the-public-vintage-polish-poster-kosmynka\/#breadcrumb\"},\"inLanguage\":\"es\",\"potentialAction\":[{\"@type\":\"ReadAction\",\"target\":[\"https:\/\/www.mrposter.com\/product\/republika-rzecz-publiczna-republic-of-the-public-vintage-polish-poster-kosmynka\/\"]}]},{\"@type\":\"ImageObject\",\"inLanguage\":\"es\",\"@id\":\"https:\/\/www.mrposter.com\/product\/republika-rzecz-publiczna-republic-of-the-public-vintage-polish-poster-kosmynka\/#primaryimage\",\"url\":\"https:\/\/www.mrposter.com\/wp-content\/uploads\/2023\/07\/Republika-Rzecz-Publiczna-Kosmynka.jpg\",\"contentUrl\":\"https:\/\/www.mrposter.com\/wp-content\/uploads\/2023\/07\/Republika-Rzecz-Publiczna-Kosmynka.jpg\",\"width\":300,\"height\":428},{\"@type\":\"BreadcrumbList\",\"@id\":\"https:\/\/www.mrposter.com\/product\/republika-rzecz-publiczna-republic-of-the-public-vintage-polish-poster-kosmynka\/#breadcrumb\",\"itemListElement\":[{\"@type\":\"ListItem\",\"position\":1,\"name\":\"Home\",\"item\":\"https:\/\/www.mrposter.com\/\"},{\"@type\":\"ListItem\",\"position\":2,\"name\":\"Shop\",\"item\":\"https:\/\/www.mrposter.com\/es\/shop\/\"},{\"@type\":\"ListItem\",\"position\":3,\"name\":\"Vintage Polish Poster | Republika &#8211; Public Thing | Kosmynka\"}]},{\"@type\":\"WebSite\",\"@id\":\"https:\/\/www.mrposter.com\/#website\",\"url\":\"https:\/\/www.mrposter.com\/\",\"name\":\"Mr Poster\",\"description\":\"Vintage Posters - Polish and Others\",\"publisher\":{\"@id\":\"https:\/\/www.mrposter.com\/#organization\"},\"alternateName\":\"Mr. Poster, mrposter.com,\",\"potentialAction\":[{\"@type\":\"SearchAction\",\"target\":{\"@type\":\"EntryPoint\",\"urlTemplate\":\"https:\/\/www.mrposter.com\/?s={search_term_string}\"},\"query-input\":{\"@type\":\"PropertyValueSpecification\",\"valueRequired\":true,\"valueName\":\"search_term_string\"}}],\"inLanguage\":\"es\"},{\"@type\":\"Organization\",\"@id\":\"https:\/\/www.mrposter.com\/#organization\",\"name\":\"Mr. Poster\",\"url\":\"https:\/\/www.mrposter.com\/\",\"logo\":{\"@type\":\"ImageObject\",\"inLanguage\":\"es\",\"@id\":\"https:\/\/www.mrposter.com\/#\/schema\/logo\/image\/\",\"url\":\"https:\/\/www.mrposter.com\/wp-content\/uploads\/2018\/03\/mrposter2-Bold-Transparent-Mar-7-2018.png\",\"contentUrl\":\"https:\/\/www.mrposter.com\/wp-content\/uploads\/2018\/03\/mrposter2-Bold-Transparent-Mar-7-2018.png\",\"width\":1500,\"height\":1500,\"caption\":\"Mr. Poster\"},\"image\":{\"@id\":\"https:\/\/www.mrposter.com\/#\/schema\/logo\/image\/\"},\"sameAs\":[\"https:\/\/www.facebook.com\/mrpostergallery\/\",\"https:\/\/www.instagram.com\/mrpostergallery\/\"]}]}<\/script>\n<!-- \/ Yoast SEO plugin. -->","yoast_head_json":{"title":"Vintage Polish Poster | Republika - Public Thing | Kosmynka","description":"Add this to your eclectic art collection: vintage 1984 Polish poster by Kosmynka for the play \"Republika\". FREE shipping in the 48 US states.","robots":{"index":"index","follow":"follow","max-snippet":"max-snippet:-1","max-image-preview":"max-image-preview:large","max-video-preview":"max-video-preview:-1"},"canonical":"https:\/\/www.mrposter.com\/es\/producto\/republika-rzecz-publiczna-republic-of-the-public-vintage-polish-poster-kosmynka\/","og_locale":"es_MX","og_type":"article","og_title":"Vintage Polish Poster | Republika - Public Thing | Kosmynka","og_description":"Add this to your eclectic art collection: vintage 1984 Polish poster by Kosmynka for the play \"Republika\". FREE shipping in the 48 US states.","og_url":"https:\/\/www.mrposter.com\/es\/producto\/republika-rzecz-publiczna-republic-of-the-public-vintage-polish-poster-kosmynka\/","og_site_name":"Mr Poster","article_publisher":"https:\/\/www.facebook.com\/mrpostergallery\/","article_modified_time":"2025-05-20T22:41:07+00:00","og_image":[{"width":300,"height":428,"url":"https:\/\/www.mrposter.com\/wp-content\/uploads\/2023\/07\/Republika-Rzecz-Publiczna-Kosmynka.jpg","type":"image\/jpeg"}],"twitter_card":"summary_large_image","schema":{"@context":"https:\/\/schema.org","@graph":[{"@type":"WebPage","@id":"https:\/\/www.mrposter.com\/product\/republika-rzecz-publiczna-republic-of-the-public-vintage-polish-poster-kosmynka\/","url":"https:\/\/www.mrposter.com\/product\/republika-rzecz-publiczna-republic-of-the-public-vintage-polish-poster-kosmynka\/","name":"Vintage Polish Poster | Republika - Public Thing | Kosmynka","isPartOf":{"@id":"https:\/\/www.mrposter.com\/#website"},"primaryImageOfPage":{"@id":"https:\/\/www.mrposter.com\/product\/republika-rzecz-publiczna-republic-of-the-public-vintage-polish-poster-kosmynka\/#primaryimage"},"image":{"@id":"https:\/\/www.mrposter.com\/product\/republika-rzecz-publiczna-republic-of-the-public-vintage-polish-poster-kosmynka\/#primaryimage"},"thumbnailUrl":"https:\/\/www.mrposter.com\/wp-content\/uploads\/2023\/07\/Republika-Rzecz-Publiczna-Kosmynka.jpg","datePublished":"2023-07-27T18:51:12+00:00","dateModified":"2025-05-20T22:41:07+00:00","description":"Add this to your eclectic art collection: vintage 1984 Polish poster by Kosmynka for the play \"Republika\". FREE shipping in the 48 US states.","breadcrumb":{"@id":"https:\/\/www.mrposter.com\/product\/republika-rzecz-publiczna-republic-of-the-public-vintage-polish-poster-kosmynka\/#breadcrumb"},"inLanguage":"es","potentialAction":[{"@type":"ReadAction","target":["https:\/\/www.mrposter.com\/product\/republika-rzecz-publiczna-republic-of-the-public-vintage-polish-poster-kosmynka\/"]}]},{"@type":"ImageObject","inLanguage":"es","@id":"https:\/\/www.mrposter.com\/product\/republika-rzecz-publiczna-republic-of-the-public-vintage-polish-poster-kosmynka\/#primaryimage","url":"https:\/\/www.mrposter.com\/wp-content\/uploads\/2023\/07\/Republika-Rzecz-Publiczna-Kosmynka.jpg","contentUrl":"https:\/\/www.mrposter.com\/wp-content\/uploads\/2023\/07\/Republika-Rzecz-Publiczna-Kosmynka.jpg","width":300,"height":428},{"@type":"BreadcrumbList","@id":"https:\/\/www.mrposter.com\/product\/republika-rzecz-publiczna-republic-of-the-public-vintage-polish-poster-kosmynka\/#breadcrumb","itemListElement":[{"@type":"ListItem","position":1,"name":"Home","item":"https:\/\/www.mrposter.com\/"},{"@type":"ListItem","position":2,"name":"Shop","item":"https:\/\/www.mrposter.com\/es\/shop\/"},{"@type":"ListItem","position":3,"name":"Vintage Polish Poster | Republika &#8211; Public Thing | Kosmynka"}]},{"@type":"WebSite","@id":"https:\/\/www.mrposter.com\/#website","url":"https:\/\/www.mrposter.com\/","name":"Mr Poster","description":"Vintage Posters - Polish and Others","publisher":{"@id":"https:\/\/www.mrposter.com\/#organization"},"alternateName":"Mr. Poster, mrposter.com,","potentialAction":[{"@type":"SearchAction","target":{"@type":"EntryPoint","urlTemplate":"https:\/\/www.mrposter.com\/?s={search_term_string}"},"query-input":{"@type":"PropertyValueSpecification","valueRequired":true,"valueName":"search_term_string"}}],"inLanguage":"es"},{"@type":"Organization","@id":"https:\/\/www.mrposter.com\/#organization","name":"Mr. Poster","url":"https:\/\/www.mrposter.com\/","logo":{"@type":"ImageObject","inLanguage":"es","@id":"https:\/\/www.mrposter.com\/#\/schema\/logo\/image\/","url":"https:\/\/www.mrposter.com\/wp-content\/uploads\/2018\/03\/mrposter2-Bold-Transparent-Mar-7-2018.png","contentUrl":"https:\/\/www.mrposter.com\/wp-content\/uploads\/2018\/03\/mrposter2-Bold-Transparent-Mar-7-2018.png","width":1500,"height":1500,"caption":"Mr. Poster"},"image":{"@id":"https:\/\/www.mrposter.com\/#\/schema\/logo\/image\/"},"sameAs":["https:\/\/www.facebook.com\/mrpostergallery\/","https:\/\/www.instagram.com\/mrpostergallery\/"]}]}},"_links":{"self":[{"href":"https:\/\/www.mrposter.com\/es\/wp-json\/wp\/v2\/product\/3762","targetHints":{"allow":["GET"]}}],"collection":[{"href":"https:\/\/www.mrposter.com\/es\/wp-json\/wp\/v2\/product"}],"about":[{"href":"https:\/\/www.mrposter.com\/es\/wp-json\/wp\/v2\/types\/product"}],"wp:featuredmedia":[{"embeddable":true,"href":"https:\/\/www.mrposter.com\/es\/wp-json\/wp\/v2\/media\/3763"}],"wp:attachment":[{"href":"https:\/\/www.mrposter.com\/es\/wp-json\/wp\/v2\/media?parent=3762"}],"wp:term":[{"taxonomy":"product_brand","embeddable":true,"href":"https:\/\/www.mrposter.com\/es\/wp-json\/wp\/v2\/product_brand?post=3762"},{"taxonomy":"product_cat","embeddable":true,"href":"https:\/\/www.mrposter.com\/es\/wp-json\/wp\/v2\/product_cat?post=3762"},{"taxonomy":"product_tag","embeddable":true,"href":"https:\/\/www.mrposter.com\/es\/wp-json\/wp\/v2\/product_tag?post=3762"}],"curies":[{"name":"wp","href":"https:\/\/api.w.org\/{rel}","templated":true}]}}