{"id":3726,"date":"2023-07-25T16:09:00","date_gmt":"2023-07-25T20:09:00","guid":{"rendered":"https:\/\/www.mrposter.com\/?post_type=product&#038;p=3726"},"modified":"2025-06-25T11:40:54","modified_gmt":"2025-06-25T15:40:54","slug":"jan-lenicia-vintage-polish-posters-jestesmy-we-are-exhibition-poland","status":"publish","type":"product","link":"https:\/\/www.mrposter.com\/es\/producto\/jan-lenicia-vintage-polish-posters-jestesmy-we-are-exhibition-poland\/","title":{"rendered":"Vintage Design Poster | Jestesmy &#8211; We Are | Jan Lenica"},"content":{"rendered":"<p>Lenica, Jan, Jestesmy, We Are, 1991, Exhibition, Cultural, Event, Poland, Poster, Polish Posters, Wystawa Dziel Artystow, red, green, blue, man\u00b4s head, silhouette, birds,<\/p>\n<p>Exhibition of Works by Polish Artists Creating Abroad<\/p>","protected":false},"excerpt":{"rendered":"<p>&#8220;<strong>Jeste\u015bmy: Wystawa Dzie\u0142 Artyst\u00f3w<\/strong>&#8221; (&#8220;We Are &#8211; Exhibition of Artists Working Abroad&#8221;) is a Polish poster designed by Jan Lenica, a prominent figure in the Polish School of Posters. This thought-provoking imagery reflects the avant-garde spirit of the exhibition of Polish graphic artists working outside Poland. The artist <strong>Jan Lenica<\/strong> (1928-2001) was a Polish graphic designer and cartoonist. A graduate of the Architecture Department of Warsaw Polytechnic, Lenica became a poster illustrator and a collaborator on the early animation films of\u00a0 Walerian Borowczyk. Between 1963 and 1986 he lived and worked in France, and from 1987 he lived and worked in Berlin. In 1974 he lectured on poster art at Harvard University in Cambridge, USA. He was a professor of graphic, poster, animated cartoon for many years at German high schools and the first professor of the animation class at the University of Kassel, Germany, in 1979. Lenica&#8217;s work made one of the key chapters in the history of Polish art of the second half of the twentieth century. His fame and recognition in Poland as well as international acclaim was earned by his poster art and animated films, the two areas in which he was considered one of the world&#8217;s finest artists. He is regarded as a forerunner of modern animation.<\/p>","protected":false},"featured_media":3727,"template":"","meta":[],"product_brand":[],"product_cat":[29,30,3902],"product_tag":[5062,5061,5060,5080,5041,5056,5081,5082],"class_list":{"0":"post-3726","1":"product","2":"type-product","3":"status-publish","4":"has-post-thumbnail","6":"product_cat-cultural","7":"product_cat-event","8":"product_cat-exhibition","9":"product_tag-artwork","10":"product_tag-graphicart","11":"product_tag-mrposter-com-vintageposters","12":"product_tag-originalvintageposters","13":"product_tag-polishposters","14":"product_tag-posterart","15":"product_tag-retroart","16":"product_tag-vintagedesign","17":"pa_artist-lenica-jan-1928-2001","18":"pa_genre-exhibition","19":"pa_grading-mint","20":"pa_poster-country-of-origin-poland","21":"pa_poster-year-3084","23":"first","24":"instock","25":"shipping-taxable","26":"purchasable","27":"product-type-simple","28":"czr-hentry"},"yoast_head":"<!-- This site is optimized with the Yoast SEO plugin v27.2 - https:\/\/yoast.com\/product\/yoast-seo-wordpress\/ -->\n<title>Vintage Design Poster | Jestesmy - We Are | Jan Lenica<\/title>\n<meta name=\"description\" content=\"Explore Jan Lenica&#039;s &quot;Jeste\u015bmy: Wystawa Dzie\u0142 Artyst\u00f3w&quot; poster, a striking example of Polish poster art, showcasing his surreal and abstract style. FREE shipping in the 48 US states.\" \/>\n<meta name=\"robots\" content=\"index, follow, max-snippet:-1, max-image-preview:large, max-video-preview:-1\" \/>\n<link rel=\"canonical\" href=\"https:\/\/www.mrposter.com\/es\/producto\/jan-lenicia-vintage-polish-posters-jestesmy-we-are-exhibition-poland\/\" \/>\n<meta property=\"og:locale\" content=\"es_MX\" \/>\n<meta property=\"og:type\" content=\"article\" \/>\n<meta property=\"og:title\" content=\"Vintage Design Poster | Jestesmy - We Are | Jan Lenica\" \/>\n<meta property=\"og:description\" content=\"Explore Jan Lenica&#039;s &quot;Jeste\u015bmy: Wystawa Dzie\u0142 Artyst\u00f3w&quot; poster, a striking example of Polish poster art, showcasing his surreal and abstract style. FREE shipping in the 48 US states.\" \/>\n<meta property=\"og:url\" content=\"https:\/\/www.mrposter.com\/es\/producto\/jan-lenicia-vintage-polish-posters-jestesmy-we-are-exhibition-poland\/\" \/>\n<meta property=\"og:site_name\" content=\"Mr Poster\" \/>\n<meta property=\"article:publisher\" content=\"https:\/\/www.facebook.com\/mrpostergallery\/\" \/>\n<meta property=\"article:modified_time\" content=\"2025-06-25T15:40:54+00:00\" \/>\n<meta property=\"og:image\" content=\"https:\/\/www.mrposter.com\/wp-content\/uploads\/2023\/07\/Jestesmy-Lenica.jpg\" \/>\n\t<meta property=\"og:image:width\" content=\"880\" \/>\n\t<meta property=\"og:image:height\" content=\"880\" \/>\n\t<meta property=\"og:image:type\" content=\"image\/jpeg\" \/>\n<meta name=\"twitter:card\" content=\"summary_large_image\" \/>\n<script type=\"application\/ld+json\" class=\"yoast-schema-graph\">{\"@context\":\"https:\/\/schema.org\",\"@graph\":[{\"@type\":\"WebPage\",\"@id\":\"https:\/\/www.mrposter.com\/product\/jan-lenicia-vintage-polish-posters-jestesmy-we-are-exhibition-poland\/\",\"url\":\"https:\/\/www.mrposter.com\/product\/jan-lenicia-vintage-polish-posters-jestesmy-we-are-exhibition-poland\/\",\"name\":\"Vintage Design Poster | Jestesmy - We Are | Jan Lenica\",\"isPartOf\":{\"@id\":\"https:\/\/www.mrposter.com\/#website\"},\"primaryImageOfPage\":{\"@id\":\"https:\/\/www.mrposter.com\/product\/jan-lenicia-vintage-polish-posters-jestesmy-we-are-exhibition-poland\/#primaryimage\"},\"image\":{\"@id\":\"https:\/\/www.mrposter.com\/product\/jan-lenicia-vintage-polish-posters-jestesmy-we-are-exhibition-poland\/#primaryimage\"},\"thumbnailUrl\":\"https:\/\/www.mrposter.com\/wp-content\/uploads\/2023\/07\/Jestesmy-Lenica.jpg\",\"datePublished\":\"2023-07-25T20:09:00+00:00\",\"dateModified\":\"2025-06-25T15:40:54+00:00\",\"description\":\"Explore Jan Lenica's \\\"Jeste\u015bmy: Wystawa Dzie\u0142 Artyst\u00f3w\\\" poster, a striking example of Polish poster art, showcasing his surreal and abstract style. FREE shipping in the 48 US states.\",\"breadcrumb\":{\"@id\":\"https:\/\/www.mrposter.com\/product\/jan-lenicia-vintage-polish-posters-jestesmy-we-are-exhibition-poland\/#breadcrumb\"},\"inLanguage\":\"es\",\"potentialAction\":[{\"@type\":\"ReadAction\",\"target\":[\"https:\/\/www.mrposter.com\/product\/jan-lenicia-vintage-polish-posters-jestesmy-we-are-exhibition-poland\/\"]}]},{\"@type\":\"ImageObject\",\"inLanguage\":\"es\",\"@id\":\"https:\/\/www.mrposter.com\/product\/jan-lenicia-vintage-polish-posters-jestesmy-we-are-exhibition-poland\/#primaryimage\",\"url\":\"https:\/\/www.mrposter.com\/wp-content\/uploads\/2023\/07\/Jestesmy-Lenica.jpg\",\"contentUrl\":\"https:\/\/www.mrposter.com\/wp-content\/uploads\/2023\/07\/Jestesmy-Lenica.jpg\",\"width\":880,\"height\":880},{\"@type\":\"BreadcrumbList\",\"@id\":\"https:\/\/www.mrposter.com\/product\/jan-lenicia-vintage-polish-posters-jestesmy-we-are-exhibition-poland\/#breadcrumb\",\"itemListElement\":[{\"@type\":\"ListItem\",\"position\":1,\"name\":\"Home\",\"item\":\"https:\/\/www.mrposter.com\/\"},{\"@type\":\"ListItem\",\"position\":2,\"name\":\"Shop\",\"item\":\"https:\/\/www.mrposter.com\/es\/shop\/\"},{\"@type\":\"ListItem\",\"position\":3,\"name\":\"Vintage Design Poster | Jestesmy &#8211; We Are | Jan Lenica\"}]},{\"@type\":\"WebSite\",\"@id\":\"https:\/\/www.mrposter.com\/#website\",\"url\":\"https:\/\/www.mrposter.com\/\",\"name\":\"Mr Poster\",\"description\":\"Vintage Posters - Polish and Others\",\"publisher\":{\"@id\":\"https:\/\/www.mrposter.com\/#organization\"},\"alternateName\":\"Mr. Poster, mrposter.com,\",\"potentialAction\":[{\"@type\":\"SearchAction\",\"target\":{\"@type\":\"EntryPoint\",\"urlTemplate\":\"https:\/\/www.mrposter.com\/?s={search_term_string}\"},\"query-input\":{\"@type\":\"PropertyValueSpecification\",\"valueRequired\":true,\"valueName\":\"search_term_string\"}}],\"inLanguage\":\"es\"},{\"@type\":\"Organization\",\"@id\":\"https:\/\/www.mrposter.com\/#organization\",\"name\":\"Mr. Poster\",\"url\":\"https:\/\/www.mrposter.com\/\",\"logo\":{\"@type\":\"ImageObject\",\"inLanguage\":\"es\",\"@id\":\"https:\/\/www.mrposter.com\/#\/schema\/logo\/image\/\",\"url\":\"https:\/\/www.mrposter.com\/wp-content\/uploads\/2018\/03\/mrposter2-Bold-Transparent-Mar-7-2018.png\",\"contentUrl\":\"https:\/\/www.mrposter.com\/wp-content\/uploads\/2018\/03\/mrposter2-Bold-Transparent-Mar-7-2018.png\",\"width\":1500,\"height\":1500,\"caption\":\"Mr. Poster\"},\"image\":{\"@id\":\"https:\/\/www.mrposter.com\/#\/schema\/logo\/image\/\"},\"sameAs\":[\"https:\/\/www.facebook.com\/mrpostergallery\/\",\"https:\/\/www.instagram.com\/mrpostergallery\/\"]}]}<\/script>\n<!-- \/ Yoast SEO plugin. -->","yoast_head_json":{"title":"Vintage Design Poster | Jestesmy - We Are | Jan Lenica","description":"Explore Jan Lenica's \"Jeste\u015bmy: Wystawa Dzie\u0142 Artyst\u00f3w\" poster, a striking example of Polish poster art, showcasing his surreal and abstract style. FREE shipping in the 48 US states.","robots":{"index":"index","follow":"follow","max-snippet":"max-snippet:-1","max-image-preview":"max-image-preview:large","max-video-preview":"max-video-preview:-1"},"canonical":"https:\/\/www.mrposter.com\/es\/producto\/jan-lenicia-vintage-polish-posters-jestesmy-we-are-exhibition-poland\/","og_locale":"es_MX","og_type":"article","og_title":"Vintage Design Poster | Jestesmy - We Are | Jan Lenica","og_description":"Explore Jan Lenica's \"Jeste\u015bmy: Wystawa Dzie\u0142 Artyst\u00f3w\" poster, a striking example of Polish poster art, showcasing his surreal and abstract style. FREE shipping in the 48 US states.","og_url":"https:\/\/www.mrposter.com\/es\/producto\/jan-lenicia-vintage-polish-posters-jestesmy-we-are-exhibition-poland\/","og_site_name":"Mr Poster","article_publisher":"https:\/\/www.facebook.com\/mrpostergallery\/","article_modified_time":"2025-06-25T15:40:54+00:00","og_image":[{"width":880,"height":880,"url":"https:\/\/www.mrposter.com\/wp-content\/uploads\/2023\/07\/Jestesmy-Lenica.jpg","type":"image\/jpeg"}],"twitter_card":"summary_large_image","schema":{"@context":"https:\/\/schema.org","@graph":[{"@type":"WebPage","@id":"https:\/\/www.mrposter.com\/product\/jan-lenicia-vintage-polish-posters-jestesmy-we-are-exhibition-poland\/","url":"https:\/\/www.mrposter.com\/product\/jan-lenicia-vintage-polish-posters-jestesmy-we-are-exhibition-poland\/","name":"Vintage Design Poster | Jestesmy - We Are | Jan Lenica","isPartOf":{"@id":"https:\/\/www.mrposter.com\/#website"},"primaryImageOfPage":{"@id":"https:\/\/www.mrposter.com\/product\/jan-lenicia-vintage-polish-posters-jestesmy-we-are-exhibition-poland\/#primaryimage"},"image":{"@id":"https:\/\/www.mrposter.com\/product\/jan-lenicia-vintage-polish-posters-jestesmy-we-are-exhibition-poland\/#primaryimage"},"thumbnailUrl":"https:\/\/www.mrposter.com\/wp-content\/uploads\/2023\/07\/Jestesmy-Lenica.jpg","datePublished":"2023-07-25T20:09:00+00:00","dateModified":"2025-06-25T15:40:54+00:00","description":"Explore Jan Lenica's \"Jeste\u015bmy: Wystawa Dzie\u0142 Artyst\u00f3w\" poster, a striking example of Polish poster art, showcasing his surreal and abstract style. FREE shipping in the 48 US states.","breadcrumb":{"@id":"https:\/\/www.mrposter.com\/product\/jan-lenicia-vintage-polish-posters-jestesmy-we-are-exhibition-poland\/#breadcrumb"},"inLanguage":"es","potentialAction":[{"@type":"ReadAction","target":["https:\/\/www.mrposter.com\/product\/jan-lenicia-vintage-polish-posters-jestesmy-we-are-exhibition-poland\/"]}]},{"@type":"ImageObject","inLanguage":"es","@id":"https:\/\/www.mrposter.com\/product\/jan-lenicia-vintage-polish-posters-jestesmy-we-are-exhibition-poland\/#primaryimage","url":"https:\/\/www.mrposter.com\/wp-content\/uploads\/2023\/07\/Jestesmy-Lenica.jpg","contentUrl":"https:\/\/www.mrposter.com\/wp-content\/uploads\/2023\/07\/Jestesmy-Lenica.jpg","width":880,"height":880},{"@type":"BreadcrumbList","@id":"https:\/\/www.mrposter.com\/product\/jan-lenicia-vintage-polish-posters-jestesmy-we-are-exhibition-poland\/#breadcrumb","itemListElement":[{"@type":"ListItem","position":1,"name":"Home","item":"https:\/\/www.mrposter.com\/"},{"@type":"ListItem","position":2,"name":"Shop","item":"https:\/\/www.mrposter.com\/es\/shop\/"},{"@type":"ListItem","position":3,"name":"Vintage Design Poster | Jestesmy &#8211; We Are | Jan Lenica"}]},{"@type":"WebSite","@id":"https:\/\/www.mrposter.com\/#website","url":"https:\/\/www.mrposter.com\/","name":"Mr Poster","description":"Vintage Posters - Polish and Others","publisher":{"@id":"https:\/\/www.mrposter.com\/#organization"},"alternateName":"Mr. Poster, mrposter.com,","potentialAction":[{"@type":"SearchAction","target":{"@type":"EntryPoint","urlTemplate":"https:\/\/www.mrposter.com\/?s={search_term_string}"},"query-input":{"@type":"PropertyValueSpecification","valueRequired":true,"valueName":"search_term_string"}}],"inLanguage":"es"},{"@type":"Organization","@id":"https:\/\/www.mrposter.com\/#organization","name":"Mr. Poster","url":"https:\/\/www.mrposter.com\/","logo":{"@type":"ImageObject","inLanguage":"es","@id":"https:\/\/www.mrposter.com\/#\/schema\/logo\/image\/","url":"https:\/\/www.mrposter.com\/wp-content\/uploads\/2018\/03\/mrposter2-Bold-Transparent-Mar-7-2018.png","contentUrl":"https:\/\/www.mrposter.com\/wp-content\/uploads\/2018\/03\/mrposter2-Bold-Transparent-Mar-7-2018.png","width":1500,"height":1500,"caption":"Mr. Poster"},"image":{"@id":"https:\/\/www.mrposter.com\/#\/schema\/logo\/image\/"},"sameAs":["https:\/\/www.facebook.com\/mrpostergallery\/","https:\/\/www.instagram.com\/mrpostergallery\/"]}]}},"_links":{"self":[{"href":"https:\/\/www.mrposter.com\/es\/wp-json\/wp\/v2\/product\/3726","targetHints":{"allow":["GET"]}}],"collection":[{"href":"https:\/\/www.mrposter.com\/es\/wp-json\/wp\/v2\/product"}],"about":[{"href":"https:\/\/www.mrposter.com\/es\/wp-json\/wp\/v2\/types\/product"}],"wp:featuredmedia":[{"embeddable":true,"href":"https:\/\/www.mrposter.com\/es\/wp-json\/wp\/v2\/media\/3727"}],"wp:attachment":[{"href":"https:\/\/www.mrposter.com\/es\/wp-json\/wp\/v2\/media?parent=3726"}],"wp:term":[{"taxonomy":"product_brand","embeddable":true,"href":"https:\/\/www.mrposter.com\/es\/wp-json\/wp\/v2\/product_brand?post=3726"},{"taxonomy":"product_cat","embeddable":true,"href":"https:\/\/www.mrposter.com\/es\/wp-json\/wp\/v2\/product_cat?post=3726"},{"taxonomy":"product_tag","embeddable":true,"href":"https:\/\/www.mrposter.com\/es\/wp-json\/wp\/v2\/product_tag?post=3726"}],"curies":[{"name":"wp","href":"https:\/\/api.w.org\/{rel}","templated":true}]}}