{"id":3712,"date":"2023-07-25T12:58:37","date_gmt":"2023-07-25T16:58:37","guid":{"rendered":"https:\/\/www.mrposter.com\/?post_type=product&#038;p=3712"},"modified":"2024-05-28T15:10:33","modified_gmt":"2024-05-28T19:10:33","slug":"milosc-szejka-the-sheikhs-love-vintage-polish-posters-collectors","status":"publish","type":"product","link":"https:\/\/www.mrposter.com\/es\/producto\/milosc-szejka-the-sheikhs-love-vintage-polish-posters-collectors\/","title":{"rendered":"Vintage Polish Posters | Milosc Szejka |The Sheikh\u00b4s Love"},"content":{"rendered":"<p>Artist Unknown, Milosc Szejka, The Sheikh\u00b4s Love, 1969, Opera, Operetta, Theater, Panstwowa Operetka, Milosc Szejka (The Sheikh\u00b4s Love), Jan Majdrowicz, Kazimierz Winkler, hearts, love, pearls, Valentine\u00b4s Day, lovers<\/p>","protected":false},"excerpt":{"rendered":"<p><b><span>Marian Lida<\/span><\/b><span> (<\/span><a title=\"1928\" href=\"https:\/\/pl.wikipedia.org\/wiki\/1928\"><span>1928<\/span><\/a>&#8211;<a title=\"2002\" href=\"https:\/\/pl.wikipedia.org\/wiki\/2002\"><span>2002<\/span><\/a><span>) was a Polish composer and conductor, long-time artistic director of the Krakow <\/span><a title=\"Krakow Opera\" href=\"https:\/\/pl.wikipedia.org\/wiki\/Opera_Krakowska\"><span>Musical Theater<\/span><\/a><span> and the Krakow operetta stage, author of over 60 productions of operettas, musicals, and musical performances intended for for children. He created music for the musicals\u00a0<i><a class=\"new\" title=\"Sheikh's Love (page no longer exists)\" href=\"https:\/\/pl.wikipedia.org\/w\/index.php?title=Mi%C5%82o%C5%9B%C4%87_szejka&amp;action=edit&amp;redlink=1\">Mi\u0142o\u015b\u0107 shejka<\/a><\/i>\u00a0(1969) and\u00a0<i><a class=\"new\" title=\"The Most Beautiful (musical) (site no longer exists)\" href=\"https:\/\/pl.wikipedia.org\/w\/index.php?title=Najpi%C4%99kniejsza_(musical)&amp;action=edit&amp;redlink=1\">The Most Beautiful<\/a><\/i>\u00a0(1972), and was also the author of the musical arrangement of\u00a0<i><a class=\"new\" title=\"Caf\u00e9 pod Minog\u0105 (musical) (site no longer exists)\" href=\"https:\/\/pl.wikipedia.org\/w\/index.php?title=Caf%C3%A9_pod_Minog%C4%85_(musical)&amp;action=edit&amp;redlink=1\">Caf\u00e9 pod Minog\u0105<\/a><\/i>\u00a0(1977), a musical adapted from the novel\u00a0<a title=\"Stefan Wiechecki\" href=\"https:\/\/pl.wikipedia.org\/wiki\/Stefan_Wiechecki\">Wiecha<\/a>. The artist for this rare and enigmatic poster is unknown. Very few copies exist.\u00a0<\/span><\/p>","protected":false},"featured_media":3713,"template":"","meta":[],"product_brand":[],"product_cat":[29,30,33,37],"product_tag":[5062,5061,5083,5060,5041,5056,5063,5081,5064,5082],"class_list":{"0":"post-3712","1":"product","2":"type-product","3":"status-publish","4":"has-post-thumbnail","6":"product_cat-cultural","7":"product_cat-event","8":"product_cat-opera","9":"product_cat-theater","10":"product_tag-artwork","11":"product_tag-graphicart","12":"product_tag-miloscszejka","13":"product_tag-mrposter-com-vintageposters","14":"product_tag-polishposters","15":"product_tag-posterart","16":"product_tag-posterdesign","17":"product_tag-retroart","18":"product_tag-theaterposters","19":"product_tag-vintagedesign","20":"pa_artist-artist-unknown","21":"pa_director-author-marian-lida-jan-majdrowicz-kazimierz-winkler","22":"pa_genre-opera","23":"pa_genre-theater","24":"pa_grading-mint","25":"pa_poster-country-of-origin-poland","26":"pa_poster-year-546","28":"first","29":"instock","30":"shipping-taxable","31":"purchasable","32":"product-type-simple","33":"czr-hentry"},"yoast_head":"<!-- This site is optimized with the Yoast SEO plugin v27.2 - https:\/\/yoast.com\/product\/yoast-seo-wordpress\/ -->\n<title>Vintage Polish Posters | Milosc Szejka |The Sheikh\u00b4s Love<\/title>\n<meta name=\"description\" content=\"Own this rare, enigmatic poster for the opera &quot;The Sheikh\u00b4s Love&quot;, music by Marian Lida. FREE shipping in the 48 US states.\" \/>\n<meta name=\"robots\" content=\"index, follow, max-snippet:-1, max-image-preview:large, max-video-preview:-1\" \/>\n<link rel=\"canonical\" href=\"https:\/\/www.mrposter.com\/es\/producto\/milosc-szejka-the-sheikhs-love-vintage-polish-posters-collectors\/\" \/>\n<meta property=\"og:locale\" content=\"es_MX\" \/>\n<meta property=\"og:type\" content=\"article\" \/>\n<meta property=\"og:title\" content=\"Vintage Polish Posters | Milosc Szejka |The Sheikh\u00b4s Love\" \/>\n<meta property=\"og:description\" content=\"Own this rare, enigmatic poster for the opera &quot;The Sheikh\u00b4s Love&quot;, music by Marian Lida. FREE shipping in the 48 US states.\" \/>\n<meta property=\"og:url\" content=\"https:\/\/www.mrposter.com\/es\/producto\/milosc-szejka-the-sheikhs-love-vintage-polish-posters-collectors\/\" \/>\n<meta property=\"og:site_name\" content=\"Mr Poster\" \/>\n<meta property=\"article:publisher\" content=\"https:\/\/www.facebook.com\/mrpostergallery\/\" \/>\n<meta property=\"article:modified_time\" content=\"2024-05-28T19:10:33+00:00\" \/>\n<meta property=\"og:image\" content=\"https:\/\/www.mrposter.com\/wp-content\/uploads\/2023\/07\/Milosc-Szejka-Unknown.webp\" \/>\n\t<meta property=\"og:image:width\" content=\"1427\" \/>\n\t<meta property=\"og:image:height\" content=\"2048\" \/>\n\t<meta property=\"og:image:type\" content=\"image\/webp\" \/>\n<meta name=\"twitter:card\" content=\"summary_large_image\" \/>\n<script type=\"application\/ld+json\" class=\"yoast-schema-graph\">{\"@context\":\"https:\/\/schema.org\",\"@graph\":[{\"@type\":\"WebPage\",\"@id\":\"https:\/\/www.mrposter.com\/product\/milosc-szejka-the-sheikhs-love-vintage-polish-posters-collectors\/\",\"url\":\"https:\/\/www.mrposter.com\/product\/milosc-szejka-the-sheikhs-love-vintage-polish-posters-collectors\/\",\"name\":\"Vintage Polish Posters | Milosc Szejka |The Sheikh\u00b4s Love\",\"isPartOf\":{\"@id\":\"https:\/\/www.mrposter.com\/#website\"},\"primaryImageOfPage\":{\"@id\":\"https:\/\/www.mrposter.com\/product\/milosc-szejka-the-sheikhs-love-vintage-polish-posters-collectors\/#primaryimage\"},\"image\":{\"@id\":\"https:\/\/www.mrposter.com\/product\/milosc-szejka-the-sheikhs-love-vintage-polish-posters-collectors\/#primaryimage\"},\"thumbnailUrl\":\"https:\/\/www.mrposter.com\/wp-content\/uploads\/2023\/07\/Milosc-Szejka-Unknown.webp\",\"datePublished\":\"2023-07-25T16:58:37+00:00\",\"dateModified\":\"2024-05-28T19:10:33+00:00\",\"description\":\"Own this rare, enigmatic poster for the opera \\\"The Sheikh\u00b4s Love\\\", music by Marian Lida. FREE shipping in the 48 US states.\",\"breadcrumb\":{\"@id\":\"https:\/\/www.mrposter.com\/product\/milosc-szejka-the-sheikhs-love-vintage-polish-posters-collectors\/#breadcrumb\"},\"inLanguage\":\"es\",\"potentialAction\":[{\"@type\":\"ReadAction\",\"target\":[\"https:\/\/www.mrposter.com\/product\/milosc-szejka-the-sheikhs-love-vintage-polish-posters-collectors\/\"]}]},{\"@type\":\"ImageObject\",\"inLanguage\":\"es\",\"@id\":\"https:\/\/www.mrposter.com\/product\/milosc-szejka-the-sheikhs-love-vintage-polish-posters-collectors\/#primaryimage\",\"url\":\"https:\/\/www.mrposter.com\/wp-content\/uploads\/2023\/07\/Milosc-Szejka-Unknown.webp\",\"contentUrl\":\"https:\/\/www.mrposter.com\/wp-content\/uploads\/2023\/07\/Milosc-Szejka-Unknown.webp\",\"width\":1427,\"height\":2048},{\"@type\":\"BreadcrumbList\",\"@id\":\"https:\/\/www.mrposter.com\/product\/milosc-szejka-the-sheikhs-love-vintage-polish-posters-collectors\/#breadcrumb\",\"itemListElement\":[{\"@type\":\"ListItem\",\"position\":1,\"name\":\"Home\",\"item\":\"https:\/\/www.mrposter.com\/\"},{\"@type\":\"ListItem\",\"position\":2,\"name\":\"Shop\",\"item\":\"https:\/\/www.mrposter.com\/es\/shop\/\"},{\"@type\":\"ListItem\",\"position\":3,\"name\":\"Vintage Polish Posters | Milosc Szejka |The Sheikh\u00b4s Love\"}]},{\"@type\":\"WebSite\",\"@id\":\"https:\/\/www.mrposter.com\/#website\",\"url\":\"https:\/\/www.mrposter.com\/\",\"name\":\"Mr Poster\",\"description\":\"Vintage Posters - Polish and Others\",\"publisher\":{\"@id\":\"https:\/\/www.mrposter.com\/#organization\"},\"alternateName\":\"Mr. Poster, mrposter.com,\",\"potentialAction\":[{\"@type\":\"SearchAction\",\"target\":{\"@type\":\"EntryPoint\",\"urlTemplate\":\"https:\/\/www.mrposter.com\/?s={search_term_string}\"},\"query-input\":{\"@type\":\"PropertyValueSpecification\",\"valueRequired\":true,\"valueName\":\"search_term_string\"}}],\"inLanguage\":\"es\"},{\"@type\":\"Organization\",\"@id\":\"https:\/\/www.mrposter.com\/#organization\",\"name\":\"Mr. Poster\",\"url\":\"https:\/\/www.mrposter.com\/\",\"logo\":{\"@type\":\"ImageObject\",\"inLanguage\":\"es\",\"@id\":\"https:\/\/www.mrposter.com\/#\/schema\/logo\/image\/\",\"url\":\"https:\/\/www.mrposter.com\/wp-content\/uploads\/2018\/03\/mrposter2-Bold-Transparent-Mar-7-2018.png\",\"contentUrl\":\"https:\/\/www.mrposter.com\/wp-content\/uploads\/2018\/03\/mrposter2-Bold-Transparent-Mar-7-2018.png\",\"width\":1500,\"height\":1500,\"caption\":\"Mr. Poster\"},\"image\":{\"@id\":\"https:\/\/www.mrposter.com\/#\/schema\/logo\/image\/\"},\"sameAs\":[\"https:\/\/www.facebook.com\/mrpostergallery\/\",\"https:\/\/www.instagram.com\/mrpostergallery\/\"]}]}<\/script>\n<!-- \/ Yoast SEO plugin. -->","yoast_head_json":{"title":"Vintage Polish Posters | Milosc Szejka |The Sheikh\u00b4s Love","description":"Own this rare, enigmatic poster for the opera \"The Sheikh\u00b4s Love\", music by Marian Lida. FREE shipping in the 48 US states.","robots":{"index":"index","follow":"follow","max-snippet":"max-snippet:-1","max-image-preview":"max-image-preview:large","max-video-preview":"max-video-preview:-1"},"canonical":"https:\/\/www.mrposter.com\/es\/producto\/milosc-szejka-the-sheikhs-love-vintage-polish-posters-collectors\/","og_locale":"es_MX","og_type":"article","og_title":"Vintage Polish Posters | Milosc Szejka |The Sheikh\u00b4s Love","og_description":"Own this rare, enigmatic poster for the opera \"The Sheikh\u00b4s Love\", music by Marian Lida. FREE shipping in the 48 US states.","og_url":"https:\/\/www.mrposter.com\/es\/producto\/milosc-szejka-the-sheikhs-love-vintage-polish-posters-collectors\/","og_site_name":"Mr Poster","article_publisher":"https:\/\/www.facebook.com\/mrpostergallery\/","article_modified_time":"2024-05-28T19:10:33+00:00","og_image":[{"width":1427,"height":2048,"url":"https:\/\/www.mrposter.com\/wp-content\/uploads\/2023\/07\/Milosc-Szejka-Unknown.webp","type":"image\/webp"}],"twitter_card":"summary_large_image","schema":{"@context":"https:\/\/schema.org","@graph":[{"@type":"WebPage","@id":"https:\/\/www.mrposter.com\/product\/milosc-szejka-the-sheikhs-love-vintage-polish-posters-collectors\/","url":"https:\/\/www.mrposter.com\/product\/milosc-szejka-the-sheikhs-love-vintage-polish-posters-collectors\/","name":"Vintage Polish Posters | Milosc Szejka |The Sheikh\u00b4s Love","isPartOf":{"@id":"https:\/\/www.mrposter.com\/#website"},"primaryImageOfPage":{"@id":"https:\/\/www.mrposter.com\/product\/milosc-szejka-the-sheikhs-love-vintage-polish-posters-collectors\/#primaryimage"},"image":{"@id":"https:\/\/www.mrposter.com\/product\/milosc-szejka-the-sheikhs-love-vintage-polish-posters-collectors\/#primaryimage"},"thumbnailUrl":"https:\/\/www.mrposter.com\/wp-content\/uploads\/2023\/07\/Milosc-Szejka-Unknown.webp","datePublished":"2023-07-25T16:58:37+00:00","dateModified":"2024-05-28T19:10:33+00:00","description":"Own this rare, enigmatic poster for the opera \"The Sheikh\u00b4s Love\", music by Marian Lida. FREE shipping in the 48 US states.","breadcrumb":{"@id":"https:\/\/www.mrposter.com\/product\/milosc-szejka-the-sheikhs-love-vintage-polish-posters-collectors\/#breadcrumb"},"inLanguage":"es","potentialAction":[{"@type":"ReadAction","target":["https:\/\/www.mrposter.com\/product\/milosc-szejka-the-sheikhs-love-vintage-polish-posters-collectors\/"]}]},{"@type":"ImageObject","inLanguage":"es","@id":"https:\/\/www.mrposter.com\/product\/milosc-szejka-the-sheikhs-love-vintage-polish-posters-collectors\/#primaryimage","url":"https:\/\/www.mrposter.com\/wp-content\/uploads\/2023\/07\/Milosc-Szejka-Unknown.webp","contentUrl":"https:\/\/www.mrposter.com\/wp-content\/uploads\/2023\/07\/Milosc-Szejka-Unknown.webp","width":1427,"height":2048},{"@type":"BreadcrumbList","@id":"https:\/\/www.mrposter.com\/product\/milosc-szejka-the-sheikhs-love-vintage-polish-posters-collectors\/#breadcrumb","itemListElement":[{"@type":"ListItem","position":1,"name":"Home","item":"https:\/\/www.mrposter.com\/"},{"@type":"ListItem","position":2,"name":"Shop","item":"https:\/\/www.mrposter.com\/es\/shop\/"},{"@type":"ListItem","position":3,"name":"Vintage Polish Posters | Milosc Szejka |The Sheikh\u00b4s Love"}]},{"@type":"WebSite","@id":"https:\/\/www.mrposter.com\/#website","url":"https:\/\/www.mrposter.com\/","name":"Mr Poster","description":"Vintage Posters - Polish and Others","publisher":{"@id":"https:\/\/www.mrposter.com\/#organization"},"alternateName":"Mr. Poster, mrposter.com,","potentialAction":[{"@type":"SearchAction","target":{"@type":"EntryPoint","urlTemplate":"https:\/\/www.mrposter.com\/?s={search_term_string}"},"query-input":{"@type":"PropertyValueSpecification","valueRequired":true,"valueName":"search_term_string"}}],"inLanguage":"es"},{"@type":"Organization","@id":"https:\/\/www.mrposter.com\/#organization","name":"Mr. Poster","url":"https:\/\/www.mrposter.com\/","logo":{"@type":"ImageObject","inLanguage":"es","@id":"https:\/\/www.mrposter.com\/#\/schema\/logo\/image\/","url":"https:\/\/www.mrposter.com\/wp-content\/uploads\/2018\/03\/mrposter2-Bold-Transparent-Mar-7-2018.png","contentUrl":"https:\/\/www.mrposter.com\/wp-content\/uploads\/2018\/03\/mrposter2-Bold-Transparent-Mar-7-2018.png","width":1500,"height":1500,"caption":"Mr. Poster"},"image":{"@id":"https:\/\/www.mrposter.com\/#\/schema\/logo\/image\/"},"sameAs":["https:\/\/www.facebook.com\/mrpostergallery\/","https:\/\/www.instagram.com\/mrpostergallery\/"]}]}},"_links":{"self":[{"href":"https:\/\/www.mrposter.com\/es\/wp-json\/wp\/v2\/product\/3712","targetHints":{"allow":["GET"]}}],"collection":[{"href":"https:\/\/www.mrposter.com\/es\/wp-json\/wp\/v2\/product"}],"about":[{"href":"https:\/\/www.mrposter.com\/es\/wp-json\/wp\/v2\/types\/product"}],"wp:featuredmedia":[{"embeddable":true,"href":"https:\/\/www.mrposter.com\/es\/wp-json\/wp\/v2\/media\/3713"}],"wp:attachment":[{"href":"https:\/\/www.mrposter.com\/es\/wp-json\/wp\/v2\/media?parent=3712"}],"wp:term":[{"taxonomy":"product_brand","embeddable":true,"href":"https:\/\/www.mrposter.com\/es\/wp-json\/wp\/v2\/product_brand?post=3712"},{"taxonomy":"product_cat","embeddable":true,"href":"https:\/\/www.mrposter.com\/es\/wp-json\/wp\/v2\/product_cat?post=3712"},{"taxonomy":"product_tag","embeddable":true,"href":"https:\/\/www.mrposter.com\/es\/wp-json\/wp\/v2\/product_tag?post=3712"}],"curies":[{"name":"wp","href":"https:\/\/api.w.org\/{rel}","templated":true}]}}