{"id":3652,"date":"2023-07-19T13:35:48","date_gmt":"2023-07-19T17:35:48","guid":{"rendered":"https:\/\/www.mrposter.com\/?post_type=product&#038;p=3652"},"modified":"2024-06-07T14:18:06","modified_gmt":"2024-06-07T18:18:06","slug":"niewinna-grzesznica-the-innocent-sinner","status":"publish","type":"product","link":"https:\/\/www.mrposter.com\/es\/producto\/niewinna-grzesznica-the-innocent-sinner\/","title":{"rendered":"Vintage Theater Poster | Innocent Sinner | Swierzy"},"content":{"rendered":"<p>Swierzy, Waldemar, Niewinna Grzesznica, Innocent Sinner, 1985, Poland, Poster, Waclaw Grubinski, Theater, flapper girl, red hat, lips,<\/p>","protected":false},"excerpt":{"rendered":"<p><b>Wac\u0142aw Grubi\u0144ski<\/b> (<a title=\"1883\" href=\"https:\/\/pl.wikipedia.org\/wiki\/1883\">1883-<\/a><a title=\"1973\" href=\"https:\/\/pl.wikipedia.org\/wiki\/1973\">1973<\/a>) was a Polish playwright and prose writer, <a title=\"Column\" href=\"https:\/\/pl.wikipedia.org\/wiki\/Felieton\">columnist<\/a> and theater reviewer. He staged &#8220;Innocent Sinner&#8221; in 1925. In 1936, Grubinski was awarded the Golden\u00a0<a title=\"Wawrzyn Akademicki\" href=\"https:\/\/pl.wikipedia.org\/wiki\/Wawrzyn_Akademicki\">Laurel of\u00a0<\/a><a title=\"Polish Academy of Literature\" href=\"https:\/\/pl.wikipedia.org\/wiki\/Polska_Akademia_Literatury\">the Polish Academy of Literature<\/a>. In 1940, he was arrested by <a title=\"NKVD\" href=\"https:\/\/pl.wikipedia.org\/wiki\/NKWD\">the NKVD<\/a>\u00a0. As the author of\u00a0<a title=\"Comedy\" href=\"https:\/\/pl.wikipedia.org\/wiki\/Komedia\">the comedy\u00a0<\/a><i>Lenin<\/i> , published in 1921, he was sentenced to death, which was commuted to 10 years\u00a0<a title=\"Gulag\" href=\"https:\/\/pl.wikipedia.org\/wiki\/Gu%C5%82ag\">in a labor camp<\/a> . Later released, he was an employee of the Polish embassy in <a title=\"Samara\" href=\"https:\/\/pl.wikipedia.org\/wiki\/Samara\">Kuibyshev<\/a>, then evacuated from <a title=\"Soviet Union\" href=\"https:\/\/pl.wikipedia.org\/wiki\/Zwi%C4%85zek_Socjalistycznych_Republik_Radzieckich\">the USSR<\/a> to the Middle East. He published his memoirs from the\u00a0<a title=\"Gu\u0142ag\" href=\"https:\/\/pl.wikipedia.org\/wiki\/Gu%C5%82ag\">Gulag\u00a0<\/a><a title=\"Concentration camp\" href=\"https:\/\/pl.wikipedia.org\/wiki\/Ob%C3%B3z_koncentracyjny\">concentration camps<\/a>\u00a0(\u00a0<i>Between the Hammer and the Sickle<\/i> ) in London in 1948. Throughout his life, he was subject to censorship by the Communists governments.\u00a0 The poster artist <strong>Waldemar \u015awierzy<\/strong> (1931-2013) was a renowned Polish graphic designer and a pivotal figure in the Polish School of Posters. Born in Katowice, \u015awierzy graduated from the Academy of Fine Arts in Krak\u00f3w in 1952. Over his prolific career, he created over 2,500 posters, contributing significantly to the cultural and artistic landscape of Poland. \u015awierzy&#8217;s work is characterized by its vibrant colors, dynamic compositions, and innovative use of typography. His posters cover a wide range of subjects, including film, theater, music, and cultural events, often blending abstract and figurative elements to convey powerful messages. In addition to his poster work, \u015awierzy was a respected educator, teaching at the Academy of Fine Arts in Warsaw and Pozna\u0144. He received numerous awards and international recognition, including the prestigious Toulouse-Lautrec Prize. \u015awierzy&#8217;s legacy endures through his influential designs, which continue to inspire and captivate audiences worldwide.<\/p>","protected":false},"featured_media":3653,"template":"","meta":[],"product_brand":[],"product_cat":[29,30,37],"product_tag":[5074,5062,5061,5060,5080,5063,5079,5067,4891],"class_list":{"0":"post-3652","1":"product","2":"type-product","3":"status-publish","4":"has-post-thumbnail","6":"product_cat-cultural","7":"product_cat-event","8":"product_cat-theater","9":"product_tag-artposters","10":"product_tag-artwork","11":"product_tag-graphicart","12":"product_tag-mrposter-com-vintageposters","13":"product_tag-originalvintageposters","14":"product_tag-posterdesign","15":"product_tag-vintageposterart","16":"product_tag-waldemarswierzy","17":"product_tag-posters","18":"pa_artist-swierzy-waldemar-1931-2013","19":"pa_director-author-waclaw-grubinski","20":"pa_genre-theater","21":"pa_grading-excellent","22":"pa_poster-country-of-origin-poland","23":"pa_poster-year-1405","25":"first","26":"instock","27":"shipping-taxable","28":"purchasable","29":"product-type-simple","30":"czr-hentry"},"yoast_head":"<!-- This site is optimized with the Yoast SEO plugin v27.2 - https:\/\/yoast.com\/product\/yoast-seo-wordpress\/ -->\n<title>Vintage Theater Poster | Innocent Sinner | Swierzy - Mr Poster<\/title>\n<meta name=\"description\" content=\"Explore the MrPoster.com collection of rare and vintage posters. FREE shipping in the 48 US states. International shipping available.\" \/>\n<meta name=\"robots\" content=\"index, follow, max-snippet:-1, max-image-preview:large, max-video-preview:-1\" \/>\n<link rel=\"canonical\" href=\"https:\/\/www.mrposter.com\/es\/producto\/niewinna-grzesznica-the-innocent-sinner\/\" \/>\n<meta property=\"og:locale\" content=\"es_MX\" \/>\n<meta property=\"og:type\" content=\"article\" \/>\n<meta property=\"og:title\" content=\"Vintage Theater Poster | Innocent Sinner | Swierzy - Mr Poster\" \/>\n<meta property=\"og:description\" content=\"Explore the MrPoster.com collection of rare and vintage posters. FREE shipping in the 48 US states. International shipping available.\" \/>\n<meta property=\"og:url\" content=\"https:\/\/www.mrposter.com\/es\/producto\/niewinna-grzesznica-the-innocent-sinner\/\" \/>\n<meta property=\"og:site_name\" content=\"Mr Poster\" \/>\n<meta property=\"article:publisher\" content=\"https:\/\/www.facebook.com\/mrpostergallery\/\" \/>\n<meta property=\"article:modified_time\" content=\"2024-06-07T18:18:06+00:00\" \/>\n<meta property=\"og:image\" content=\"https:\/\/www.mrposter.com\/wp-content\/uploads\/2023\/07\/Niewinna-Grzesznica-Swierzy.jpg\" \/>\n\t<meta property=\"og:image:width\" content=\"880\" \/>\n\t<meta property=\"og:image:height\" content=\"880\" \/>\n\t<meta property=\"og:image:type\" content=\"image\/jpeg\" \/>\n<meta name=\"twitter:card\" content=\"summary_large_image\" \/>\n<script type=\"application\/ld+json\" class=\"yoast-schema-graph\">{\"@context\":\"https:\/\/schema.org\",\"@graph\":[{\"@type\":\"WebPage\",\"@id\":\"https:\/\/www.mrposter.com\/product\/niewinna-grzesznica-the-innocent-sinner\/\",\"url\":\"https:\/\/www.mrposter.com\/product\/niewinna-grzesznica-the-innocent-sinner\/\",\"name\":\"Vintage Theater Poster | Innocent Sinner | Swierzy - Mr Poster\",\"isPartOf\":{\"@id\":\"https:\/\/www.mrposter.com\/#website\"},\"primaryImageOfPage\":{\"@id\":\"https:\/\/www.mrposter.com\/product\/niewinna-grzesznica-the-innocent-sinner\/#primaryimage\"},\"image\":{\"@id\":\"https:\/\/www.mrposter.com\/product\/niewinna-grzesznica-the-innocent-sinner\/#primaryimage\"},\"thumbnailUrl\":\"https:\/\/www.mrposter.com\/wp-content\/uploads\/2023\/07\/Niewinna-Grzesznica-Swierzy.jpg\",\"datePublished\":\"2023-07-19T17:35:48+00:00\",\"dateModified\":\"2024-06-07T18:18:06+00:00\",\"description\":\"Explore the MrPoster.com collection of rare and vintage posters. FREE shipping in the 48 US states. International shipping available.\",\"breadcrumb\":{\"@id\":\"https:\/\/www.mrposter.com\/product\/niewinna-grzesznica-the-innocent-sinner\/#breadcrumb\"},\"inLanguage\":\"es\",\"potentialAction\":[{\"@type\":\"ReadAction\",\"target\":[\"https:\/\/www.mrposter.com\/product\/niewinna-grzesznica-the-innocent-sinner\/\"]}]},{\"@type\":\"ImageObject\",\"inLanguage\":\"es\",\"@id\":\"https:\/\/www.mrposter.com\/product\/niewinna-grzesznica-the-innocent-sinner\/#primaryimage\",\"url\":\"https:\/\/www.mrposter.com\/wp-content\/uploads\/2023\/07\/Niewinna-Grzesznica-Swierzy.jpg\",\"contentUrl\":\"https:\/\/www.mrposter.com\/wp-content\/uploads\/2023\/07\/Niewinna-Grzesznica-Swierzy.jpg\",\"width\":880,\"height\":880},{\"@type\":\"BreadcrumbList\",\"@id\":\"https:\/\/www.mrposter.com\/product\/niewinna-grzesznica-the-innocent-sinner\/#breadcrumb\",\"itemListElement\":[{\"@type\":\"ListItem\",\"position\":1,\"name\":\"Home\",\"item\":\"https:\/\/www.mrposter.com\/\"},{\"@type\":\"ListItem\",\"position\":2,\"name\":\"Shop\",\"item\":\"https:\/\/www.mrposter.com\/es\/shop\/\"},{\"@type\":\"ListItem\",\"position\":3,\"name\":\"Vintage Theater Poster | Innocent Sinner | Swierzy\"}]},{\"@type\":\"WebSite\",\"@id\":\"https:\/\/www.mrposter.com\/#website\",\"url\":\"https:\/\/www.mrposter.com\/\",\"name\":\"Mr Poster\",\"description\":\"Vintage Posters - Polish and Others\",\"publisher\":{\"@id\":\"https:\/\/www.mrposter.com\/#organization\"},\"alternateName\":\"Mr. Poster, mrposter.com,\",\"potentialAction\":[{\"@type\":\"SearchAction\",\"target\":{\"@type\":\"EntryPoint\",\"urlTemplate\":\"https:\/\/www.mrposter.com\/?s={search_term_string}\"},\"query-input\":{\"@type\":\"PropertyValueSpecification\",\"valueRequired\":true,\"valueName\":\"search_term_string\"}}],\"inLanguage\":\"es\"},{\"@type\":\"Organization\",\"@id\":\"https:\/\/www.mrposter.com\/#organization\",\"name\":\"Mr. Poster\",\"url\":\"https:\/\/www.mrposter.com\/\",\"logo\":{\"@type\":\"ImageObject\",\"inLanguage\":\"es\",\"@id\":\"https:\/\/www.mrposter.com\/#\/schema\/logo\/image\/\",\"url\":\"https:\/\/www.mrposter.com\/wp-content\/uploads\/2018\/03\/mrposter2-Bold-Transparent-Mar-7-2018.png\",\"contentUrl\":\"https:\/\/www.mrposter.com\/wp-content\/uploads\/2018\/03\/mrposter2-Bold-Transparent-Mar-7-2018.png\",\"width\":1500,\"height\":1500,\"caption\":\"Mr. Poster\"},\"image\":{\"@id\":\"https:\/\/www.mrposter.com\/#\/schema\/logo\/image\/\"},\"sameAs\":[\"https:\/\/www.facebook.com\/mrpostergallery\/\",\"https:\/\/www.instagram.com\/mrpostergallery\/\"]}]}<\/script>\n<!-- \/ Yoast SEO plugin. -->","yoast_head_json":{"title":"Vintage Theater Poster | Innocent Sinner | Swierzy - Mr Poster","description":"Explore the MrPoster.com collection of rare and vintage posters. FREE shipping in the 48 US states. International shipping available.","robots":{"index":"index","follow":"follow","max-snippet":"max-snippet:-1","max-image-preview":"max-image-preview:large","max-video-preview":"max-video-preview:-1"},"canonical":"https:\/\/www.mrposter.com\/es\/producto\/niewinna-grzesznica-the-innocent-sinner\/","og_locale":"es_MX","og_type":"article","og_title":"Vintage Theater Poster | Innocent Sinner | Swierzy - Mr Poster","og_description":"Explore the MrPoster.com collection of rare and vintage posters. FREE shipping in the 48 US states. International shipping available.","og_url":"https:\/\/www.mrposter.com\/es\/producto\/niewinna-grzesznica-the-innocent-sinner\/","og_site_name":"Mr Poster","article_publisher":"https:\/\/www.facebook.com\/mrpostergallery\/","article_modified_time":"2024-06-07T18:18:06+00:00","og_image":[{"width":880,"height":880,"url":"https:\/\/www.mrposter.com\/wp-content\/uploads\/2023\/07\/Niewinna-Grzesznica-Swierzy.jpg","type":"image\/jpeg"}],"twitter_card":"summary_large_image","schema":{"@context":"https:\/\/schema.org","@graph":[{"@type":"WebPage","@id":"https:\/\/www.mrposter.com\/product\/niewinna-grzesznica-the-innocent-sinner\/","url":"https:\/\/www.mrposter.com\/product\/niewinna-grzesznica-the-innocent-sinner\/","name":"Vintage Theater Poster | Innocent Sinner | Swierzy - Mr Poster","isPartOf":{"@id":"https:\/\/www.mrposter.com\/#website"},"primaryImageOfPage":{"@id":"https:\/\/www.mrposter.com\/product\/niewinna-grzesznica-the-innocent-sinner\/#primaryimage"},"image":{"@id":"https:\/\/www.mrposter.com\/product\/niewinna-grzesznica-the-innocent-sinner\/#primaryimage"},"thumbnailUrl":"https:\/\/www.mrposter.com\/wp-content\/uploads\/2023\/07\/Niewinna-Grzesznica-Swierzy.jpg","datePublished":"2023-07-19T17:35:48+00:00","dateModified":"2024-06-07T18:18:06+00:00","description":"Explore the MrPoster.com collection of rare and vintage posters. FREE shipping in the 48 US states. International shipping available.","breadcrumb":{"@id":"https:\/\/www.mrposter.com\/product\/niewinna-grzesznica-the-innocent-sinner\/#breadcrumb"},"inLanguage":"es","potentialAction":[{"@type":"ReadAction","target":["https:\/\/www.mrposter.com\/product\/niewinna-grzesznica-the-innocent-sinner\/"]}]},{"@type":"ImageObject","inLanguage":"es","@id":"https:\/\/www.mrposter.com\/product\/niewinna-grzesznica-the-innocent-sinner\/#primaryimage","url":"https:\/\/www.mrposter.com\/wp-content\/uploads\/2023\/07\/Niewinna-Grzesznica-Swierzy.jpg","contentUrl":"https:\/\/www.mrposter.com\/wp-content\/uploads\/2023\/07\/Niewinna-Grzesznica-Swierzy.jpg","width":880,"height":880},{"@type":"BreadcrumbList","@id":"https:\/\/www.mrposter.com\/product\/niewinna-grzesznica-the-innocent-sinner\/#breadcrumb","itemListElement":[{"@type":"ListItem","position":1,"name":"Home","item":"https:\/\/www.mrposter.com\/"},{"@type":"ListItem","position":2,"name":"Shop","item":"https:\/\/www.mrposter.com\/es\/shop\/"},{"@type":"ListItem","position":3,"name":"Vintage Theater Poster | Innocent Sinner | Swierzy"}]},{"@type":"WebSite","@id":"https:\/\/www.mrposter.com\/#website","url":"https:\/\/www.mrposter.com\/","name":"Mr Poster","description":"Vintage Posters - Polish and Others","publisher":{"@id":"https:\/\/www.mrposter.com\/#organization"},"alternateName":"Mr. Poster, mrposter.com,","potentialAction":[{"@type":"SearchAction","target":{"@type":"EntryPoint","urlTemplate":"https:\/\/www.mrposter.com\/?s={search_term_string}"},"query-input":{"@type":"PropertyValueSpecification","valueRequired":true,"valueName":"search_term_string"}}],"inLanguage":"es"},{"@type":"Organization","@id":"https:\/\/www.mrposter.com\/#organization","name":"Mr. Poster","url":"https:\/\/www.mrposter.com\/","logo":{"@type":"ImageObject","inLanguage":"es","@id":"https:\/\/www.mrposter.com\/#\/schema\/logo\/image\/","url":"https:\/\/www.mrposter.com\/wp-content\/uploads\/2018\/03\/mrposter2-Bold-Transparent-Mar-7-2018.png","contentUrl":"https:\/\/www.mrposter.com\/wp-content\/uploads\/2018\/03\/mrposter2-Bold-Transparent-Mar-7-2018.png","width":1500,"height":1500,"caption":"Mr. Poster"},"image":{"@id":"https:\/\/www.mrposter.com\/#\/schema\/logo\/image\/"},"sameAs":["https:\/\/www.facebook.com\/mrpostergallery\/","https:\/\/www.instagram.com\/mrpostergallery\/"]}]}},"_links":{"self":[{"href":"https:\/\/www.mrposter.com\/es\/wp-json\/wp\/v2\/product\/3652","targetHints":{"allow":["GET"]}}],"collection":[{"href":"https:\/\/www.mrposter.com\/es\/wp-json\/wp\/v2\/product"}],"about":[{"href":"https:\/\/www.mrposter.com\/es\/wp-json\/wp\/v2\/types\/product"}],"wp:featuredmedia":[{"embeddable":true,"href":"https:\/\/www.mrposter.com\/es\/wp-json\/wp\/v2\/media\/3653"}],"wp:attachment":[{"href":"https:\/\/www.mrposter.com\/es\/wp-json\/wp\/v2\/media?parent=3652"}],"wp:term":[{"taxonomy":"product_brand","embeddable":true,"href":"https:\/\/www.mrposter.com\/es\/wp-json\/wp\/v2\/product_brand?post=3652"},{"taxonomy":"product_cat","embeddable":true,"href":"https:\/\/www.mrposter.com\/es\/wp-json\/wp\/v2\/product_cat?post=3652"},{"taxonomy":"product_tag","embeddable":true,"href":"https:\/\/www.mrposter.com\/es\/wp-json\/wp\/v2\/product_tag?post=3652"}],"curies":[{"name":"wp","href":"https:\/\/api.w.org\/{rel}","templated":true}]}}