{"id":3642,"date":"2023-07-13T13:58:48","date_gmt":"2023-07-13T17:58:48","guid":{"rendered":"https:\/\/www.mrposter.com\/?post_type=product&#038;p=3642"},"modified":"2026-01-15T15:16:51","modified_gmt":"2026-01-15T20:16:51","slug":"troubador-vintage-posters-swierzy-verdi-polish-art","status":"publish","type":"product","link":"https:\/\/www.mrposter.com\/es\/producto\/troubador-vintage-posters-swierzy-verdi-polish-art\/","title":{"rendered":"Vintage Posters | Troubador | Waldemar Swierzy"},"content":{"rendered":"<p>Swierzy, Waldemar, Trubadur, Troubador, Poland, Poster, 1853, 1980\u00b4s, Opera, Theater, Il Trovatore, El trovador, Italy,\u00a0 Giuseppe Verdi, Italy<\/p>","protected":false},"excerpt":{"rendered":"<p><i><b>The Troubador (Il trovatore)<\/b><\/i>\u00a0is an\u00a0<a title=\"\u00d3pera\" href=\"https:\/\/en.wikipedia.org\/wiki\/Opera\">opera<\/a>\u00a0in four acts by\u00a0<a title=\"Giuseppe Verdi\" href=\"https:\/\/en.wikipedia.org\/wiki\/Giuseppe_Verdi\">Giuseppe Verdi<\/a>\u00a0to an Italian\u00a0<a title=\"Libretto\" href=\"https:\/\/en.wikipedia.org\/wiki\/Libretto\">libretto<\/a>\u00a0largely written by\u00a0<a title=\"Salvadore Cammarano\" href=\"https:\/\/en.wikipedia.org\/wiki\/Salvadore_Cammarano\">Salvadore Cammarano<\/a>, based on the play\u00a0<i>El trovador<\/i>\u00a0(1836) by\u00a0<a title=\"Antonio Garc\u00eda Guti\u00e9rrez\" href=\"https:\/\/en.wikipedia.org\/wiki\/Antonio_Garc%C3%ADa_Guti%C3%A9rrez\">Antonio Garc\u00eda Guti\u00e9rrez<\/a>. It was Garc\u00eda Guti\u00e9rrez&#8217;s most successful play, one which Verdi scholar\u00a0<a title=\"Julian Budden\" href=\"https:\/\/en.wikipedia.org\/wiki\/Julian_Budden\">Julian Budden<\/a>\u00a0describes as &#8220;a high flown, sprawling melodrama flamboyantly defiant of the\u00a0<a title=\"Classical unities\" href=\"https:\/\/en.wikipedia.org\/wiki\/Classical_unities\">Aristotelian unities<\/a>, packed with all manner of fantastic and bizarre incident.&#8221; The poster artist <strong>Waldemar \u015awierzy<\/strong> (1931-2013) was a renowned Polish graphic designer and a pivotal figure in the Polish School of Posters. Born in Katowice, \u015awierzy graduated from the Academy of Fine Arts in Krak\u00f3w in 1952. Over his prolific career, he created over 2,500 posters, contributing significantly to the cultural and artistic landscape of Poland. \u015awierzy&#8217;s work is characterized by its vibrant colors, dynamic compositions, and innovative use of typography. His posters cover a wide range of subjects, including film, theater, music, and cultural events, often blending abstract and figurative elements to convey powerful messages. In addition to his poster work, \u015awierzy was a respected educator, teaching at the Academy of Fine Arts in Warsaw and Pozna\u0144. He received numerous awards and international recognition, including the prestigious Toulouse-Lautrec Prize. \u015awierzy&#8217;s legacy endures through his influential designs, which continue to inspire and captivate audiences worldwide.<\/p>","protected":false},"featured_media":3643,"template":"","meta":[],"product_brand":[],"product_cat":[33,37],"product_tag":[5074,5061,5060,5080,5041,5056,5063,5067,4891],"class_list":{"0":"post-3642","1":"product","2":"type-product","3":"status-publish","4":"has-post-thumbnail","6":"product_cat-opera","7":"product_cat-theater","8":"product_tag-artposters","9":"product_tag-graphicart","10":"product_tag-mrposter-com-vintageposters","11":"product_tag-originalvintageposters","12":"product_tag-polishposters","13":"product_tag-posterart","14":"product_tag-posterdesign","15":"product_tag-waldemarswierzy","16":"product_tag-posters","17":"pa_artist-swierzy-waldemar-1931-2013","18":"pa_director-author-giuseppe-verdi","19":"pa_genre-opera","20":"pa_genre-theater","21":"pa_grading-mint","22":"pa_poster-country-of-origin-poland","23":"pa_poster-year-1980s","24":"pa_work-country-of-origin-italy","26":"first","27":"instock","28":"sale","29":"shipping-taxable","30":"purchasable","31":"product-type-simple","32":"czr-hentry"},"yoast_head":"<!-- This site is optimized with the Yoast SEO plugin v27.2 - https:\/\/yoast.com\/product\/yoast-seo-wordpress\/ -->\n<title>Vintage Posters | Troubador | Waldemar Swierzy<\/title>\n<meta name=\"description\" content=\"Own a bold piece of opera history: This striking vintage Polish poster by Waldemar \u015awierzy captures the drama of Giuseppe Verdi\u2019s theater in unforgettable graphic form. FREE shipping in the 48 US states.\" \/>\n<meta name=\"robots\" content=\"index, follow, max-snippet:-1, max-image-preview:large, max-video-preview:-1\" \/>\n<link rel=\"canonical\" href=\"https:\/\/www.mrposter.com\/es\/producto\/troubador-vintage-posters-swierzy-verdi-polish-art\/\" \/>\n<meta property=\"og:locale\" content=\"es_MX\" \/>\n<meta property=\"og:type\" content=\"article\" \/>\n<meta property=\"og:title\" content=\"Vintage Posters | Troubador | Waldemar Swierzy\" \/>\n<meta property=\"og:description\" content=\"Own a bold piece of opera history: This striking vintage Polish poster by Waldemar \u015awierzy captures the drama of Giuseppe Verdi\u2019s theater in unforgettable graphic form. FREE shipping in the 48 US states.\" \/>\n<meta property=\"og:url\" content=\"https:\/\/www.mrposter.com\/es\/producto\/troubador-vintage-posters-swierzy-verdi-polish-art\/\" \/>\n<meta property=\"og:site_name\" content=\"Mr Poster\" \/>\n<meta property=\"article:publisher\" content=\"https:\/\/www.facebook.com\/mrpostergallery\/\" \/>\n<meta property=\"article:modified_time\" content=\"2026-01-15T20:16:51+00:00\" \/>\n<meta property=\"og:image\" content=\"https:\/\/www.mrposter.com\/wp-content\/uploads\/2023\/07\/Trubadur-Swierzy.webp\" \/>\n\t<meta property=\"og:image:width\" content=\"1635\" \/>\n\t<meta property=\"og:image:height\" content=\"2387\" \/>\n\t<meta property=\"og:image:type\" content=\"image\/webp\" \/>\n<meta name=\"twitter:card\" content=\"summary_large_image\" \/>\n<script type=\"application\/ld+json\" class=\"yoast-schema-graph\">{\"@context\":\"https:\/\/schema.org\",\"@graph\":[{\"@type\":\"WebPage\",\"@id\":\"https:\/\/www.mrposter.com\/product\/troubador-vintage-posters-swierzy-verdi-polish-art\/\",\"url\":\"https:\/\/www.mrposter.com\/product\/troubador-vintage-posters-swierzy-verdi-polish-art\/\",\"name\":\"Vintage Posters | Troubador | Waldemar Swierzy\",\"isPartOf\":{\"@id\":\"https:\/\/www.mrposter.com\/#website\"},\"primaryImageOfPage\":{\"@id\":\"https:\/\/www.mrposter.com\/product\/troubador-vintage-posters-swierzy-verdi-polish-art\/#primaryimage\"},\"image\":{\"@id\":\"https:\/\/www.mrposter.com\/product\/troubador-vintage-posters-swierzy-verdi-polish-art\/#primaryimage\"},\"thumbnailUrl\":\"https:\/\/www.mrposter.com\/wp-content\/uploads\/2023\/07\/Trubadur-Swierzy.webp\",\"datePublished\":\"2023-07-13T17:58:48+00:00\",\"dateModified\":\"2026-01-15T20:16:51+00:00\",\"description\":\"Own a bold piece of opera history: This striking vintage Polish poster by Waldemar \u015awierzy captures the drama of Giuseppe Verdi\u2019s theater in unforgettable graphic form. FREE shipping in the 48 US states.\",\"breadcrumb\":{\"@id\":\"https:\/\/www.mrposter.com\/product\/troubador-vintage-posters-swierzy-verdi-polish-art\/#breadcrumb\"},\"inLanguage\":\"es\",\"potentialAction\":[{\"@type\":\"ReadAction\",\"target\":[\"https:\/\/www.mrposter.com\/product\/troubador-vintage-posters-swierzy-verdi-polish-art\/\"]}]},{\"@type\":\"ImageObject\",\"inLanguage\":\"es\",\"@id\":\"https:\/\/www.mrposter.com\/product\/troubador-vintage-posters-swierzy-verdi-polish-art\/#primaryimage\",\"url\":\"https:\/\/www.mrposter.com\/wp-content\/uploads\/2023\/07\/Trubadur-Swierzy.webp\",\"contentUrl\":\"https:\/\/www.mrposter.com\/wp-content\/uploads\/2023\/07\/Trubadur-Swierzy.webp\",\"width\":1635,\"height\":2387},{\"@type\":\"BreadcrumbList\",\"@id\":\"https:\/\/www.mrposter.com\/product\/troubador-vintage-posters-swierzy-verdi-polish-art\/#breadcrumb\",\"itemListElement\":[{\"@type\":\"ListItem\",\"position\":1,\"name\":\"Home\",\"item\":\"https:\/\/www.mrposter.com\/\"},{\"@type\":\"ListItem\",\"position\":2,\"name\":\"Shop\",\"item\":\"https:\/\/www.mrposter.com\/es\/shop\/\"},{\"@type\":\"ListItem\",\"position\":3,\"name\":\"Vintage Posters | Troubador | Waldemar Swierzy\"}]},{\"@type\":\"WebSite\",\"@id\":\"https:\/\/www.mrposter.com\/#website\",\"url\":\"https:\/\/www.mrposter.com\/\",\"name\":\"Mr Poster\",\"description\":\"Vintage Posters - Polish and Others\",\"publisher\":{\"@id\":\"https:\/\/www.mrposter.com\/#organization\"},\"alternateName\":\"Mr. Poster, mrposter.com,\",\"potentialAction\":[{\"@type\":\"SearchAction\",\"target\":{\"@type\":\"EntryPoint\",\"urlTemplate\":\"https:\/\/www.mrposter.com\/?s={search_term_string}\"},\"query-input\":{\"@type\":\"PropertyValueSpecification\",\"valueRequired\":true,\"valueName\":\"search_term_string\"}}],\"inLanguage\":\"es\"},{\"@type\":\"Organization\",\"@id\":\"https:\/\/www.mrposter.com\/#organization\",\"name\":\"Mr. Poster\",\"url\":\"https:\/\/www.mrposter.com\/\",\"logo\":{\"@type\":\"ImageObject\",\"inLanguage\":\"es\",\"@id\":\"https:\/\/www.mrposter.com\/#\/schema\/logo\/image\/\",\"url\":\"https:\/\/www.mrposter.com\/wp-content\/uploads\/2018\/03\/mrposter2-Bold-Transparent-Mar-7-2018.png\",\"contentUrl\":\"https:\/\/www.mrposter.com\/wp-content\/uploads\/2018\/03\/mrposter2-Bold-Transparent-Mar-7-2018.png\",\"width\":1500,\"height\":1500,\"caption\":\"Mr. Poster\"},\"image\":{\"@id\":\"https:\/\/www.mrposter.com\/#\/schema\/logo\/image\/\"},\"sameAs\":[\"https:\/\/www.facebook.com\/mrpostergallery\/\",\"https:\/\/www.instagram.com\/mrpostergallery\/\"]}]}<\/script>\n<!-- \/ Yoast SEO plugin. -->","yoast_head_json":{"title":"Vintage Posters | Troubador | Waldemar Swierzy","description":"Own a bold piece of opera history: This striking vintage Polish poster by Waldemar \u015awierzy captures the drama of Giuseppe Verdi\u2019s theater in unforgettable graphic form. FREE shipping in the 48 US states.","robots":{"index":"index","follow":"follow","max-snippet":"max-snippet:-1","max-image-preview":"max-image-preview:large","max-video-preview":"max-video-preview:-1"},"canonical":"https:\/\/www.mrposter.com\/es\/producto\/troubador-vintage-posters-swierzy-verdi-polish-art\/","og_locale":"es_MX","og_type":"article","og_title":"Vintage Posters | Troubador | Waldemar Swierzy","og_description":"Own a bold piece of opera history: This striking vintage Polish poster by Waldemar \u015awierzy captures the drama of Giuseppe Verdi\u2019s theater in unforgettable graphic form. FREE shipping in the 48 US states.","og_url":"https:\/\/www.mrposter.com\/es\/producto\/troubador-vintage-posters-swierzy-verdi-polish-art\/","og_site_name":"Mr Poster","article_publisher":"https:\/\/www.facebook.com\/mrpostergallery\/","article_modified_time":"2026-01-15T20:16:51+00:00","og_image":[{"width":1635,"height":2387,"url":"https:\/\/www.mrposter.com\/wp-content\/uploads\/2023\/07\/Trubadur-Swierzy.webp","type":"image\/webp"}],"twitter_card":"summary_large_image","schema":{"@context":"https:\/\/schema.org","@graph":[{"@type":"WebPage","@id":"https:\/\/www.mrposter.com\/product\/troubador-vintage-posters-swierzy-verdi-polish-art\/","url":"https:\/\/www.mrposter.com\/product\/troubador-vintage-posters-swierzy-verdi-polish-art\/","name":"Vintage Posters | Troubador | Waldemar Swierzy","isPartOf":{"@id":"https:\/\/www.mrposter.com\/#website"},"primaryImageOfPage":{"@id":"https:\/\/www.mrposter.com\/product\/troubador-vintage-posters-swierzy-verdi-polish-art\/#primaryimage"},"image":{"@id":"https:\/\/www.mrposter.com\/product\/troubador-vintage-posters-swierzy-verdi-polish-art\/#primaryimage"},"thumbnailUrl":"https:\/\/www.mrposter.com\/wp-content\/uploads\/2023\/07\/Trubadur-Swierzy.webp","datePublished":"2023-07-13T17:58:48+00:00","dateModified":"2026-01-15T20:16:51+00:00","description":"Own a bold piece of opera history: This striking vintage Polish poster by Waldemar \u015awierzy captures the drama of Giuseppe Verdi\u2019s theater in unforgettable graphic form. FREE shipping in the 48 US states.","breadcrumb":{"@id":"https:\/\/www.mrposter.com\/product\/troubador-vintage-posters-swierzy-verdi-polish-art\/#breadcrumb"},"inLanguage":"es","potentialAction":[{"@type":"ReadAction","target":["https:\/\/www.mrposter.com\/product\/troubador-vintage-posters-swierzy-verdi-polish-art\/"]}]},{"@type":"ImageObject","inLanguage":"es","@id":"https:\/\/www.mrposter.com\/product\/troubador-vintage-posters-swierzy-verdi-polish-art\/#primaryimage","url":"https:\/\/www.mrposter.com\/wp-content\/uploads\/2023\/07\/Trubadur-Swierzy.webp","contentUrl":"https:\/\/www.mrposter.com\/wp-content\/uploads\/2023\/07\/Trubadur-Swierzy.webp","width":1635,"height":2387},{"@type":"BreadcrumbList","@id":"https:\/\/www.mrposter.com\/product\/troubador-vintage-posters-swierzy-verdi-polish-art\/#breadcrumb","itemListElement":[{"@type":"ListItem","position":1,"name":"Home","item":"https:\/\/www.mrposter.com\/"},{"@type":"ListItem","position":2,"name":"Shop","item":"https:\/\/www.mrposter.com\/es\/shop\/"},{"@type":"ListItem","position":3,"name":"Vintage Posters | Troubador | Waldemar Swierzy"}]},{"@type":"WebSite","@id":"https:\/\/www.mrposter.com\/#website","url":"https:\/\/www.mrposter.com\/","name":"Mr Poster","description":"Vintage Posters - Polish and Others","publisher":{"@id":"https:\/\/www.mrposter.com\/#organization"},"alternateName":"Mr. Poster, mrposter.com,","potentialAction":[{"@type":"SearchAction","target":{"@type":"EntryPoint","urlTemplate":"https:\/\/www.mrposter.com\/?s={search_term_string}"},"query-input":{"@type":"PropertyValueSpecification","valueRequired":true,"valueName":"search_term_string"}}],"inLanguage":"es"},{"@type":"Organization","@id":"https:\/\/www.mrposter.com\/#organization","name":"Mr. Poster","url":"https:\/\/www.mrposter.com\/","logo":{"@type":"ImageObject","inLanguage":"es","@id":"https:\/\/www.mrposter.com\/#\/schema\/logo\/image\/","url":"https:\/\/www.mrposter.com\/wp-content\/uploads\/2018\/03\/mrposter2-Bold-Transparent-Mar-7-2018.png","contentUrl":"https:\/\/www.mrposter.com\/wp-content\/uploads\/2018\/03\/mrposter2-Bold-Transparent-Mar-7-2018.png","width":1500,"height":1500,"caption":"Mr. Poster"},"image":{"@id":"https:\/\/www.mrposter.com\/#\/schema\/logo\/image\/"},"sameAs":["https:\/\/www.facebook.com\/mrpostergallery\/","https:\/\/www.instagram.com\/mrpostergallery\/"]}]}},"_links":{"self":[{"href":"https:\/\/www.mrposter.com\/es\/wp-json\/wp\/v2\/product\/3642","targetHints":{"allow":["GET"]}}],"collection":[{"href":"https:\/\/www.mrposter.com\/es\/wp-json\/wp\/v2\/product"}],"about":[{"href":"https:\/\/www.mrposter.com\/es\/wp-json\/wp\/v2\/types\/product"}],"wp:featuredmedia":[{"embeddable":true,"href":"https:\/\/www.mrposter.com\/es\/wp-json\/wp\/v2\/media\/3643"}],"wp:attachment":[{"href":"https:\/\/www.mrposter.com\/es\/wp-json\/wp\/v2\/media?parent=3642"}],"wp:term":[{"taxonomy":"product_brand","embeddable":true,"href":"https:\/\/www.mrposter.com\/es\/wp-json\/wp\/v2\/product_brand?post=3642"},{"taxonomy":"product_cat","embeddable":true,"href":"https:\/\/www.mrposter.com\/es\/wp-json\/wp\/v2\/product_cat?post=3642"},{"taxonomy":"product_tag","embeddable":true,"href":"https:\/\/www.mrposter.com\/es\/wp-json\/wp\/v2\/product_tag?post=3642"}],"curies":[{"name":"wp","href":"https:\/\/api.w.org\/{rel}","templated":true}]}}