{"id":3100,"date":"2023-05-15T13:20:40","date_gmt":"2023-05-15T17:20:40","guid":{"rendered":"https:\/\/www.mrposter.com\/?post_type=product&#038;p=3100"},"modified":"2025-04-30T15:17:02","modified_gmt":"2025-04-30T19:17:02","slug":"viva-la-mamma-richard-kaja-polish-posters-donizetti","status":"publish","type":"product","link":"https:\/\/www.mrposter.com\/es\/producto\/viva-la-mamma-richard-kaja-polish-posters-donizetti\/","title":{"rendered":"Vintage Polish Posters | Viva La Mamma | Theater Posters"},"content":{"rendered":"<p>Kaja, Ryszard, Viva La Mamma, Theater, Poland, Italy, Gaetano Donizetti, Poster, 1927, 1991, big mama, mother, mom, red dress, wide open mouth,<\/p>","protected":false},"excerpt":{"rendered":"<p><strong><em>&#8220;Viva la Mamma&#8221;<\/em><\/strong>\u00a0was originally a one-act\u00a0<em>farsa<\/em>\u00a0that was premiered at the Teatro Nuovo in Naples on 21\u00a0November 1827 with the title\u00a0<em>Le convenienze teatrali<\/em>. Later on, Gaetano Donizetti expanded it into a full-length opera buffa which was performed for the first time in Milan in 1831. Donizetti pokes fun at operatic life and all its intrigues, collisions and petty jealousies. <b>Domenico Gaetano Maria Donizetti<\/b><sup id=\"cite_ref-4\" class=\"reference\"><\/sup> (1797\u20131848) was an Italian Romantic composer, best known for his almost 70 operas. The poster artist <strong>Zbigniew Kaja<\/strong>\u00a0 was born in 1924 in\u00a0Poznan, Poland. He was a graphic artist, set designer and one of the creators\u00a0of the famous Polish School of Posters. He studied at\u00a0the State Higher School of Fine Arts in Pozna\u0144, the Faculty of Painting and Graphics and at the Academy of Fine Arts in Warsaw where he obtained his diploma in 1976 from Stanis\u0142aw Mroszczak and Leszek Holdanowicz. He lectured at the State Higher School of Fine Arts in Pozna\u0144. Kaja was the artistic director of WAG and KAW in Pozna\u0144 until 1977. His works have been exhibited at many collective and individual exhibitions in Poland and abroad.<\/p>","protected":false},"featured_media":3101,"template":"","meta":[],"product_brand":[],"product_cat":[29,30,37],"product_tag":[5074,5061,5060,5224,5064,5091,5079],"class_list":{"0":"post-3100","1":"product","2":"type-product","3":"status-publish","4":"has-post-thumbnail","6":"product_cat-cultural","7":"product_cat-event","8":"product_cat-theater","9":"product_tag-artposters","10":"product_tag-graphicart","11":"product_tag-mrposter-com-vintageposters","12":"product_tag-richardkaja-vintagepolishposters-posterart-wallart-posters","13":"product_tag-theaterposters","14":"product_tag-vintageartposters","15":"product_tag-vintageposterart","16":"pa_artist-kaja-ryszard-1962-2019","17":"pa_director-author-gaetano-donizetti","18":"pa_genre-theater","19":"pa_grading-mint","20":"pa_poster-country-of-origin-poland","21":"pa_poster-year-3084","22":"pa_work-country-of-origin-italy","24":"first","25":"instock","26":"shipping-taxable","27":"purchasable","28":"product-type-simple","29":"czr-hentry"},"yoast_head":"<!-- This site is optimized with the Yoast SEO plugin v27.2 - https:\/\/yoast.com\/product\/yoast-seo-wordpress\/ -->\n<title>Vintage Polish Posters | Viva La Mamma | Theater Posters<\/title>\n<meta name=\"description\" content=\"Add this expressive poster art to your decor. Explore the MrPoster.com collection of rare and vintage posters. FREE shipping in the 48 US states.\" \/>\n<meta name=\"robots\" content=\"index, follow, max-snippet:-1, max-image-preview:large, max-video-preview:-1\" \/>\n<link rel=\"canonical\" href=\"https:\/\/www.mrposter.com\/es\/producto\/viva-la-mamma-richard-kaja-polish-posters-donizetti\/\" \/>\n<meta property=\"og:locale\" content=\"es_MX\" \/>\n<meta property=\"og:type\" content=\"article\" \/>\n<meta property=\"og:title\" content=\"Vintage Polish Posters | Viva La Mamma | Theater Posters\" \/>\n<meta property=\"og:description\" content=\"Add this expressive poster art to your decor. Explore the MrPoster.com collection of rare and vintage posters. FREE shipping in the 48 US states.\" \/>\n<meta property=\"og:url\" content=\"https:\/\/www.mrposter.com\/es\/producto\/viva-la-mamma-richard-kaja-polish-posters-donizetti\/\" \/>\n<meta property=\"og:site_name\" content=\"Mr Poster\" \/>\n<meta property=\"article:publisher\" content=\"https:\/\/www.facebook.com\/mrpostergallery\/\" \/>\n<meta property=\"article:modified_time\" content=\"2025-04-30T19:17:02+00:00\" \/>\n<meta property=\"og:image\" content=\"https:\/\/www.mrposter.com\/wp-content\/uploads\/2023\/05\/Viva-La-Mamma-Kaja.jpg\" \/>\n\t<meta property=\"og:image:width\" content=\"541\" \/>\n\t<meta property=\"og:image:height\" content=\"800\" \/>\n\t<meta property=\"og:image:type\" content=\"image\/jpeg\" \/>\n<meta name=\"twitter:card\" content=\"summary_large_image\" \/>\n<script type=\"application\/ld+json\" class=\"yoast-schema-graph\">{\"@context\":\"https:\/\/schema.org\",\"@graph\":[{\"@type\":\"WebPage\",\"@id\":\"https:\/\/www.mrposter.com\/product\/viva-la-mamma-richard-kaja-polish-posters-donizetti\/\",\"url\":\"https:\/\/www.mrposter.com\/product\/viva-la-mamma-richard-kaja-polish-posters-donizetti\/\",\"name\":\"Vintage Polish Posters | Viva La Mamma | Theater Posters\",\"isPartOf\":{\"@id\":\"https:\/\/www.mrposter.com\/#website\"},\"primaryImageOfPage\":{\"@id\":\"https:\/\/www.mrposter.com\/product\/viva-la-mamma-richard-kaja-polish-posters-donizetti\/#primaryimage\"},\"image\":{\"@id\":\"https:\/\/www.mrposter.com\/product\/viva-la-mamma-richard-kaja-polish-posters-donizetti\/#primaryimage\"},\"thumbnailUrl\":\"https:\/\/www.mrposter.com\/wp-content\/uploads\/2023\/05\/Viva-La-Mamma-Kaja.jpg\",\"datePublished\":\"2023-05-15T17:20:40+00:00\",\"dateModified\":\"2025-04-30T19:17:02+00:00\",\"description\":\"Add this expressive poster art to your decor. Explore the MrPoster.com collection of rare and vintage posters. FREE shipping in the 48 US states.\",\"breadcrumb\":{\"@id\":\"https:\/\/www.mrposter.com\/product\/viva-la-mamma-richard-kaja-polish-posters-donizetti\/#breadcrumb\"},\"inLanguage\":\"es\",\"potentialAction\":[{\"@type\":\"ReadAction\",\"target\":[\"https:\/\/www.mrposter.com\/product\/viva-la-mamma-richard-kaja-polish-posters-donizetti\/\"]}]},{\"@type\":\"ImageObject\",\"inLanguage\":\"es\",\"@id\":\"https:\/\/www.mrposter.com\/product\/viva-la-mamma-richard-kaja-polish-posters-donizetti\/#primaryimage\",\"url\":\"https:\/\/www.mrposter.com\/wp-content\/uploads\/2023\/05\/Viva-La-Mamma-Kaja.jpg\",\"contentUrl\":\"https:\/\/www.mrposter.com\/wp-content\/uploads\/2023\/05\/Viva-La-Mamma-Kaja.jpg\",\"width\":541,\"height\":800},{\"@type\":\"BreadcrumbList\",\"@id\":\"https:\/\/www.mrposter.com\/product\/viva-la-mamma-richard-kaja-polish-posters-donizetti\/#breadcrumb\",\"itemListElement\":[{\"@type\":\"ListItem\",\"position\":1,\"name\":\"Home\",\"item\":\"https:\/\/www.mrposter.com\/\"},{\"@type\":\"ListItem\",\"position\":2,\"name\":\"Shop\",\"item\":\"https:\/\/www.mrposter.com\/es\/shop\/\"},{\"@type\":\"ListItem\",\"position\":3,\"name\":\"Vintage Polish Posters | Viva La Mamma | Theater Posters\"}]},{\"@type\":\"WebSite\",\"@id\":\"https:\/\/www.mrposter.com\/#website\",\"url\":\"https:\/\/www.mrposter.com\/\",\"name\":\"Mr Poster\",\"description\":\"Vintage Posters - Polish and Others\",\"publisher\":{\"@id\":\"https:\/\/www.mrposter.com\/#organization\"},\"alternateName\":\"Mr. Poster, mrposter.com,\",\"potentialAction\":[{\"@type\":\"SearchAction\",\"target\":{\"@type\":\"EntryPoint\",\"urlTemplate\":\"https:\/\/www.mrposter.com\/?s={search_term_string}\"},\"query-input\":{\"@type\":\"PropertyValueSpecification\",\"valueRequired\":true,\"valueName\":\"search_term_string\"}}],\"inLanguage\":\"es\"},{\"@type\":\"Organization\",\"@id\":\"https:\/\/www.mrposter.com\/#organization\",\"name\":\"Mr. Poster\",\"url\":\"https:\/\/www.mrposter.com\/\",\"logo\":{\"@type\":\"ImageObject\",\"inLanguage\":\"es\",\"@id\":\"https:\/\/www.mrposter.com\/#\/schema\/logo\/image\/\",\"url\":\"https:\/\/www.mrposter.com\/wp-content\/uploads\/2018\/03\/mrposter2-Bold-Transparent-Mar-7-2018.png\",\"contentUrl\":\"https:\/\/www.mrposter.com\/wp-content\/uploads\/2018\/03\/mrposter2-Bold-Transparent-Mar-7-2018.png\",\"width\":1500,\"height\":1500,\"caption\":\"Mr. Poster\"},\"image\":{\"@id\":\"https:\/\/www.mrposter.com\/#\/schema\/logo\/image\/\"},\"sameAs\":[\"https:\/\/www.facebook.com\/mrpostergallery\/\",\"https:\/\/www.instagram.com\/mrpostergallery\/\"]}]}<\/script>\n<!-- \/ Yoast SEO plugin. -->","yoast_head_json":{"title":"Vintage Polish Posters | Viva La Mamma | Theater Posters","description":"Add this expressive poster art to your decor. Explore the MrPoster.com collection of rare and vintage posters. FREE shipping in the 48 US states.","robots":{"index":"index","follow":"follow","max-snippet":"max-snippet:-1","max-image-preview":"max-image-preview:large","max-video-preview":"max-video-preview:-1"},"canonical":"https:\/\/www.mrposter.com\/es\/producto\/viva-la-mamma-richard-kaja-polish-posters-donizetti\/","og_locale":"es_MX","og_type":"article","og_title":"Vintage Polish Posters | Viva La Mamma | Theater Posters","og_description":"Add this expressive poster art to your decor. Explore the MrPoster.com collection of rare and vintage posters. FREE shipping in the 48 US states.","og_url":"https:\/\/www.mrposter.com\/es\/producto\/viva-la-mamma-richard-kaja-polish-posters-donizetti\/","og_site_name":"Mr Poster","article_publisher":"https:\/\/www.facebook.com\/mrpostergallery\/","article_modified_time":"2025-04-30T19:17:02+00:00","og_image":[{"width":541,"height":800,"url":"https:\/\/www.mrposter.com\/wp-content\/uploads\/2023\/05\/Viva-La-Mamma-Kaja.jpg","type":"image\/jpeg"}],"twitter_card":"summary_large_image","schema":{"@context":"https:\/\/schema.org","@graph":[{"@type":"WebPage","@id":"https:\/\/www.mrposter.com\/product\/viva-la-mamma-richard-kaja-polish-posters-donizetti\/","url":"https:\/\/www.mrposter.com\/product\/viva-la-mamma-richard-kaja-polish-posters-donizetti\/","name":"Vintage Polish Posters | Viva La Mamma | Theater Posters","isPartOf":{"@id":"https:\/\/www.mrposter.com\/#website"},"primaryImageOfPage":{"@id":"https:\/\/www.mrposter.com\/product\/viva-la-mamma-richard-kaja-polish-posters-donizetti\/#primaryimage"},"image":{"@id":"https:\/\/www.mrposter.com\/product\/viva-la-mamma-richard-kaja-polish-posters-donizetti\/#primaryimage"},"thumbnailUrl":"https:\/\/www.mrposter.com\/wp-content\/uploads\/2023\/05\/Viva-La-Mamma-Kaja.jpg","datePublished":"2023-05-15T17:20:40+00:00","dateModified":"2025-04-30T19:17:02+00:00","description":"Add this expressive poster art to your decor. Explore the MrPoster.com collection of rare and vintage posters. FREE shipping in the 48 US states.","breadcrumb":{"@id":"https:\/\/www.mrposter.com\/product\/viva-la-mamma-richard-kaja-polish-posters-donizetti\/#breadcrumb"},"inLanguage":"es","potentialAction":[{"@type":"ReadAction","target":["https:\/\/www.mrposter.com\/product\/viva-la-mamma-richard-kaja-polish-posters-donizetti\/"]}]},{"@type":"ImageObject","inLanguage":"es","@id":"https:\/\/www.mrposter.com\/product\/viva-la-mamma-richard-kaja-polish-posters-donizetti\/#primaryimage","url":"https:\/\/www.mrposter.com\/wp-content\/uploads\/2023\/05\/Viva-La-Mamma-Kaja.jpg","contentUrl":"https:\/\/www.mrposter.com\/wp-content\/uploads\/2023\/05\/Viva-La-Mamma-Kaja.jpg","width":541,"height":800},{"@type":"BreadcrumbList","@id":"https:\/\/www.mrposter.com\/product\/viva-la-mamma-richard-kaja-polish-posters-donizetti\/#breadcrumb","itemListElement":[{"@type":"ListItem","position":1,"name":"Home","item":"https:\/\/www.mrposter.com\/"},{"@type":"ListItem","position":2,"name":"Shop","item":"https:\/\/www.mrposter.com\/es\/shop\/"},{"@type":"ListItem","position":3,"name":"Vintage Polish Posters | Viva La Mamma | Theater Posters"}]},{"@type":"WebSite","@id":"https:\/\/www.mrposter.com\/#website","url":"https:\/\/www.mrposter.com\/","name":"Mr Poster","description":"Vintage Posters - Polish and Others","publisher":{"@id":"https:\/\/www.mrposter.com\/#organization"},"alternateName":"Mr. Poster, mrposter.com,","potentialAction":[{"@type":"SearchAction","target":{"@type":"EntryPoint","urlTemplate":"https:\/\/www.mrposter.com\/?s={search_term_string}"},"query-input":{"@type":"PropertyValueSpecification","valueRequired":true,"valueName":"search_term_string"}}],"inLanguage":"es"},{"@type":"Organization","@id":"https:\/\/www.mrposter.com\/#organization","name":"Mr. Poster","url":"https:\/\/www.mrposter.com\/","logo":{"@type":"ImageObject","inLanguage":"es","@id":"https:\/\/www.mrposter.com\/#\/schema\/logo\/image\/","url":"https:\/\/www.mrposter.com\/wp-content\/uploads\/2018\/03\/mrposter2-Bold-Transparent-Mar-7-2018.png","contentUrl":"https:\/\/www.mrposter.com\/wp-content\/uploads\/2018\/03\/mrposter2-Bold-Transparent-Mar-7-2018.png","width":1500,"height":1500,"caption":"Mr. Poster"},"image":{"@id":"https:\/\/www.mrposter.com\/#\/schema\/logo\/image\/"},"sameAs":["https:\/\/www.facebook.com\/mrpostergallery\/","https:\/\/www.instagram.com\/mrpostergallery\/"]}]}},"_links":{"self":[{"href":"https:\/\/www.mrposter.com\/es\/wp-json\/wp\/v2\/product\/3100","targetHints":{"allow":["GET"]}}],"collection":[{"href":"https:\/\/www.mrposter.com\/es\/wp-json\/wp\/v2\/product"}],"about":[{"href":"https:\/\/www.mrposter.com\/es\/wp-json\/wp\/v2\/types\/product"}],"wp:featuredmedia":[{"embeddable":true,"href":"https:\/\/www.mrposter.com\/es\/wp-json\/wp\/v2\/media\/3101"}],"wp:attachment":[{"href":"https:\/\/www.mrposter.com\/es\/wp-json\/wp\/v2\/media?parent=3100"}],"wp:term":[{"taxonomy":"product_brand","embeddable":true,"href":"https:\/\/www.mrposter.com\/es\/wp-json\/wp\/v2\/product_brand?post=3100"},{"taxonomy":"product_cat","embeddable":true,"href":"https:\/\/www.mrposter.com\/es\/wp-json\/wp\/v2\/product_cat?post=3100"},{"taxonomy":"product_tag","embeddable":true,"href":"https:\/\/www.mrposter.com\/es\/wp-json\/wp\/v2\/product_tag?post=3100"}],"curies":[{"name":"wp","href":"https:\/\/api.w.org\/{rel}","templated":true}]}}