{"id":3076,"date":"2023-05-13T09:19:12","date_gmt":"2023-05-13T13:19:12","guid":{"rendered":"https:\/\/www.mrposter.com\/?post_type=product&#038;p=3076"},"modified":"2024-07-29T16:39:48","modified_gmt":"2024-07-29T20:39:48","slug":"vintage-polish-posters-vabank-pagowski","status":"publish","type":"product","link":"https:\/\/www.mrposter.com\/es\/producto\/vintage-polish-posters-vabank-pagowski\/","title":{"rendered":"Vintage Polish Posters | Vabank | Pagowski"},"content":{"rendered":"<p>Pagowski, Andrzej, Vabank, Film, Poland, Poster, 1981, Juliusz Machulski, Jan Machulski, Witold Pyrkosz, Leonard Pietraszak, man\u00b4s face, eyes blacked out, handprints, hand prints<\/p>","protected":false},"excerpt":{"rendered":"<p><i><b>Vabank<\/b><\/i>\u00a0is a 1981 Polish\u00a0<a title=\"Comedy film\" href=\"https:\/\/en.wikipedia.org\/wiki\/Comedy_film\">comedy<\/a>\u00a0<a title=\"Heist film\" href=\"https:\/\/en.wikipedia.org\/wiki\/Heist_film\">heist film<\/a>\u00a0written and directed by\u00a0<a title=\"Juliusz Machulski\" href=\"https:\/\/en.wikipedia.org\/wiki\/Juliusz_Machulski\">Juliusz Machulski<\/a>, set in 1934\u00a0<a title=\"Warsaw\" href=\"https:\/\/en.wikipedia.org\/wiki\/Warsaw\">Warsaw<\/a>\u00a0(although actually filmed in\u00a0<a title=\"\u0141\u00f3d\u017a\" href=\"https:\/\/en.wikipedia.org\/wiki\/%C5%81%C3%B3d%C5%BA\">\u0141\u00f3d\u017a<\/a>\u00a0and\u00a0<a title=\"Piotrk\u00f3w Trybunalski\" href=\"https:\/\/en.wikipedia.org\/wiki\/Piotrk%C3%B3w_Trybunalski\">Piotrk\u00f3w Trybunalski<\/a>). Th<sup id=\"cite_ref-1\" class=\"reference\"><\/sup>e film received several awards and nominations, among them Polish Film Festival, 1981, Best Debut Director, and Mystfest, 1982, Best Film. The film&#8217;s name is Polish for <i><a title=\"Va banque\" href=\"https:\/\/en.wikipedia.org\/wiki\/Va_banque\">Va banque<\/a><\/i>, a gambling term for when one is betting to win or lose all. The poster artist<strong> Andrzej Pagowski<\/strong> was born in Warsaw, Poland, in 1953 and is an artist specializing in graphic design and poster art. P\u0105gowski graduated from The State University of Fine Arts in Poznan in 1978 and began to design posters, which has since become his main interest. In addition to posters, he designs theatrical settings, prints and catalogs. One of the younger artists of Polish School of Posters, in 1990 he created his own graphic studio, STUDIO P, which developed into an advertising agency in 1993 and continues in operation today. In 1992, he became art director of the Polish edition of <em>Playboy<\/em> magazine.<sup>.<\/sup> His work is characterized by a \u201cflick of the wrist\u201d style, including spontaneous, handwritten details and typography. His art can be found in many European museums as well as the <em>Museum of Modern Art (MoMA)<\/em> in New York. He also has had one-man shows in Stockholm, Paris, London and Warsaw.<\/p>","protected":false},"featured_media":3077,"template":"","meta":[],"product_brand":[],"product_cat":[31],"product_tag":[5076,5074,5058,5060,5082,5079,4891],"class_list":{"0":"post-3076","1":"product","2":"type-product","3":"status-publish","4":"has-post-thumbnail","6":"product_cat-film","7":"product_tag-andrzejpagowski","8":"product_tag-artposters","9":"product_tag-filmposters","10":"product_tag-mrposter-com-vintageposters","11":"product_tag-vintagedesign","12":"product_tag-vintageposterart","13":"product_tag-posters","14":"pa_artist-pagowski-andrzej-b-1953","15":"pa_cast-jan-machulski","16":"pa_cast-leonard-pietraszak","17":"pa_cast-witold-pyrkosz","18":"pa_director-author-juliusz-machulski","19":"pa_genre-film","20":"pa_grading-mint","21":"pa_poster-country-of-origin-poland","22":"pa_poster-year-276","24":"first","25":"instock","26":"shipping-taxable","27":"purchasable","28":"product-type-simple","29":"czr-hentry"},"yoast_head":"<!-- This site is optimized with the Yoast SEO plugin v27.2 - https:\/\/yoast.com\/product\/yoast-seo-wordpress\/ -->\n<title>Vintage Polish Posters | Vabank | Pagowski - Mr Poster<\/title>\n<meta name=\"description\" content=\"Explore the MrPoster.com collection of rare and vintage posters and brighten up your walls. FREE shipping in the 48 US states.\" \/>\n<meta name=\"robots\" content=\"index, follow, max-snippet:-1, max-image-preview:large, max-video-preview:-1\" \/>\n<link rel=\"canonical\" href=\"https:\/\/www.mrposter.com\/es\/producto\/vintage-polish-posters-vabank-pagowski\/\" \/>\n<meta property=\"og:locale\" content=\"es_MX\" \/>\n<meta property=\"og:type\" content=\"article\" \/>\n<meta property=\"og:title\" content=\"Vintage Polish Posters | Vabank | Pagowski - Mr Poster\" \/>\n<meta property=\"og:description\" content=\"Explore the MrPoster.com collection of rare and vintage posters and brighten up your walls. FREE shipping in the 48 US states.\" \/>\n<meta property=\"og:url\" content=\"https:\/\/www.mrposter.com\/es\/producto\/vintage-polish-posters-vabank-pagowski\/\" \/>\n<meta property=\"og:site_name\" content=\"Mr Poster\" \/>\n<meta property=\"article:publisher\" content=\"https:\/\/www.facebook.com\/mrpostergallery\/\" \/>\n<meta property=\"article:modified_time\" content=\"2024-07-29T20:39:48+00:00\" \/>\n<meta property=\"og:image\" content=\"https:\/\/www.mrposter.com\/wp-content\/uploads\/2023\/05\/Vabank-Pagowski.jpg\" \/>\n\t<meta property=\"og:image:width\" content=\"424\" \/>\n\t<meta property=\"og:image:height\" content=\"600\" \/>\n\t<meta property=\"og:image:type\" content=\"image\/jpeg\" \/>\n<meta name=\"twitter:card\" content=\"summary_large_image\" \/>\n<script type=\"application\/ld+json\" class=\"yoast-schema-graph\">{\"@context\":\"https:\/\/schema.org\",\"@graph\":[{\"@type\":\"WebPage\",\"@id\":\"https:\/\/www.mrposter.com\/product\/vintage-polish-posters-vabank-pagowski\/\",\"url\":\"https:\/\/www.mrposter.com\/product\/vintage-polish-posters-vabank-pagowski\/\",\"name\":\"Vintage Polish Posters | Vabank | Pagowski - Mr Poster\",\"isPartOf\":{\"@id\":\"https:\/\/www.mrposter.com\/#website\"},\"primaryImageOfPage\":{\"@id\":\"https:\/\/www.mrposter.com\/product\/vintage-polish-posters-vabank-pagowski\/#primaryimage\"},\"image\":{\"@id\":\"https:\/\/www.mrposter.com\/product\/vintage-polish-posters-vabank-pagowski\/#primaryimage\"},\"thumbnailUrl\":\"https:\/\/www.mrposter.com\/wp-content\/uploads\/2023\/05\/Vabank-Pagowski.jpg\",\"datePublished\":\"2023-05-13T13:19:12+00:00\",\"dateModified\":\"2024-07-29T20:39:48+00:00\",\"description\":\"Explore the MrPoster.com collection of rare and vintage posters and brighten up your walls. FREE shipping in the 48 US states.\",\"breadcrumb\":{\"@id\":\"https:\/\/www.mrposter.com\/product\/vintage-polish-posters-vabank-pagowski\/#breadcrumb\"},\"inLanguage\":\"es\",\"potentialAction\":[{\"@type\":\"ReadAction\",\"target\":[\"https:\/\/www.mrposter.com\/product\/vintage-polish-posters-vabank-pagowski\/\"]}]},{\"@type\":\"ImageObject\",\"inLanguage\":\"es\",\"@id\":\"https:\/\/www.mrposter.com\/product\/vintage-polish-posters-vabank-pagowski\/#primaryimage\",\"url\":\"https:\/\/www.mrposter.com\/wp-content\/uploads\/2023\/05\/Vabank-Pagowski.jpg\",\"contentUrl\":\"https:\/\/www.mrposter.com\/wp-content\/uploads\/2023\/05\/Vabank-Pagowski.jpg\",\"width\":424,\"height\":600},{\"@type\":\"BreadcrumbList\",\"@id\":\"https:\/\/www.mrposter.com\/product\/vintage-polish-posters-vabank-pagowski\/#breadcrumb\",\"itemListElement\":[{\"@type\":\"ListItem\",\"position\":1,\"name\":\"Home\",\"item\":\"https:\/\/www.mrposter.com\/\"},{\"@type\":\"ListItem\",\"position\":2,\"name\":\"Shop\",\"item\":\"https:\/\/www.mrposter.com\/es\/shop\/\"},{\"@type\":\"ListItem\",\"position\":3,\"name\":\"Vintage Polish Posters | Vabank | Pagowski\"}]},{\"@type\":\"WebSite\",\"@id\":\"https:\/\/www.mrposter.com\/#website\",\"url\":\"https:\/\/www.mrposter.com\/\",\"name\":\"Mr Poster\",\"description\":\"Vintage Posters - Polish and Others\",\"publisher\":{\"@id\":\"https:\/\/www.mrposter.com\/#organization\"},\"alternateName\":\"Mr. Poster, mrposter.com,\",\"potentialAction\":[{\"@type\":\"SearchAction\",\"target\":{\"@type\":\"EntryPoint\",\"urlTemplate\":\"https:\/\/www.mrposter.com\/?s={search_term_string}\"},\"query-input\":{\"@type\":\"PropertyValueSpecification\",\"valueRequired\":true,\"valueName\":\"search_term_string\"}}],\"inLanguage\":\"es\"},{\"@type\":\"Organization\",\"@id\":\"https:\/\/www.mrposter.com\/#organization\",\"name\":\"Mr. Poster\",\"url\":\"https:\/\/www.mrposter.com\/\",\"logo\":{\"@type\":\"ImageObject\",\"inLanguage\":\"es\",\"@id\":\"https:\/\/www.mrposter.com\/#\/schema\/logo\/image\/\",\"url\":\"https:\/\/www.mrposter.com\/wp-content\/uploads\/2018\/03\/mrposter2-Bold-Transparent-Mar-7-2018.png\",\"contentUrl\":\"https:\/\/www.mrposter.com\/wp-content\/uploads\/2018\/03\/mrposter2-Bold-Transparent-Mar-7-2018.png\",\"width\":1500,\"height\":1500,\"caption\":\"Mr. Poster\"},\"image\":{\"@id\":\"https:\/\/www.mrposter.com\/#\/schema\/logo\/image\/\"},\"sameAs\":[\"https:\/\/www.facebook.com\/mrpostergallery\/\",\"https:\/\/www.instagram.com\/mrpostergallery\/\"]}]}<\/script>\n<!-- \/ Yoast SEO plugin. -->","yoast_head_json":{"title":"Vintage Polish Posters | Vabank | Pagowski - Mr Poster","description":"Explore the MrPoster.com collection of rare and vintage posters and brighten up your walls. FREE shipping in the 48 US states.","robots":{"index":"index","follow":"follow","max-snippet":"max-snippet:-1","max-image-preview":"max-image-preview:large","max-video-preview":"max-video-preview:-1"},"canonical":"https:\/\/www.mrposter.com\/es\/producto\/vintage-polish-posters-vabank-pagowski\/","og_locale":"es_MX","og_type":"article","og_title":"Vintage Polish Posters | Vabank | Pagowski - Mr Poster","og_description":"Explore the MrPoster.com collection of rare and vintage posters and brighten up your walls. FREE shipping in the 48 US states.","og_url":"https:\/\/www.mrposter.com\/es\/producto\/vintage-polish-posters-vabank-pagowski\/","og_site_name":"Mr Poster","article_publisher":"https:\/\/www.facebook.com\/mrpostergallery\/","article_modified_time":"2024-07-29T20:39:48+00:00","og_image":[{"width":424,"height":600,"url":"https:\/\/www.mrposter.com\/wp-content\/uploads\/2023\/05\/Vabank-Pagowski.jpg","type":"image\/jpeg"}],"twitter_card":"summary_large_image","schema":{"@context":"https:\/\/schema.org","@graph":[{"@type":"WebPage","@id":"https:\/\/www.mrposter.com\/product\/vintage-polish-posters-vabank-pagowski\/","url":"https:\/\/www.mrposter.com\/product\/vintage-polish-posters-vabank-pagowski\/","name":"Vintage Polish Posters | Vabank | Pagowski - Mr Poster","isPartOf":{"@id":"https:\/\/www.mrposter.com\/#website"},"primaryImageOfPage":{"@id":"https:\/\/www.mrposter.com\/product\/vintage-polish-posters-vabank-pagowski\/#primaryimage"},"image":{"@id":"https:\/\/www.mrposter.com\/product\/vintage-polish-posters-vabank-pagowski\/#primaryimage"},"thumbnailUrl":"https:\/\/www.mrposter.com\/wp-content\/uploads\/2023\/05\/Vabank-Pagowski.jpg","datePublished":"2023-05-13T13:19:12+00:00","dateModified":"2024-07-29T20:39:48+00:00","description":"Explore the MrPoster.com collection of rare and vintage posters and brighten up your walls. FREE shipping in the 48 US states.","breadcrumb":{"@id":"https:\/\/www.mrposter.com\/product\/vintage-polish-posters-vabank-pagowski\/#breadcrumb"},"inLanguage":"es","potentialAction":[{"@type":"ReadAction","target":["https:\/\/www.mrposter.com\/product\/vintage-polish-posters-vabank-pagowski\/"]}]},{"@type":"ImageObject","inLanguage":"es","@id":"https:\/\/www.mrposter.com\/product\/vintage-polish-posters-vabank-pagowski\/#primaryimage","url":"https:\/\/www.mrposter.com\/wp-content\/uploads\/2023\/05\/Vabank-Pagowski.jpg","contentUrl":"https:\/\/www.mrposter.com\/wp-content\/uploads\/2023\/05\/Vabank-Pagowski.jpg","width":424,"height":600},{"@type":"BreadcrumbList","@id":"https:\/\/www.mrposter.com\/product\/vintage-polish-posters-vabank-pagowski\/#breadcrumb","itemListElement":[{"@type":"ListItem","position":1,"name":"Home","item":"https:\/\/www.mrposter.com\/"},{"@type":"ListItem","position":2,"name":"Shop","item":"https:\/\/www.mrposter.com\/es\/shop\/"},{"@type":"ListItem","position":3,"name":"Vintage Polish Posters | Vabank | Pagowski"}]},{"@type":"WebSite","@id":"https:\/\/www.mrposter.com\/#website","url":"https:\/\/www.mrposter.com\/","name":"Mr Poster","description":"Vintage Posters - Polish and Others","publisher":{"@id":"https:\/\/www.mrposter.com\/#organization"},"alternateName":"Mr. Poster, mrposter.com,","potentialAction":[{"@type":"SearchAction","target":{"@type":"EntryPoint","urlTemplate":"https:\/\/www.mrposter.com\/?s={search_term_string}"},"query-input":{"@type":"PropertyValueSpecification","valueRequired":true,"valueName":"search_term_string"}}],"inLanguage":"es"},{"@type":"Organization","@id":"https:\/\/www.mrposter.com\/#organization","name":"Mr. Poster","url":"https:\/\/www.mrposter.com\/","logo":{"@type":"ImageObject","inLanguage":"es","@id":"https:\/\/www.mrposter.com\/#\/schema\/logo\/image\/","url":"https:\/\/www.mrposter.com\/wp-content\/uploads\/2018\/03\/mrposter2-Bold-Transparent-Mar-7-2018.png","contentUrl":"https:\/\/www.mrposter.com\/wp-content\/uploads\/2018\/03\/mrposter2-Bold-Transparent-Mar-7-2018.png","width":1500,"height":1500,"caption":"Mr. Poster"},"image":{"@id":"https:\/\/www.mrposter.com\/#\/schema\/logo\/image\/"},"sameAs":["https:\/\/www.facebook.com\/mrpostergallery\/","https:\/\/www.instagram.com\/mrpostergallery\/"]}]}},"_links":{"self":[{"href":"https:\/\/www.mrposter.com\/es\/wp-json\/wp\/v2\/product\/3076","targetHints":{"allow":["GET"]}}],"collection":[{"href":"https:\/\/www.mrposter.com\/es\/wp-json\/wp\/v2\/product"}],"about":[{"href":"https:\/\/www.mrposter.com\/es\/wp-json\/wp\/v2\/types\/product"}],"wp:featuredmedia":[{"embeddable":true,"href":"https:\/\/www.mrposter.com\/es\/wp-json\/wp\/v2\/media\/3077"}],"wp:attachment":[{"href":"https:\/\/www.mrposter.com\/es\/wp-json\/wp\/v2\/media?parent=3076"}],"wp:term":[{"taxonomy":"product_brand","embeddable":true,"href":"https:\/\/www.mrposter.com\/es\/wp-json\/wp\/v2\/product_brand?post=3076"},{"taxonomy":"product_cat","embeddable":true,"href":"https:\/\/www.mrposter.com\/es\/wp-json\/wp\/v2\/product_cat?post=3076"},{"taxonomy":"product_tag","embeddable":true,"href":"https:\/\/www.mrposter.com\/es\/wp-json\/wp\/v2\/product_tag?post=3076"}],"curies":[{"name":"wp","href":"https:\/\/api.w.org\/{rel}","templated":true}]}}