{"id":2876,"date":"2023-04-27T10:52:34","date_gmt":"2023-04-27T16:52:34","guid":{"rendered":"https:\/\/www.mrposter.com\/?post_type=product&#038;p=2876"},"modified":"2025-02-12T11:32:38","modified_gmt":"2025-02-12T16:32:38","slug":"cudowni-mezczyzni-z-korbka-those-wonderful-movie-cranks-polish-posters-czech-film","status":"publish","type":"product","link":"https:\/\/www.mrposter.com\/es\/producto\/cudowni-mezczyzni-z-korbka-those-wonderful-movie-cranks-polish-posters-czech-film\/","title":{"rendered":"Polish Posters | Those Wonderful Movie Cranks | Andrzej Krajewski"},"content":{"rendered":"<p>Krajewski, Andrzej, Cudowni Mezczyzni z Korbka, Those Wonderful Movie Cranks, Bajecni Muzi s Klikou, 1979, 1980, Czechoslovakia, Czech Republic, Poland, Poster, Film, Near Mint, blue purple geometric shapes, movie camera, people faces, top hat, abstract art<\/p>","protected":false},"excerpt":{"rendered":"<p><b>Those Wonderful Movie Cranks<\/b>\u00a0(<a title=\"Czech language\" href=\"https:\/\/en.wikipedia.org\/wiki\/Czech_language\">Czech<\/a>:\u00a0B\u00e1je\u010dn\u00ed mu\u017ei s klikoui<i lang=\"cs\">. <\/i>Polish: Mezczyzni z Korbka) is a 1978\u00a0<a title=\"Czech language\" href=\"https:\/\/en.wikipedia.org\/wiki\/Czech_language\">Czech<\/a>\u00a0<a title=\"Comedy film\" href=\"https:\/\/en.wikipedia.org\/wiki\/Comedy_film\">comedy film<\/a>\u00a0directed by\u00a0<a title=\"Ji\u0159\u00ed Menzel\" href=\"https:\/\/en.wikipedia.org\/wiki\/Ji%C5%99%C3%AD_Menzel\">Ji\u0159\u00ed Menzel<\/a>. Plot: At the beginning of the 20th century, a film projectionist tours through Bohemian villages and dreams of opening a cinema in Prague. He allies himself with a young cameraman (played by Ji\u0159\u00ed Menzel), who in turn has a dream: He longs for true-to-life films that deal with the reality of people. Menzel&#8217;s\u00a0<em>Those Wonderful Movie Cranks<\/em> is one of the most beautiful tributes to the pioneers of the silent era, and the film is also a melancholic reflection on necessary concessions. The film was selected as the Czech entry for the\u00a0<a class=\"mw-redirect\" title=\"\" href=\"https:\/\/en.wikipedia.org\/wiki\/Academy_Award_for_Best_Foreign_Language_Film\">Best Foreign Language Film<\/a>\u00a0at the\u00a0<a title=\"52nd Academy Awards\" href=\"https:\/\/en.wikipedia.org\/wiki\/52nd_Academy_Awards\">52nd Academy Awards<\/a>, but was not accepted as a nominee. <sup id=\"cite_ref-1\" class=\"reference\"><\/sup>The film has also been referred to by the title <i>Magicians of the Silver Screen<\/i>. <sup id=\"cite_ref-2\" class=\"reference\"><\/sup>The poster artist <strong>Andre Krajewski<\/strong> (1933-2018) was a Polish expatriate who resided\u00a0in the USA. His career spanned more than half a century, creating paintings and posters in his art-deco and pop art style. Krajewski was best known in Poland for his movie posters, a career he began in 1965, sometimes designing up to a dozen movie posters every year up until 1980. In 2005, he made a comeback with the Polish theater poster for\u00a0<em>Valentine&#8217;s Day<\/em>. He wrote a novel in the late 2000s,\u00a0<em>Skyliner<\/em>, titled after a Charlie Barnet hit, about trying to escape from the Iron Curtain in the early 1950s. In the USA, he was the official artist for the 1997\u00a0Panasonic Jazz Festival and created the\u00a0New York Film Academy painting which could be seen on countless Academy posters and ads around the nation.<\/p>","protected":false},"featured_media":2877,"template":"","meta":[],"product_brand":[],"product_cat":[31],"product_tag":[5205,5218,5060,5088,5071,5125,5217],"class_list":{"0":"post-2876","1":"product","2":"type-product","3":"status-publish","4":"has-post-thumbnail","6":"product_cat-film","7":"product_tag-collectibleart","8":"product_tag-czechart","9":"product_tag-mrposter-com-vintageposters","10":"product_tag-polishfilmposters","11":"product_tag-vintagedecor","12":"product_tag-vintagefilmposters","13":"product_tag-vintagepolishposters-vintageposters-czechfilms-wallart","14":"pa_artist-krajewski-andrzej-b-1933","15":"pa_cast-blazena-holisova","16":"pa_cast-rudolf-husinsky","17":"pa_cast-vlasta-fabianova","18":"pa_director-author-jiri-menzel","19":"pa_genre-film","20":"pa_grading-near-mint","21":"pa_poster-country-of-origin-poland","22":"pa_poster-year-1437","23":"pa_work-country-of-origin-czech-republic","25":"first","26":"instock","27":"shipping-taxable","28":"purchasable","29":"product-type-simple","30":"czr-hentry"},"yoast_head":"<!-- This site is optimized with the Yoast SEO plugin v27.2 - https:\/\/yoast.com\/product\/yoast-seo-wordpress\/ -->\n<title>Polish Posters | Those Wonderful Movie Cranks | Andrzej Krajewski<\/title>\n<meta name=\"description\" content=\"Discover the charm of Czech cinema with this vintage poster for &quot;Those Wonderful Movie Cranks&quot;. Perfect addition to any film lover&#039;s collection (Polish version).\" \/>\n<meta name=\"robots\" content=\"index, follow, max-snippet:-1, max-image-preview:large, max-video-preview:-1\" \/>\n<link rel=\"canonical\" href=\"https:\/\/www.mrposter.com\/es\/producto\/cudowni-mezczyzni-z-korbka-those-wonderful-movie-cranks-polish-posters-czech-film\/\" \/>\n<meta property=\"og:locale\" content=\"es_MX\" \/>\n<meta property=\"og:type\" content=\"article\" \/>\n<meta property=\"og:title\" content=\"Polish Posters | Those Wonderful Movie Cranks | Andrzej Krajewski\" \/>\n<meta property=\"og:description\" content=\"Discover the charm of Czech cinema with this vintage poster for &quot;Those Wonderful Movie Cranks&quot;. Perfect addition to any film lover&#039;s collection (Polish version).\" \/>\n<meta property=\"og:url\" content=\"https:\/\/www.mrposter.com\/es\/producto\/cudowni-mezczyzni-z-korbka-those-wonderful-movie-cranks-polish-posters-czech-film\/\" \/>\n<meta property=\"og:site_name\" content=\"Mr Poster\" \/>\n<meta property=\"article:publisher\" content=\"https:\/\/www.facebook.com\/mrpostergallery\/\" \/>\n<meta property=\"article:modified_time\" content=\"2025-02-12T16:32:38+00:00\" \/>\n<meta property=\"og:image\" content=\"https:\/\/www.mrposter.com\/wp-content\/uploads\/2023\/04\/Cudowni-Mezczyzni-z-Korbka-Krajewski.jpg\" \/>\n\t<meta property=\"og:image:width\" content=\"343\" \/>\n\t<meta property=\"og:image:height\" content=\"500\" \/>\n\t<meta property=\"og:image:type\" content=\"image\/jpeg\" \/>\n<meta name=\"twitter:card\" content=\"summary_large_image\" \/>\n<script type=\"application\/ld+json\" class=\"yoast-schema-graph\">{\"@context\":\"https:\/\/schema.org\",\"@graph\":[{\"@type\":\"WebPage\",\"@id\":\"https:\/\/www.mrposter.com\/product\/cudowni-mezczyzni-z-korbka-those-wonderful-movie-cranks-polish-posters-czech-film\/\",\"url\":\"https:\/\/www.mrposter.com\/product\/cudowni-mezczyzni-z-korbka-those-wonderful-movie-cranks-polish-posters-czech-film\/\",\"name\":\"Polish Posters | Those Wonderful Movie Cranks | Andrzej Krajewski\",\"isPartOf\":{\"@id\":\"https:\/\/www.mrposter.com\/#website\"},\"primaryImageOfPage\":{\"@id\":\"https:\/\/www.mrposter.com\/product\/cudowni-mezczyzni-z-korbka-those-wonderful-movie-cranks-polish-posters-czech-film\/#primaryimage\"},\"image\":{\"@id\":\"https:\/\/www.mrposter.com\/product\/cudowni-mezczyzni-z-korbka-those-wonderful-movie-cranks-polish-posters-czech-film\/#primaryimage\"},\"thumbnailUrl\":\"https:\/\/www.mrposter.com\/wp-content\/uploads\/2023\/04\/Cudowni-Mezczyzni-z-Korbka-Krajewski.jpg\",\"datePublished\":\"2023-04-27T16:52:34+00:00\",\"dateModified\":\"2025-02-12T16:32:38+00:00\",\"description\":\"Discover the charm of Czech cinema with this vintage poster for \\\"Those Wonderful Movie Cranks\\\". Perfect addition to any film lover's collection (Polish version).\",\"breadcrumb\":{\"@id\":\"https:\/\/www.mrposter.com\/product\/cudowni-mezczyzni-z-korbka-those-wonderful-movie-cranks-polish-posters-czech-film\/#breadcrumb\"},\"inLanguage\":\"es\",\"potentialAction\":[{\"@type\":\"ReadAction\",\"target\":[\"https:\/\/www.mrposter.com\/product\/cudowni-mezczyzni-z-korbka-those-wonderful-movie-cranks-polish-posters-czech-film\/\"]}]},{\"@type\":\"ImageObject\",\"inLanguage\":\"es\",\"@id\":\"https:\/\/www.mrposter.com\/product\/cudowni-mezczyzni-z-korbka-those-wonderful-movie-cranks-polish-posters-czech-film\/#primaryimage\",\"url\":\"https:\/\/www.mrposter.com\/wp-content\/uploads\/2023\/04\/Cudowni-Mezczyzni-z-Korbka-Krajewski.jpg\",\"contentUrl\":\"https:\/\/www.mrposter.com\/wp-content\/uploads\/2023\/04\/Cudowni-Mezczyzni-z-Korbka-Krajewski.jpg\",\"width\":343,\"height\":500},{\"@type\":\"BreadcrumbList\",\"@id\":\"https:\/\/www.mrposter.com\/product\/cudowni-mezczyzni-z-korbka-those-wonderful-movie-cranks-polish-posters-czech-film\/#breadcrumb\",\"itemListElement\":[{\"@type\":\"ListItem\",\"position\":1,\"name\":\"Home\",\"item\":\"https:\/\/www.mrposter.com\/\"},{\"@type\":\"ListItem\",\"position\":2,\"name\":\"Shop\",\"item\":\"https:\/\/www.mrposter.com\/es\/shop\/\"},{\"@type\":\"ListItem\",\"position\":3,\"name\":\"Polish Posters | Those Wonderful Movie Cranks | Andrzej Krajewski\"}]},{\"@type\":\"WebSite\",\"@id\":\"https:\/\/www.mrposter.com\/#website\",\"url\":\"https:\/\/www.mrposter.com\/\",\"name\":\"Mr Poster\",\"description\":\"Vintage Posters - Polish and Others\",\"publisher\":{\"@id\":\"https:\/\/www.mrposter.com\/#organization\"},\"alternateName\":\"Mr. Poster, mrposter.com,\",\"potentialAction\":[{\"@type\":\"SearchAction\",\"target\":{\"@type\":\"EntryPoint\",\"urlTemplate\":\"https:\/\/www.mrposter.com\/?s={search_term_string}\"},\"query-input\":{\"@type\":\"PropertyValueSpecification\",\"valueRequired\":true,\"valueName\":\"search_term_string\"}}],\"inLanguage\":\"es\"},{\"@type\":\"Organization\",\"@id\":\"https:\/\/www.mrposter.com\/#organization\",\"name\":\"Mr. Poster\",\"url\":\"https:\/\/www.mrposter.com\/\",\"logo\":{\"@type\":\"ImageObject\",\"inLanguage\":\"es\",\"@id\":\"https:\/\/www.mrposter.com\/#\/schema\/logo\/image\/\",\"url\":\"https:\/\/www.mrposter.com\/wp-content\/uploads\/2018\/03\/mrposter2-Bold-Transparent-Mar-7-2018.png\",\"contentUrl\":\"https:\/\/www.mrposter.com\/wp-content\/uploads\/2018\/03\/mrposter2-Bold-Transparent-Mar-7-2018.png\",\"width\":1500,\"height\":1500,\"caption\":\"Mr. Poster\"},\"image\":{\"@id\":\"https:\/\/www.mrposter.com\/#\/schema\/logo\/image\/\"},\"sameAs\":[\"https:\/\/www.facebook.com\/mrpostergallery\/\",\"https:\/\/www.instagram.com\/mrpostergallery\/\"]}]}<\/script>\n<!-- \/ Yoast SEO plugin. -->","yoast_head_json":{"title":"Polish Posters | Those Wonderful Movie Cranks | Andrzej Krajewski","description":"Discover the charm of Czech cinema with this vintage poster for \"Those Wonderful Movie Cranks\". Perfect addition to any film lover's collection (Polish version).","robots":{"index":"index","follow":"follow","max-snippet":"max-snippet:-1","max-image-preview":"max-image-preview:large","max-video-preview":"max-video-preview:-1"},"canonical":"https:\/\/www.mrposter.com\/es\/producto\/cudowni-mezczyzni-z-korbka-those-wonderful-movie-cranks-polish-posters-czech-film\/","og_locale":"es_MX","og_type":"article","og_title":"Polish Posters | Those Wonderful Movie Cranks | Andrzej Krajewski","og_description":"Discover the charm of Czech cinema with this vintage poster for \"Those Wonderful Movie Cranks\". Perfect addition to any film lover's collection (Polish version).","og_url":"https:\/\/www.mrposter.com\/es\/producto\/cudowni-mezczyzni-z-korbka-those-wonderful-movie-cranks-polish-posters-czech-film\/","og_site_name":"Mr Poster","article_publisher":"https:\/\/www.facebook.com\/mrpostergallery\/","article_modified_time":"2025-02-12T16:32:38+00:00","og_image":[{"width":343,"height":500,"url":"https:\/\/www.mrposter.com\/wp-content\/uploads\/2023\/04\/Cudowni-Mezczyzni-z-Korbka-Krajewski.jpg","type":"image\/jpeg"}],"twitter_card":"summary_large_image","schema":{"@context":"https:\/\/schema.org","@graph":[{"@type":"WebPage","@id":"https:\/\/www.mrposter.com\/product\/cudowni-mezczyzni-z-korbka-those-wonderful-movie-cranks-polish-posters-czech-film\/","url":"https:\/\/www.mrposter.com\/product\/cudowni-mezczyzni-z-korbka-those-wonderful-movie-cranks-polish-posters-czech-film\/","name":"Polish Posters | Those Wonderful Movie Cranks | Andrzej Krajewski","isPartOf":{"@id":"https:\/\/www.mrposter.com\/#website"},"primaryImageOfPage":{"@id":"https:\/\/www.mrposter.com\/product\/cudowni-mezczyzni-z-korbka-those-wonderful-movie-cranks-polish-posters-czech-film\/#primaryimage"},"image":{"@id":"https:\/\/www.mrposter.com\/product\/cudowni-mezczyzni-z-korbka-those-wonderful-movie-cranks-polish-posters-czech-film\/#primaryimage"},"thumbnailUrl":"https:\/\/www.mrposter.com\/wp-content\/uploads\/2023\/04\/Cudowni-Mezczyzni-z-Korbka-Krajewski.jpg","datePublished":"2023-04-27T16:52:34+00:00","dateModified":"2025-02-12T16:32:38+00:00","description":"Discover the charm of Czech cinema with this vintage poster for \"Those Wonderful Movie Cranks\". Perfect addition to any film lover's collection (Polish version).","breadcrumb":{"@id":"https:\/\/www.mrposter.com\/product\/cudowni-mezczyzni-z-korbka-those-wonderful-movie-cranks-polish-posters-czech-film\/#breadcrumb"},"inLanguage":"es","potentialAction":[{"@type":"ReadAction","target":["https:\/\/www.mrposter.com\/product\/cudowni-mezczyzni-z-korbka-those-wonderful-movie-cranks-polish-posters-czech-film\/"]}]},{"@type":"ImageObject","inLanguage":"es","@id":"https:\/\/www.mrposter.com\/product\/cudowni-mezczyzni-z-korbka-those-wonderful-movie-cranks-polish-posters-czech-film\/#primaryimage","url":"https:\/\/www.mrposter.com\/wp-content\/uploads\/2023\/04\/Cudowni-Mezczyzni-z-Korbka-Krajewski.jpg","contentUrl":"https:\/\/www.mrposter.com\/wp-content\/uploads\/2023\/04\/Cudowni-Mezczyzni-z-Korbka-Krajewski.jpg","width":343,"height":500},{"@type":"BreadcrumbList","@id":"https:\/\/www.mrposter.com\/product\/cudowni-mezczyzni-z-korbka-those-wonderful-movie-cranks-polish-posters-czech-film\/#breadcrumb","itemListElement":[{"@type":"ListItem","position":1,"name":"Home","item":"https:\/\/www.mrposter.com\/"},{"@type":"ListItem","position":2,"name":"Shop","item":"https:\/\/www.mrposter.com\/es\/shop\/"},{"@type":"ListItem","position":3,"name":"Polish Posters | Those Wonderful Movie Cranks | Andrzej Krajewski"}]},{"@type":"WebSite","@id":"https:\/\/www.mrposter.com\/#website","url":"https:\/\/www.mrposter.com\/","name":"Mr Poster","description":"Vintage Posters - Polish and Others","publisher":{"@id":"https:\/\/www.mrposter.com\/#organization"},"alternateName":"Mr. Poster, mrposter.com,","potentialAction":[{"@type":"SearchAction","target":{"@type":"EntryPoint","urlTemplate":"https:\/\/www.mrposter.com\/?s={search_term_string}"},"query-input":{"@type":"PropertyValueSpecification","valueRequired":true,"valueName":"search_term_string"}}],"inLanguage":"es"},{"@type":"Organization","@id":"https:\/\/www.mrposter.com\/#organization","name":"Mr. Poster","url":"https:\/\/www.mrposter.com\/","logo":{"@type":"ImageObject","inLanguage":"es","@id":"https:\/\/www.mrposter.com\/#\/schema\/logo\/image\/","url":"https:\/\/www.mrposter.com\/wp-content\/uploads\/2018\/03\/mrposter2-Bold-Transparent-Mar-7-2018.png","contentUrl":"https:\/\/www.mrposter.com\/wp-content\/uploads\/2018\/03\/mrposter2-Bold-Transparent-Mar-7-2018.png","width":1500,"height":1500,"caption":"Mr. Poster"},"image":{"@id":"https:\/\/www.mrposter.com\/#\/schema\/logo\/image\/"},"sameAs":["https:\/\/www.facebook.com\/mrpostergallery\/","https:\/\/www.instagram.com\/mrpostergallery\/"]}]}},"_links":{"self":[{"href":"https:\/\/www.mrposter.com\/es\/wp-json\/wp\/v2\/product\/2876","targetHints":{"allow":["GET"]}}],"collection":[{"href":"https:\/\/www.mrposter.com\/es\/wp-json\/wp\/v2\/product"}],"about":[{"href":"https:\/\/www.mrposter.com\/es\/wp-json\/wp\/v2\/types\/product"}],"wp:featuredmedia":[{"embeddable":true,"href":"https:\/\/www.mrposter.com\/es\/wp-json\/wp\/v2\/media\/2877"}],"wp:attachment":[{"href":"https:\/\/www.mrposter.com\/es\/wp-json\/wp\/v2\/media?parent=2876"}],"wp:term":[{"taxonomy":"product_brand","embeddable":true,"href":"https:\/\/www.mrposter.com\/es\/wp-json\/wp\/v2\/product_brand?post=2876"},{"taxonomy":"product_cat","embeddable":true,"href":"https:\/\/www.mrposter.com\/es\/wp-json\/wp\/v2\/product_cat?post=2876"},{"taxonomy":"product_tag","embeddable":true,"href":"https:\/\/www.mrposter.com\/es\/wp-json\/wp\/v2\/product_tag?post=2876"}],"curies":[{"name":"wp","href":"https:\/\/api.w.org\/{rel}","templated":true}]}}