{"id":1567,"date":"2018-07-18T14:24:27","date_gmt":"2018-07-18T19:24:27","guid":{"rendered":"https:\/\/www.mrposter.com\/product\/budowniczy-solness\/"},"modified":"2025-05-13T15:46:06","modified_gmt":"2025-05-13T19:46:06","slug":"vintage-polish-posters-waldemar-swierzy-henrik-ibsen-solness-the-master-builder","status":"publish","type":"product","link":"https:\/\/www.mrposter.com\/es\/producto\/vintage-polish-posters-waldemar-swierzy-henrik-ibsen-solness-the-master-builder\/","title":{"rendered":"Vintage Polish Posters | The Master Builder | Ibsen | Swierzy"},"content":{"rendered":"<p>Swierzy, Waldemar, 1971, Budowniczy Solness, The Master Builder, Theater, Fair Condition, Poland, Poster, Norway, Henrik Ibsen, bowler hat, brick face, clouds, blue, linen<\/p>","protected":false},"excerpt":{"rendered":"<p><i><b>The Master Builder<\/b><\/i> is a play by Norwegian playwright\u00a0<a title=\"Henrik Ibsen\" href=\"https:\/\/en.wikipedia.org\/wiki\/Henrik_Ibsen\">Henrik Ibsen<\/a>. I<sup id=\"cite_ref-1\" class=\"reference\"><\/sup>t was first published in December 1892 and is regarded as one of Ibsen&#8217;s more significant and revealing works. The play was first performed in 1893 at the <a title=\"Lessing Theater\" href=\"https:\/\/en.wikipedia.org\/wiki\/Lessing_Theater\">Lessing Theatre<\/a> in Berlin. It opened at the <a title=\"Duke of York's Theatre\" href=\"https:\/\/en.wikipedia.org\/wiki\/Duke_of_York%27s_Theatre\">Trafalgar Theatre<\/a>\u00a0in London the following month, with Herbert H. Waring in the name part and\u00a0<a title=\"Elizabeth Robins\" href=\"https:\/\/en.wikipedia.org\/wiki\/Elizabeth_Robins\">Elizabeth Robins<\/a> as Hilda. Productions in Oslo and Copenhagen were coordinated to also open in 1893. In the following year, the work was staged by <a title=\"Th\u00e9\u00e2tre de l'\u0152uvre\" href=\"https:\/\/en.wikipedia.org\/wiki\/Th%C3%A9%C3%A2tre_de_l%27%C5%92uvre\">Th\u00e9\u00e2tre de l&#8217;\u0152uvre<\/a>, the international company based in Paris. The first U.S. performance was at the\u00a0<a title=\"Carnegie Hall\" href=\"https:\/\/en.wikipedia.org\/wiki\/Carnegie_Hall#Zankel_Hall\">Carnegie Lyceum<\/a> in New York in 1900. The German director\u00a0<a class=\"extiw\" title=\"de:Michael Klette\" href=\"https:\/\/de.wikipedia.org\/wiki\/Michael_Klette\">Michael Klette<\/a>\u00a0adapted this story for his movie\u00a0<i><a class=\"extiw\" title=\"de:Solness\" href=\"https:\/\/de.wikipedia.org\/wiki\/Solness\">Solness<\/a><\/i> (2015). The artist for this poster is <strong>Waldemar Swierzy<\/strong>, born in Poland in 1931. He graduated from the Krakow Academy of Fine Arts in 1952. Subsequently he was Professor at the University of Fine Arts in Poznan from 1965 and Professor at the Academy of Fine Arts in Warsaw from 1994. In 1992 the government of Poland issued a postage stamp to honor one of his Cyrk (Circus) posters, &#8216;Clown with Derby&#8217;. Swierzy is one of the Polish School of Posters&#8217; most prolific artists, having created over 2500 posters. He employed unusual concepts with a variety of techniques, frequently mirroring Polish social history from 1950s through 1980s, with a myriad of styles: folk art from the 50s, pop art from the 60s, portraits from the 70s, and TV images from the 80s. In addition, his Jazz Greats series of famous American jazz personalities became so well known that he reissued them in his later years as signed lithographs. The series includes Louis Armstrong, Ray Charles and Charlie Parker, among others. He passed away in 2013.<\/p>","protected":false},"featured_media":931,"template":"","meta":[],"product_brand":[],"product_cat":[29,37],"product_tag":[5041,5091,5042,5067],"class_list":{"0":"post-1567","1":"product","2":"type-product","3":"status-publish","4":"has-post-thumbnail","6":"product_cat-cultural","7":"product_cat-theater","8":"product_tag-polishposters","9":"product_tag-vintageartposters","10":"product_tag-vintageposters","11":"product_tag-waldemarswierzy","12":"pa_artist-swierzy-waldemar-1931-2013","13":"pa_director-author-henrik-ibsen","14":"pa_genre-cultural","15":"pa_genre-theater","16":"pa_grading-fair","17":"pa_grading-water-stains","18":"pa_poster-country-of-origin-poland","19":"pa_poster-year-180","20":"pa_work-country-of-origin-norway","22":"first","23":"instock","24":"shipping-taxable","25":"purchasable","26":"product-type-simple","27":"czr-hentry"},"yoast_head":"<!-- This site is optimized with the Yoast SEO plugin v27.2 - https:\/\/yoast.com\/product\/yoast-seo-wordpress\/ -->\n<title>Vintage Polish Posters | The Master Builder | Ibsen | Swierzy<\/title>\n<meta name=\"description\" content=\"Another incredible vintage poster by the great Polish artist Waldemar Swierzy. Henrik Ibsen play &quot;The Master Builder&quot; FREE shipping in the 48 US states.\" \/>\n<meta name=\"robots\" content=\"index, follow, max-snippet:-1, max-image-preview:large, max-video-preview:-1\" \/>\n<link rel=\"canonical\" href=\"https:\/\/www.mrposter.com\/es\/producto\/vintage-polish-posters-waldemar-swierzy-henrik-ibsen-solness-the-master-builder\/\" \/>\n<meta property=\"og:locale\" content=\"es_MX\" \/>\n<meta property=\"og:type\" content=\"article\" \/>\n<meta property=\"og:title\" content=\"Vintage Polish Posters | The Master Builder | Ibsen | Swierzy\" \/>\n<meta property=\"og:description\" content=\"Another incredible vintage poster by the great Polish artist Waldemar Swierzy. Henrik Ibsen play &quot;The Master Builder&quot; FREE shipping in the 48 US states.\" \/>\n<meta property=\"og:url\" content=\"https:\/\/www.mrposter.com\/es\/producto\/vintage-polish-posters-waldemar-swierzy-henrik-ibsen-solness-the-master-builder\/\" \/>\n<meta property=\"og:site_name\" content=\"Mr Poster\" \/>\n<meta property=\"article:publisher\" content=\"https:\/\/www.facebook.com\/mrpostergallery\/\" \/>\n<meta property=\"article:modified_time\" content=\"2025-05-13T19:46:06+00:00\" \/>\n<meta property=\"og:image\" content=\"https:\/\/www.mrposter.com\/wp-content\/uploads\/2018\/new\/9220.jpg\" \/>\n\t<meta property=\"og:image:width\" content=\"500\" \/>\n\t<meta property=\"og:image:height\" content=\"723\" \/>\n\t<meta property=\"og:image:type\" content=\"image\/jpeg\" \/>\n<meta name=\"twitter:card\" content=\"summary_large_image\" \/>\n<script type=\"application\/ld+json\" class=\"yoast-schema-graph\">{\"@context\":\"https:\/\/schema.org\",\"@graph\":[{\"@type\":\"WebPage\",\"@id\":\"https:\/\/www.mrposter.com\/product\/vintage-polish-posters-waldemar-swierzy-henrik-ibsen-solness-the-master-builder\/\",\"url\":\"https:\/\/www.mrposter.com\/product\/vintage-polish-posters-waldemar-swierzy-henrik-ibsen-solness-the-master-builder\/\",\"name\":\"Vintage Polish Posters | The Master Builder | Ibsen | Swierzy\",\"isPartOf\":{\"@id\":\"https:\/\/www.mrposter.com\/#website\"},\"primaryImageOfPage\":{\"@id\":\"https:\/\/www.mrposter.com\/product\/vintage-polish-posters-waldemar-swierzy-henrik-ibsen-solness-the-master-builder\/#primaryimage\"},\"image\":{\"@id\":\"https:\/\/www.mrposter.com\/product\/vintage-polish-posters-waldemar-swierzy-henrik-ibsen-solness-the-master-builder\/#primaryimage\"},\"thumbnailUrl\":\"https:\/\/www.mrposter.com\/wp-content\/uploads\/2018\/new\/9220.jpg\",\"datePublished\":\"2018-07-18T19:24:27+00:00\",\"dateModified\":\"2025-05-13T19:46:06+00:00\",\"description\":\"Another incredible vintage poster by the great Polish artist Waldemar Swierzy. Henrik Ibsen play \\\"The Master Builder\\\" FREE shipping in the 48 US states.\",\"breadcrumb\":{\"@id\":\"https:\/\/www.mrposter.com\/product\/vintage-polish-posters-waldemar-swierzy-henrik-ibsen-solness-the-master-builder\/#breadcrumb\"},\"inLanguage\":\"es\",\"potentialAction\":[{\"@type\":\"ReadAction\",\"target\":[\"https:\/\/www.mrposter.com\/product\/vintage-polish-posters-waldemar-swierzy-henrik-ibsen-solness-the-master-builder\/\"]}]},{\"@type\":\"ImageObject\",\"inLanguage\":\"es\",\"@id\":\"https:\/\/www.mrposter.com\/product\/vintage-polish-posters-waldemar-swierzy-henrik-ibsen-solness-the-master-builder\/#primaryimage\",\"url\":\"https:\/\/www.mrposter.com\/wp-content\/uploads\/2018\/new\/9220.jpg\",\"contentUrl\":\"https:\/\/www.mrposter.com\/wp-content\/uploads\/2018\/new\/9220.jpg\",\"width\":500,\"height\":723},{\"@type\":\"BreadcrumbList\",\"@id\":\"https:\/\/www.mrposter.com\/product\/vintage-polish-posters-waldemar-swierzy-henrik-ibsen-solness-the-master-builder\/#breadcrumb\",\"itemListElement\":[{\"@type\":\"ListItem\",\"position\":1,\"name\":\"Home\",\"item\":\"https:\/\/www.mrposter.com\/\"},{\"@type\":\"ListItem\",\"position\":2,\"name\":\"Shop\",\"item\":\"https:\/\/www.mrposter.com\/es\/shop\/\"},{\"@type\":\"ListItem\",\"position\":3,\"name\":\"Vintage Polish Posters | The Master Builder | Ibsen | Swierzy\"}]},{\"@type\":\"WebSite\",\"@id\":\"https:\/\/www.mrposter.com\/#website\",\"url\":\"https:\/\/www.mrposter.com\/\",\"name\":\"Mr Poster\",\"description\":\"Vintage Posters - Polish and Others\",\"publisher\":{\"@id\":\"https:\/\/www.mrposter.com\/#organization\"},\"alternateName\":\"Mr. Poster, mrposter.com,\",\"potentialAction\":[{\"@type\":\"SearchAction\",\"target\":{\"@type\":\"EntryPoint\",\"urlTemplate\":\"https:\/\/www.mrposter.com\/?s={search_term_string}\"},\"query-input\":{\"@type\":\"PropertyValueSpecification\",\"valueRequired\":true,\"valueName\":\"search_term_string\"}}],\"inLanguage\":\"es\"},{\"@type\":\"Organization\",\"@id\":\"https:\/\/www.mrposter.com\/#organization\",\"name\":\"Mr. Poster\",\"url\":\"https:\/\/www.mrposter.com\/\",\"logo\":{\"@type\":\"ImageObject\",\"inLanguage\":\"es\",\"@id\":\"https:\/\/www.mrposter.com\/#\/schema\/logo\/image\/\",\"url\":\"https:\/\/www.mrposter.com\/wp-content\/uploads\/2018\/03\/mrposter2-Bold-Transparent-Mar-7-2018.png\",\"contentUrl\":\"https:\/\/www.mrposter.com\/wp-content\/uploads\/2018\/03\/mrposter2-Bold-Transparent-Mar-7-2018.png\",\"width\":1500,\"height\":1500,\"caption\":\"Mr. Poster\"},\"image\":{\"@id\":\"https:\/\/www.mrposter.com\/#\/schema\/logo\/image\/\"},\"sameAs\":[\"https:\/\/www.facebook.com\/mrpostergallery\/\",\"https:\/\/www.instagram.com\/mrpostergallery\/\"]}]}<\/script>\n<!-- \/ Yoast SEO plugin. -->","yoast_head_json":{"title":"Vintage Polish Posters | The Master Builder | Ibsen | Swierzy","description":"Another incredible vintage poster by the great Polish artist Waldemar Swierzy. Henrik Ibsen play \"The Master Builder\" FREE shipping in the 48 US states.","robots":{"index":"index","follow":"follow","max-snippet":"max-snippet:-1","max-image-preview":"max-image-preview:large","max-video-preview":"max-video-preview:-1"},"canonical":"https:\/\/www.mrposter.com\/es\/producto\/vintage-polish-posters-waldemar-swierzy-henrik-ibsen-solness-the-master-builder\/","og_locale":"es_MX","og_type":"article","og_title":"Vintage Polish Posters | The Master Builder | Ibsen | Swierzy","og_description":"Another incredible vintage poster by the great Polish artist Waldemar Swierzy. Henrik Ibsen play \"The Master Builder\" FREE shipping in the 48 US states.","og_url":"https:\/\/www.mrposter.com\/es\/producto\/vintage-polish-posters-waldemar-swierzy-henrik-ibsen-solness-the-master-builder\/","og_site_name":"Mr Poster","article_publisher":"https:\/\/www.facebook.com\/mrpostergallery\/","article_modified_time":"2025-05-13T19:46:06+00:00","og_image":[{"width":500,"height":723,"url":"https:\/\/www.mrposter.com\/wp-content\/uploads\/2018\/new\/9220.jpg","type":"image\/jpeg"}],"twitter_card":"summary_large_image","schema":{"@context":"https:\/\/schema.org","@graph":[{"@type":"WebPage","@id":"https:\/\/www.mrposter.com\/product\/vintage-polish-posters-waldemar-swierzy-henrik-ibsen-solness-the-master-builder\/","url":"https:\/\/www.mrposter.com\/product\/vintage-polish-posters-waldemar-swierzy-henrik-ibsen-solness-the-master-builder\/","name":"Vintage Polish Posters | The Master Builder | Ibsen | Swierzy","isPartOf":{"@id":"https:\/\/www.mrposter.com\/#website"},"primaryImageOfPage":{"@id":"https:\/\/www.mrposter.com\/product\/vintage-polish-posters-waldemar-swierzy-henrik-ibsen-solness-the-master-builder\/#primaryimage"},"image":{"@id":"https:\/\/www.mrposter.com\/product\/vintage-polish-posters-waldemar-swierzy-henrik-ibsen-solness-the-master-builder\/#primaryimage"},"thumbnailUrl":"https:\/\/www.mrposter.com\/wp-content\/uploads\/2018\/new\/9220.jpg","datePublished":"2018-07-18T19:24:27+00:00","dateModified":"2025-05-13T19:46:06+00:00","description":"Another incredible vintage poster by the great Polish artist Waldemar Swierzy. Henrik Ibsen play \"The Master Builder\" FREE shipping in the 48 US states.","breadcrumb":{"@id":"https:\/\/www.mrposter.com\/product\/vintage-polish-posters-waldemar-swierzy-henrik-ibsen-solness-the-master-builder\/#breadcrumb"},"inLanguage":"es","potentialAction":[{"@type":"ReadAction","target":["https:\/\/www.mrposter.com\/product\/vintage-polish-posters-waldemar-swierzy-henrik-ibsen-solness-the-master-builder\/"]}]},{"@type":"ImageObject","inLanguage":"es","@id":"https:\/\/www.mrposter.com\/product\/vintage-polish-posters-waldemar-swierzy-henrik-ibsen-solness-the-master-builder\/#primaryimage","url":"https:\/\/www.mrposter.com\/wp-content\/uploads\/2018\/new\/9220.jpg","contentUrl":"https:\/\/www.mrposter.com\/wp-content\/uploads\/2018\/new\/9220.jpg","width":500,"height":723},{"@type":"BreadcrumbList","@id":"https:\/\/www.mrposter.com\/product\/vintage-polish-posters-waldemar-swierzy-henrik-ibsen-solness-the-master-builder\/#breadcrumb","itemListElement":[{"@type":"ListItem","position":1,"name":"Home","item":"https:\/\/www.mrposter.com\/"},{"@type":"ListItem","position":2,"name":"Shop","item":"https:\/\/www.mrposter.com\/es\/shop\/"},{"@type":"ListItem","position":3,"name":"Vintage Polish Posters | The Master Builder | Ibsen | Swierzy"}]},{"@type":"WebSite","@id":"https:\/\/www.mrposter.com\/#website","url":"https:\/\/www.mrposter.com\/","name":"Mr Poster","description":"Vintage Posters - Polish and Others","publisher":{"@id":"https:\/\/www.mrposter.com\/#organization"},"alternateName":"Mr. Poster, mrposter.com,","potentialAction":[{"@type":"SearchAction","target":{"@type":"EntryPoint","urlTemplate":"https:\/\/www.mrposter.com\/?s={search_term_string}"},"query-input":{"@type":"PropertyValueSpecification","valueRequired":true,"valueName":"search_term_string"}}],"inLanguage":"es"},{"@type":"Organization","@id":"https:\/\/www.mrposter.com\/#organization","name":"Mr. Poster","url":"https:\/\/www.mrposter.com\/","logo":{"@type":"ImageObject","inLanguage":"es","@id":"https:\/\/www.mrposter.com\/#\/schema\/logo\/image\/","url":"https:\/\/www.mrposter.com\/wp-content\/uploads\/2018\/03\/mrposter2-Bold-Transparent-Mar-7-2018.png","contentUrl":"https:\/\/www.mrposter.com\/wp-content\/uploads\/2018\/03\/mrposter2-Bold-Transparent-Mar-7-2018.png","width":1500,"height":1500,"caption":"Mr. Poster"},"image":{"@id":"https:\/\/www.mrposter.com\/#\/schema\/logo\/image\/"},"sameAs":["https:\/\/www.facebook.com\/mrpostergallery\/","https:\/\/www.instagram.com\/mrpostergallery\/"]}]}},"_links":{"self":[{"href":"https:\/\/www.mrposter.com\/es\/wp-json\/wp\/v2\/product\/1567","targetHints":{"allow":["GET"]}}],"collection":[{"href":"https:\/\/www.mrposter.com\/es\/wp-json\/wp\/v2\/product"}],"about":[{"href":"https:\/\/www.mrposter.com\/es\/wp-json\/wp\/v2\/types\/product"}],"wp:featuredmedia":[{"embeddable":true,"href":"https:\/\/www.mrposter.com\/es\/wp-json\/wp\/v2\/media\/931"}],"wp:attachment":[{"href":"https:\/\/www.mrposter.com\/es\/wp-json\/wp\/v2\/media?parent=1567"}],"wp:term":[{"taxonomy":"product_brand","embeddable":true,"href":"https:\/\/www.mrposter.com\/es\/wp-json\/wp\/v2\/product_brand?post=1567"},{"taxonomy":"product_cat","embeddable":true,"href":"https:\/\/www.mrposter.com\/es\/wp-json\/wp\/v2\/product_cat?post=1567"},{"taxonomy":"product_tag","embeddable":true,"href":"https:\/\/www.mrposter.com\/es\/wp-json\/wp\/v2\/product_tag?post=1567"}],"curies":[{"name":"wp","href":"https:\/\/api.w.org\/{rel}","templated":true}]}}