{"id":430,"date":"2018-04-10T04:56:06","date_gmt":"2018-04-10T04:56:06","guid":{"rendered":"https:\/\/www.bitfire.com.mx\/mrposterd03\/?page_id=430"},"modified":"2018-07-19T11:29:30","modified_gmt":"2018-07-19T16:29:30","slug":"grading","status":"publish","type":"page","link":"https:\/\/www.mrposter.com\/es\/grading\/","title":{"rendered":"Calificaci\u00f3n"},"content":{"rendered":"<p>La siguiente es la \"calificaci\u00f3n\" (\"condici\u00f3n\") que asignamos a cada p\u00f3ster.<\/p>\n<p>Posters were usually advertising medium to be hung outside in the elements, posted by tacking, stapling or taping to a wall or kiosk. Many of mrposter.com posters were never hung in this manner, so many are in near mint, excellent or very good condition. Some do show their age more than others, but are still fun, interesting and collectible.<\/p>\n<p class=\"translation-block\">Calificamos nuestros carteles con el sistema de siete niveles de <a href=\"https:\/\/www.mrposter.com\/es\/\" target=\"_self\">mrposter.com<\/a>:<\/p>\n<ol>\n<li class=\"translation-block\"><strong>PERFECTO<\/strong> \u2013 como nuevo, justo como si hubiese reci\u00e9n salido de la imprenta. Calidad de inversi\u00f3n. No hay imperfecciones o defectos perceptibles de ning\u00fan tipo. Puede haber fallas en el proceso de impresi\u00f3n, y puede ser plegado a m\u00e1quina para su env\u00edo desde la imprenta, pero sin da\u00f1os a causa del plegado. El extremo m\u00e1s alto del mercado, y el m\u00e1s deseable para los coleccionistas.<\/li>\n<li class=\"translation-block\"><strong>CASI PERFECTO<\/strong> \u2013 Calidad de inversi\u00f3n. Manchas muy peque\u00f1as (como poros en los bordes), sin da\u00f1o en los bordes. El plegado (si existe) no ha da\u00f1ado el p\u00f3ster. Arte gr\u00e1fico en excelentes condiciones.<\/li>\n<li class=\"translation-block\"><strong>EXCELENTE<\/strong> \u2013 Calidad de inversi\u00f3n. Tambi\u00e9n conocido como condici\u00f3n \"Muy fina\". Nunca se us\u00f3, o se us\u00f3 muy cuidadosamente una vez y se almacen\u00f3. Sin defectos importantes. Defectos muy peque\u00f1os en los bordes, no m\u00e1s de 3 cm de largo. No m\u00e1s de dos rupturas en los bordes. Podr\u00eda estar ligeramente amarillento con la edad.<\/li>\n<li class=\"translation-block\"><strong>MUY BUENO<\/strong> \u2013 Un p\u00f3ster muy bien conservado, adecuado para exhibici\u00f3n. Puede tener una o dos imperfecciones o rasgu\u00f1os antiest\u00e9ticos en los bordes y\/o alguna imperfecci\u00f3n en la impresi\u00f3n, no m\u00e1s de 3 cm de largo. Pueden haber peque\u00f1as rupturas a lo largo de los bordes. Tambi\u00e9n puede tener colores un poco desvanecidos a causa de su edad o por estar expuesto a los elementos.<\/li>\n<li class=\"translation-block\"><strong>BUENO<\/strong> \u2013 Por debajo del promedio, pero sigue siendo adecuado para mostrar, sin embargo un ejemplar que muestra uso o desgaste significativo. Pueden faltar piezas peque\u00f1as en los bordes. Podr\u00eda tener marcas de cinta, escritura o rupturas. Puede tener desperfectos leves en las \u00e1reas externas de los gr\u00e1ficos. Puede tener un leve desvanecimiento. El \u00e1rea principal de las ilustraciones gr\u00e1ficas est\u00e1 libre de imperfecciones significativas.<\/li>\n<li class=\"translation-block\"><strong>PASABLE<\/strong> \u2013 Los gr\u00e1ficos son reconocibles, el p\u00f3ster est\u00e1 b\u00e1sicamente intacto. Si es una obra de arte rara, puede exigir un precio m\u00e1s alto que un cartel \"pasable\" de menos rareza.<\/li>\n<li class=\"translation-block\"><strong>POBRE<\/strong> \u2013 Las imperfecciones graves, la menor manipulaci\u00f3n pueden aumentar el da\u00f1o. El valor en esta condici\u00f3n pesa mucho en su t\u00edtulo y rareza.<\/li>\n<\/ol>","protected":false},"excerpt":{"rendered":"<p>The following is the \u201cgrading\u201d (\u201ccondition\u201d) that we assigned to each poster. Posters were usually advertising medium to be hung outside in the elements, posted by tacking, stapling or taping to a wall or kiosk. Many of mrposter.com posters were never hung in this manner, so many are in near mint, excellent or very good [&hellip;]<\/p>\n","protected":false},"author":1,"featured_media":0,"parent":0,"menu_order":0,"comment_status":"closed","ping_status":"closed","template":"","meta":{"footnotes":""},"class_list":["post-430","page","type-page","status-publish","czr-hentry"],"yoast_head":"<!-- This site is optimized with the Yoast SEO plugin v27.2 - https:\/\/yoast.com\/product\/yoast-seo-wordpress\/ -->\n<title>Grading - Mr Poster<\/title>\n<meta name=\"robots\" content=\"index, follow, max-snippet:-1, max-image-preview:large, max-video-preview:-1\" \/>\n<link rel=\"canonical\" href=\"https:\/\/www.mrposter.com\/es\/grading\/\" \/>\n<meta property=\"og:locale\" content=\"es_MX\" \/>\n<meta property=\"og:type\" content=\"article\" \/>\n<meta property=\"og:title\" content=\"Grading - Mr Poster\" \/>\n<meta property=\"og:description\" content=\"The following is the \u201cgrading\u201d (\u201ccondition\u201d) that we assigned to each poster. Posters were usually advertising medium to be hung outside in the elements, posted by tacking, stapling or taping to a wall or kiosk. Many of mrposter.com posters were never hung in this manner, so many are in near mint, excellent or very good [&hellip;]\" \/>\n<meta property=\"og:url\" content=\"https:\/\/www.mrposter.com\/es\/grading\/\" \/>\n<meta property=\"og:site_name\" content=\"Mr Poster\" \/>\n<meta property=\"article:publisher\" content=\"https:\/\/www.facebook.com\/mrpostergallery\/\" \/>\n<meta property=\"article:modified_time\" content=\"2018-07-19T16:29:30+00:00\" \/>\n<meta name=\"twitter:card\" content=\"summary_large_image\" \/>\n<script type=\"application\/ld+json\" class=\"yoast-schema-graph\">{\"@context\":\"https:\/\/schema.org\",\"@graph\":[{\"@type\":\"WebPage\",\"@id\":\"https:\/\/www.mrposter.com\/grading\/\",\"url\":\"https:\/\/www.mrposter.com\/grading\/\",\"name\":\"Grading - Mr Poster\",\"isPartOf\":{\"@id\":\"https:\/\/www.mrposter.com\/#website\"},\"datePublished\":\"2018-04-10T04:56:06+00:00\",\"dateModified\":\"2018-07-19T16:29:30+00:00\",\"breadcrumb\":{\"@id\":\"https:\/\/www.mrposter.com\/grading\/#breadcrumb\"},\"inLanguage\":\"es\",\"potentialAction\":[{\"@type\":\"ReadAction\",\"target\":[\"https:\/\/www.mrposter.com\/grading\/\"]}]},{\"@type\":\"BreadcrumbList\",\"@id\":\"https:\/\/www.mrposter.com\/grading\/#breadcrumb\",\"itemListElement\":[{\"@type\":\"ListItem\",\"position\":1,\"name\":\"Home\",\"item\":\"https:\/\/www.mrposter.com\/\"},{\"@type\":\"ListItem\",\"position\":2,\"name\":\"Grading\"}]},{\"@type\":\"WebSite\",\"@id\":\"https:\/\/www.mrposter.com\/#website\",\"url\":\"https:\/\/www.mrposter.com\/\",\"name\":\"Mr Poster\",\"description\":\"Vintage Posters - Polish and Others\",\"publisher\":{\"@id\":\"https:\/\/www.mrposter.com\/#organization\"},\"alternateName\":\"Mr. Poster, mrposter.com,\",\"potentialAction\":[{\"@type\":\"SearchAction\",\"target\":{\"@type\":\"EntryPoint\",\"urlTemplate\":\"https:\/\/www.mrposter.com\/?s={search_term_string}\"},\"query-input\":{\"@type\":\"PropertyValueSpecification\",\"valueRequired\":true,\"valueName\":\"search_term_string\"}}],\"inLanguage\":\"es\"},{\"@type\":\"Organization\",\"@id\":\"https:\/\/www.mrposter.com\/#organization\",\"name\":\"Mr. Poster\",\"url\":\"https:\/\/www.mrposter.com\/\",\"logo\":{\"@type\":\"ImageObject\",\"inLanguage\":\"es\",\"@id\":\"https:\/\/www.mrposter.com\/#\/schema\/logo\/image\/\",\"url\":\"https:\/\/www.mrposter.com\/wp-content\/uploads\/2018\/03\/mrposter2-Bold-Transparent-Mar-7-2018.png\",\"contentUrl\":\"https:\/\/www.mrposter.com\/wp-content\/uploads\/2018\/03\/mrposter2-Bold-Transparent-Mar-7-2018.png\",\"width\":1500,\"height\":1500,\"caption\":\"Mr. Poster\"},\"image\":{\"@id\":\"https:\/\/www.mrposter.com\/#\/schema\/logo\/image\/\"},\"sameAs\":[\"https:\/\/www.facebook.com\/mrpostergallery\/\",\"https:\/\/www.instagram.com\/mrpostergallery\/\"]}]}<\/script>\n<!-- \/ Yoast SEO plugin. -->","yoast_head_json":{"title":"Grading - Mr Poster","robots":{"index":"index","follow":"follow","max-snippet":"max-snippet:-1","max-image-preview":"max-image-preview:large","max-video-preview":"max-video-preview:-1"},"canonical":"https:\/\/www.mrposter.com\/es\/grading\/","og_locale":"es_MX","og_type":"article","og_title":"Grading - Mr Poster","og_description":"The following is the \u201cgrading\u201d (\u201ccondition\u201d) that we assigned to each poster. Posters were usually advertising medium to be hung outside in the elements, posted by tacking, stapling or taping to a wall or kiosk. Many of mrposter.com posters were never hung in this manner, so many are in near mint, excellent or very good [&hellip;]","og_url":"https:\/\/www.mrposter.com\/es\/grading\/","og_site_name":"Mr Poster","article_publisher":"https:\/\/www.facebook.com\/mrpostergallery\/","article_modified_time":"2018-07-19T16:29:30+00:00","twitter_card":"summary_large_image","schema":{"@context":"https:\/\/schema.org","@graph":[{"@type":"WebPage","@id":"https:\/\/www.mrposter.com\/grading\/","url":"https:\/\/www.mrposter.com\/grading\/","name":"Grading - Mr Poster","isPartOf":{"@id":"https:\/\/www.mrposter.com\/#website"},"datePublished":"2018-04-10T04:56:06+00:00","dateModified":"2018-07-19T16:29:30+00:00","breadcrumb":{"@id":"https:\/\/www.mrposter.com\/grading\/#breadcrumb"},"inLanguage":"es","potentialAction":[{"@type":"ReadAction","target":["https:\/\/www.mrposter.com\/grading\/"]}]},{"@type":"BreadcrumbList","@id":"https:\/\/www.mrposter.com\/grading\/#breadcrumb","itemListElement":[{"@type":"ListItem","position":1,"name":"Home","item":"https:\/\/www.mrposter.com\/"},{"@type":"ListItem","position":2,"name":"Grading"}]},{"@type":"WebSite","@id":"https:\/\/www.mrposter.com\/#website","url":"https:\/\/www.mrposter.com\/","name":"Mr Poster","description":"Vintage Posters - Polish and Others","publisher":{"@id":"https:\/\/www.mrposter.com\/#organization"},"alternateName":"Mr. Poster, mrposter.com,","potentialAction":[{"@type":"SearchAction","target":{"@type":"EntryPoint","urlTemplate":"https:\/\/www.mrposter.com\/?s={search_term_string}"},"query-input":{"@type":"PropertyValueSpecification","valueRequired":true,"valueName":"search_term_string"}}],"inLanguage":"es"},{"@type":"Organization","@id":"https:\/\/www.mrposter.com\/#organization","name":"Mr. Poster","url":"https:\/\/www.mrposter.com\/","logo":{"@type":"ImageObject","inLanguage":"es","@id":"https:\/\/www.mrposter.com\/#\/schema\/logo\/image\/","url":"https:\/\/www.mrposter.com\/wp-content\/uploads\/2018\/03\/mrposter2-Bold-Transparent-Mar-7-2018.png","contentUrl":"https:\/\/www.mrposter.com\/wp-content\/uploads\/2018\/03\/mrposter2-Bold-Transparent-Mar-7-2018.png","width":1500,"height":1500,"caption":"Mr. Poster"},"image":{"@id":"https:\/\/www.mrposter.com\/#\/schema\/logo\/image\/"},"sameAs":["https:\/\/www.facebook.com\/mrpostergallery\/","https:\/\/www.instagram.com\/mrpostergallery\/"]}]}},"_links":{"self":[{"href":"https:\/\/www.mrposter.com\/es\/wp-json\/wp\/v2\/pages\/430","targetHints":{"allow":["GET"]}}],"collection":[{"href":"https:\/\/www.mrposter.com\/es\/wp-json\/wp\/v2\/pages"}],"about":[{"href":"https:\/\/www.mrposter.com\/es\/wp-json\/wp\/v2\/types\/page"}],"author":[{"embeddable":true,"href":"https:\/\/www.mrposter.com\/es\/wp-json\/wp\/v2\/users\/1"}],"replies":[{"embeddable":true,"href":"https:\/\/www.mrposter.com\/es\/wp-json\/wp\/v2\/comments?post=430"}],"version-history":[{"count":3,"href":"https:\/\/www.mrposter.com\/es\/wp-json\/wp\/v2\/pages\/430\/revisions"}],"predecessor-version":[{"id":1586,"href":"https:\/\/www.mrposter.com\/es\/wp-json\/wp\/v2\/pages\/430\/revisions\/1586"}],"wp:attachment":[{"href":"https:\/\/www.mrposter.com\/es\/wp-json\/wp\/v2\/media?parent=430"}],"curies":[{"name":"wp","href":"https:\/\/api.w.org\/{rel}","templated":true}]}}