{"id":388,"date":"2018-03-29T07:36:01","date_gmt":"2018-03-29T07:36:01","guid":{"rendered":"https:\/\/www.bitfire.com.mx\/mrposterd03\/?page_id=388"},"modified":"2022-09-06T09:01:42","modified_gmt":"2022-09-06T14:01:42","slug":"copyright-and-legal-policies","status":"publish","type":"page","link":"https:\/\/www.mrposter.com\/es\/copyright-and-legal-policies\/","title":{"rendered":"Derechos de autor y Pol\u00edticas Legales"},"content":{"rendered":"<p style=\"text-align: justify;\">This website contains copyrighted material and images, trademarks and other proprietary information owned by <a href=\"https:\/\/www.mrposter.com\/es\/\">mrposter.com<\/a> and Mr Poster. All content on this site is the exclusive property of <a href=\"https:\/\/www.mrposter.com\/es\/\">mrposter.com<\/a> and Mr Poster and is protected by United States and all international copyright laws.<\/p>\n<p style=\"text-align: justify;\">Ninguna parte de este producto puede reproducirse o transmitirse con fines comerciales de ninguna forma, ya sea de forma electr\u00f3nica o mec\u00e1nica, incluidas fotocopias, o mediante cualquier sistema de almacenamiento o recuperaci\u00f3n de informaci\u00f3n, sin el permiso expreso por escrito del propietario y el editor.<\/p>\n<p style=\"text-align: justify;\" class=\"translation-block\">Se concede permiso para copiar e imprimir copias impresas de la informaci\u00f3n y las im\u00e1genes para uso personal solamente, pero <a href=\"https:\/\/www.mrposter.com\/es\/\" target=\"_self\">mrposter.com<\/a> y Mr Poster se reservan todos los derechos y el t\u00edtulo de cualquier informaci\u00f3n de propiedad copiada para dicho uso personal.<\/p>\n<p style=\"text-align: justify;\" class=\"translation-block\">La marca registrada <a href=\"https:\/\/www.mrposter.com\/es\/\" target=\"_self\">mrposter.com<\/a> (logotipo) no puede ser utilizada sin el previo consentimiento por escrito de <a href=\"https:\/\/www.mrposter.com\/es\/\" target=\"_self\">mrposter.com<\/a> y Mr Poster.<\/p>","protected":false},"excerpt":{"rendered":"<p>This website contains copyrighted material and images, trademarks and other proprietary information owned by mrposter.com and Mr Poster. All content on this site is the exclusive property of mrposter.com and Mr Poster and is protected by United States and all international copyright laws. No part of this product may be reproduced or transmitted for commercial [&hellip;]<\/p>\n","protected":false},"author":1,"featured_media":0,"parent":0,"menu_order":0,"comment_status":"closed","ping_status":"closed","template":"","meta":{"footnotes":""},"class_list":["post-388","page","type-page","status-publish","czr-hentry"],"yoast_head":"<!-- This site is optimized with the Yoast SEO plugin v27.2 - https:\/\/yoast.com\/product\/yoast-seo-wordpress\/ -->\n<title>Copyright and Legal Policies - Mr Poster<\/title>\n<meta name=\"robots\" content=\"index, follow, max-snippet:-1, max-image-preview:large, max-video-preview:-1\" \/>\n<link rel=\"canonical\" href=\"https:\/\/www.mrposter.com\/es\/copyright-and-legal-policies\/\" \/>\n<meta property=\"og:locale\" content=\"es_MX\" \/>\n<meta property=\"og:type\" content=\"article\" \/>\n<meta property=\"og:title\" content=\"Copyright and Legal Policies - Mr Poster\" \/>\n<meta property=\"og:description\" content=\"This website contains copyrighted material and images, trademarks and other proprietary information owned by mrposter.com and Mr Poster. All content on this site is the exclusive property of mrposter.com and Mr Poster and is protected by United States and all international copyright laws. No part of this product may be reproduced or transmitted for commercial [&hellip;]\" \/>\n<meta property=\"og:url\" content=\"https:\/\/www.mrposter.com\/es\/copyright-and-legal-policies\/\" \/>\n<meta property=\"og:site_name\" content=\"Mr Poster\" \/>\n<meta property=\"article:publisher\" content=\"https:\/\/www.facebook.com\/mrpostergallery\/\" \/>\n<meta property=\"article:modified_time\" content=\"2022-09-06T14:01:42+00:00\" \/>\n<meta name=\"twitter:card\" content=\"summary_large_image\" \/>\n<script type=\"application\/ld+json\" class=\"yoast-schema-graph\">{\"@context\":\"https:\/\/schema.org\",\"@graph\":[{\"@type\":\"WebPage\",\"@id\":\"https:\/\/www.mrposter.com\/es\/copyright-and-legal-policies\/\",\"url\":\"https:\/\/www.mrposter.com\/es\/copyright-and-legal-policies\/\",\"name\":\"Copyright and Legal Policies - Mr Poster\",\"isPartOf\":{\"@id\":\"https:\/\/www.mrposter.com\/#website\"},\"datePublished\":\"2018-03-29T07:36:01+00:00\",\"dateModified\":\"2022-09-06T14:01:42+00:00\",\"breadcrumb\":{\"@id\":\"https:\/\/www.mrposter.com\/es\/copyright-and-legal-policies\/#breadcrumb\"},\"inLanguage\":\"es\",\"potentialAction\":[{\"@type\":\"ReadAction\",\"target\":[\"https:\/\/www.mrposter.com\/es\/copyright-and-legal-policies\/\"]}]},{\"@type\":\"BreadcrumbList\",\"@id\":\"https:\/\/www.mrposter.com\/es\/copyright-and-legal-policies\/#breadcrumb\",\"itemListElement\":[{\"@type\":\"ListItem\",\"position\":1,\"name\":\"Home\",\"item\":\"https:\/\/www.mrposter.com\/\"},{\"@type\":\"ListItem\",\"position\":2,\"name\":\"Copyright and Legal Policies\"}]},{\"@type\":\"WebSite\",\"@id\":\"https:\/\/www.mrposter.com\/#website\",\"url\":\"https:\/\/www.mrposter.com\/\",\"name\":\"Mr Poster\",\"description\":\"Vintage Posters - Polish and Others\",\"publisher\":{\"@id\":\"https:\/\/www.mrposter.com\/#organization\"},\"alternateName\":\"Mr. Poster, mrposter.com,\",\"potentialAction\":[{\"@type\":\"SearchAction\",\"target\":{\"@type\":\"EntryPoint\",\"urlTemplate\":\"https:\/\/www.mrposter.com\/?s={search_term_string}\"},\"query-input\":{\"@type\":\"PropertyValueSpecification\",\"valueRequired\":true,\"valueName\":\"search_term_string\"}}],\"inLanguage\":\"es\"},{\"@type\":\"Organization\",\"@id\":\"https:\/\/www.mrposter.com\/#organization\",\"name\":\"Mr. Poster\",\"url\":\"https:\/\/www.mrposter.com\/\",\"logo\":{\"@type\":\"ImageObject\",\"inLanguage\":\"es\",\"@id\":\"https:\/\/www.mrposter.com\/#\/schema\/logo\/image\/\",\"url\":\"https:\/\/www.mrposter.com\/wp-content\/uploads\/2018\/03\/mrposter2-Bold-Transparent-Mar-7-2018.png\",\"contentUrl\":\"https:\/\/www.mrposter.com\/wp-content\/uploads\/2018\/03\/mrposter2-Bold-Transparent-Mar-7-2018.png\",\"width\":1500,\"height\":1500,\"caption\":\"Mr. Poster\"},\"image\":{\"@id\":\"https:\/\/www.mrposter.com\/#\/schema\/logo\/image\/\"},\"sameAs\":[\"https:\/\/www.facebook.com\/mrpostergallery\/\",\"https:\/\/www.instagram.com\/mrpostergallery\/\"]}]}<\/script>\n<!-- \/ Yoast SEO plugin. -->","yoast_head_json":{"title":"Copyright and Legal Policies - Mr Poster","robots":{"index":"index","follow":"follow","max-snippet":"max-snippet:-1","max-image-preview":"max-image-preview:large","max-video-preview":"max-video-preview:-1"},"canonical":"https:\/\/www.mrposter.com\/es\/copyright-and-legal-policies\/","og_locale":"es_MX","og_type":"article","og_title":"Copyright and Legal Policies - Mr Poster","og_description":"This website contains copyrighted material and images, trademarks and other proprietary information owned by mrposter.com and Mr Poster. All content on this site is the exclusive property of mrposter.com and Mr Poster and is protected by United States and all international copyright laws. No part of this product may be reproduced or transmitted for commercial [&hellip;]","og_url":"https:\/\/www.mrposter.com\/es\/copyright-and-legal-policies\/","og_site_name":"Mr Poster","article_publisher":"https:\/\/www.facebook.com\/mrpostergallery\/","article_modified_time":"2022-09-06T14:01:42+00:00","twitter_card":"summary_large_image","schema":{"@context":"https:\/\/schema.org","@graph":[{"@type":"WebPage","@id":"https:\/\/www.mrposter.com\/es\/copyright-and-legal-policies\/","url":"https:\/\/www.mrposter.com\/es\/copyright-and-legal-policies\/","name":"Copyright and Legal Policies - Mr Poster","isPartOf":{"@id":"https:\/\/www.mrposter.com\/#website"},"datePublished":"2018-03-29T07:36:01+00:00","dateModified":"2022-09-06T14:01:42+00:00","breadcrumb":{"@id":"https:\/\/www.mrposter.com\/es\/copyright-and-legal-policies\/#breadcrumb"},"inLanguage":"es","potentialAction":[{"@type":"ReadAction","target":["https:\/\/www.mrposter.com\/es\/copyright-and-legal-policies\/"]}]},{"@type":"BreadcrumbList","@id":"https:\/\/www.mrposter.com\/es\/copyright-and-legal-policies\/#breadcrumb","itemListElement":[{"@type":"ListItem","position":1,"name":"Home","item":"https:\/\/www.mrposter.com\/"},{"@type":"ListItem","position":2,"name":"Copyright and Legal Policies"}]},{"@type":"WebSite","@id":"https:\/\/www.mrposter.com\/#website","url":"https:\/\/www.mrposter.com\/","name":"Mr Poster","description":"Vintage Posters - Polish and Others","publisher":{"@id":"https:\/\/www.mrposter.com\/#organization"},"alternateName":"Mr. Poster, mrposter.com,","potentialAction":[{"@type":"SearchAction","target":{"@type":"EntryPoint","urlTemplate":"https:\/\/www.mrposter.com\/?s={search_term_string}"},"query-input":{"@type":"PropertyValueSpecification","valueRequired":true,"valueName":"search_term_string"}}],"inLanguage":"es"},{"@type":"Organization","@id":"https:\/\/www.mrposter.com\/#organization","name":"Mr. Poster","url":"https:\/\/www.mrposter.com\/","logo":{"@type":"ImageObject","inLanguage":"es","@id":"https:\/\/www.mrposter.com\/#\/schema\/logo\/image\/","url":"https:\/\/www.mrposter.com\/wp-content\/uploads\/2018\/03\/mrposter2-Bold-Transparent-Mar-7-2018.png","contentUrl":"https:\/\/www.mrposter.com\/wp-content\/uploads\/2018\/03\/mrposter2-Bold-Transparent-Mar-7-2018.png","width":1500,"height":1500,"caption":"Mr. Poster"},"image":{"@id":"https:\/\/www.mrposter.com\/#\/schema\/logo\/image\/"},"sameAs":["https:\/\/www.facebook.com\/mrpostergallery\/","https:\/\/www.instagram.com\/mrpostergallery\/"]}]}},"_links":{"self":[{"href":"https:\/\/www.mrposter.com\/es\/wp-json\/wp\/v2\/pages\/388","targetHints":{"allow":["GET"]}}],"collection":[{"href":"https:\/\/www.mrposter.com\/es\/wp-json\/wp\/v2\/pages"}],"about":[{"href":"https:\/\/www.mrposter.com\/es\/wp-json\/wp\/v2\/types\/page"}],"author":[{"embeddable":true,"href":"https:\/\/www.mrposter.com\/es\/wp-json\/wp\/v2\/users\/1"}],"replies":[{"embeddable":true,"href":"https:\/\/www.mrposter.com\/es\/wp-json\/wp\/v2\/comments?post=388"}],"version-history":[{"count":6,"href":"https:\/\/www.mrposter.com\/es\/wp-json\/wp\/v2\/pages\/388\/revisions"}],"predecessor-version":[{"id":2392,"href":"https:\/\/www.mrposter.com\/es\/wp-json\/wp\/v2\/pages\/388\/revisions\/2392"}],"wp:attachment":[{"href":"https:\/\/www.mrposter.com\/es\/wp-json\/wp\/v2\/media?parent=388"}],"curies":[{"name":"wp","href":"https:\/\/api.w.org\/{rel}","templated":true}]}}